{"id":15477,"date":"2021-01-04T09:21:26","date_gmt":"2021-01-04T09:21:26","guid":{"rendered":"http:\/\/bekleidungscenter.com\/?product=clarks-herren-ronnie-limit-brogues"},"modified":"2023-04-10T22:56:35","modified_gmt":"2023-04-10T22:56:35","slug":"clarks-herren-ronnie-limit-brogues","status":"publish","type":"product","link":"https:\/\/bekleidungscenter.com\/?product=clarks-herren-ronnie-limit-brogues","title":{"rendered":"Clarks Herren Ronnie Limit Brogues"},"content":{"rendered":"<p><!-- show up to 2 reviews by default --> <\/p>\n<p>Seit \u00fcber 200 Jahren Stellen wir modische und zeitlose Taschen her. Zu unseren St\u00e4rken geh\u00f6rt nunmehr nicht im Gegensatz dazu die Produktion, sondern alias die Entwicklung und handwerkliche Execution. Wir legen besonderen Wert auf die nahtlose Kombination der designer-vision mit den erfindungen und NEUHEITEN unserer technik-experten zu stilvollen, innovativen schuhkreationen. Clarks Cushion plus &#8211; dieses, auf jeden Schuh ma\u00dfgeschneiderte Fu\u00dfbett, bietet zielgenaue Fu\u00df Polsterung mit maximaler Sto\u00dfd\u00e4mpfung und Unterst\u00fctzung f\u00fcr unbeschwertes Gehen. Drei verschiedene schaumstoffdichten werden gewissenhaft im unsichtbar integrierten Fu\u00dfbett verteilt, verringern die fu\u00dfballenbelastung und erlauben einen nat\u00fcrlichen Bewegungsablauf. Clarks Cushion soft &#8211; ein verstecktes schaumstoff-inlay mit Ortholite sorgt an dieser Stelle f\u00fcr ideales Tragegef\u00fchl und polstert jeden Abschnitt. Langlebiger Schaumstoff, der alias betr\u00fcbt Auflage nicht an Volumen verliert, sorgt an dieser Stelle f\u00fcr lang andauernden Komfort. <\/p>\n<p>Obermaterial: Leder<br \/>\nInnenmaterial: Textil<br \/>\nSohle: Gummi<br \/>\nVerschluss: Schn\u00fcrsenkel<br \/>\nSchuhweite: Schmal<br \/>\n<div class=\"main-cross-sell\" data-asin=\"B07MFM3DN1\">\n\n\t<div class=\"WooZone-cross-sell-loader\">\n\t\t<div>\n\t\t\t<div id=\"floatingBarsG\">\n\t\t\t\t<div class=\"blockG\" id=\"rotateG_01\"><\/div>\n\t\t\t\t<div class=\"blockG\" id=\"rotateG_02\"><\/div>\n\t\t\t\t<div class=\"blockG\" id=\"rotateG_03\"><\/div>\n\t\t\t\t<div class=\"blockG\" id=\"rotateG_04\"><\/div>\n\t\t\t\t<div class=\"blockG\" id=\"rotateG_05\"><\/div>\n\t\t\t\t<div class=\"blockG\" id=\"rotateG_06\"><\/div>\n\t\t\t\t<div class=\"blockG\" id=\"rotateG_07\"><\/div>\n\t\t\t\t<div class=\"blockG\" id=\"rotateG_08\"><\/div>\n\t\t\t<\/div>\n\t\t\t<div class=\"WooZone-cross-sell-loader-text\"><\/div>\n\t\t<\/div>\n\t<\/div>\n\n\t\t\n<\/div>\n<div style=\"clear:both;\"><\/div><\/p>\n","protected":false},"excerpt":{"rendered":"<p>Obermaterial: Leder<br \/>\nInnenmaterial: Textil<br \/>\nSohle: Gummi<\/p>\n","protected":false},"featured_media":15478,"comment_status":"open","ping_status":"closed","template":"","meta":[],"product_cat":[126,145],"product_tag":[],"yoast_head":"<!-- This site is optimized with the Yoast SEO plugin v20.6 - https:\/\/yoast.com\/wordpress\/plugins\/seo\/ -->\n<title>Clarks Herren Ronnie Limit Brogues - FamilienMode<\/title>\n<meta name=\"robots\" content=\"index, follow, max-snippet:-1, max-image-preview:large, max-video-preview:-1\" \/>\n<link rel=\"canonical\" href=\"https:\/\/bekleidungscenter.com\/?product=clarks-herren-ronnie-limit-brogues\" \/>\n<meta property=\"og:locale\" content=\"de_DE\" \/>\n<meta property=\"og:type\" content=\"article\" \/>\n<meta property=\"og:title\" content=\"Clarks Herren Ronnie Limit Brogues - FamilienMode\" \/>\n<meta property=\"og:description\" content=\"Obermaterial: Leder Innenmaterial: Textil Sohle: Gummi\" \/>\n<meta property=\"og:url\" content=\"https:\/\/bekleidungscenter.com\/?product=clarks-herren-ronnie-limit-brogues\" \/>\n<meta property=\"og:site_name\" content=\"FamilienMode\" \/>\n<meta property=\"article:modified_time\" content=\"2023-04-10T22:56:35+00:00\" \/>\n<meta property=\"og:image\" content=\"https:\/\/images-na.ssl-images-amazon.com\/images\/I\/416rmtQ4HUL.jpg\" \/>\n\t<meta property=\"og:image:width\" content=\"500\" \/>\n\t<meta property=\"og:image:height\" content=\"500\" \/>\n\t<meta property=\"og:image:type\" content=\"image\/jpeg\" \/>\n<meta name=\"twitter:card\" content=\"summary_large_image\" \/>\n<meta name=\"twitter:label1\" content=\"Gesch\u00e4tzte Lesezeit\" \/>\n\t<meta name=\"twitter:data1\" content=\"1\u00a0Minute\" \/>\n<script type=\"application\/ld+json\" class=\"yoast-schema-graph\">{\"@context\":\"https:\/\/schema.org\",\"@graph\":[{\"@type\":\"WebPage\",\"@id\":\"https:\/\/bekleidungscenter.com\/?product=clarks-herren-ronnie-limit-brogues\",\"url\":\"https:\/\/bekleidungscenter.com\/?product=clarks-herren-ronnie-limit-brogues\",\"name\":\"Clarks Herren Ronnie Limit Brogues - FamilienMode\",\"isPartOf\":{\"@id\":\"https:\/\/bekleidungscenter.com\/#website\"},\"datePublished\":\"2021-01-04T09:21:26+00:00\",\"dateModified\":\"2023-04-10T22:56:35+00:00\",\"breadcrumb\":{\"@id\":\"https:\/\/bekleidungscenter.com\/?product=clarks-herren-ronnie-limit-brogues#breadcrumb\"},\"inLanguage\":\"de\",\"potentialAction\":[{\"@type\":\"ReadAction\",\"target\":[\"https:\/\/bekleidungscenter.com\/?product=clarks-herren-ronnie-limit-brogues\"]}]},{\"@type\":\"BreadcrumbList\",\"@id\":\"https:\/\/bekleidungscenter.com\/?product=clarks-herren-ronnie-limit-brogues#breadcrumb\",\"itemListElement\":[{\"@type\":\"ListItem\",\"position\":1,\"name\":\"Home\",\"item\":\"https:\/\/bekleidungscenter.com\/\"},{\"@type\":\"ListItem\",\"position\":2,\"name\":\"Shop\",\"item\":\"https:\/\/bekleidungscenter.com\/?page_id=7\"},{\"@type\":\"ListItem\",\"position\":3,\"name\":\"Clarks Herren Ronnie Limit Brogues\"}]},{\"@type\":\"WebSite\",\"@id\":\"https:\/\/bekleidungscenter.com\/#website\",\"url\":\"https:\/\/bekleidungscenter.com\/\",\"name\":\"FamilienMode\",\"description\":\"Alles f\u00fcr die ganze Familie\",\"potentialAction\":[{\"@type\":\"SearchAction\",\"target\":{\"@type\":\"EntryPoint\",\"urlTemplate\":\"https:\/\/bekleidungscenter.com\/?s={search_term_string}\"},\"query-input\":\"required name=search_term_string\"}],\"inLanguage\":\"de\"}]}<\/script>\n<!-- \/ Yoast SEO plugin. -->","yoast_head_json":{"title":"Clarks Herren Ronnie Limit Brogues - FamilienMode","robots":{"index":"index","follow":"follow","max-snippet":"max-snippet:-1","max-image-preview":"max-image-preview:large","max-video-preview":"max-video-preview:-1"},"canonical":"https:\/\/bekleidungscenter.com\/?product=clarks-herren-ronnie-limit-brogues","og_locale":"de_DE","og_type":"article","og_title":"Clarks Herren Ronnie Limit Brogues - FamilienMode","og_description":"Obermaterial: Leder Innenmaterial: Textil Sohle: Gummi","og_url":"https:\/\/bekleidungscenter.com\/?product=clarks-herren-ronnie-limit-brogues","og_site_name":"FamilienMode","article_modified_time":"2023-04-10T22:56:35+00:00","og_image":[{"width":500,"height":500,"url":"https:\/\/images-na.ssl-images-amazon.com\/images\/I\/416rmtQ4HUL.jpg","type":"image\/jpeg"}],"twitter_card":"summary_large_image","twitter_misc":{"Gesch\u00e4tzte Lesezeit":"1\u00a0Minute"},"schema":{"@context":"https:\/\/schema.org","@graph":[{"@type":"WebPage","@id":"https:\/\/bekleidungscenter.com\/?product=clarks-herren-ronnie-limit-brogues","url":"https:\/\/bekleidungscenter.com\/?product=clarks-herren-ronnie-limit-brogues","name":"Clarks Herren Ronnie Limit Brogues - FamilienMode","isPartOf":{"@id":"https:\/\/bekleidungscenter.com\/#website"},"datePublished":"2021-01-04T09:21:26+00:00","dateModified":"2023-04-10T22:56:35+00:00","breadcrumb":{"@id":"https:\/\/bekleidungscenter.com\/?product=clarks-herren-ronnie-limit-brogues#breadcrumb"},"inLanguage":"de","potentialAction":[{"@type":"ReadAction","target":["https:\/\/bekleidungscenter.com\/?product=clarks-herren-ronnie-limit-brogues"]}]},{"@type":"BreadcrumbList","@id":"https:\/\/bekleidungscenter.com\/?product=clarks-herren-ronnie-limit-brogues#breadcrumb","itemListElement":[{"@type":"ListItem","position":1,"name":"Home","item":"https:\/\/bekleidungscenter.com\/"},{"@type":"ListItem","position":2,"name":"Shop","item":"https:\/\/bekleidungscenter.com\/?page_id=7"},{"@type":"ListItem","position":3,"name":"Clarks Herren Ronnie Limit Brogues"}]},{"@type":"WebSite","@id":"https:\/\/bekleidungscenter.com\/#website","url":"https:\/\/bekleidungscenter.com\/","name":"FamilienMode","description":"Alles f\u00fcr die ganze Familie","potentialAction":[{"@type":"SearchAction","target":{"@type":"EntryPoint","urlTemplate":"https:\/\/bekleidungscenter.com\/?s={search_term_string}"},"query-input":"required name=search_term_string"}],"inLanguage":"de"}]}},"_links":{"self":[{"href":"https:\/\/bekleidungscenter.com\/index.php?rest_route=\/wp\/v2\/product\/15477"}],"collection":[{"href":"https:\/\/bekleidungscenter.com\/index.php?rest_route=\/wp\/v2\/product"}],"about":[{"href":"https:\/\/bekleidungscenter.com\/index.php?rest_route=\/wp\/v2\/types\/product"}],"replies":[{"embeddable":true,"href":"https:\/\/bekleidungscenter.com\/index.php?rest_route=%2Fwp%2Fv2%2Fcomments&post=15477"}],"wp:featuredmedia":[{"embeddable":true,"href":"https:\/\/bekleidungscenter.com\/index.php?rest_route=\/wp\/v2\/media\/15478"}],"wp:attachment":[{"href":"https:\/\/bekleidungscenter.com\/index.php?rest_route=%2Fwp%2Fv2%2Fmedia&parent=15477"}],"wp:term":[{"taxonomy":"product_cat","embeddable":true,"href":"https:\/\/bekleidungscenter.com\/index.php?rest_route=%2Fwp%2Fv2%2Fproduct_cat&post=15477"},{"taxonomy":"product_tag","embeddable":true,"href":"https:\/\/bekleidungscenter.com\/index.php?rest_route=%2Fwp%2Fv2%2Fproduct_tag&post=15477"}],"curies":[{"name":"wp","href":"https:\/\/api.w.org\/{rel}","templated":true}]}}