{"id":15508,"date":"2021-01-04T09:21:43","date_gmt":"2021-01-04T09:21:43","guid":{"rendered":"http:\/\/bekleidungscenter.com\/?product=lloyd-herrenschuh-gala-klassischer-business-halbschuh-aus-leder-mit-gummisohle"},"modified":"2023-04-10T22:56:36","modified_gmt":"2023-04-10T22:56:36","slug":"lloyd-herrenschuh-gala-klassischer-business-halbschuh-aus-leder-mit-gummisohle","status":"publish","type":"product","link":"https:\/\/bekleidungscenter.com\/?product=lloyd-herrenschuh-gala-klassischer-business-halbschuh-aus-leder-mit-gummisohle","title":{"rendered":"LLOYD Herren Schn\u00fcrhalbschuhe Gala, M\u00e4nner Businessschuhe,Derby,Normalweit"},"content":{"rendered":"<p><!-- show up to 2 reviews by default --> <\/p>\n<p>Das Modell Gala ist ein Smarter Herrenschn\u00fcrschuh alle weichem Kalbleder. Dieser Derby mit glattem Blatt zeichnet sich durch sein schlichtes Design und ein sch\u00f6nes Finish alle. Kleine, dezente Details geben dem Schuh das gewisse etwas und machen ihn unterschiedlich kombinierbar. Sowohl zum Business- als bekannt als zum stilvollen Casual-Outfit sind sie mit diesem gepflegten Modell perfekt ausgestattet. Die leichte und flexible Gummisohle hat einen klassischen Rahmen, sorgt f\u00fcr einen hohen Laufkomfort und gibt dem Schuh einen maskulinen Letter.<\/p>\n<p>Groessenhinweis:Stellen Sie zur Ermittlung der richtigen Schuhgr\u00f6\u00dfe Ihren Fuss auf ein Abrichtlineal oder Messband. Lesen Sie die gemessene L\u00e4nge ab und schauen Sie in der Aufnahme nach, welche Schuhgr\u00f6\u00dfe mit Ihrem gemessenen Wert \u00fcbereinstimmt oder allerbest nah dran ist. Ihre Messung ergibt zum Beispiel 26,9 cm. Laut Aufnahme wird f\u00fcr eine Fu\u00dfl\u00e4nge von 26,6 cm die Gr\u00f6\u00dfe 7,5 empfohlen, f\u00fcr 27,1 cm die Gr\u00f6\u00dfe 8. Da 26,9 cm n\u00e4her an 27,1 cm liegt, empfehlen wir in diesem Ausschuss das Modell in der Gr\u00f6\u00dfe 8 zu abonnieren. <\/p>\n<\/p>\n<p>Obermaterial: Leder<br \/>\nInnenmaterial: Leder<br \/>\nSohle: Gummi<br \/>\nVerschluss: Schn\u00fcrsenkel<br \/>\nAbsatzh\u00f6he: 2.5 cm<br \/>\nAbsatzform: Blockabsatz<br \/>\nSchaftweite: Durchschnittlich<br \/>\nSchuhweite: Durchschnittlich<br \/>\n<div class=\"main-cross-sell\" data-asin=\"B079KGCTPV\">\n\n\t<div class=\"WooZone-cross-sell-loader\">\n\t\t<div>\n\t\t\t<div id=\"floatingBarsG\">\n\t\t\t\t<div class=\"blockG\" id=\"rotateG_01\"><\/div>\n\t\t\t\t<div class=\"blockG\" id=\"rotateG_02\"><\/div>\n\t\t\t\t<div class=\"blockG\" id=\"rotateG_03\"><\/div>\n\t\t\t\t<div class=\"blockG\" id=\"rotateG_04\"><\/div>\n\t\t\t\t<div class=\"blockG\" id=\"rotateG_05\"><\/div>\n\t\t\t\t<div class=\"blockG\" id=\"rotateG_06\"><\/div>\n\t\t\t\t<div class=\"blockG\" id=\"rotateG_07\"><\/div>\n\t\t\t\t<div class=\"blockG\" id=\"rotateG_08\"><\/div>\n\t\t\t<\/div>\n\t\t\t<div class=\"WooZone-cross-sell-loader-text\"><\/div>\n\t\t<\/div>\n\t<\/div>\n\n\t\t\n<\/div>\n<div style=\"clear:both;\"><\/div><\/p>\n","protected":false},"excerpt":{"rendered":"<p>Obermaterial: Leder<br \/>\nInnenmaterial: Leder<br \/>\nSohle: Gummi<\/p>\n","protected":false},"featured_media":15509,"comment_status":"open","ping_status":"closed","template":"","meta":[],"product_cat":[126,145],"product_tag":[],"yoast_head":"<!-- This site is optimized with the Yoast SEO plugin v20.6 - https:\/\/yoast.com\/wordpress\/plugins\/seo\/ -->\n<title>LLOYD Herren Schn\u00fcrhalbschuhe Gala, M\u00e4nner Businessschuhe,Derby,Normalweit - FamilienMode<\/title>\n<meta name=\"robots\" content=\"index, follow, max-snippet:-1, max-image-preview:large, max-video-preview:-1\" \/>\n<link rel=\"canonical\" href=\"https:\/\/bekleidungscenter.com\/?product=lloyd-herrenschuh-gala-klassischer-business-halbschuh-aus-leder-mit-gummisohle\" \/>\n<meta property=\"og:locale\" content=\"de_DE\" \/>\n<meta property=\"og:type\" content=\"article\" \/>\n<meta property=\"og:title\" content=\"LLOYD Herren Schn\u00fcrhalbschuhe Gala, M\u00e4nner Businessschuhe,Derby,Normalweit - FamilienMode\" \/>\n<meta property=\"og:description\" content=\"Obermaterial: Leder Innenmaterial: Leder Sohle: Gummi\" \/>\n<meta property=\"og:url\" content=\"https:\/\/bekleidungscenter.com\/?product=lloyd-herrenschuh-gala-klassischer-business-halbschuh-aus-leder-mit-gummisohle\" \/>\n<meta property=\"og:site_name\" content=\"FamilienMode\" \/>\n<meta property=\"article:modified_time\" content=\"2023-04-10T22:56:36+00:00\" \/>\n<meta property=\"og:image\" content=\"https:\/\/images-na.ssl-images-amazon.com\/images\/I\/41w%2Ba94qgcL.jpg\" \/>\n\t<meta property=\"og:image:width\" content=\"500\" \/>\n\t<meta property=\"og:image:height\" content=\"500\" \/>\n\t<meta property=\"og:image:type\" content=\"image\/jpeg\" \/>\n<meta name=\"twitter:card\" content=\"summary_large_image\" \/>\n<meta name=\"twitter:label1\" content=\"Gesch\u00e4tzte Lesezeit\" \/>\n\t<meta name=\"twitter:data1\" content=\"1\u00a0Minute\" \/>\n<script type=\"application\/ld+json\" class=\"yoast-schema-graph\">{\"@context\":\"https:\/\/schema.org\",\"@graph\":[{\"@type\":\"WebPage\",\"@id\":\"https:\/\/bekleidungscenter.com\/?product=lloyd-herrenschuh-gala-klassischer-business-halbschuh-aus-leder-mit-gummisohle\",\"url\":\"https:\/\/bekleidungscenter.com\/?product=lloyd-herrenschuh-gala-klassischer-business-halbschuh-aus-leder-mit-gummisohle\",\"name\":\"LLOYD Herren Schn\u00fcrhalbschuhe Gala, M\u00e4nner Businessschuhe,Derby,Normalweit - FamilienMode\",\"isPartOf\":{\"@id\":\"https:\/\/bekleidungscenter.com\/#website\"},\"datePublished\":\"2021-01-04T09:21:43+00:00\",\"dateModified\":\"2023-04-10T22:56:36+00:00\",\"breadcrumb\":{\"@id\":\"https:\/\/bekleidungscenter.com\/?product=lloyd-herrenschuh-gala-klassischer-business-halbschuh-aus-leder-mit-gummisohle#breadcrumb\"},\"inLanguage\":\"de\",\"potentialAction\":[{\"@type\":\"ReadAction\",\"target\":[\"https:\/\/bekleidungscenter.com\/?product=lloyd-herrenschuh-gala-klassischer-business-halbschuh-aus-leder-mit-gummisohle\"]}]},{\"@type\":\"BreadcrumbList\",\"@id\":\"https:\/\/bekleidungscenter.com\/?product=lloyd-herrenschuh-gala-klassischer-business-halbschuh-aus-leder-mit-gummisohle#breadcrumb\",\"itemListElement\":[{\"@type\":\"ListItem\",\"position\":1,\"name\":\"Home\",\"item\":\"https:\/\/bekleidungscenter.com\/\"},{\"@type\":\"ListItem\",\"position\":2,\"name\":\"Shop\",\"item\":\"https:\/\/bekleidungscenter.com\/?page_id=7\"},{\"@type\":\"ListItem\",\"position\":3,\"name\":\"LLOYD Herren Schn\u00fcrhalbschuhe Gala, M\u00e4nner Businessschuhe,Derby,Normalweit\"}]},{\"@type\":\"WebSite\",\"@id\":\"https:\/\/bekleidungscenter.com\/#website\",\"url\":\"https:\/\/bekleidungscenter.com\/\",\"name\":\"FamilienMode\",\"description\":\"Alles f\u00fcr die ganze Familie\",\"potentialAction\":[{\"@type\":\"SearchAction\",\"target\":{\"@type\":\"EntryPoint\",\"urlTemplate\":\"https:\/\/bekleidungscenter.com\/?s={search_term_string}\"},\"query-input\":\"required name=search_term_string\"}],\"inLanguage\":\"de\"}]}<\/script>\n<!-- \/ Yoast SEO plugin. -->","yoast_head_json":{"title":"LLOYD Herren Schn\u00fcrhalbschuhe Gala, M\u00e4nner Businessschuhe,Derby,Normalweit - FamilienMode","robots":{"index":"index","follow":"follow","max-snippet":"max-snippet:-1","max-image-preview":"max-image-preview:large","max-video-preview":"max-video-preview:-1"},"canonical":"https:\/\/bekleidungscenter.com\/?product=lloyd-herrenschuh-gala-klassischer-business-halbschuh-aus-leder-mit-gummisohle","og_locale":"de_DE","og_type":"article","og_title":"LLOYD Herren Schn\u00fcrhalbschuhe Gala, M\u00e4nner Businessschuhe,Derby,Normalweit - FamilienMode","og_description":"Obermaterial: Leder Innenmaterial: Leder Sohle: Gummi","og_url":"https:\/\/bekleidungscenter.com\/?product=lloyd-herrenschuh-gala-klassischer-business-halbschuh-aus-leder-mit-gummisohle","og_site_name":"FamilienMode","article_modified_time":"2023-04-10T22:56:36+00:00","og_image":[{"width":500,"height":500,"url":"https:\/\/images-na.ssl-images-amazon.com\/images\/I\/41w%2Ba94qgcL.jpg","type":"image\/jpeg"}],"twitter_card":"summary_large_image","twitter_misc":{"Gesch\u00e4tzte Lesezeit":"1\u00a0Minute"},"schema":{"@context":"https:\/\/schema.org","@graph":[{"@type":"WebPage","@id":"https:\/\/bekleidungscenter.com\/?product=lloyd-herrenschuh-gala-klassischer-business-halbschuh-aus-leder-mit-gummisohle","url":"https:\/\/bekleidungscenter.com\/?product=lloyd-herrenschuh-gala-klassischer-business-halbschuh-aus-leder-mit-gummisohle","name":"LLOYD Herren Schn\u00fcrhalbschuhe Gala, M\u00e4nner Businessschuhe,Derby,Normalweit - FamilienMode","isPartOf":{"@id":"https:\/\/bekleidungscenter.com\/#website"},"datePublished":"2021-01-04T09:21:43+00:00","dateModified":"2023-04-10T22:56:36+00:00","breadcrumb":{"@id":"https:\/\/bekleidungscenter.com\/?product=lloyd-herrenschuh-gala-klassischer-business-halbschuh-aus-leder-mit-gummisohle#breadcrumb"},"inLanguage":"de","potentialAction":[{"@type":"ReadAction","target":["https:\/\/bekleidungscenter.com\/?product=lloyd-herrenschuh-gala-klassischer-business-halbschuh-aus-leder-mit-gummisohle"]}]},{"@type":"BreadcrumbList","@id":"https:\/\/bekleidungscenter.com\/?product=lloyd-herrenschuh-gala-klassischer-business-halbschuh-aus-leder-mit-gummisohle#breadcrumb","itemListElement":[{"@type":"ListItem","position":1,"name":"Home","item":"https:\/\/bekleidungscenter.com\/"},{"@type":"ListItem","position":2,"name":"Shop","item":"https:\/\/bekleidungscenter.com\/?page_id=7"},{"@type":"ListItem","position":3,"name":"LLOYD Herren Schn\u00fcrhalbschuhe Gala, M\u00e4nner Businessschuhe,Derby,Normalweit"}]},{"@type":"WebSite","@id":"https:\/\/bekleidungscenter.com\/#website","url":"https:\/\/bekleidungscenter.com\/","name":"FamilienMode","description":"Alles f\u00fcr die ganze Familie","potentialAction":[{"@type":"SearchAction","target":{"@type":"EntryPoint","urlTemplate":"https:\/\/bekleidungscenter.com\/?s={search_term_string}"},"query-input":"required name=search_term_string"}],"inLanguage":"de"}]}},"_links":{"self":[{"href":"https:\/\/bekleidungscenter.com\/index.php?rest_route=\/wp\/v2\/product\/15508"}],"collection":[{"href":"https:\/\/bekleidungscenter.com\/index.php?rest_route=\/wp\/v2\/product"}],"about":[{"href":"https:\/\/bekleidungscenter.com\/index.php?rest_route=\/wp\/v2\/types\/product"}],"replies":[{"embeddable":true,"href":"https:\/\/bekleidungscenter.com\/index.php?rest_route=%2Fwp%2Fv2%2Fcomments&post=15508"}],"wp:featuredmedia":[{"embeddable":true,"href":"https:\/\/bekleidungscenter.com\/index.php?rest_route=\/wp\/v2\/media\/15509"}],"wp:attachment":[{"href":"https:\/\/bekleidungscenter.com\/index.php?rest_route=%2Fwp%2Fv2%2Fmedia&parent=15508"}],"wp:term":[{"taxonomy":"product_cat","embeddable":true,"href":"https:\/\/bekleidungscenter.com\/index.php?rest_route=%2Fwp%2Fv2%2Fproduct_cat&post=15508"},{"taxonomy":"product_tag","embeddable":true,"href":"https:\/\/bekleidungscenter.com\/index.php?rest_route=%2Fwp%2Fv2%2Fproduct_tag&post=15508"}],"curies":[{"name":"wp","href":"https:\/\/api.w.org\/{rel}","templated":true}]}}