{"id":15529,"date":"2021-01-04T09:22:03","date_gmt":"2021-01-04T09:22:03","guid":{"rendered":"http:\/\/bekleidungscenter.com\/?product=jack-wolfskin-herren-woodland-texapore-mid-m-outdoorschuhe"},"modified":"2023-04-10T22:56:36","modified_gmt":"2023-04-10T22:56:36","slug":"jack-wolfskin-herren-woodland-texapore-mid-m-outdoorschuhe","status":"publish","type":"product","link":"https:\/\/bekleidungscenter.com\/?product=jack-wolfskin-herren-woodland-texapore-mid-m-outdoorschuhe","title":{"rendered":"Jack Wolfskin Herren Woodland Texapore Mid M Trekking-&amp; Wanderstiefel"},"content":{"rendered":"<p><!-- show up to 2 reviews by default --> <\/p>\n<p>Ein wasserdichter Wanderschuh, der gleichzeitig superleicht unter anderem supersoft ist? Klar geht das! Unser multifunktionaler WOODLAND TEXAPORE MID bringt was auch immer anhand, was du sondern deine leichte Wanderung oder deinen St\u00e4dtetrip brauchst. Die TEXAPORE-Membran h\u00e4lt nicht immerhin N\u00e4sse zuverl\u00e4ssig von deinem Fu\u00df fern, zugunsten ist vulgo atmungsaktiv. In der Mittelsohle haben wir unseren weichen REFLEX FOAM eingesetzt. Der sorgt sondern tollen Komfort unter anderem spart Kraft beim In Betrieb sein. Perfekt somit, wenn du lange unterwegs bist! Die griffige Gummisohle schenkt dir den n\u00f6tigen Grip &#8211; vulgo wenn der Perdu mal etwas anspruchsvoller wird. <\/p>\n<p>Obermaterial: Nicht zutreffend<br \/>\nInnenmaterial: Synthetik<br \/>\nSohle: Leder unter anderem Gummi<br \/>\nVerschluss: Schn\u00fcrsenkel<br \/>\nSchuhweite: Schmal<br \/>\nWasserdicht<br \/>\n<div class=\"main-cross-sell\" data-asin=\"B087MP2ZQV\">\n\n\t<div class=\"WooZone-cross-sell-loader\">\n\t\t<div>\n\t\t\t<div id=\"floatingBarsG\">\n\t\t\t\t<div class=\"blockG\" id=\"rotateG_01\"><\/div>\n\t\t\t\t<div class=\"blockG\" id=\"rotateG_02\"><\/div>\n\t\t\t\t<div class=\"blockG\" id=\"rotateG_03\"><\/div>\n\t\t\t\t<div class=\"blockG\" id=\"rotateG_04\"><\/div>\n\t\t\t\t<div class=\"blockG\" id=\"rotateG_05\"><\/div>\n\t\t\t\t<div class=\"blockG\" id=\"rotateG_06\"><\/div>\n\t\t\t\t<div class=\"blockG\" id=\"rotateG_07\"><\/div>\n\t\t\t\t<div class=\"blockG\" id=\"rotateG_08\"><\/div>\n\t\t\t<\/div>\n\t\t\t<div class=\"WooZone-cross-sell-loader-text\"><\/div>\n\t\t<\/div>\n\t<\/div>\n\n\t\t\n<\/div>\n<div style=\"clear:both;\"><\/div><\/p>\n","protected":false},"excerpt":{"rendered":"<p>Obermaterial: Nicht zutreffend<br \/>\nInnenmaterial: Synthetik<br \/>\nSohle: Leder und Gummi<\/p>\n","protected":false},"featured_media":15530,"comment_status":"open","ping_status":"closed","template":"","meta":[],"product_cat":[126,145],"product_tag":[],"yoast_head":"<!-- This site is optimized with the Yoast SEO plugin v20.6 - https:\/\/yoast.com\/wordpress\/plugins\/seo\/ -->\n<title>Jack Wolfskin Herren Woodland Texapore Mid M Trekking-&amp; Wanderstiefel - FamilienMode<\/title>\n<meta name=\"robots\" content=\"index, follow, max-snippet:-1, max-image-preview:large, max-video-preview:-1\" \/>\n<link rel=\"canonical\" href=\"https:\/\/bekleidungscenter.com\/?product=jack-wolfskin-herren-woodland-texapore-mid-m-outdoorschuhe\" \/>\n<meta property=\"og:locale\" content=\"de_DE\" \/>\n<meta property=\"og:type\" content=\"article\" \/>\n<meta property=\"og:title\" content=\"Jack Wolfskin Herren Woodland Texapore Mid M Trekking-&amp; Wanderstiefel - FamilienMode\" \/>\n<meta property=\"og:description\" content=\"Obermaterial: Nicht zutreffend Innenmaterial: Synthetik Sohle: Leder und Gummi\" \/>\n<meta property=\"og:url\" content=\"https:\/\/bekleidungscenter.com\/?product=jack-wolfskin-herren-woodland-texapore-mid-m-outdoorschuhe\" \/>\n<meta property=\"og:site_name\" content=\"FamilienMode\" \/>\n<meta property=\"article:modified_time\" content=\"2023-04-10T22:56:36+00:00\" \/>\n<meta property=\"og:image\" content=\"https:\/\/images-na.ssl-images-amazon.com\/images\/I\/31JE5jCT1EL.jpg\" \/>\n\t<meta property=\"og:image:width\" content=\"500\" \/>\n\t<meta property=\"og:image:height\" content=\"500\" \/>\n\t<meta property=\"og:image:type\" content=\"image\/jpeg\" \/>\n<meta name=\"twitter:card\" content=\"summary_large_image\" \/>\n<meta name=\"twitter:label1\" content=\"Gesch\u00e4tzte Lesezeit\" \/>\n\t<meta name=\"twitter:data1\" content=\"1\u00a0Minute\" \/>\n<script type=\"application\/ld+json\" class=\"yoast-schema-graph\">{\"@context\":\"https:\/\/schema.org\",\"@graph\":[{\"@type\":\"WebPage\",\"@id\":\"https:\/\/bekleidungscenter.com\/?product=jack-wolfskin-herren-woodland-texapore-mid-m-outdoorschuhe\",\"url\":\"https:\/\/bekleidungscenter.com\/?product=jack-wolfskin-herren-woodland-texapore-mid-m-outdoorschuhe\",\"name\":\"Jack Wolfskin Herren Woodland Texapore Mid M Trekking-&amp; Wanderstiefel - FamilienMode\",\"isPartOf\":{\"@id\":\"https:\/\/bekleidungscenter.com\/#website\"},\"datePublished\":\"2021-01-04T09:22:03+00:00\",\"dateModified\":\"2023-04-10T22:56:36+00:00\",\"breadcrumb\":{\"@id\":\"https:\/\/bekleidungscenter.com\/?product=jack-wolfskin-herren-woodland-texapore-mid-m-outdoorschuhe#breadcrumb\"},\"inLanguage\":\"de\",\"potentialAction\":[{\"@type\":\"ReadAction\",\"target\":[\"https:\/\/bekleidungscenter.com\/?product=jack-wolfskin-herren-woodland-texapore-mid-m-outdoorschuhe\"]}]},{\"@type\":\"BreadcrumbList\",\"@id\":\"https:\/\/bekleidungscenter.com\/?product=jack-wolfskin-herren-woodland-texapore-mid-m-outdoorschuhe#breadcrumb\",\"itemListElement\":[{\"@type\":\"ListItem\",\"position\":1,\"name\":\"Home\",\"item\":\"https:\/\/bekleidungscenter.com\/\"},{\"@type\":\"ListItem\",\"position\":2,\"name\":\"Shop\",\"item\":\"https:\/\/bekleidungscenter.com\/?page_id=7\"},{\"@type\":\"ListItem\",\"position\":3,\"name\":\"Jack Wolfskin Herren Woodland Texapore Mid M Trekking-&amp; Wanderstiefel\"}]},{\"@type\":\"WebSite\",\"@id\":\"https:\/\/bekleidungscenter.com\/#website\",\"url\":\"https:\/\/bekleidungscenter.com\/\",\"name\":\"FamilienMode\",\"description\":\"Alles f\u00fcr die ganze Familie\",\"potentialAction\":[{\"@type\":\"SearchAction\",\"target\":{\"@type\":\"EntryPoint\",\"urlTemplate\":\"https:\/\/bekleidungscenter.com\/?s={search_term_string}\"},\"query-input\":\"required name=search_term_string\"}],\"inLanguage\":\"de\"}]}<\/script>\n<!-- \/ Yoast SEO plugin. -->","yoast_head_json":{"title":"Jack Wolfskin Herren Woodland Texapore Mid M Trekking-&amp; Wanderstiefel - FamilienMode","robots":{"index":"index","follow":"follow","max-snippet":"max-snippet:-1","max-image-preview":"max-image-preview:large","max-video-preview":"max-video-preview:-1"},"canonical":"https:\/\/bekleidungscenter.com\/?product=jack-wolfskin-herren-woodland-texapore-mid-m-outdoorschuhe","og_locale":"de_DE","og_type":"article","og_title":"Jack Wolfskin Herren Woodland Texapore Mid M Trekking-&amp; Wanderstiefel - FamilienMode","og_description":"Obermaterial: Nicht zutreffend Innenmaterial: Synthetik Sohle: Leder und Gummi","og_url":"https:\/\/bekleidungscenter.com\/?product=jack-wolfskin-herren-woodland-texapore-mid-m-outdoorschuhe","og_site_name":"FamilienMode","article_modified_time":"2023-04-10T22:56:36+00:00","og_image":[{"width":500,"height":500,"url":"https:\/\/images-na.ssl-images-amazon.com\/images\/I\/31JE5jCT1EL.jpg","type":"image\/jpeg"}],"twitter_card":"summary_large_image","twitter_misc":{"Gesch\u00e4tzte Lesezeit":"1\u00a0Minute"},"schema":{"@context":"https:\/\/schema.org","@graph":[{"@type":"WebPage","@id":"https:\/\/bekleidungscenter.com\/?product=jack-wolfskin-herren-woodland-texapore-mid-m-outdoorschuhe","url":"https:\/\/bekleidungscenter.com\/?product=jack-wolfskin-herren-woodland-texapore-mid-m-outdoorschuhe","name":"Jack Wolfskin Herren Woodland Texapore Mid M Trekking-&amp; Wanderstiefel - FamilienMode","isPartOf":{"@id":"https:\/\/bekleidungscenter.com\/#website"},"datePublished":"2021-01-04T09:22:03+00:00","dateModified":"2023-04-10T22:56:36+00:00","breadcrumb":{"@id":"https:\/\/bekleidungscenter.com\/?product=jack-wolfskin-herren-woodland-texapore-mid-m-outdoorschuhe#breadcrumb"},"inLanguage":"de","potentialAction":[{"@type":"ReadAction","target":["https:\/\/bekleidungscenter.com\/?product=jack-wolfskin-herren-woodland-texapore-mid-m-outdoorschuhe"]}]},{"@type":"BreadcrumbList","@id":"https:\/\/bekleidungscenter.com\/?product=jack-wolfskin-herren-woodland-texapore-mid-m-outdoorschuhe#breadcrumb","itemListElement":[{"@type":"ListItem","position":1,"name":"Home","item":"https:\/\/bekleidungscenter.com\/"},{"@type":"ListItem","position":2,"name":"Shop","item":"https:\/\/bekleidungscenter.com\/?page_id=7"},{"@type":"ListItem","position":3,"name":"Jack Wolfskin Herren Woodland Texapore Mid M Trekking-&amp; Wanderstiefel"}]},{"@type":"WebSite","@id":"https:\/\/bekleidungscenter.com\/#website","url":"https:\/\/bekleidungscenter.com\/","name":"FamilienMode","description":"Alles f\u00fcr die ganze Familie","potentialAction":[{"@type":"SearchAction","target":{"@type":"EntryPoint","urlTemplate":"https:\/\/bekleidungscenter.com\/?s={search_term_string}"},"query-input":"required name=search_term_string"}],"inLanguage":"de"}]}},"_links":{"self":[{"href":"https:\/\/bekleidungscenter.com\/index.php?rest_route=\/wp\/v2\/product\/15529"}],"collection":[{"href":"https:\/\/bekleidungscenter.com\/index.php?rest_route=\/wp\/v2\/product"}],"about":[{"href":"https:\/\/bekleidungscenter.com\/index.php?rest_route=\/wp\/v2\/types\/product"}],"replies":[{"embeddable":true,"href":"https:\/\/bekleidungscenter.com\/index.php?rest_route=%2Fwp%2Fv2%2Fcomments&post=15529"}],"wp:featuredmedia":[{"embeddable":true,"href":"https:\/\/bekleidungscenter.com\/index.php?rest_route=\/wp\/v2\/media\/15530"}],"wp:attachment":[{"href":"https:\/\/bekleidungscenter.com\/index.php?rest_route=%2Fwp%2Fv2%2Fmedia&parent=15529"}],"wp:term":[{"taxonomy":"product_cat","embeddable":true,"href":"https:\/\/bekleidungscenter.com\/index.php?rest_route=%2Fwp%2Fv2%2Fproduct_cat&post=15529"},{"taxonomy":"product_tag","embeddable":true,"href":"https:\/\/bekleidungscenter.com\/index.php?rest_route=%2Fwp%2Fv2%2Fproduct_tag&post=15529"}],"curies":[{"name":"wp","href":"https:\/\/api.w.org\/{rel}","templated":true}]}}