{"id":15564,"date":"2021-01-04T09:22:25","date_gmt":"2021-01-04T09:22:25","guid":{"rendered":"http:\/\/bekleidungscenter.com\/?product=rieker-05372-herren-winterstiefelfellbootslammfellfellstiefelgefuettertwarm"},"modified":"2023-04-10T22:56:37","modified_gmt":"2023-04-10T22:56:37","slug":"rieker-05372-herren-winterstiefelfellbootslammfellfellstiefelgefuettertwarm","status":"publish","type":"product","link":"https:\/\/bekleidungscenter.com\/?product=rieker-05372-herren-winterstiefelfellbootslammfellfellstiefelgefuettertwarm","title":{"rendered":"Rieker 05372 Herren Kurzschaft Stiefel"},"content":{"rendered":"<p><!-- show up to 2 reviews by default --> <\/p>\n<p>Mit Schuhen von Rieker l\u00e4sst sich jedes Outfit auf angesagte und markante Weise umschreiben und dies leer ohne Verzicht auf optimalen Komfort. Die Produkte von Rieker zeichnen sich s\u00e4mtliche durch modische Brisanz in Verbindung mit optimaler Passform und hochwertiger Ausf\u00fchrung. Rieker Schuhe sind speziell konzipiert stattdessen An sein, Stehen, Haftstrafe verb\u00fc\u00dfen mit den daf\u00fcr wichtigen Funktionen und der daf\u00fcr optimalen Performance. Spezielle Komponenten und Konstruktionen ergeben ein Minimum an Gewicht, ein H\u00f6chstmass an Anpassungsf\u00e4higkeit und sp\u00fcrbar mehr Platz. Zudem bietet Rieker optimale Schockabsorption. <\/p>\n<p>Obermaterial: Leder<br \/>\nInnenmaterial: Wolle<br \/>\nSohle: Synthetik<br \/>\nVerschluss: Rei\u00dfverschluss<br \/>\nAbsatzh\u00f6he: 3 cm<br \/>\nAbsatzform: Flach<br \/>\nMaterialzusammensetzung: Tr\u00e4ger: 100% Polyester, Flor: 100% Schurwolle<br \/>\nGr\u00f6\u00dfenhinweis: F\u00e4llt regul\u00e4r s\u00e4mtliche<br \/>\nSchaftweite: Durchschnittlich<br \/>\nSchuhweite: Weit unisex_eu<br \/>\nWasserdicht<br \/>\nRei\u00dfverschluss<br \/>\n<div class=\"main-cross-sell\" data-asin=\"B0090VYLUU\">\n\n\t<div class=\"WooZone-cross-sell-loader\">\n\t\t<div>\n\t\t\t<div id=\"floatingBarsG\">\n\t\t\t\t<div class=\"blockG\" id=\"rotateG_01\"><\/div>\n\t\t\t\t<div class=\"blockG\" id=\"rotateG_02\"><\/div>\n\t\t\t\t<div class=\"blockG\" id=\"rotateG_03\"><\/div>\n\t\t\t\t<div class=\"blockG\" id=\"rotateG_04\"><\/div>\n\t\t\t\t<div class=\"blockG\" id=\"rotateG_05\"><\/div>\n\t\t\t\t<div class=\"blockG\" id=\"rotateG_06\"><\/div>\n\t\t\t\t<div class=\"blockG\" id=\"rotateG_07\"><\/div>\n\t\t\t\t<div class=\"blockG\" id=\"rotateG_08\"><\/div>\n\t\t\t<\/div>\n\t\t\t<div class=\"WooZone-cross-sell-loader-text\"><\/div>\n\t\t<\/div>\n\t<\/div>\n\n\t\t\n<\/div>\n<div style=\"clear:both;\"><\/div><\/p>\n","protected":false},"excerpt":{"rendered":"<p>Obermaterial: Leder<br \/>\nInnenmaterial: Wolle<br \/>\nSohle: Synthetik<\/p>\n","protected":false},"featured_media":15565,"comment_status":"open","ping_status":"closed","template":"","meta":[],"product_cat":[126,145],"product_tag":[],"yoast_head":"<!-- This site is optimized with the Yoast SEO plugin v20.6 - https:\/\/yoast.com\/wordpress\/plugins\/seo\/ -->\n<title>Rieker 05372 Herren Kurzschaft Stiefel - FamilienMode<\/title>\n<meta name=\"robots\" content=\"index, follow, max-snippet:-1, max-image-preview:large, max-video-preview:-1\" \/>\n<link rel=\"canonical\" href=\"https:\/\/bekleidungscenter.com\/?product=rieker-05372-herren-winterstiefelfellbootslammfellfellstiefelgefuettertwarm\" \/>\n<meta property=\"og:locale\" content=\"de_DE\" \/>\n<meta property=\"og:type\" content=\"article\" \/>\n<meta property=\"og:title\" content=\"Rieker 05372 Herren Kurzschaft Stiefel - FamilienMode\" \/>\n<meta property=\"og:description\" content=\"Obermaterial: Leder Innenmaterial: Wolle Sohle: Synthetik\" \/>\n<meta property=\"og:url\" content=\"https:\/\/bekleidungscenter.com\/?product=rieker-05372-herren-winterstiefelfellbootslammfellfellstiefelgefuettertwarm\" \/>\n<meta property=\"og:site_name\" content=\"FamilienMode\" \/>\n<meta property=\"article:modified_time\" content=\"2023-04-10T22:56:37+00:00\" \/>\n<meta property=\"og:image\" content=\"https:\/\/images-na.ssl-images-amazon.com\/images\/I\/41b0uRsVbYL.jpg\" \/>\n\t<meta property=\"og:image:width\" content=\"500\" \/>\n\t<meta property=\"og:image:height\" content=\"500\" \/>\n\t<meta property=\"og:image:type\" content=\"image\/jpeg\" \/>\n<meta name=\"twitter:card\" content=\"summary_large_image\" \/>\n<meta name=\"twitter:label1\" content=\"Gesch\u00e4tzte Lesezeit\" \/>\n\t<meta name=\"twitter:data1\" content=\"1\u00a0Minute\" \/>\n<script type=\"application\/ld+json\" class=\"yoast-schema-graph\">{\"@context\":\"https:\/\/schema.org\",\"@graph\":[{\"@type\":\"WebPage\",\"@id\":\"https:\/\/bekleidungscenter.com\/?product=rieker-05372-herren-winterstiefelfellbootslammfellfellstiefelgefuettertwarm\",\"url\":\"https:\/\/bekleidungscenter.com\/?product=rieker-05372-herren-winterstiefelfellbootslammfellfellstiefelgefuettertwarm\",\"name\":\"Rieker 05372 Herren Kurzschaft Stiefel - FamilienMode\",\"isPartOf\":{\"@id\":\"https:\/\/bekleidungscenter.com\/#website\"},\"datePublished\":\"2021-01-04T09:22:25+00:00\",\"dateModified\":\"2023-04-10T22:56:37+00:00\",\"breadcrumb\":{\"@id\":\"https:\/\/bekleidungscenter.com\/?product=rieker-05372-herren-winterstiefelfellbootslammfellfellstiefelgefuettertwarm#breadcrumb\"},\"inLanguage\":\"de\",\"potentialAction\":[{\"@type\":\"ReadAction\",\"target\":[\"https:\/\/bekleidungscenter.com\/?product=rieker-05372-herren-winterstiefelfellbootslammfellfellstiefelgefuettertwarm\"]}]},{\"@type\":\"BreadcrumbList\",\"@id\":\"https:\/\/bekleidungscenter.com\/?product=rieker-05372-herren-winterstiefelfellbootslammfellfellstiefelgefuettertwarm#breadcrumb\",\"itemListElement\":[{\"@type\":\"ListItem\",\"position\":1,\"name\":\"Home\",\"item\":\"https:\/\/bekleidungscenter.com\/\"},{\"@type\":\"ListItem\",\"position\":2,\"name\":\"Shop\",\"item\":\"https:\/\/bekleidungscenter.com\/?page_id=7\"},{\"@type\":\"ListItem\",\"position\":3,\"name\":\"Rieker 05372 Herren Kurzschaft Stiefel\"}]},{\"@type\":\"WebSite\",\"@id\":\"https:\/\/bekleidungscenter.com\/#website\",\"url\":\"https:\/\/bekleidungscenter.com\/\",\"name\":\"FamilienMode\",\"description\":\"Alles f\u00fcr die ganze Familie\",\"potentialAction\":[{\"@type\":\"SearchAction\",\"target\":{\"@type\":\"EntryPoint\",\"urlTemplate\":\"https:\/\/bekleidungscenter.com\/?s={search_term_string}\"},\"query-input\":\"required name=search_term_string\"}],\"inLanguage\":\"de\"}]}<\/script>\n<!-- \/ Yoast SEO plugin. -->","yoast_head_json":{"title":"Rieker 05372 Herren Kurzschaft Stiefel - FamilienMode","robots":{"index":"index","follow":"follow","max-snippet":"max-snippet:-1","max-image-preview":"max-image-preview:large","max-video-preview":"max-video-preview:-1"},"canonical":"https:\/\/bekleidungscenter.com\/?product=rieker-05372-herren-winterstiefelfellbootslammfellfellstiefelgefuettertwarm","og_locale":"de_DE","og_type":"article","og_title":"Rieker 05372 Herren Kurzschaft Stiefel - FamilienMode","og_description":"Obermaterial: Leder Innenmaterial: Wolle Sohle: Synthetik","og_url":"https:\/\/bekleidungscenter.com\/?product=rieker-05372-herren-winterstiefelfellbootslammfellfellstiefelgefuettertwarm","og_site_name":"FamilienMode","article_modified_time":"2023-04-10T22:56:37+00:00","og_image":[{"width":500,"height":500,"url":"https:\/\/images-na.ssl-images-amazon.com\/images\/I\/41b0uRsVbYL.jpg","type":"image\/jpeg"}],"twitter_card":"summary_large_image","twitter_misc":{"Gesch\u00e4tzte Lesezeit":"1\u00a0Minute"},"schema":{"@context":"https:\/\/schema.org","@graph":[{"@type":"WebPage","@id":"https:\/\/bekleidungscenter.com\/?product=rieker-05372-herren-winterstiefelfellbootslammfellfellstiefelgefuettertwarm","url":"https:\/\/bekleidungscenter.com\/?product=rieker-05372-herren-winterstiefelfellbootslammfellfellstiefelgefuettertwarm","name":"Rieker 05372 Herren Kurzschaft Stiefel - FamilienMode","isPartOf":{"@id":"https:\/\/bekleidungscenter.com\/#website"},"datePublished":"2021-01-04T09:22:25+00:00","dateModified":"2023-04-10T22:56:37+00:00","breadcrumb":{"@id":"https:\/\/bekleidungscenter.com\/?product=rieker-05372-herren-winterstiefelfellbootslammfellfellstiefelgefuettertwarm#breadcrumb"},"inLanguage":"de","potentialAction":[{"@type":"ReadAction","target":["https:\/\/bekleidungscenter.com\/?product=rieker-05372-herren-winterstiefelfellbootslammfellfellstiefelgefuettertwarm"]}]},{"@type":"BreadcrumbList","@id":"https:\/\/bekleidungscenter.com\/?product=rieker-05372-herren-winterstiefelfellbootslammfellfellstiefelgefuettertwarm#breadcrumb","itemListElement":[{"@type":"ListItem","position":1,"name":"Home","item":"https:\/\/bekleidungscenter.com\/"},{"@type":"ListItem","position":2,"name":"Shop","item":"https:\/\/bekleidungscenter.com\/?page_id=7"},{"@type":"ListItem","position":3,"name":"Rieker 05372 Herren Kurzschaft Stiefel"}]},{"@type":"WebSite","@id":"https:\/\/bekleidungscenter.com\/#website","url":"https:\/\/bekleidungscenter.com\/","name":"FamilienMode","description":"Alles f\u00fcr die ganze Familie","potentialAction":[{"@type":"SearchAction","target":{"@type":"EntryPoint","urlTemplate":"https:\/\/bekleidungscenter.com\/?s={search_term_string}"},"query-input":"required name=search_term_string"}],"inLanguage":"de"}]}},"_links":{"self":[{"href":"https:\/\/bekleidungscenter.com\/index.php?rest_route=\/wp\/v2\/product\/15564"}],"collection":[{"href":"https:\/\/bekleidungscenter.com\/index.php?rest_route=\/wp\/v2\/product"}],"about":[{"href":"https:\/\/bekleidungscenter.com\/index.php?rest_route=\/wp\/v2\/types\/product"}],"replies":[{"embeddable":true,"href":"https:\/\/bekleidungscenter.com\/index.php?rest_route=%2Fwp%2Fv2%2Fcomments&post=15564"}],"wp:featuredmedia":[{"embeddable":true,"href":"https:\/\/bekleidungscenter.com\/index.php?rest_route=\/wp\/v2\/media\/15565"}],"wp:attachment":[{"href":"https:\/\/bekleidungscenter.com\/index.php?rest_route=%2Fwp%2Fv2%2Fmedia&parent=15564"}],"wp:term":[{"taxonomy":"product_cat","embeddable":true,"href":"https:\/\/bekleidungscenter.com\/index.php?rest_route=%2Fwp%2Fv2%2Fproduct_cat&post=15564"},{"taxonomy":"product_tag","embeddable":true,"href":"https:\/\/bekleidungscenter.com\/index.php?rest_route=%2Fwp%2Fv2%2Fproduct_tag&post=15564"}],"curies":[{"name":"wp","href":"https:\/\/api.w.org\/{rel}","templated":true}]}}