{"id":15585,"date":"2021-01-04T09:22:42","date_gmt":"2021-01-04T09:22:42","guid":{"rendered":"http:\/\/bekleidungscenter.com\/?product=timberland-herren-bradstreet-leather-sensorflex-chukka-stiefel"},"modified":"2023-04-10T22:56:37","modified_gmt":"2023-04-10T22:56:37","slug":"timberland-herren-bradstreet-leather-sensorflex-chukka-stiefel","status":"publish","type":"product","link":"https:\/\/bekleidungscenter.com\/?product=timberland-herren-bradstreet-leather-sensorflex-chukka-stiefel","title":{"rendered":"Timberland Herren Bradstreet Leather Sensorflex Chukka Stiefel"},"content":{"rendered":"<p><!-- show up to 2 reviews by default --> <\/p>\n<p>Laufen Sie mit einem Paar Chukka Boots entspannt ins Wochenende. Diese Chukkas an Stelle Herren wurden von Sneakers inspiriert. Mit ihrem au\u00dfergew\u00f6hnlichen Finish geben diese l\u00e4ssigen Herrenstiefel Ihrem Freizeitlook einen coolen Touch. Sie repr\u00e4sentieren sich mit einem OrthoLite-Fu\u00dfbett und unserer dreilagigen SensorFlex-Technologie an Stelle optimalen Halt, Adaptivit\u00e4t und Komfort. Mit umweltfreundlichem Futter jeglicher recycelten Plastikflaschen. Mit Premium-Nubukleder jeglicher einer nachhaltigen LWG-gepr\u00fcften Gerberei mit Silberpr\u00e4dikat. Der Chukka Boot jeglicher der Herrenkollektion ist ein Klassiker von Timberland und nicht andererseits stark bequem, statt dessen h\u00e4lt bekannt als ein Leben lang. Dadurch Urteilsfindung Sie Ihr Lieblingspaar Chukka Boots jeglicher Wildleder oder Leder und starten Sie entspannt in die Freizeit.<\/p>\n<\/p>\n<p>Obermaterial: Leder<br \/>\nInnenmaterial: Textil<br \/>\nSohle: Gummi<br \/>\nVerschluss: Schn\u00fcrsenkel<br \/>\nAbsatzform: Flach<br \/>\nMaterialzusammensetzung: Siehe Beschreibung<br \/>\nSchaftweite: Ordin\u00e4r<br \/>\nSchuhweite: Medium<br \/>\nNicht wasserdicht<br \/>\n<div class=\"main-cross-sell\" data-asin=\"B015GZQ94O\">\n\n\t<div class=\"WooZone-cross-sell-loader\">\n\t\t<div>\n\t\t\t<div id=\"floatingBarsG\">\n\t\t\t\t<div class=\"blockG\" id=\"rotateG_01\"><\/div>\n\t\t\t\t<div class=\"blockG\" id=\"rotateG_02\"><\/div>\n\t\t\t\t<div class=\"blockG\" id=\"rotateG_03\"><\/div>\n\t\t\t\t<div class=\"blockG\" id=\"rotateG_04\"><\/div>\n\t\t\t\t<div class=\"blockG\" id=\"rotateG_05\"><\/div>\n\t\t\t\t<div class=\"blockG\" id=\"rotateG_06\"><\/div>\n\t\t\t\t<div class=\"blockG\" id=\"rotateG_07\"><\/div>\n\t\t\t\t<div class=\"blockG\" id=\"rotateG_08\"><\/div>\n\t\t\t<\/div>\n\t\t\t<div class=\"WooZone-cross-sell-loader-text\"><\/div>\n\t\t<\/div>\n\t<\/div>\n\n\t\t\n<\/div>\n<div style=\"clear:both;\"><\/div><\/p>\n","protected":false},"excerpt":{"rendered":"<p>Obermaterial: Leder<br \/>\nInnenmaterial: Textil<br \/>\nSohle: Gummi<\/p>\n","protected":false},"featured_media":15589,"comment_status":"open","ping_status":"closed","template":"","meta":[],"product_cat":[126,145],"product_tag":[],"yoast_head":"<!-- This site is optimized with the Yoast SEO plugin v20.6 - https:\/\/yoast.com\/wordpress\/plugins\/seo\/ -->\n<title>Timberland Herren Bradstreet Leather Sensorflex Chukka Stiefel - FamilienMode<\/title>\n<meta name=\"robots\" content=\"index, follow, max-snippet:-1, max-image-preview:large, max-video-preview:-1\" \/>\n<link rel=\"canonical\" href=\"https:\/\/bekleidungscenter.com\/?product=timberland-herren-bradstreet-leather-sensorflex-chukka-stiefel\" \/>\n<meta property=\"og:locale\" content=\"de_DE\" \/>\n<meta property=\"og:type\" content=\"article\" \/>\n<meta property=\"og:title\" content=\"Timberland Herren Bradstreet Leather Sensorflex Chukka Stiefel - FamilienMode\" \/>\n<meta property=\"og:description\" content=\"Obermaterial: Leder Innenmaterial: Textil Sohle: Gummi\" \/>\n<meta property=\"og:url\" content=\"https:\/\/bekleidungscenter.com\/?product=timberland-herren-bradstreet-leather-sensorflex-chukka-stiefel\" \/>\n<meta property=\"og:site_name\" content=\"FamilienMode\" \/>\n<meta property=\"article:modified_time\" content=\"2023-04-10T22:56:37+00:00\" \/>\n<meta property=\"og:image\" content=\"https:\/\/images-na.ssl-images-amazon.com\/images\/I\/31LKGEgxcnL.jpg\" \/>\n\t<meta property=\"og:image:width\" content=\"500\" \/>\n\t<meta property=\"og:image:height\" content=\"500\" \/>\n\t<meta property=\"og:image:type\" content=\"image\/jpeg\" \/>\n<meta name=\"twitter:card\" content=\"summary_large_image\" \/>\n<meta name=\"twitter:label1\" content=\"Gesch\u00e4tzte Lesezeit\" \/>\n\t<meta name=\"twitter:data1\" content=\"1\u00a0Minute\" \/>\n<script type=\"application\/ld+json\" class=\"yoast-schema-graph\">{\"@context\":\"https:\/\/schema.org\",\"@graph\":[{\"@type\":\"WebPage\",\"@id\":\"https:\/\/bekleidungscenter.com\/?product=timberland-herren-bradstreet-leather-sensorflex-chukka-stiefel\",\"url\":\"https:\/\/bekleidungscenter.com\/?product=timberland-herren-bradstreet-leather-sensorflex-chukka-stiefel\",\"name\":\"Timberland Herren Bradstreet Leather Sensorflex Chukka Stiefel - FamilienMode\",\"isPartOf\":{\"@id\":\"https:\/\/bekleidungscenter.com\/#website\"},\"datePublished\":\"2021-01-04T09:22:42+00:00\",\"dateModified\":\"2023-04-10T22:56:37+00:00\",\"breadcrumb\":{\"@id\":\"https:\/\/bekleidungscenter.com\/?product=timberland-herren-bradstreet-leather-sensorflex-chukka-stiefel#breadcrumb\"},\"inLanguage\":\"de\",\"potentialAction\":[{\"@type\":\"ReadAction\",\"target\":[\"https:\/\/bekleidungscenter.com\/?product=timberland-herren-bradstreet-leather-sensorflex-chukka-stiefel\"]}]},{\"@type\":\"BreadcrumbList\",\"@id\":\"https:\/\/bekleidungscenter.com\/?product=timberland-herren-bradstreet-leather-sensorflex-chukka-stiefel#breadcrumb\",\"itemListElement\":[{\"@type\":\"ListItem\",\"position\":1,\"name\":\"Home\",\"item\":\"https:\/\/bekleidungscenter.com\/\"},{\"@type\":\"ListItem\",\"position\":2,\"name\":\"Shop\",\"item\":\"https:\/\/bekleidungscenter.com\/?page_id=7\"},{\"@type\":\"ListItem\",\"position\":3,\"name\":\"Timberland Herren Bradstreet Leather Sensorflex Chukka Stiefel\"}]},{\"@type\":\"WebSite\",\"@id\":\"https:\/\/bekleidungscenter.com\/#website\",\"url\":\"https:\/\/bekleidungscenter.com\/\",\"name\":\"FamilienMode\",\"description\":\"Alles f\u00fcr die ganze Familie\",\"potentialAction\":[{\"@type\":\"SearchAction\",\"target\":{\"@type\":\"EntryPoint\",\"urlTemplate\":\"https:\/\/bekleidungscenter.com\/?s={search_term_string}\"},\"query-input\":\"required name=search_term_string\"}],\"inLanguage\":\"de\"}]}<\/script>\n<!-- \/ Yoast SEO plugin. -->","yoast_head_json":{"title":"Timberland Herren Bradstreet Leather Sensorflex Chukka Stiefel - FamilienMode","robots":{"index":"index","follow":"follow","max-snippet":"max-snippet:-1","max-image-preview":"max-image-preview:large","max-video-preview":"max-video-preview:-1"},"canonical":"https:\/\/bekleidungscenter.com\/?product=timberland-herren-bradstreet-leather-sensorflex-chukka-stiefel","og_locale":"de_DE","og_type":"article","og_title":"Timberland Herren Bradstreet Leather Sensorflex Chukka Stiefel - FamilienMode","og_description":"Obermaterial: Leder Innenmaterial: Textil Sohle: Gummi","og_url":"https:\/\/bekleidungscenter.com\/?product=timberland-herren-bradstreet-leather-sensorflex-chukka-stiefel","og_site_name":"FamilienMode","article_modified_time":"2023-04-10T22:56:37+00:00","og_image":[{"width":500,"height":500,"url":"https:\/\/images-na.ssl-images-amazon.com\/images\/I\/31LKGEgxcnL.jpg","type":"image\/jpeg"}],"twitter_card":"summary_large_image","twitter_misc":{"Gesch\u00e4tzte Lesezeit":"1\u00a0Minute"},"schema":{"@context":"https:\/\/schema.org","@graph":[{"@type":"WebPage","@id":"https:\/\/bekleidungscenter.com\/?product=timberland-herren-bradstreet-leather-sensorflex-chukka-stiefel","url":"https:\/\/bekleidungscenter.com\/?product=timberland-herren-bradstreet-leather-sensorflex-chukka-stiefel","name":"Timberland Herren Bradstreet Leather Sensorflex Chukka Stiefel - FamilienMode","isPartOf":{"@id":"https:\/\/bekleidungscenter.com\/#website"},"datePublished":"2021-01-04T09:22:42+00:00","dateModified":"2023-04-10T22:56:37+00:00","breadcrumb":{"@id":"https:\/\/bekleidungscenter.com\/?product=timberland-herren-bradstreet-leather-sensorflex-chukka-stiefel#breadcrumb"},"inLanguage":"de","potentialAction":[{"@type":"ReadAction","target":["https:\/\/bekleidungscenter.com\/?product=timberland-herren-bradstreet-leather-sensorflex-chukka-stiefel"]}]},{"@type":"BreadcrumbList","@id":"https:\/\/bekleidungscenter.com\/?product=timberland-herren-bradstreet-leather-sensorflex-chukka-stiefel#breadcrumb","itemListElement":[{"@type":"ListItem","position":1,"name":"Home","item":"https:\/\/bekleidungscenter.com\/"},{"@type":"ListItem","position":2,"name":"Shop","item":"https:\/\/bekleidungscenter.com\/?page_id=7"},{"@type":"ListItem","position":3,"name":"Timberland Herren Bradstreet Leather Sensorflex Chukka Stiefel"}]},{"@type":"WebSite","@id":"https:\/\/bekleidungscenter.com\/#website","url":"https:\/\/bekleidungscenter.com\/","name":"FamilienMode","description":"Alles f\u00fcr die ganze Familie","potentialAction":[{"@type":"SearchAction","target":{"@type":"EntryPoint","urlTemplate":"https:\/\/bekleidungscenter.com\/?s={search_term_string}"},"query-input":"required name=search_term_string"}],"inLanguage":"de"}]}},"_links":{"self":[{"href":"https:\/\/bekleidungscenter.com\/index.php?rest_route=\/wp\/v2\/product\/15585"}],"collection":[{"href":"https:\/\/bekleidungscenter.com\/index.php?rest_route=\/wp\/v2\/product"}],"about":[{"href":"https:\/\/bekleidungscenter.com\/index.php?rest_route=\/wp\/v2\/types\/product"}],"replies":[{"embeddable":true,"href":"https:\/\/bekleidungscenter.com\/index.php?rest_route=%2Fwp%2Fv2%2Fcomments&post=15585"}],"wp:featuredmedia":[{"embeddable":true,"href":"https:\/\/bekleidungscenter.com\/index.php?rest_route=\/wp\/v2\/media\/15589"}],"wp:attachment":[{"href":"https:\/\/bekleidungscenter.com\/index.php?rest_route=%2Fwp%2Fv2%2Fmedia&parent=15585"}],"wp:term":[{"taxonomy":"product_cat","embeddable":true,"href":"https:\/\/bekleidungscenter.com\/index.php?rest_route=%2Fwp%2Fv2%2Fproduct_cat&post=15585"},{"taxonomy":"product_tag","embeddable":true,"href":"https:\/\/bekleidungscenter.com\/index.php?rest_route=%2Fwp%2Fv2%2Fproduct_tag&post=15585"}],"curies":[{"name":"wp","href":"https:\/\/api.w.org\/{rel}","templated":true}]}}