{"id":15608,"date":"2021-01-04T09:23:00","date_gmt":"2021-01-04T09:23:00","guid":{"rendered":"http:\/\/bekleidungscenter.com\/?product=puma-herren-icra-trainer-sd-sneaker"},"modified":"2023-04-10T22:56:38","modified_gmt":"2023-04-10T22:56:38","slug":"puma-herren-icra-trainer-sd-sneaker","status":"publish","type":"product","link":"https:\/\/bekleidungscenter.com\/?product=puma-herren-icra-trainer-sd-sneaker","title":{"rendered":"PUMA Unisex Icra Trainer Sd Sneaker"},"content":{"rendered":"<p><!-- show up to 2 reviews by default --> <\/p>\n<p><b>Puma Icra Trainer SD Sneaker<\/b><br \/> Dieser trendstarke Turnschuh ist ein sportlicher Freizeitschuh f\u00fcr Damen und Herren.<\/p>\n<ul>\n<li>Das Unisex Modell jedweder Wildleder ist von dem Fu\u00dfballsport inspiriert und bringt diesen Look gekonnt auf die Stra\u00dfen.<\/li>\n<li>Vorbilder f\u00fcr diesen Trainingsschuh sind Klassiker jedweder den Puma-Kollektionen der letzten Jahre.<\/li>\n<li>Der Sneaker ist dank seines sportlichen und freilich puristischen Designs ein stylischer Hingucker.<\/li>\n<li>Egal ob beim In Betrieb sein, im Gym oder in der Freizeit: Fitness und Running-Schuhe von Puma \u00fcberzeugen mit innovativer Technologie, erstklassigen Eigenschaften und coolem Style.<\/li>\n<li>Die Fitness-Schuhe von Puma sind weithin bekannt f\u00fcr ihre Vielseitigkeit. Sie sind nicht handkehrum qua Sportschuh ideal, sondern k\u00f6nnen aka qua sportliche Freizeit-Schuhe getragen werden.<\/li>\n<\/ul>\n<p><b>Puma Forever Faster<\/b><br \/> Mit der Markenbotschaft Forever Faster verhilft Puma Sportlern zur H\u00f6chstleistung. Puma hat f\u00fcr jeden Sport die passende Sport-Bekleidung und verbindet w\u00e4hrend fortschrittliche Technologie und Funktionalit\u00e4t mit l\u00e4ssigem Style. Am Arsch vorbeigehend welche Farbe, welche Gr\u00f6\u00dfe, ob atmungsaktiv, rutschfest oder ultra-leicht: Professionelle Sport-Kleidung f\u00fcr maximale Performance fortlaufend im Puma-typischen Sport-Style.<\/p>\n<\/p>\n<p>Obermaterial: Leder<br \/>\nInnenmaterial: Synthetik<br \/>\nSohle: Gummi<br \/>\nVerschluss: Schn\u00fcrsenkel<br \/>\nAbsatzh\u00f6he: 1 cm<br \/>\nAbsatzform: Flach<br \/>\nMaterialzusammensetzung: &#8211; Obermaterial: Leder- Futter und Decksohle: Textil- Laufsohle: sonstiges Material<br \/>\nSchuhweite: Schmal<br \/>\n<div class=\"main-cross-sell\" data-asin=\"B015OJSDWS\">\n\n\t<div class=\"WooZone-cross-sell-loader\">\n\t\t<div>\n\t\t\t<div id=\"floatingBarsG\">\n\t\t\t\t<div class=\"blockG\" id=\"rotateG_01\"><\/div>\n\t\t\t\t<div class=\"blockG\" id=\"rotateG_02\"><\/div>\n\t\t\t\t<div class=\"blockG\" id=\"rotateG_03\"><\/div>\n\t\t\t\t<div class=\"blockG\" id=\"rotateG_04\"><\/div>\n\t\t\t\t<div class=\"blockG\" id=\"rotateG_05\"><\/div>\n\t\t\t\t<div class=\"blockG\" id=\"rotateG_06\"><\/div>\n\t\t\t\t<div class=\"blockG\" id=\"rotateG_07\"><\/div>\n\t\t\t\t<div class=\"blockG\" id=\"rotateG_08\"><\/div>\n\t\t\t<\/div>\n\t\t\t<div class=\"WooZone-cross-sell-loader-text\"><\/div>\n\t\t<\/div>\n\t<\/div>\n\n\t\t\n<\/div>\n<div style=\"clear:both;\"><\/div><\/p>\n","protected":false},"excerpt":{"rendered":"<p>Obermaterial: Leder<br \/>\nInnenmaterial: Synthetik<br \/>\nSohle: Gummi<\/p>\n","protected":false},"featured_media":15609,"comment_status":"open","ping_status":"closed","template":"","meta":[],"product_cat":[126,145],"product_tag":[],"yoast_head":"<!-- This site is optimized with the Yoast SEO plugin v20.6 - https:\/\/yoast.com\/wordpress\/plugins\/seo\/ -->\n<title>PUMA Unisex Icra Trainer Sd Sneaker - FamilienMode<\/title>\n<meta name=\"robots\" content=\"index, follow, max-snippet:-1, max-image-preview:large, max-video-preview:-1\" \/>\n<link rel=\"canonical\" href=\"https:\/\/bekleidungscenter.com\/?product=puma-herren-icra-trainer-sd-sneaker\" \/>\n<meta property=\"og:locale\" content=\"de_DE\" \/>\n<meta property=\"og:type\" content=\"article\" \/>\n<meta property=\"og:title\" content=\"PUMA Unisex Icra Trainer Sd Sneaker - FamilienMode\" \/>\n<meta property=\"og:description\" content=\"Obermaterial: Leder Innenmaterial: Synthetik Sohle: Gummi\" \/>\n<meta property=\"og:url\" content=\"https:\/\/bekleidungscenter.com\/?product=puma-herren-icra-trainer-sd-sneaker\" \/>\n<meta property=\"og:site_name\" content=\"FamilienMode\" \/>\n<meta property=\"article:modified_time\" content=\"2023-04-10T22:56:38+00:00\" \/>\n<meta property=\"og:image\" content=\"https:\/\/images-na.ssl-images-amazon.com\/images\/I\/31JuOlW06XL.jpg\" \/>\n\t<meta property=\"og:image:width\" content=\"500\" \/>\n\t<meta property=\"og:image:height\" content=\"500\" \/>\n\t<meta property=\"og:image:type\" content=\"image\/jpeg\" \/>\n<meta name=\"twitter:card\" content=\"summary_large_image\" \/>\n<meta name=\"twitter:label1\" content=\"Gesch\u00e4tzte Lesezeit\" \/>\n\t<meta name=\"twitter:data1\" content=\"1\u00a0Minute\" \/>\n<script type=\"application\/ld+json\" class=\"yoast-schema-graph\">{\"@context\":\"https:\/\/schema.org\",\"@graph\":[{\"@type\":\"WebPage\",\"@id\":\"https:\/\/bekleidungscenter.com\/?product=puma-herren-icra-trainer-sd-sneaker\",\"url\":\"https:\/\/bekleidungscenter.com\/?product=puma-herren-icra-trainer-sd-sneaker\",\"name\":\"PUMA Unisex Icra Trainer Sd Sneaker - FamilienMode\",\"isPartOf\":{\"@id\":\"https:\/\/bekleidungscenter.com\/#website\"},\"datePublished\":\"2021-01-04T09:23:00+00:00\",\"dateModified\":\"2023-04-10T22:56:38+00:00\",\"breadcrumb\":{\"@id\":\"https:\/\/bekleidungscenter.com\/?product=puma-herren-icra-trainer-sd-sneaker#breadcrumb\"},\"inLanguage\":\"de\",\"potentialAction\":[{\"@type\":\"ReadAction\",\"target\":[\"https:\/\/bekleidungscenter.com\/?product=puma-herren-icra-trainer-sd-sneaker\"]}]},{\"@type\":\"BreadcrumbList\",\"@id\":\"https:\/\/bekleidungscenter.com\/?product=puma-herren-icra-trainer-sd-sneaker#breadcrumb\",\"itemListElement\":[{\"@type\":\"ListItem\",\"position\":1,\"name\":\"Home\",\"item\":\"https:\/\/bekleidungscenter.com\/\"},{\"@type\":\"ListItem\",\"position\":2,\"name\":\"Shop\",\"item\":\"https:\/\/bekleidungscenter.com\/?page_id=7\"},{\"@type\":\"ListItem\",\"position\":3,\"name\":\"PUMA Unisex Icra Trainer Sd Sneaker\"}]},{\"@type\":\"WebSite\",\"@id\":\"https:\/\/bekleidungscenter.com\/#website\",\"url\":\"https:\/\/bekleidungscenter.com\/\",\"name\":\"FamilienMode\",\"description\":\"Alles f\u00fcr die ganze Familie\",\"potentialAction\":[{\"@type\":\"SearchAction\",\"target\":{\"@type\":\"EntryPoint\",\"urlTemplate\":\"https:\/\/bekleidungscenter.com\/?s={search_term_string}\"},\"query-input\":\"required name=search_term_string\"}],\"inLanguage\":\"de\"}]}<\/script>\n<!-- \/ Yoast SEO plugin. -->","yoast_head_json":{"title":"PUMA Unisex Icra Trainer Sd Sneaker - FamilienMode","robots":{"index":"index","follow":"follow","max-snippet":"max-snippet:-1","max-image-preview":"max-image-preview:large","max-video-preview":"max-video-preview:-1"},"canonical":"https:\/\/bekleidungscenter.com\/?product=puma-herren-icra-trainer-sd-sneaker","og_locale":"de_DE","og_type":"article","og_title":"PUMA Unisex Icra Trainer Sd Sneaker - FamilienMode","og_description":"Obermaterial: Leder Innenmaterial: Synthetik Sohle: Gummi","og_url":"https:\/\/bekleidungscenter.com\/?product=puma-herren-icra-trainer-sd-sneaker","og_site_name":"FamilienMode","article_modified_time":"2023-04-10T22:56:38+00:00","og_image":[{"width":500,"height":500,"url":"https:\/\/images-na.ssl-images-amazon.com\/images\/I\/31JuOlW06XL.jpg","type":"image\/jpeg"}],"twitter_card":"summary_large_image","twitter_misc":{"Gesch\u00e4tzte Lesezeit":"1\u00a0Minute"},"schema":{"@context":"https:\/\/schema.org","@graph":[{"@type":"WebPage","@id":"https:\/\/bekleidungscenter.com\/?product=puma-herren-icra-trainer-sd-sneaker","url":"https:\/\/bekleidungscenter.com\/?product=puma-herren-icra-trainer-sd-sneaker","name":"PUMA Unisex Icra Trainer Sd Sneaker - FamilienMode","isPartOf":{"@id":"https:\/\/bekleidungscenter.com\/#website"},"datePublished":"2021-01-04T09:23:00+00:00","dateModified":"2023-04-10T22:56:38+00:00","breadcrumb":{"@id":"https:\/\/bekleidungscenter.com\/?product=puma-herren-icra-trainer-sd-sneaker#breadcrumb"},"inLanguage":"de","potentialAction":[{"@type":"ReadAction","target":["https:\/\/bekleidungscenter.com\/?product=puma-herren-icra-trainer-sd-sneaker"]}]},{"@type":"BreadcrumbList","@id":"https:\/\/bekleidungscenter.com\/?product=puma-herren-icra-trainer-sd-sneaker#breadcrumb","itemListElement":[{"@type":"ListItem","position":1,"name":"Home","item":"https:\/\/bekleidungscenter.com\/"},{"@type":"ListItem","position":2,"name":"Shop","item":"https:\/\/bekleidungscenter.com\/?page_id=7"},{"@type":"ListItem","position":3,"name":"PUMA Unisex Icra Trainer Sd Sneaker"}]},{"@type":"WebSite","@id":"https:\/\/bekleidungscenter.com\/#website","url":"https:\/\/bekleidungscenter.com\/","name":"FamilienMode","description":"Alles f\u00fcr die ganze Familie","potentialAction":[{"@type":"SearchAction","target":{"@type":"EntryPoint","urlTemplate":"https:\/\/bekleidungscenter.com\/?s={search_term_string}"},"query-input":"required name=search_term_string"}],"inLanguage":"de"}]}},"_links":{"self":[{"href":"https:\/\/bekleidungscenter.com\/index.php?rest_route=\/wp\/v2\/product\/15608"}],"collection":[{"href":"https:\/\/bekleidungscenter.com\/index.php?rest_route=\/wp\/v2\/product"}],"about":[{"href":"https:\/\/bekleidungscenter.com\/index.php?rest_route=\/wp\/v2\/types\/product"}],"replies":[{"embeddable":true,"href":"https:\/\/bekleidungscenter.com\/index.php?rest_route=%2Fwp%2Fv2%2Fcomments&post=15608"}],"wp:featuredmedia":[{"embeddable":true,"href":"https:\/\/bekleidungscenter.com\/index.php?rest_route=\/wp\/v2\/media\/15609"}],"wp:attachment":[{"href":"https:\/\/bekleidungscenter.com\/index.php?rest_route=%2Fwp%2Fv2%2Fmedia&parent=15608"}],"wp:term":[{"taxonomy":"product_cat","embeddable":true,"href":"https:\/\/bekleidungscenter.com\/index.php?rest_route=%2Fwp%2Fv2%2Fproduct_cat&post=15608"},{"taxonomy":"product_tag","embeddable":true,"href":"https:\/\/bekleidungscenter.com\/index.php?rest_route=%2Fwp%2Fv2%2Fproduct_tag&post=15608"}],"curies":[{"name":"wp","href":"https:\/\/api.w.org\/{rel}","templated":true}]}}