{"id":15656,"date":"2021-01-04T09:27:45","date_gmt":"2021-01-04T09:27:45","guid":{"rendered":"http:\/\/bekleidungscenter.com\/?product=josef-seibel-anvers-36-43390796-100-herren-schnuerschuh"},"modified":"2023-04-10T22:56:39","modified_gmt":"2023-04-10T22:56:39","slug":"josef-seibel-anvers-36-43390796-100-herren-schnuerschuh","status":"publish","type":"product","link":"https:\/\/bekleidungscenter.com\/?product=josef-seibel-anvers-36-43390796-100-herren-schnuerschuh","title":{"rendered":"Josef Seibel Anvers 36 Herren Komfort Einlegesohle"},"content":{"rendered":"<p><!-- show up to 2 reviews by default --> <\/p>\n<p><b>Josef Seibel Herren Schn\u00fcrhalbschuhe 43390, M\u00e4nner Bequemschuh,Komfort-Halbschuh,bequem,adaptiv,Komfortweite,Winter<\/b><\/p>\n<p>Seit \u00fcber 130 Jahren entwickelt Josef Seibel vielf\u00e4ltige Schuhmode stets geleitet von einem Grundgedanken: Erstklassige Qualit\u00e4t, hochwertige Materialien, beste Vollzug, optimale Passform und absoluten Tragekomfort. Abgestimmt an die Bed\u00fcrfnisse unserer Kunden und dem Anspruch an einen modernen, zeitgem\u00e4\u00dfen Darstellung.<\/p>\n<p><b>Produktbeschreibung: <\/b>Der Schn\u00fcrschuh ANVERS 36 von Josef Seibel leer Leder f\u00fcr Herren in \u00dcberweite (Weite K). Durch das herausnehmbare Lederfu\u00dfbett ist der Schuh f\u00fcr lose Einlagen sinnvoll. Die leichte und flexible Laufsohle sorgt f\u00fcr einen guten Halt. <\/p>\n<p>Handstiched-Machart (Handnaht): Bei dieser besonderen Vollzug werden die notwendigen Stiche vorgestochen, mit zwei Nadeln und doch einem Faden von Hand gen\u00e4ht und nach jedem Stich festgezogen. Der erste und der letzte Stich erfolgen mit beiden Nadeln doppelt, der letzte wird zus\u00e4tzlich zweifach verknotet. Durch die Verwendung von doch einem Faden ist ein Ausrichten der Naht nicht m\u00f6glich. Das Schluss sind hochwertige Schuhe mit extrem flexiblen Laufsohlen im typischen Josef Seibel Look!<\/p>\n<p><b>Die Schn\u00fcrhalbschuhe zeichnen sich durch folgende Merkmale leer:<\/b><\/p>\n<ul>\n<li>Modellbezeichnung: Anvers 36, Modellnummer: 43390, Sektion: Herren-Schuhe<\/li>\n<li>Obermaterial: Nubuk (Rindsleder), Innenmaterial: Leder, Laufsohle: PU, Decksohle: Leder<\/li>\n<li>Absatztyp: Keilabsatz, Absatzh\u00f6he: 2.5 cm, Schafttyp: Kurzschaft<\/li>\n<li>Weite: K (F\u00fcr kr\u00e4ftige\/breite F\u00fc\u00dfe), Verschluss: Schn\u00fcrung, Schuhspitze: asymetrisch<\/li>\n<li>Wechselfu\u00dfbett, herausnehmbare Innensohle, lose Decksohle<\/li>\n<\/ul>\n<p>Obermaterial: Leder<br \/>\nInnenmaterial: Leder<br \/>\nSohle: Gummi<br \/>\nVerschluss: Schn\u00fcrsenkel<br \/>\nAbsatzh\u00f6he: 2.5 cm<br \/>\nAbsatzform: Keilabsatz<br \/>\nMaterialzusammensetzung: Echtleder &#8211; weich gepolstert<br \/>\nSchaftweite: Normal<br \/>\nSchuhweite: Weit<br \/>\nNicht wasserdicht<br \/>\nSchn\u00fcrung<br \/>\n<div class=\"main-cross-sell\" data-asin=\"B07RZXTT5X\">\n\n\t<div class=\"WooZone-cross-sell-loader\">\n\t\t<div>\n\t\t\t<div id=\"floatingBarsG\">\n\t\t\t\t<div class=\"blockG\" id=\"rotateG_01\"><\/div>\n\t\t\t\t<div class=\"blockG\" id=\"rotateG_02\"><\/div>\n\t\t\t\t<div class=\"blockG\" id=\"rotateG_03\"><\/div>\n\t\t\t\t<div class=\"blockG\" id=\"rotateG_04\"><\/div>\n\t\t\t\t<div class=\"blockG\" id=\"rotateG_05\"><\/div>\n\t\t\t\t<div class=\"blockG\" id=\"rotateG_06\"><\/div>\n\t\t\t\t<div class=\"blockG\" id=\"rotateG_07\"><\/div>\n\t\t\t\t<div class=\"blockG\" id=\"rotateG_08\"><\/div>\n\t\t\t<\/div>\n\t\t\t<div class=\"WooZone-cross-sell-loader-text\"><\/div>\n\t\t<\/div>\n\t<\/div>\n\n\t\t\n<\/div>\n<div style=\"clear:both;\"><\/div><\/p>\n","protected":false},"excerpt":{"rendered":"<p>Obermaterial: Leder<br \/>\nInnenmaterial: Leder<br \/>\nSohle: Gummi<\/p>\n","protected":false},"featured_media":15657,"comment_status":"open","ping_status":"closed","template":"","meta":[],"product_cat":[126,145],"product_tag":[],"yoast_head":"<!-- This site is optimized with the Yoast SEO plugin v20.6 - https:\/\/yoast.com\/wordpress\/plugins\/seo\/ -->\n<title>Josef Seibel Anvers 36 Herren Komfort Einlegesohle - FamilienMode<\/title>\n<meta name=\"robots\" content=\"index, follow, max-snippet:-1, max-image-preview:large, max-video-preview:-1\" \/>\n<link rel=\"canonical\" href=\"https:\/\/bekleidungscenter.com\/?product=josef-seibel-anvers-36-43390796-100-herren-schnuerschuh\" \/>\n<meta property=\"og:locale\" content=\"de_DE\" \/>\n<meta property=\"og:type\" content=\"article\" \/>\n<meta property=\"og:title\" content=\"Josef Seibel Anvers 36 Herren Komfort Einlegesohle - FamilienMode\" \/>\n<meta property=\"og:description\" content=\"Obermaterial: Leder Innenmaterial: Leder Sohle: Gummi\" \/>\n<meta property=\"og:url\" content=\"https:\/\/bekleidungscenter.com\/?product=josef-seibel-anvers-36-43390796-100-herren-schnuerschuh\" \/>\n<meta property=\"og:site_name\" content=\"FamilienMode\" \/>\n<meta property=\"article:modified_time\" content=\"2023-04-10T22:56:39+00:00\" \/>\n<meta property=\"og:image\" content=\"https:\/\/images-na.ssl-images-amazon.com\/images\/I\/31Cg4vjhT7L.jpg\" \/>\n\t<meta property=\"og:image:width\" content=\"500\" \/>\n\t<meta property=\"og:image:height\" content=\"500\" \/>\n\t<meta property=\"og:image:type\" content=\"image\/jpeg\" \/>\n<meta name=\"twitter:card\" content=\"summary_large_image\" \/>\n<meta name=\"twitter:label1\" content=\"Gesch\u00e4tzte Lesezeit\" \/>\n\t<meta name=\"twitter:data1\" content=\"1\u00a0Minute\" \/>\n<script type=\"application\/ld+json\" class=\"yoast-schema-graph\">{\"@context\":\"https:\/\/schema.org\",\"@graph\":[{\"@type\":\"WebPage\",\"@id\":\"https:\/\/bekleidungscenter.com\/?product=josef-seibel-anvers-36-43390796-100-herren-schnuerschuh\",\"url\":\"https:\/\/bekleidungscenter.com\/?product=josef-seibel-anvers-36-43390796-100-herren-schnuerschuh\",\"name\":\"Josef Seibel Anvers 36 Herren Komfort Einlegesohle - FamilienMode\",\"isPartOf\":{\"@id\":\"https:\/\/bekleidungscenter.com\/#website\"},\"datePublished\":\"2021-01-04T09:27:45+00:00\",\"dateModified\":\"2023-04-10T22:56:39+00:00\",\"breadcrumb\":{\"@id\":\"https:\/\/bekleidungscenter.com\/?product=josef-seibel-anvers-36-43390796-100-herren-schnuerschuh#breadcrumb\"},\"inLanguage\":\"de\",\"potentialAction\":[{\"@type\":\"ReadAction\",\"target\":[\"https:\/\/bekleidungscenter.com\/?product=josef-seibel-anvers-36-43390796-100-herren-schnuerschuh\"]}]},{\"@type\":\"BreadcrumbList\",\"@id\":\"https:\/\/bekleidungscenter.com\/?product=josef-seibel-anvers-36-43390796-100-herren-schnuerschuh#breadcrumb\",\"itemListElement\":[{\"@type\":\"ListItem\",\"position\":1,\"name\":\"Home\",\"item\":\"https:\/\/bekleidungscenter.com\/\"},{\"@type\":\"ListItem\",\"position\":2,\"name\":\"Shop\",\"item\":\"https:\/\/bekleidungscenter.com\/?page_id=7\"},{\"@type\":\"ListItem\",\"position\":3,\"name\":\"Josef Seibel Anvers 36 Herren Komfort Einlegesohle\"}]},{\"@type\":\"WebSite\",\"@id\":\"https:\/\/bekleidungscenter.com\/#website\",\"url\":\"https:\/\/bekleidungscenter.com\/\",\"name\":\"FamilienMode\",\"description\":\"Alles f\u00fcr die ganze Familie\",\"potentialAction\":[{\"@type\":\"SearchAction\",\"target\":{\"@type\":\"EntryPoint\",\"urlTemplate\":\"https:\/\/bekleidungscenter.com\/?s={search_term_string}\"},\"query-input\":\"required name=search_term_string\"}],\"inLanguage\":\"de\"}]}<\/script>\n<!-- \/ Yoast SEO plugin. -->","yoast_head_json":{"title":"Josef Seibel Anvers 36 Herren Komfort Einlegesohle - FamilienMode","robots":{"index":"index","follow":"follow","max-snippet":"max-snippet:-1","max-image-preview":"max-image-preview:large","max-video-preview":"max-video-preview:-1"},"canonical":"https:\/\/bekleidungscenter.com\/?product=josef-seibel-anvers-36-43390796-100-herren-schnuerschuh","og_locale":"de_DE","og_type":"article","og_title":"Josef Seibel Anvers 36 Herren Komfort Einlegesohle - FamilienMode","og_description":"Obermaterial: Leder Innenmaterial: Leder Sohle: Gummi","og_url":"https:\/\/bekleidungscenter.com\/?product=josef-seibel-anvers-36-43390796-100-herren-schnuerschuh","og_site_name":"FamilienMode","article_modified_time":"2023-04-10T22:56:39+00:00","og_image":[{"width":500,"height":500,"url":"https:\/\/images-na.ssl-images-amazon.com\/images\/I\/31Cg4vjhT7L.jpg","type":"image\/jpeg"}],"twitter_card":"summary_large_image","twitter_misc":{"Gesch\u00e4tzte Lesezeit":"1\u00a0Minute"},"schema":{"@context":"https:\/\/schema.org","@graph":[{"@type":"WebPage","@id":"https:\/\/bekleidungscenter.com\/?product=josef-seibel-anvers-36-43390796-100-herren-schnuerschuh","url":"https:\/\/bekleidungscenter.com\/?product=josef-seibel-anvers-36-43390796-100-herren-schnuerschuh","name":"Josef Seibel Anvers 36 Herren Komfort Einlegesohle - FamilienMode","isPartOf":{"@id":"https:\/\/bekleidungscenter.com\/#website"},"datePublished":"2021-01-04T09:27:45+00:00","dateModified":"2023-04-10T22:56:39+00:00","breadcrumb":{"@id":"https:\/\/bekleidungscenter.com\/?product=josef-seibel-anvers-36-43390796-100-herren-schnuerschuh#breadcrumb"},"inLanguage":"de","potentialAction":[{"@type":"ReadAction","target":["https:\/\/bekleidungscenter.com\/?product=josef-seibel-anvers-36-43390796-100-herren-schnuerschuh"]}]},{"@type":"BreadcrumbList","@id":"https:\/\/bekleidungscenter.com\/?product=josef-seibel-anvers-36-43390796-100-herren-schnuerschuh#breadcrumb","itemListElement":[{"@type":"ListItem","position":1,"name":"Home","item":"https:\/\/bekleidungscenter.com\/"},{"@type":"ListItem","position":2,"name":"Shop","item":"https:\/\/bekleidungscenter.com\/?page_id=7"},{"@type":"ListItem","position":3,"name":"Josef Seibel Anvers 36 Herren Komfort Einlegesohle"}]},{"@type":"WebSite","@id":"https:\/\/bekleidungscenter.com\/#website","url":"https:\/\/bekleidungscenter.com\/","name":"FamilienMode","description":"Alles f\u00fcr die ganze Familie","potentialAction":[{"@type":"SearchAction","target":{"@type":"EntryPoint","urlTemplate":"https:\/\/bekleidungscenter.com\/?s={search_term_string}"},"query-input":"required name=search_term_string"}],"inLanguage":"de"}]}},"_links":{"self":[{"href":"https:\/\/bekleidungscenter.com\/index.php?rest_route=\/wp\/v2\/product\/15656"}],"collection":[{"href":"https:\/\/bekleidungscenter.com\/index.php?rest_route=\/wp\/v2\/product"}],"about":[{"href":"https:\/\/bekleidungscenter.com\/index.php?rest_route=\/wp\/v2\/types\/product"}],"replies":[{"embeddable":true,"href":"https:\/\/bekleidungscenter.com\/index.php?rest_route=%2Fwp%2Fv2%2Fcomments&post=15656"}],"wp:featuredmedia":[{"embeddable":true,"href":"https:\/\/bekleidungscenter.com\/index.php?rest_route=\/wp\/v2\/media\/15657"}],"wp:attachment":[{"href":"https:\/\/bekleidungscenter.com\/index.php?rest_route=%2Fwp%2Fv2%2Fmedia&parent=15656"}],"wp:term":[{"taxonomy":"product_cat","embeddable":true,"href":"https:\/\/bekleidungscenter.com\/index.php?rest_route=%2Fwp%2Fv2%2Fproduct_cat&post=15656"},{"taxonomy":"product_tag","embeddable":true,"href":"https:\/\/bekleidungscenter.com\/index.php?rest_route=%2Fwp%2Fv2%2Fproduct_tag&post=15656"}],"curies":[{"name":"wp","href":"https:\/\/api.w.org\/{rel}","templated":true}]}}