{"id":15660,"date":"2021-01-04T09:27:48","date_gmt":"2021-01-04T09:27:48","guid":{"rendered":"http:\/\/bekleidungscenter.com\/?product=lloyd-herren-levin-derbys"},"modified":"2023-04-10T22:56:39","modified_gmt":"2023-04-10T22:56:39","slug":"lloyd-herren-levin-derbys","status":"publish","type":"product","link":"https:\/\/bekleidungscenter.com\/?product=lloyd-herren-levin-derbys","title":{"rendered":"LLOYD Herren Schn\u00fcrhalbschuhe Levin, M\u00e4nner Businessschuhe,Derby,Normalweit"},"content":{"rendered":"<p><!-- show up to 2 reviews by default --> <\/p>\n<p>Durch einen modischen Eye-Catcher \u00fcberzeugen die LLOYD Derby Schuhe LEVIN allesamt Leder. Ein klassisches unter anderem elegantes Eintreffen ist unter Zuhilfenahme von dem Schn\u00fcrschuh gegeben. Infolge die abriebbest\u00e4ndige Gummisohle wird der Szene beim Gehen makellos abgefedert. Die Innensohle allesamt Leder f\u00fchrt zu einer guten W\u00e4rmeregulierung. Die Schn\u00fcrung unter anderem das modisch gepr\u00e4gte Leder umsorgen eine originelle Optik unter anderem die perfekte Passform. Auf Grund der Tatsache der Leder- unter anderem Textilf\u00fctterung sind die Schn\u00fcrschuhe komfortabel unter anderem atmungsaktiv. <\/p>\n<p>Obermaterial: Leder<br \/>\nInnenmaterial: Leder<br \/>\nSohle: Gummi<br \/>\nVerschluss: Schn\u00fcrsenkel<br \/>\nAbsatzh\u00f6he: 2.5 cm<br \/>\nAbsatzform: Blockabsatz<br \/>\nMaterialzusammensetzung: Echtleder unter anderem Textil<br \/>\nSchuhweite: Ordin\u00e4r<br \/>\n<div class=\"main-cross-sell\" data-asin=\"B07VTR98KZ\">\n\n\t<div class=\"WooZone-cross-sell-loader\">\n\t\t<div>\n\t\t\t<div id=\"floatingBarsG\">\n\t\t\t\t<div class=\"blockG\" id=\"rotateG_01\"><\/div>\n\t\t\t\t<div class=\"blockG\" id=\"rotateG_02\"><\/div>\n\t\t\t\t<div class=\"blockG\" id=\"rotateG_03\"><\/div>\n\t\t\t\t<div class=\"blockG\" id=\"rotateG_04\"><\/div>\n\t\t\t\t<div class=\"blockG\" id=\"rotateG_05\"><\/div>\n\t\t\t\t<div class=\"blockG\" id=\"rotateG_06\"><\/div>\n\t\t\t\t<div class=\"blockG\" id=\"rotateG_07\"><\/div>\n\t\t\t\t<div class=\"blockG\" id=\"rotateG_08\"><\/div>\n\t\t\t<\/div>\n\t\t\t<div class=\"WooZone-cross-sell-loader-text\"><\/div>\n\t\t<\/div>\n\t<\/div>\n\n\t\t\n<\/div>\n<div style=\"clear:both;\"><\/div><\/p>\n","protected":false},"excerpt":{"rendered":"<p>Obermaterial: Leder<br \/>\nInnenmaterial: Leder<br \/>\nSohle: Gummi<\/p>\n","protected":false},"featured_media":15661,"comment_status":"open","ping_status":"closed","template":"","meta":[],"product_cat":[126,145],"product_tag":[],"yoast_head":"<!-- This site is optimized with the Yoast SEO plugin v20.6 - https:\/\/yoast.com\/wordpress\/plugins\/seo\/ -->\n<title>LLOYD Herren Schn\u00fcrhalbschuhe Levin, M\u00e4nner Businessschuhe,Derby,Normalweit - FamilienMode<\/title>\n<meta name=\"robots\" content=\"index, follow, max-snippet:-1, max-image-preview:large, max-video-preview:-1\" \/>\n<link rel=\"canonical\" href=\"https:\/\/bekleidungscenter.com\/?product=lloyd-herren-levin-derbys\" \/>\n<meta property=\"og:locale\" content=\"de_DE\" \/>\n<meta property=\"og:type\" content=\"article\" \/>\n<meta property=\"og:title\" content=\"LLOYD Herren Schn\u00fcrhalbschuhe Levin, M\u00e4nner Businessschuhe,Derby,Normalweit - FamilienMode\" \/>\n<meta property=\"og:description\" content=\"Obermaterial: Leder Innenmaterial: Leder Sohle: Gummi\" \/>\n<meta property=\"og:url\" content=\"https:\/\/bekleidungscenter.com\/?product=lloyd-herren-levin-derbys\" \/>\n<meta property=\"og:site_name\" content=\"FamilienMode\" \/>\n<meta property=\"article:modified_time\" content=\"2023-04-10T22:56:39+00:00\" \/>\n<meta property=\"og:image\" content=\"https:\/\/images-na.ssl-images-amazon.com\/images\/I\/41Mdd7%2B-jVL.jpg\" \/>\n\t<meta property=\"og:image:width\" content=\"500\" \/>\n\t<meta property=\"og:image:height\" content=\"500\" \/>\n\t<meta property=\"og:image:type\" content=\"image\/jpeg\" \/>\n<meta name=\"twitter:card\" content=\"summary_large_image\" \/>\n<meta name=\"twitter:label1\" content=\"Gesch\u00e4tzte Lesezeit\" \/>\n\t<meta name=\"twitter:data1\" content=\"1\u00a0Minute\" \/>\n<script type=\"application\/ld+json\" class=\"yoast-schema-graph\">{\"@context\":\"https:\/\/schema.org\",\"@graph\":[{\"@type\":\"WebPage\",\"@id\":\"https:\/\/bekleidungscenter.com\/?product=lloyd-herren-levin-derbys\",\"url\":\"https:\/\/bekleidungscenter.com\/?product=lloyd-herren-levin-derbys\",\"name\":\"LLOYD Herren Schn\u00fcrhalbschuhe Levin, M\u00e4nner Businessschuhe,Derby,Normalweit - FamilienMode\",\"isPartOf\":{\"@id\":\"https:\/\/bekleidungscenter.com\/#website\"},\"datePublished\":\"2021-01-04T09:27:48+00:00\",\"dateModified\":\"2023-04-10T22:56:39+00:00\",\"breadcrumb\":{\"@id\":\"https:\/\/bekleidungscenter.com\/?product=lloyd-herren-levin-derbys#breadcrumb\"},\"inLanguage\":\"de\",\"potentialAction\":[{\"@type\":\"ReadAction\",\"target\":[\"https:\/\/bekleidungscenter.com\/?product=lloyd-herren-levin-derbys\"]}]},{\"@type\":\"BreadcrumbList\",\"@id\":\"https:\/\/bekleidungscenter.com\/?product=lloyd-herren-levin-derbys#breadcrumb\",\"itemListElement\":[{\"@type\":\"ListItem\",\"position\":1,\"name\":\"Home\",\"item\":\"https:\/\/bekleidungscenter.com\/\"},{\"@type\":\"ListItem\",\"position\":2,\"name\":\"Shop\",\"item\":\"https:\/\/bekleidungscenter.com\/?page_id=7\"},{\"@type\":\"ListItem\",\"position\":3,\"name\":\"LLOYD Herren Schn\u00fcrhalbschuhe Levin, M\u00e4nner Businessschuhe,Derby,Normalweit\"}]},{\"@type\":\"WebSite\",\"@id\":\"https:\/\/bekleidungscenter.com\/#website\",\"url\":\"https:\/\/bekleidungscenter.com\/\",\"name\":\"FamilienMode\",\"description\":\"Alles f\u00fcr die ganze Familie\",\"potentialAction\":[{\"@type\":\"SearchAction\",\"target\":{\"@type\":\"EntryPoint\",\"urlTemplate\":\"https:\/\/bekleidungscenter.com\/?s={search_term_string}\"},\"query-input\":\"required name=search_term_string\"}],\"inLanguage\":\"de\"}]}<\/script>\n<!-- \/ Yoast SEO plugin. -->","yoast_head_json":{"title":"LLOYD Herren Schn\u00fcrhalbschuhe Levin, M\u00e4nner Businessschuhe,Derby,Normalweit - FamilienMode","robots":{"index":"index","follow":"follow","max-snippet":"max-snippet:-1","max-image-preview":"max-image-preview:large","max-video-preview":"max-video-preview:-1"},"canonical":"https:\/\/bekleidungscenter.com\/?product=lloyd-herren-levin-derbys","og_locale":"de_DE","og_type":"article","og_title":"LLOYD Herren Schn\u00fcrhalbschuhe Levin, M\u00e4nner Businessschuhe,Derby,Normalweit - FamilienMode","og_description":"Obermaterial: Leder Innenmaterial: Leder Sohle: Gummi","og_url":"https:\/\/bekleidungscenter.com\/?product=lloyd-herren-levin-derbys","og_site_name":"FamilienMode","article_modified_time":"2023-04-10T22:56:39+00:00","og_image":[{"width":500,"height":500,"url":"https:\/\/images-na.ssl-images-amazon.com\/images\/I\/41Mdd7%2B-jVL.jpg","type":"image\/jpeg"}],"twitter_card":"summary_large_image","twitter_misc":{"Gesch\u00e4tzte Lesezeit":"1\u00a0Minute"},"schema":{"@context":"https:\/\/schema.org","@graph":[{"@type":"WebPage","@id":"https:\/\/bekleidungscenter.com\/?product=lloyd-herren-levin-derbys","url":"https:\/\/bekleidungscenter.com\/?product=lloyd-herren-levin-derbys","name":"LLOYD Herren Schn\u00fcrhalbschuhe Levin, M\u00e4nner Businessschuhe,Derby,Normalweit - FamilienMode","isPartOf":{"@id":"https:\/\/bekleidungscenter.com\/#website"},"datePublished":"2021-01-04T09:27:48+00:00","dateModified":"2023-04-10T22:56:39+00:00","breadcrumb":{"@id":"https:\/\/bekleidungscenter.com\/?product=lloyd-herren-levin-derbys#breadcrumb"},"inLanguage":"de","potentialAction":[{"@type":"ReadAction","target":["https:\/\/bekleidungscenter.com\/?product=lloyd-herren-levin-derbys"]}]},{"@type":"BreadcrumbList","@id":"https:\/\/bekleidungscenter.com\/?product=lloyd-herren-levin-derbys#breadcrumb","itemListElement":[{"@type":"ListItem","position":1,"name":"Home","item":"https:\/\/bekleidungscenter.com\/"},{"@type":"ListItem","position":2,"name":"Shop","item":"https:\/\/bekleidungscenter.com\/?page_id=7"},{"@type":"ListItem","position":3,"name":"LLOYD Herren Schn\u00fcrhalbschuhe Levin, M\u00e4nner Businessschuhe,Derby,Normalweit"}]},{"@type":"WebSite","@id":"https:\/\/bekleidungscenter.com\/#website","url":"https:\/\/bekleidungscenter.com\/","name":"FamilienMode","description":"Alles f\u00fcr die ganze Familie","potentialAction":[{"@type":"SearchAction","target":{"@type":"EntryPoint","urlTemplate":"https:\/\/bekleidungscenter.com\/?s={search_term_string}"},"query-input":"required name=search_term_string"}],"inLanguage":"de"}]}},"_links":{"self":[{"href":"https:\/\/bekleidungscenter.com\/index.php?rest_route=\/wp\/v2\/product\/15660"}],"collection":[{"href":"https:\/\/bekleidungscenter.com\/index.php?rest_route=\/wp\/v2\/product"}],"about":[{"href":"https:\/\/bekleidungscenter.com\/index.php?rest_route=\/wp\/v2\/types\/product"}],"replies":[{"embeddable":true,"href":"https:\/\/bekleidungscenter.com\/index.php?rest_route=%2Fwp%2Fv2%2Fcomments&post=15660"}],"wp:featuredmedia":[{"embeddable":true,"href":"https:\/\/bekleidungscenter.com\/index.php?rest_route=\/wp\/v2\/media\/15661"}],"wp:attachment":[{"href":"https:\/\/bekleidungscenter.com\/index.php?rest_route=%2Fwp%2Fv2%2Fmedia&parent=15660"}],"wp:term":[{"taxonomy":"product_cat","embeddable":true,"href":"https:\/\/bekleidungscenter.com\/index.php?rest_route=%2Fwp%2Fv2%2Fproduct_cat&post=15660"},{"taxonomy":"product_tag","embeddable":true,"href":"https:\/\/bekleidungscenter.com\/index.php?rest_route=%2Fwp%2Fv2%2Fproduct_tag&post=15660"}],"curies":[{"name":"wp","href":"https:\/\/api.w.org\/{rel}","templated":true}]}}