{"id":15708,"date":"2021-01-04T09:28:24","date_gmt":"2021-01-04T09:28:24","guid":{"rendered":"http:\/\/bekleidungscenter.com\/?product=rieker-b0812-herren-derby-schnuerhalbschuhe"},"modified":"2023-04-10T22:56:40","modified_gmt":"2023-04-10T22:56:40","slug":"rieker-b0812-herren-derby-schnuerhalbschuhe","status":"publish","type":"product","link":"https:\/\/bekleidungscenter.com\/?product=rieker-b0812-herren-derby-schnuerhalbschuhe","title":{"rendered":"Rieker Herren B0812 Schn\u00fcrhalbschuhe"},"content":{"rendered":"<p><!-- show up to 2 reviews by default --> <\/p>\n<h3>Produktbeschreibung<\/h3>\n<p>Mit Schuhen von Rieker l\u00e4sst sich jedes Outfit auf angesagte und markante Weise umm\u00fcnzen und dies aus ohne Verzicht auf optimalen Komfort. Die Produkte von Rieker zeichnen sich ganz durch modische Brisanz in Verbindung mit optimaler Passform und hochwertiger Abarbeitung. Rieker Schuhe sind speziell konzipiert f\u00fcr In Betrieb sein, Stehen, Haftstrafe verb\u00fc\u00dfen mit den daf\u00fcr wichtigen Funktionen und der daf\u00fcr optimalen Performance. Spezielle Komponenten und Konstruktionen ergeben ein Minimum an Gewicht, ein H\u00f6chstmass an Anpassungsf\u00e4higkeit und sp\u00fcrbar mehr Platz. Zudem bietet Rieker optimale Schockabsorption. <\/p>\n<h3>Rechtliche Hinweise<\/h3>\n<p>Rechtliche Informationen des Verk\u00e4ufers Schuh Kronschnabl Vanessa Kronschnabl F\u00fce\u00dflgasse 10 94522 Wallersdorf Deutschland Telefon:09933 8123 Fax:09933 9520821 E-Mail:schuh-kronschnabl@t-online.de Unternehmensform: Einzelunternehmung Name: Schuh Kronschnabl Umsatzsteuer-Identifikationsnummer: DE303992023 Die Mehrwertsteuer wird auf meinen Rechnungen abgesperrt ausgewiesen. <\/p>\n<p>Obermaterial: Leder<br \/>\nInnenmaterial: Synthetik<br \/>\nSohle: Synthetik<br \/>\nVerschluss: Schn\u00fcrsenkel<br \/>\nAbsatzh\u00f6he: 1 cm<br \/>\nAbsatzform: Blockabsatz<br \/>\nMaterialzusammensetzung: Clarino<br \/>\nGr\u00f6\u00dfenhinweis: F\u00e4llt regul\u00e4r ganz<br \/>\nSchuhweite: Abseitsposition Weit<br \/>\nNicht wasserdicht<br \/>\n<div class=\"main-cross-sell\" data-asin=\"B00FX0I6C6\">\n\n\t<div class=\"WooZone-cross-sell-loader\">\n\t\t<div>\n\t\t\t<div id=\"floatingBarsG\">\n\t\t\t\t<div class=\"blockG\" id=\"rotateG_01\"><\/div>\n\t\t\t\t<div class=\"blockG\" id=\"rotateG_02\"><\/div>\n\t\t\t\t<div class=\"blockG\" id=\"rotateG_03\"><\/div>\n\t\t\t\t<div class=\"blockG\" id=\"rotateG_04\"><\/div>\n\t\t\t\t<div class=\"blockG\" id=\"rotateG_05\"><\/div>\n\t\t\t\t<div class=\"blockG\" id=\"rotateG_06\"><\/div>\n\t\t\t\t<div class=\"blockG\" id=\"rotateG_07\"><\/div>\n\t\t\t\t<div class=\"blockG\" id=\"rotateG_08\"><\/div>\n\t\t\t<\/div>\n\t\t\t<div class=\"WooZone-cross-sell-loader-text\"><\/div>\n\t\t<\/div>\n\t<\/div>\n\n\t\t\n<\/div>\n<div style=\"clear:both;\"><\/div><\/p>\n","protected":false},"excerpt":{"rendered":"<p>Obermaterial: Leder<br \/>\nInnenmaterial: Synthetik<br \/>\nSohle: Synthetik<\/p>\n","protected":false},"featured_media":15709,"comment_status":"open","ping_status":"closed","template":"","meta":[],"product_cat":[126,145],"product_tag":[],"yoast_head":"<!-- This site is optimized with the Yoast SEO plugin v20.6 - https:\/\/yoast.com\/wordpress\/plugins\/seo\/ -->\n<title>Rieker Herren B0812 Schn\u00fcrhalbschuhe - FamilienMode<\/title>\n<meta name=\"robots\" content=\"index, follow, max-snippet:-1, max-image-preview:large, max-video-preview:-1\" \/>\n<link rel=\"canonical\" href=\"https:\/\/bekleidungscenter.com\/?product=rieker-b0812-herren-derby-schnuerhalbschuhe\" \/>\n<meta property=\"og:locale\" content=\"de_DE\" \/>\n<meta property=\"og:type\" content=\"article\" \/>\n<meta property=\"og:title\" content=\"Rieker Herren B0812 Schn\u00fcrhalbschuhe - FamilienMode\" \/>\n<meta property=\"og:description\" content=\"Obermaterial: Leder Innenmaterial: Synthetik Sohle: Synthetik\" \/>\n<meta property=\"og:url\" content=\"https:\/\/bekleidungscenter.com\/?product=rieker-b0812-herren-derby-schnuerhalbschuhe\" \/>\n<meta property=\"og:site_name\" content=\"FamilienMode\" \/>\n<meta property=\"article:modified_time\" content=\"2023-04-10T22:56:40+00:00\" \/>\n<meta property=\"og:image\" content=\"https:\/\/images-na.ssl-images-amazon.com\/images\/I\/41EVu%2BRJUiL.jpg\" \/>\n\t<meta property=\"og:image:width\" content=\"500\" \/>\n\t<meta property=\"og:image:height\" content=\"500\" \/>\n\t<meta property=\"og:image:type\" content=\"image\/jpeg\" \/>\n<meta name=\"twitter:card\" content=\"summary_large_image\" \/>\n<meta name=\"twitter:label1\" content=\"Gesch\u00e4tzte Lesezeit\" \/>\n\t<meta name=\"twitter:data1\" content=\"1\u00a0Minute\" \/>\n<script type=\"application\/ld+json\" class=\"yoast-schema-graph\">{\"@context\":\"https:\/\/schema.org\",\"@graph\":[{\"@type\":\"WebPage\",\"@id\":\"https:\/\/bekleidungscenter.com\/?product=rieker-b0812-herren-derby-schnuerhalbschuhe\",\"url\":\"https:\/\/bekleidungscenter.com\/?product=rieker-b0812-herren-derby-schnuerhalbschuhe\",\"name\":\"Rieker Herren B0812 Schn\u00fcrhalbschuhe - FamilienMode\",\"isPartOf\":{\"@id\":\"https:\/\/bekleidungscenter.com\/#website\"},\"datePublished\":\"2021-01-04T09:28:24+00:00\",\"dateModified\":\"2023-04-10T22:56:40+00:00\",\"breadcrumb\":{\"@id\":\"https:\/\/bekleidungscenter.com\/?product=rieker-b0812-herren-derby-schnuerhalbschuhe#breadcrumb\"},\"inLanguage\":\"de\",\"potentialAction\":[{\"@type\":\"ReadAction\",\"target\":[\"https:\/\/bekleidungscenter.com\/?product=rieker-b0812-herren-derby-schnuerhalbschuhe\"]}]},{\"@type\":\"BreadcrumbList\",\"@id\":\"https:\/\/bekleidungscenter.com\/?product=rieker-b0812-herren-derby-schnuerhalbschuhe#breadcrumb\",\"itemListElement\":[{\"@type\":\"ListItem\",\"position\":1,\"name\":\"Home\",\"item\":\"https:\/\/bekleidungscenter.com\/\"},{\"@type\":\"ListItem\",\"position\":2,\"name\":\"Shop\",\"item\":\"https:\/\/bekleidungscenter.com\/?page_id=7\"},{\"@type\":\"ListItem\",\"position\":3,\"name\":\"Rieker Herren B0812 Schn\u00fcrhalbschuhe\"}]},{\"@type\":\"WebSite\",\"@id\":\"https:\/\/bekleidungscenter.com\/#website\",\"url\":\"https:\/\/bekleidungscenter.com\/\",\"name\":\"FamilienMode\",\"description\":\"Alles f\u00fcr die ganze Familie\",\"potentialAction\":[{\"@type\":\"SearchAction\",\"target\":{\"@type\":\"EntryPoint\",\"urlTemplate\":\"https:\/\/bekleidungscenter.com\/?s={search_term_string}\"},\"query-input\":\"required name=search_term_string\"}],\"inLanguage\":\"de\"}]}<\/script>\n<!-- \/ Yoast SEO plugin. -->","yoast_head_json":{"title":"Rieker Herren B0812 Schn\u00fcrhalbschuhe - FamilienMode","robots":{"index":"index","follow":"follow","max-snippet":"max-snippet:-1","max-image-preview":"max-image-preview:large","max-video-preview":"max-video-preview:-1"},"canonical":"https:\/\/bekleidungscenter.com\/?product=rieker-b0812-herren-derby-schnuerhalbschuhe","og_locale":"de_DE","og_type":"article","og_title":"Rieker Herren B0812 Schn\u00fcrhalbschuhe - FamilienMode","og_description":"Obermaterial: Leder Innenmaterial: Synthetik Sohle: Synthetik","og_url":"https:\/\/bekleidungscenter.com\/?product=rieker-b0812-herren-derby-schnuerhalbschuhe","og_site_name":"FamilienMode","article_modified_time":"2023-04-10T22:56:40+00:00","og_image":[{"width":500,"height":500,"url":"https:\/\/images-na.ssl-images-amazon.com\/images\/I\/41EVu%2BRJUiL.jpg","type":"image\/jpeg"}],"twitter_card":"summary_large_image","twitter_misc":{"Gesch\u00e4tzte Lesezeit":"1\u00a0Minute"},"schema":{"@context":"https:\/\/schema.org","@graph":[{"@type":"WebPage","@id":"https:\/\/bekleidungscenter.com\/?product=rieker-b0812-herren-derby-schnuerhalbschuhe","url":"https:\/\/bekleidungscenter.com\/?product=rieker-b0812-herren-derby-schnuerhalbschuhe","name":"Rieker Herren B0812 Schn\u00fcrhalbschuhe - FamilienMode","isPartOf":{"@id":"https:\/\/bekleidungscenter.com\/#website"},"datePublished":"2021-01-04T09:28:24+00:00","dateModified":"2023-04-10T22:56:40+00:00","breadcrumb":{"@id":"https:\/\/bekleidungscenter.com\/?product=rieker-b0812-herren-derby-schnuerhalbschuhe#breadcrumb"},"inLanguage":"de","potentialAction":[{"@type":"ReadAction","target":["https:\/\/bekleidungscenter.com\/?product=rieker-b0812-herren-derby-schnuerhalbschuhe"]}]},{"@type":"BreadcrumbList","@id":"https:\/\/bekleidungscenter.com\/?product=rieker-b0812-herren-derby-schnuerhalbschuhe#breadcrumb","itemListElement":[{"@type":"ListItem","position":1,"name":"Home","item":"https:\/\/bekleidungscenter.com\/"},{"@type":"ListItem","position":2,"name":"Shop","item":"https:\/\/bekleidungscenter.com\/?page_id=7"},{"@type":"ListItem","position":3,"name":"Rieker Herren B0812 Schn\u00fcrhalbschuhe"}]},{"@type":"WebSite","@id":"https:\/\/bekleidungscenter.com\/#website","url":"https:\/\/bekleidungscenter.com\/","name":"FamilienMode","description":"Alles f\u00fcr die ganze Familie","potentialAction":[{"@type":"SearchAction","target":{"@type":"EntryPoint","urlTemplate":"https:\/\/bekleidungscenter.com\/?s={search_term_string}"},"query-input":"required name=search_term_string"}],"inLanguage":"de"}]}},"_links":{"self":[{"href":"https:\/\/bekleidungscenter.com\/index.php?rest_route=\/wp\/v2\/product\/15708"}],"collection":[{"href":"https:\/\/bekleidungscenter.com\/index.php?rest_route=\/wp\/v2\/product"}],"about":[{"href":"https:\/\/bekleidungscenter.com\/index.php?rest_route=\/wp\/v2\/types\/product"}],"replies":[{"embeddable":true,"href":"https:\/\/bekleidungscenter.com\/index.php?rest_route=%2Fwp%2Fv2%2Fcomments&post=15708"}],"wp:featuredmedia":[{"embeddable":true,"href":"https:\/\/bekleidungscenter.com\/index.php?rest_route=\/wp\/v2\/media\/15709"}],"wp:attachment":[{"href":"https:\/\/bekleidungscenter.com\/index.php?rest_route=%2Fwp%2Fv2%2Fmedia&parent=15708"}],"wp:term":[{"taxonomy":"product_cat","embeddable":true,"href":"https:\/\/bekleidungscenter.com\/index.php?rest_route=%2Fwp%2Fv2%2Fproduct_cat&post=15708"},{"taxonomy":"product_tag","embeddable":true,"href":"https:\/\/bekleidungscenter.com\/index.php?rest_route=%2Fwp%2Fv2%2Fproduct_tag&post=15708"}],"curies":[{"name":"wp","href":"https:\/\/api.w.org\/{rel}","templated":true}]}}