{"id":15729,"date":"2021-01-04T09:28:42","date_gmt":"2021-01-04T09:28:42","guid":{"rendered":"http:\/\/bekleidungscenter.com\/?product=clarks-herren-cotrell-edge-derby"},"modified":"2023-04-10T22:56:40","modified_gmt":"2023-04-10T22:56:40","slug":"clarks-herren-cotrell-edge-derby","status":"publish","type":"product","link":"https:\/\/bekleidungscenter.com\/?product=clarks-herren-cotrell-edge-derby","title":{"rendered":"Clarks Herren Cotrell Edge Derby"},"content":{"rendered":"<p><!-- show up to 2 reviews by default --> <\/p>\n<p>Clarks Cushion soft &#8211; ein verstecktes schaumstoff-inlay \u00fcber Ortholite sorgt an diesem Ort anstelle ideales Tragegef\u00fchl im \u00dcbrigen polstert jeden Segment. Langlebiger Schaumstoff, der vulgo tief gelegen Reproduktion Keinesfalls an Volumen verliert, sorgt an diesem Ort anstelle lang andauernden Komfort. <\/p>\n<p>Obermaterial: Leder<br \/>\nInnenmaterial: Leder<br \/>\nSohle: Synthetik<br \/>\nVerschluss: Schn\u00fcrsenkel<br \/>\nAbsatzh\u00f6he: 2 cm<br \/>\nAbsatzform: Oberfl\u00e4chlich<br \/>\nMaterialzusammensetzung: Leder, Stoff<br \/>\nSchuhweite: Schmal<br \/>\nKeinesfalls wasserdicht<br \/>\n<div class=\"main-cross-sell\" data-asin=\"B074N1GVJQ\">\n\n\t<div class=\"WooZone-cross-sell-loader\">\n\t\t<div>\n\t\t\t<div id=\"floatingBarsG\">\n\t\t\t\t<div class=\"blockG\" id=\"rotateG_01\"><\/div>\n\t\t\t\t<div class=\"blockG\" id=\"rotateG_02\"><\/div>\n\t\t\t\t<div class=\"blockG\" id=\"rotateG_03\"><\/div>\n\t\t\t\t<div class=\"blockG\" id=\"rotateG_04\"><\/div>\n\t\t\t\t<div class=\"blockG\" id=\"rotateG_05\"><\/div>\n\t\t\t\t<div class=\"blockG\" id=\"rotateG_06\"><\/div>\n\t\t\t\t<div class=\"blockG\" id=\"rotateG_07\"><\/div>\n\t\t\t\t<div class=\"blockG\" id=\"rotateG_08\"><\/div>\n\t\t\t<\/div>\n\t\t\t<div class=\"WooZone-cross-sell-loader-text\"><\/div>\n\t\t<\/div>\n\t<\/div>\n\n\t\t\n<\/div>\n<div style=\"clear:both;\"><\/div><\/p>\n","protected":false},"excerpt":{"rendered":"<p>Obermaterial: Leder<br \/>\nInnenmaterial: Leder<br \/>\nSohle: Synthetik<\/p>\n","protected":false},"featured_media":15733,"comment_status":"open","ping_status":"closed","template":"","meta":[],"product_cat":[126,145],"product_tag":[],"yoast_head":"<!-- This site is optimized with the Yoast SEO plugin v20.6 - https:\/\/yoast.com\/wordpress\/plugins\/seo\/ -->\n<title>Clarks Herren Cotrell Edge Derby - FamilienMode<\/title>\n<meta name=\"robots\" content=\"index, follow, max-snippet:-1, max-image-preview:large, max-video-preview:-1\" \/>\n<link rel=\"canonical\" href=\"https:\/\/bekleidungscenter.com\/?product=clarks-herren-cotrell-edge-derby\" \/>\n<meta property=\"og:locale\" content=\"de_DE\" \/>\n<meta property=\"og:type\" content=\"article\" \/>\n<meta property=\"og:title\" content=\"Clarks Herren Cotrell Edge Derby - FamilienMode\" \/>\n<meta property=\"og:description\" content=\"Obermaterial: Leder Innenmaterial: Leder Sohle: Synthetik\" \/>\n<meta property=\"og:url\" content=\"https:\/\/bekleidungscenter.com\/?product=clarks-herren-cotrell-edge-derby\" \/>\n<meta property=\"og:site_name\" content=\"FamilienMode\" \/>\n<meta property=\"article:modified_time\" content=\"2023-04-10T22:56:40+00:00\" \/>\n<meta property=\"og:image\" content=\"https:\/\/images-na.ssl-images-amazon.com\/images\/I\/41RD-t9UYpL.jpg\" \/>\n\t<meta property=\"og:image:width\" content=\"500\" \/>\n\t<meta property=\"og:image:height\" content=\"500\" \/>\n\t<meta property=\"og:image:type\" content=\"image\/jpeg\" \/>\n<meta name=\"twitter:card\" content=\"summary_large_image\" \/>\n<script type=\"application\/ld+json\" class=\"yoast-schema-graph\">{\"@context\":\"https:\/\/schema.org\",\"@graph\":[{\"@type\":\"WebPage\",\"@id\":\"https:\/\/bekleidungscenter.com\/?product=clarks-herren-cotrell-edge-derby\",\"url\":\"https:\/\/bekleidungscenter.com\/?product=clarks-herren-cotrell-edge-derby\",\"name\":\"Clarks Herren Cotrell Edge Derby - FamilienMode\",\"isPartOf\":{\"@id\":\"https:\/\/bekleidungscenter.com\/#website\"},\"datePublished\":\"2021-01-04T09:28:42+00:00\",\"dateModified\":\"2023-04-10T22:56:40+00:00\",\"breadcrumb\":{\"@id\":\"https:\/\/bekleidungscenter.com\/?product=clarks-herren-cotrell-edge-derby#breadcrumb\"},\"inLanguage\":\"de\",\"potentialAction\":[{\"@type\":\"ReadAction\",\"target\":[\"https:\/\/bekleidungscenter.com\/?product=clarks-herren-cotrell-edge-derby\"]}]},{\"@type\":\"BreadcrumbList\",\"@id\":\"https:\/\/bekleidungscenter.com\/?product=clarks-herren-cotrell-edge-derby#breadcrumb\",\"itemListElement\":[{\"@type\":\"ListItem\",\"position\":1,\"name\":\"Home\",\"item\":\"https:\/\/bekleidungscenter.com\/\"},{\"@type\":\"ListItem\",\"position\":2,\"name\":\"Shop\",\"item\":\"https:\/\/bekleidungscenter.com\/?page_id=7\"},{\"@type\":\"ListItem\",\"position\":3,\"name\":\"Clarks Herren Cotrell Edge Derby\"}]},{\"@type\":\"WebSite\",\"@id\":\"https:\/\/bekleidungscenter.com\/#website\",\"url\":\"https:\/\/bekleidungscenter.com\/\",\"name\":\"FamilienMode\",\"description\":\"Alles f\u00fcr die ganze Familie\",\"potentialAction\":[{\"@type\":\"SearchAction\",\"target\":{\"@type\":\"EntryPoint\",\"urlTemplate\":\"https:\/\/bekleidungscenter.com\/?s={search_term_string}\"},\"query-input\":\"required name=search_term_string\"}],\"inLanguage\":\"de\"}]}<\/script>\n<!-- \/ Yoast SEO plugin. -->","yoast_head_json":{"title":"Clarks Herren Cotrell Edge Derby - FamilienMode","robots":{"index":"index","follow":"follow","max-snippet":"max-snippet:-1","max-image-preview":"max-image-preview:large","max-video-preview":"max-video-preview:-1"},"canonical":"https:\/\/bekleidungscenter.com\/?product=clarks-herren-cotrell-edge-derby","og_locale":"de_DE","og_type":"article","og_title":"Clarks Herren Cotrell Edge Derby - FamilienMode","og_description":"Obermaterial: Leder Innenmaterial: Leder Sohle: Synthetik","og_url":"https:\/\/bekleidungscenter.com\/?product=clarks-herren-cotrell-edge-derby","og_site_name":"FamilienMode","article_modified_time":"2023-04-10T22:56:40+00:00","og_image":[{"width":500,"height":500,"url":"https:\/\/images-na.ssl-images-amazon.com\/images\/I\/41RD-t9UYpL.jpg","type":"image\/jpeg"}],"twitter_card":"summary_large_image","schema":{"@context":"https:\/\/schema.org","@graph":[{"@type":"WebPage","@id":"https:\/\/bekleidungscenter.com\/?product=clarks-herren-cotrell-edge-derby","url":"https:\/\/bekleidungscenter.com\/?product=clarks-herren-cotrell-edge-derby","name":"Clarks Herren Cotrell Edge Derby - FamilienMode","isPartOf":{"@id":"https:\/\/bekleidungscenter.com\/#website"},"datePublished":"2021-01-04T09:28:42+00:00","dateModified":"2023-04-10T22:56:40+00:00","breadcrumb":{"@id":"https:\/\/bekleidungscenter.com\/?product=clarks-herren-cotrell-edge-derby#breadcrumb"},"inLanguage":"de","potentialAction":[{"@type":"ReadAction","target":["https:\/\/bekleidungscenter.com\/?product=clarks-herren-cotrell-edge-derby"]}]},{"@type":"BreadcrumbList","@id":"https:\/\/bekleidungscenter.com\/?product=clarks-herren-cotrell-edge-derby#breadcrumb","itemListElement":[{"@type":"ListItem","position":1,"name":"Home","item":"https:\/\/bekleidungscenter.com\/"},{"@type":"ListItem","position":2,"name":"Shop","item":"https:\/\/bekleidungscenter.com\/?page_id=7"},{"@type":"ListItem","position":3,"name":"Clarks Herren Cotrell Edge Derby"}]},{"@type":"WebSite","@id":"https:\/\/bekleidungscenter.com\/#website","url":"https:\/\/bekleidungscenter.com\/","name":"FamilienMode","description":"Alles f\u00fcr die ganze Familie","potentialAction":[{"@type":"SearchAction","target":{"@type":"EntryPoint","urlTemplate":"https:\/\/bekleidungscenter.com\/?s={search_term_string}"},"query-input":"required name=search_term_string"}],"inLanguage":"de"}]}},"_links":{"self":[{"href":"https:\/\/bekleidungscenter.com\/index.php?rest_route=\/wp\/v2\/product\/15729"}],"collection":[{"href":"https:\/\/bekleidungscenter.com\/index.php?rest_route=\/wp\/v2\/product"}],"about":[{"href":"https:\/\/bekleidungscenter.com\/index.php?rest_route=\/wp\/v2\/types\/product"}],"replies":[{"embeddable":true,"href":"https:\/\/bekleidungscenter.com\/index.php?rest_route=%2Fwp%2Fv2%2Fcomments&post=15729"}],"wp:featuredmedia":[{"embeddable":true,"href":"https:\/\/bekleidungscenter.com\/index.php?rest_route=\/wp\/v2\/media\/15733"}],"wp:attachment":[{"href":"https:\/\/bekleidungscenter.com\/index.php?rest_route=%2Fwp%2Fv2%2Fmedia&parent=15729"}],"wp:term":[{"taxonomy":"product_cat","embeddable":true,"href":"https:\/\/bekleidungscenter.com\/index.php?rest_route=%2Fwp%2Fv2%2Fproduct_cat&post=15729"},{"taxonomy":"product_tag","embeddable":true,"href":"https:\/\/bekleidungscenter.com\/index.php?rest_route=%2Fwp%2Fv2%2Fproduct_tag&post=15729"}],"curies":[{"name":"wp","href":"https:\/\/api.w.org\/{rel}","templated":true}]}}