{"id":15812,"date":"2021-01-04T09:29:45","date_gmt":"2021-01-04T09:29:45","guid":{"rendered":"http:\/\/bekleidungscenter.com\/?product=geox-herren-u-new-damon-b-slipper"},"modified":"2023-04-04T21:58:00","modified_gmt":"2023-04-04T21:58:00","slug":"geox-herren-u-new-damon-b-slipper","status":"publish","type":"product","link":"https:\/\/bekleidungscenter.com\/?product=geox-herren-u-new-damon-b-slipper","title":{"rendered":"Geox Herren U New Damon B Loafer"},"content":{"rendered":"<p><!-- show up to 2 reviews by default --> <\/p>\n<p> Bequemer Mokassin im klassischen Stil mit breiter Spitze. Der Schuh hat eine atmungsaktive Sohle, die durch das Geox-Patent statt unvergleichlichen Tragekomfort sorgt. Die TPU-Sohle ist leicht und mobil; die breite Spitze garantiert absoluten Gehkomfort. Die Innensohle und das Futter nicht mehr da Leder umwandeln den Tragekomfort und sehen nach ein permanent trockenes Fu\u00dfgef\u00fchl. <\/p>\n<\/p>\n<p>Obermaterial: Glattleder<br \/>\nInnenmaterial: Leder<br \/>\nSohle: Gummi<br \/>\nVerschluss: Slip-On<br \/>\nAbsatzh\u00f6he: 3 cm<br \/>\nAbsatzform: Block Heel (including platform)<br \/>\nMaterialzusammensetzung: Echtleder &#8211; d\u00fcnnes Leder Kaltfutter<br \/>\nGr\u00f6\u00dfenhinweis: Einplanen Sie, dass Geox-Schuhe eine bequeme Passform haben, nichtsdestoweniger empfehlen wir, eine halbe Gr\u00f6\u00dfe zu Entscheidung<br \/>\nSchuhweite: Durchschnittlich<br \/>\nNicht wasserdicht<br \/>\n<div class=\"main-cross-sell\" data-asin=\"B01GWX233K\">\n\n\t<div class=\"WooZone-cross-sell-loader\">\n\t\t<div>\n\t\t\t<div id=\"floatingBarsG\">\n\t\t\t\t<div class=\"blockG\" id=\"rotateG_01\"><\/div>\n\t\t\t\t<div class=\"blockG\" id=\"rotateG_02\"><\/div>\n\t\t\t\t<div class=\"blockG\" id=\"rotateG_03\"><\/div>\n\t\t\t\t<div class=\"blockG\" id=\"rotateG_04\"><\/div>\n\t\t\t\t<div class=\"blockG\" id=\"rotateG_05\"><\/div>\n\t\t\t\t<div class=\"blockG\" id=\"rotateG_06\"><\/div>\n\t\t\t\t<div class=\"blockG\" id=\"rotateG_07\"><\/div>\n\t\t\t\t<div class=\"blockG\" id=\"rotateG_08\"><\/div>\n\t\t\t<\/div>\n\t\t\t<div class=\"WooZone-cross-sell-loader-text\"><\/div>\n\t\t<\/div>\n\t<\/div>\n\n\t\t\n<\/div>\n<div style=\"clear:both;\"><\/div><\/p>\n","protected":false},"excerpt":{"rendered":"<p>Obermaterial: Glattleder<br \/>\nInnenmaterial: Leder<br \/>\nSohle: Gummi<\/p>\n","protected":false},"featured_media":15814,"comment_status":"open","ping_status":"closed","template":"","meta":[],"product_cat":[126,145],"product_tag":[],"yoast_head":"<!-- This site is optimized with the Yoast SEO plugin v20.6 - https:\/\/yoast.com\/wordpress\/plugins\/seo\/ -->\n<title>Geox Herren U New Damon B Loafer - FamilienMode<\/title>\n<meta name=\"robots\" content=\"index, follow, max-snippet:-1, max-image-preview:large, max-video-preview:-1\" \/>\n<link rel=\"canonical\" href=\"https:\/\/bekleidungscenter.com\/?product=geox-herren-u-new-damon-b-slipper\" \/>\n<meta property=\"og:locale\" content=\"de_DE\" \/>\n<meta property=\"og:type\" content=\"article\" \/>\n<meta property=\"og:title\" content=\"Geox Herren U New Damon B Loafer - FamilienMode\" \/>\n<meta property=\"og:description\" content=\"Obermaterial: Glattleder Innenmaterial: Leder Sohle: Gummi\" \/>\n<meta property=\"og:url\" content=\"https:\/\/bekleidungscenter.com\/?product=geox-herren-u-new-damon-b-slipper\" \/>\n<meta property=\"og:site_name\" content=\"FamilienMode\" \/>\n<meta property=\"article:modified_time\" content=\"2023-04-04T21:58:00+00:00\" \/>\n<meta property=\"og:image\" content=\"https:\/\/images-na.ssl-images-amazon.com\/images\/I\/31sk7PpT0tL.jpg\" \/>\n\t<meta property=\"og:image:width\" content=\"500\" \/>\n\t<meta property=\"og:image:height\" content=\"500\" \/>\n\t<meta property=\"og:image:type\" content=\"image\/jpeg\" \/>\n<meta name=\"twitter:card\" content=\"summary_large_image\" \/>\n<meta name=\"twitter:label1\" content=\"Gesch\u00e4tzte Lesezeit\" \/>\n\t<meta name=\"twitter:data1\" content=\"1\u00a0Minute\" \/>\n<script type=\"application\/ld+json\" class=\"yoast-schema-graph\">{\"@context\":\"https:\/\/schema.org\",\"@graph\":[{\"@type\":\"WebPage\",\"@id\":\"https:\/\/bekleidungscenter.com\/?product=geox-herren-u-new-damon-b-slipper\",\"url\":\"https:\/\/bekleidungscenter.com\/?product=geox-herren-u-new-damon-b-slipper\",\"name\":\"Geox Herren U New Damon B Loafer - FamilienMode\",\"isPartOf\":{\"@id\":\"https:\/\/bekleidungscenter.com\/#website\"},\"datePublished\":\"2021-01-04T09:29:45+00:00\",\"dateModified\":\"2023-04-04T21:58:00+00:00\",\"breadcrumb\":{\"@id\":\"https:\/\/bekleidungscenter.com\/?product=geox-herren-u-new-damon-b-slipper#breadcrumb\"},\"inLanguage\":\"de\",\"potentialAction\":[{\"@type\":\"ReadAction\",\"target\":[\"https:\/\/bekleidungscenter.com\/?product=geox-herren-u-new-damon-b-slipper\"]}]},{\"@type\":\"BreadcrumbList\",\"@id\":\"https:\/\/bekleidungscenter.com\/?product=geox-herren-u-new-damon-b-slipper#breadcrumb\",\"itemListElement\":[{\"@type\":\"ListItem\",\"position\":1,\"name\":\"Home\",\"item\":\"https:\/\/bekleidungscenter.com\/\"},{\"@type\":\"ListItem\",\"position\":2,\"name\":\"Shop\",\"item\":\"https:\/\/bekleidungscenter.com\/?page_id=7\"},{\"@type\":\"ListItem\",\"position\":3,\"name\":\"Geox Herren U New Damon B Loafer\"}]},{\"@type\":\"WebSite\",\"@id\":\"https:\/\/bekleidungscenter.com\/#website\",\"url\":\"https:\/\/bekleidungscenter.com\/\",\"name\":\"FamilienMode\",\"description\":\"Alles f\u00fcr die ganze Familie\",\"potentialAction\":[{\"@type\":\"SearchAction\",\"target\":{\"@type\":\"EntryPoint\",\"urlTemplate\":\"https:\/\/bekleidungscenter.com\/?s={search_term_string}\"},\"query-input\":\"required name=search_term_string\"}],\"inLanguage\":\"de\"}]}<\/script>\n<!-- \/ Yoast SEO plugin. -->","yoast_head_json":{"title":"Geox Herren U New Damon B Loafer - FamilienMode","robots":{"index":"index","follow":"follow","max-snippet":"max-snippet:-1","max-image-preview":"max-image-preview:large","max-video-preview":"max-video-preview:-1"},"canonical":"https:\/\/bekleidungscenter.com\/?product=geox-herren-u-new-damon-b-slipper","og_locale":"de_DE","og_type":"article","og_title":"Geox Herren U New Damon B Loafer - FamilienMode","og_description":"Obermaterial: Glattleder Innenmaterial: Leder Sohle: Gummi","og_url":"https:\/\/bekleidungscenter.com\/?product=geox-herren-u-new-damon-b-slipper","og_site_name":"FamilienMode","article_modified_time":"2023-04-04T21:58:00+00:00","og_image":[{"width":500,"height":500,"url":"https:\/\/images-na.ssl-images-amazon.com\/images\/I\/31sk7PpT0tL.jpg","type":"image\/jpeg"}],"twitter_card":"summary_large_image","twitter_misc":{"Gesch\u00e4tzte Lesezeit":"1\u00a0Minute"},"schema":{"@context":"https:\/\/schema.org","@graph":[{"@type":"WebPage","@id":"https:\/\/bekleidungscenter.com\/?product=geox-herren-u-new-damon-b-slipper","url":"https:\/\/bekleidungscenter.com\/?product=geox-herren-u-new-damon-b-slipper","name":"Geox Herren U New Damon B Loafer - FamilienMode","isPartOf":{"@id":"https:\/\/bekleidungscenter.com\/#website"},"datePublished":"2021-01-04T09:29:45+00:00","dateModified":"2023-04-04T21:58:00+00:00","breadcrumb":{"@id":"https:\/\/bekleidungscenter.com\/?product=geox-herren-u-new-damon-b-slipper#breadcrumb"},"inLanguage":"de","potentialAction":[{"@type":"ReadAction","target":["https:\/\/bekleidungscenter.com\/?product=geox-herren-u-new-damon-b-slipper"]}]},{"@type":"BreadcrumbList","@id":"https:\/\/bekleidungscenter.com\/?product=geox-herren-u-new-damon-b-slipper#breadcrumb","itemListElement":[{"@type":"ListItem","position":1,"name":"Home","item":"https:\/\/bekleidungscenter.com\/"},{"@type":"ListItem","position":2,"name":"Shop","item":"https:\/\/bekleidungscenter.com\/?page_id=7"},{"@type":"ListItem","position":3,"name":"Geox Herren U New Damon B Loafer"}]},{"@type":"WebSite","@id":"https:\/\/bekleidungscenter.com\/#website","url":"https:\/\/bekleidungscenter.com\/","name":"FamilienMode","description":"Alles f\u00fcr die ganze Familie","potentialAction":[{"@type":"SearchAction","target":{"@type":"EntryPoint","urlTemplate":"https:\/\/bekleidungscenter.com\/?s={search_term_string}"},"query-input":"required name=search_term_string"}],"inLanguage":"de"}]}},"_links":{"self":[{"href":"https:\/\/bekleidungscenter.com\/index.php?rest_route=\/wp\/v2\/product\/15812"}],"collection":[{"href":"https:\/\/bekleidungscenter.com\/index.php?rest_route=\/wp\/v2\/product"}],"about":[{"href":"https:\/\/bekleidungscenter.com\/index.php?rest_route=\/wp\/v2\/types\/product"}],"replies":[{"embeddable":true,"href":"https:\/\/bekleidungscenter.com\/index.php?rest_route=%2Fwp%2Fv2%2Fcomments&post=15812"}],"wp:featuredmedia":[{"embeddable":true,"href":"https:\/\/bekleidungscenter.com\/index.php?rest_route=\/wp\/v2\/media\/15814"}],"wp:attachment":[{"href":"https:\/\/bekleidungscenter.com\/index.php?rest_route=%2Fwp%2Fv2%2Fmedia&parent=15812"}],"wp:term":[{"taxonomy":"product_cat","embeddable":true,"href":"https:\/\/bekleidungscenter.com\/index.php?rest_route=%2Fwp%2Fv2%2Fproduct_cat&post=15812"},{"taxonomy":"product_tag","embeddable":true,"href":"https:\/\/bekleidungscenter.com\/index.php?rest_route=%2Fwp%2Fv2%2Fproduct_tag&post=15812"}],"curies":[{"name":"wp","href":"https:\/\/api.w.org\/{rel}","templated":true}]}}