{"id":15848,"date":"2021-01-04T09:30:13","date_gmt":"2021-01-04T09:30:13","guid":{"rendered":"http:\/\/bekleidungscenter.com\/?product=think-kong-herren-derby-schnuerhalbschuhe"},"modified":"2023-04-04T21:58:00","modified_gmt":"2023-04-04T21:58:00","slug":"think-kong-herren-derby-schnuerhalbschuhe","status":"publish","type":"product","link":"https:\/\/bekleidungscenter.com\/?product=think-kong-herren-derby-schnuerhalbschuhe","title":{"rendered":"Think! Herren Kong Nachhaltige, Leder Gef\u00fctterte Schn\u00fcrhalbschuhe"},"content":{"rendered":"<p><!-- show up to 2 reviews by default --> <\/p>\n<p>Think! setzt auf individuelle, gesunde, nachhaltig produzierte Schuhe. Think! Schuhe sind handgefertigt und werden lediglich in Okzident hergestellt. Die Innenleder sind leer nat\u00fcrlich gegerbt und die Schmuckteile sind zu 100% schadstofffrei. Die wechselbare Einlage in vielen Modellen erlaubt einem aka mit orthop\u00e4dischen Einlagen einen Schuh mit Stil zu Verstreben. Das pflanzlich gegerbte Innenleder und die in vielen Modellen eingesetzen Korkeinlage buckeln ein angenehmes Klima im Schuh. Die beim Verstreben entstehende Feuchtigkeit wird sofort aufgenommen und h\u00e4lt die F\u00fc\u00dfe trocken. Die im Kork eingeschlossenen Kammern abschw\u00e4chen jeden Phase und lassen den F\u00fc\u00dfen genug Luft zum atmen. Der Kork selbst wirk zus\u00e4tzlich antibakteriell. KONG ist bei den Herren eine \u00fcberaus beliebte, klassische, Leistenform, die mit ihrer asymmetrischen Spitze dem Fu\u00df den Platz gibt, den er braucht. Das hochwertige Leder in Verbindung mit der provokant profilierten Latex-Laufsohle und dem angenehm geformten Korkfu\u00dfbett Acht geben exzellenten Tragekomfort. <\/p>\n<p>Obermaterial: Leder<br \/>\nInnenmaterial: Leder<br \/>\nSohle: Gummi<br \/>\nVerschluss: Schn\u00fcrsenkel<br \/>\nAbsatzh\u00f6he: 1.5 cm<br \/>\nAbsatzform: Blockabsatz<br \/>\nMaterialzusammensetzung: Echtleder &#8211; schadstofffrei und naturgegerbt<br \/>\nSchuhweite: Normal<br \/>\n<div class=\"main-cross-sell\" data-asin=\"B00NM3K0IE\">\n\n\t<div class=\"WooZone-cross-sell-loader\">\n\t\t<div>\n\t\t\t<div id=\"floatingBarsG\">\n\t\t\t\t<div class=\"blockG\" id=\"rotateG_01\"><\/div>\n\t\t\t\t<div class=\"blockG\" id=\"rotateG_02\"><\/div>\n\t\t\t\t<div class=\"blockG\" id=\"rotateG_03\"><\/div>\n\t\t\t\t<div class=\"blockG\" id=\"rotateG_04\"><\/div>\n\t\t\t\t<div class=\"blockG\" id=\"rotateG_05\"><\/div>\n\t\t\t\t<div class=\"blockG\" id=\"rotateG_06\"><\/div>\n\t\t\t\t<div class=\"blockG\" id=\"rotateG_07\"><\/div>\n\t\t\t\t<div class=\"blockG\" id=\"rotateG_08\"><\/div>\n\t\t\t<\/div>\n\t\t\t<div class=\"WooZone-cross-sell-loader-text\"><\/div>\n\t\t<\/div>\n\t<\/div>\n\n\t\t\n<\/div>\n<div style=\"clear:both;\"><\/div><\/p>\n","protected":false},"excerpt":{"rendered":"<p>Obermaterial: Leder<br \/>\nInnenmaterial: Leder<br \/>\nSohle: Gummi<\/p>\n","protected":false},"featured_media":15849,"comment_status":"open","ping_status":"closed","template":"","meta":[],"product_cat":[126,145],"product_tag":[],"yoast_head":"<!-- This site is optimized with the Yoast SEO plugin v20.6 - https:\/\/yoast.com\/wordpress\/plugins\/seo\/ -->\n<title>Think! Herren Kong Nachhaltige, Leder Gef\u00fctterte Schn\u00fcrhalbschuhe - FamilienMode<\/title>\n<meta name=\"robots\" content=\"index, follow, max-snippet:-1, max-image-preview:large, max-video-preview:-1\" \/>\n<link rel=\"canonical\" href=\"https:\/\/bekleidungscenter.com\/?product=think-kong-herren-derby-schnuerhalbschuhe\" \/>\n<meta property=\"og:locale\" content=\"de_DE\" \/>\n<meta property=\"og:type\" content=\"article\" \/>\n<meta property=\"og:title\" content=\"Think! Herren Kong Nachhaltige, Leder Gef\u00fctterte Schn\u00fcrhalbschuhe - FamilienMode\" \/>\n<meta property=\"og:description\" content=\"Obermaterial: Leder Innenmaterial: Leder Sohle: Gummi\" \/>\n<meta property=\"og:url\" content=\"https:\/\/bekleidungscenter.com\/?product=think-kong-herren-derby-schnuerhalbschuhe\" \/>\n<meta property=\"og:site_name\" content=\"FamilienMode\" \/>\n<meta property=\"article:modified_time\" content=\"2023-04-04T21:58:00+00:00\" \/>\n<meta property=\"og:image\" content=\"https:\/\/images-na.ssl-images-amazon.com\/images\/I\/31EiTc4TyoL.jpg\" \/>\n\t<meta property=\"og:image:width\" content=\"500\" \/>\n\t<meta property=\"og:image:height\" content=\"500\" \/>\n\t<meta property=\"og:image:type\" content=\"image\/jpeg\" \/>\n<meta name=\"twitter:card\" content=\"summary_large_image\" \/>\n<meta name=\"twitter:label1\" content=\"Gesch\u00e4tzte Lesezeit\" \/>\n\t<meta name=\"twitter:data1\" content=\"1\u00a0Minute\" \/>\n<script type=\"application\/ld+json\" class=\"yoast-schema-graph\">{\"@context\":\"https:\/\/schema.org\",\"@graph\":[{\"@type\":\"WebPage\",\"@id\":\"https:\/\/bekleidungscenter.com\/?product=think-kong-herren-derby-schnuerhalbschuhe\",\"url\":\"https:\/\/bekleidungscenter.com\/?product=think-kong-herren-derby-schnuerhalbschuhe\",\"name\":\"Think! Herren Kong Nachhaltige, Leder Gef\u00fctterte Schn\u00fcrhalbschuhe - FamilienMode\",\"isPartOf\":{\"@id\":\"https:\/\/bekleidungscenter.com\/#website\"},\"datePublished\":\"2021-01-04T09:30:13+00:00\",\"dateModified\":\"2023-04-04T21:58:00+00:00\",\"breadcrumb\":{\"@id\":\"https:\/\/bekleidungscenter.com\/?product=think-kong-herren-derby-schnuerhalbschuhe#breadcrumb\"},\"inLanguage\":\"de\",\"potentialAction\":[{\"@type\":\"ReadAction\",\"target\":[\"https:\/\/bekleidungscenter.com\/?product=think-kong-herren-derby-schnuerhalbschuhe\"]}]},{\"@type\":\"BreadcrumbList\",\"@id\":\"https:\/\/bekleidungscenter.com\/?product=think-kong-herren-derby-schnuerhalbschuhe#breadcrumb\",\"itemListElement\":[{\"@type\":\"ListItem\",\"position\":1,\"name\":\"Home\",\"item\":\"https:\/\/bekleidungscenter.com\/\"},{\"@type\":\"ListItem\",\"position\":2,\"name\":\"Shop\",\"item\":\"https:\/\/bekleidungscenter.com\/?page_id=7\"},{\"@type\":\"ListItem\",\"position\":3,\"name\":\"Think! Herren Kong Nachhaltige, Leder Gef\u00fctterte Schn\u00fcrhalbschuhe\"}]},{\"@type\":\"WebSite\",\"@id\":\"https:\/\/bekleidungscenter.com\/#website\",\"url\":\"https:\/\/bekleidungscenter.com\/\",\"name\":\"FamilienMode\",\"description\":\"Alles f\u00fcr die ganze Familie\",\"potentialAction\":[{\"@type\":\"SearchAction\",\"target\":{\"@type\":\"EntryPoint\",\"urlTemplate\":\"https:\/\/bekleidungscenter.com\/?s={search_term_string}\"},\"query-input\":\"required name=search_term_string\"}],\"inLanguage\":\"de\"}]}<\/script>\n<!-- \/ Yoast SEO plugin. -->","yoast_head_json":{"title":"Think! Herren Kong Nachhaltige, Leder Gef\u00fctterte Schn\u00fcrhalbschuhe - FamilienMode","robots":{"index":"index","follow":"follow","max-snippet":"max-snippet:-1","max-image-preview":"max-image-preview:large","max-video-preview":"max-video-preview:-1"},"canonical":"https:\/\/bekleidungscenter.com\/?product=think-kong-herren-derby-schnuerhalbschuhe","og_locale":"de_DE","og_type":"article","og_title":"Think! Herren Kong Nachhaltige, Leder Gef\u00fctterte Schn\u00fcrhalbschuhe - FamilienMode","og_description":"Obermaterial: Leder Innenmaterial: Leder Sohle: Gummi","og_url":"https:\/\/bekleidungscenter.com\/?product=think-kong-herren-derby-schnuerhalbschuhe","og_site_name":"FamilienMode","article_modified_time":"2023-04-04T21:58:00+00:00","og_image":[{"width":500,"height":500,"url":"https:\/\/images-na.ssl-images-amazon.com\/images\/I\/31EiTc4TyoL.jpg","type":"image\/jpeg"}],"twitter_card":"summary_large_image","twitter_misc":{"Gesch\u00e4tzte Lesezeit":"1\u00a0Minute"},"schema":{"@context":"https:\/\/schema.org","@graph":[{"@type":"WebPage","@id":"https:\/\/bekleidungscenter.com\/?product=think-kong-herren-derby-schnuerhalbschuhe","url":"https:\/\/bekleidungscenter.com\/?product=think-kong-herren-derby-schnuerhalbschuhe","name":"Think! Herren Kong Nachhaltige, Leder Gef\u00fctterte Schn\u00fcrhalbschuhe - FamilienMode","isPartOf":{"@id":"https:\/\/bekleidungscenter.com\/#website"},"datePublished":"2021-01-04T09:30:13+00:00","dateModified":"2023-04-04T21:58:00+00:00","breadcrumb":{"@id":"https:\/\/bekleidungscenter.com\/?product=think-kong-herren-derby-schnuerhalbschuhe#breadcrumb"},"inLanguage":"de","potentialAction":[{"@type":"ReadAction","target":["https:\/\/bekleidungscenter.com\/?product=think-kong-herren-derby-schnuerhalbschuhe"]}]},{"@type":"BreadcrumbList","@id":"https:\/\/bekleidungscenter.com\/?product=think-kong-herren-derby-schnuerhalbschuhe#breadcrumb","itemListElement":[{"@type":"ListItem","position":1,"name":"Home","item":"https:\/\/bekleidungscenter.com\/"},{"@type":"ListItem","position":2,"name":"Shop","item":"https:\/\/bekleidungscenter.com\/?page_id=7"},{"@type":"ListItem","position":3,"name":"Think! Herren Kong Nachhaltige, Leder Gef\u00fctterte Schn\u00fcrhalbschuhe"}]},{"@type":"WebSite","@id":"https:\/\/bekleidungscenter.com\/#website","url":"https:\/\/bekleidungscenter.com\/","name":"FamilienMode","description":"Alles f\u00fcr die ganze Familie","potentialAction":[{"@type":"SearchAction","target":{"@type":"EntryPoint","urlTemplate":"https:\/\/bekleidungscenter.com\/?s={search_term_string}"},"query-input":"required name=search_term_string"}],"inLanguage":"de"}]}},"_links":{"self":[{"href":"https:\/\/bekleidungscenter.com\/index.php?rest_route=\/wp\/v2\/product\/15848"}],"collection":[{"href":"https:\/\/bekleidungscenter.com\/index.php?rest_route=\/wp\/v2\/product"}],"about":[{"href":"https:\/\/bekleidungscenter.com\/index.php?rest_route=\/wp\/v2\/types\/product"}],"replies":[{"embeddable":true,"href":"https:\/\/bekleidungscenter.com\/index.php?rest_route=%2Fwp%2Fv2%2Fcomments&post=15848"}],"wp:featuredmedia":[{"embeddable":true,"href":"https:\/\/bekleidungscenter.com\/index.php?rest_route=\/wp\/v2\/media\/15849"}],"wp:attachment":[{"href":"https:\/\/bekleidungscenter.com\/index.php?rest_route=%2Fwp%2Fv2%2Fmedia&parent=15848"}],"wp:term":[{"taxonomy":"product_cat","embeddable":true,"href":"https:\/\/bekleidungscenter.com\/index.php?rest_route=%2Fwp%2Fv2%2Fproduct_cat&post=15848"},{"taxonomy":"product_tag","embeddable":true,"href":"https:\/\/bekleidungscenter.com\/index.php?rest_route=%2Fwp%2Fv2%2Fproduct_tag&post=15848"}],"curies":[{"name":"wp","href":"https:\/\/api.w.org\/{rel}","templated":true}]}}