{"id":15943,"date":"2021-01-04T09:33:23","date_gmt":"2021-01-04T09:33:23","guid":{"rendered":"http:\/\/bekleidungscenter.com\/?product=richter-kinderschuhe-baby-jungen-maxi-451-8112-lauflernschuh"},"modified":"2023-04-04T21:58:02","modified_gmt":"2023-04-04T21:58:02","slug":"richter-kinderschuhe-baby-jungen-maxi-451-8112-lauflernschuh","status":"publish","type":"product","link":"https:\/\/bekleidungscenter.com\/?product=richter-kinderschuhe-baby-jungen-maxi-451-8112-lauflernschuh","title":{"rendered":"Richter Kinderschuhe Baby-Jungen Maxi 451-8112 Lauflernschuh"},"content":{"rendered":"<p><!-- show up to 2 reviews by default --> <\/p>\n<p>Lauflernschuh f\u00fcr die Allerkleinsten. Durch das geschmeidige, weiche Velourleder und die hohe Anpassungsf\u00e4higkeit der Sohle, ist er allerbest adaptiv und optimal f\u00fcr die ersten Aktion. Das patentierte und von Richter entwickelte Roll-Off-System garantiert eine flexible Sohle, die das nat\u00fcrliche Wachstum der F\u00fc\u00dfe unterst\u00fctzt. Die hoch gezogene Sohle sch\u00fctzt \u00e4u\u00dferst die empfindlichen Zehen ihrer Kinder. Die Lederdecksohle ist pflanzlich gegerbt. Seit 1893 entwickelt das \u00f6sterreichische Unternehmen Richter kindgerechte Bewerkstelligen, designt hochwertige Kinderschuhe mit Abbildung und verarbeitet blo\u00df qualit\u00e4tsgepr\u00fcfte Leder sowie High-Tech Materialien. Richter bietet den Eltern die Sicherheit, das Beste f\u00fcr Ihr Nachwuchs zu tun und den Kindern abundant Spa\u00df und Freunde beim unbeschwerten Verstreben der Schuhe. <\/p>\n<p>Obermaterial: Wildleder<br \/>\nInnenmaterial: Leder<br \/>\nSohle: Synthetik<br \/>\nVerschluss: Klettverschluss<br \/>\nSchuhweite: Schmal<br \/>\nNicht wasserdicht<br \/>\n<div class=\"main-cross-sell\" data-asin=\"B086LPSCXJ\">\n\n\t<div class=\"WooZone-cross-sell-loader\">\n\t\t<div>\n\t\t\t<div id=\"floatingBarsG\">\n\t\t\t\t<div class=\"blockG\" id=\"rotateG_01\"><\/div>\n\t\t\t\t<div class=\"blockG\" id=\"rotateG_02\"><\/div>\n\t\t\t\t<div class=\"blockG\" id=\"rotateG_03\"><\/div>\n\t\t\t\t<div class=\"blockG\" id=\"rotateG_04\"><\/div>\n\t\t\t\t<div class=\"blockG\" id=\"rotateG_05\"><\/div>\n\t\t\t\t<div class=\"blockG\" id=\"rotateG_06\"><\/div>\n\t\t\t\t<div class=\"blockG\" id=\"rotateG_07\"><\/div>\n\t\t\t\t<div class=\"blockG\" id=\"rotateG_08\"><\/div>\n\t\t\t<\/div>\n\t\t\t<div class=\"WooZone-cross-sell-loader-text\"><\/div>\n\t\t<\/div>\n\t<\/div>\n\n\t\t\n<\/div>\n<div style=\"clear:both;\"><\/div><\/p>\n","protected":false},"excerpt":{"rendered":"<p>Obermaterial: Wildleder<br \/>\nInnenmaterial: Leder<br \/>\nSohle: Synthetik<\/p>\n","protected":false},"featured_media":15944,"comment_status":"open","ping_status":"closed","template":"","meta":[],"product_cat":[128,145],"product_tag":[],"yoast_head":"<!-- This site is optimized with the Yoast SEO plugin v20.6 - https:\/\/yoast.com\/wordpress\/plugins\/seo\/ -->\n<title>Richter Kinderschuhe Baby-Jungen Maxi 451-8112 Lauflernschuh - FamilienMode<\/title>\n<meta name=\"robots\" content=\"index, follow, max-snippet:-1, max-image-preview:large, max-video-preview:-1\" \/>\n<link rel=\"canonical\" href=\"https:\/\/bekleidungscenter.com\/?product=richter-kinderschuhe-baby-jungen-maxi-451-8112-lauflernschuh\" \/>\n<meta property=\"og:locale\" content=\"de_DE\" \/>\n<meta property=\"og:type\" content=\"article\" \/>\n<meta property=\"og:title\" content=\"Richter Kinderschuhe Baby-Jungen Maxi 451-8112 Lauflernschuh - FamilienMode\" \/>\n<meta property=\"og:description\" content=\"Obermaterial: Wildleder Innenmaterial: Leder Sohle: Synthetik\" \/>\n<meta property=\"og:url\" content=\"https:\/\/bekleidungscenter.com\/?product=richter-kinderschuhe-baby-jungen-maxi-451-8112-lauflernschuh\" \/>\n<meta property=\"og:site_name\" content=\"FamilienMode\" \/>\n<meta property=\"article:modified_time\" content=\"2023-04-04T21:58:02+00:00\" \/>\n<meta property=\"og:image\" content=\"https:\/\/images-na.ssl-images-amazon.com\/images\/I\/41ONJQV5b8L.jpg\" \/>\n\t<meta property=\"og:image:width\" content=\"500\" \/>\n\t<meta property=\"og:image:height\" content=\"500\" \/>\n\t<meta property=\"og:image:type\" content=\"image\/jpeg\" \/>\n<meta name=\"twitter:card\" content=\"summary_large_image\" \/>\n<meta name=\"twitter:label1\" content=\"Gesch\u00e4tzte Lesezeit\" \/>\n\t<meta name=\"twitter:data1\" content=\"1\u00a0Minute\" \/>\n<script type=\"application\/ld+json\" class=\"yoast-schema-graph\">{\"@context\":\"https:\/\/schema.org\",\"@graph\":[{\"@type\":\"WebPage\",\"@id\":\"https:\/\/bekleidungscenter.com\/?product=richter-kinderschuhe-baby-jungen-maxi-451-8112-lauflernschuh\",\"url\":\"https:\/\/bekleidungscenter.com\/?product=richter-kinderschuhe-baby-jungen-maxi-451-8112-lauflernschuh\",\"name\":\"Richter Kinderschuhe Baby-Jungen Maxi 451-8112 Lauflernschuh - FamilienMode\",\"isPartOf\":{\"@id\":\"https:\/\/bekleidungscenter.com\/#website\"},\"datePublished\":\"2021-01-04T09:33:23+00:00\",\"dateModified\":\"2023-04-04T21:58:02+00:00\",\"breadcrumb\":{\"@id\":\"https:\/\/bekleidungscenter.com\/?product=richter-kinderschuhe-baby-jungen-maxi-451-8112-lauflernschuh#breadcrumb\"},\"inLanguage\":\"de\",\"potentialAction\":[{\"@type\":\"ReadAction\",\"target\":[\"https:\/\/bekleidungscenter.com\/?product=richter-kinderschuhe-baby-jungen-maxi-451-8112-lauflernschuh\"]}]},{\"@type\":\"BreadcrumbList\",\"@id\":\"https:\/\/bekleidungscenter.com\/?product=richter-kinderschuhe-baby-jungen-maxi-451-8112-lauflernschuh#breadcrumb\",\"itemListElement\":[{\"@type\":\"ListItem\",\"position\":1,\"name\":\"Home\",\"item\":\"https:\/\/bekleidungscenter.com\/\"},{\"@type\":\"ListItem\",\"position\":2,\"name\":\"Shop\",\"item\":\"https:\/\/bekleidungscenter.com\/?page_id=7\"},{\"@type\":\"ListItem\",\"position\":3,\"name\":\"Richter Kinderschuhe Baby-Jungen Maxi 451-8112 Lauflernschuh\"}]},{\"@type\":\"WebSite\",\"@id\":\"https:\/\/bekleidungscenter.com\/#website\",\"url\":\"https:\/\/bekleidungscenter.com\/\",\"name\":\"FamilienMode\",\"description\":\"Alles f\u00fcr die ganze Familie\",\"potentialAction\":[{\"@type\":\"SearchAction\",\"target\":{\"@type\":\"EntryPoint\",\"urlTemplate\":\"https:\/\/bekleidungscenter.com\/?s={search_term_string}\"},\"query-input\":\"required name=search_term_string\"}],\"inLanguage\":\"de\"}]}<\/script>\n<!-- \/ Yoast SEO plugin. -->","yoast_head_json":{"title":"Richter Kinderschuhe Baby-Jungen Maxi 451-8112 Lauflernschuh - FamilienMode","robots":{"index":"index","follow":"follow","max-snippet":"max-snippet:-1","max-image-preview":"max-image-preview:large","max-video-preview":"max-video-preview:-1"},"canonical":"https:\/\/bekleidungscenter.com\/?product=richter-kinderschuhe-baby-jungen-maxi-451-8112-lauflernschuh","og_locale":"de_DE","og_type":"article","og_title":"Richter Kinderschuhe Baby-Jungen Maxi 451-8112 Lauflernschuh - FamilienMode","og_description":"Obermaterial: Wildleder Innenmaterial: Leder Sohle: Synthetik","og_url":"https:\/\/bekleidungscenter.com\/?product=richter-kinderschuhe-baby-jungen-maxi-451-8112-lauflernschuh","og_site_name":"FamilienMode","article_modified_time":"2023-04-04T21:58:02+00:00","og_image":[{"width":500,"height":500,"url":"https:\/\/images-na.ssl-images-amazon.com\/images\/I\/41ONJQV5b8L.jpg","type":"image\/jpeg"}],"twitter_card":"summary_large_image","twitter_misc":{"Gesch\u00e4tzte Lesezeit":"1\u00a0Minute"},"schema":{"@context":"https:\/\/schema.org","@graph":[{"@type":"WebPage","@id":"https:\/\/bekleidungscenter.com\/?product=richter-kinderschuhe-baby-jungen-maxi-451-8112-lauflernschuh","url":"https:\/\/bekleidungscenter.com\/?product=richter-kinderschuhe-baby-jungen-maxi-451-8112-lauflernschuh","name":"Richter Kinderschuhe Baby-Jungen Maxi 451-8112 Lauflernschuh - FamilienMode","isPartOf":{"@id":"https:\/\/bekleidungscenter.com\/#website"},"datePublished":"2021-01-04T09:33:23+00:00","dateModified":"2023-04-04T21:58:02+00:00","breadcrumb":{"@id":"https:\/\/bekleidungscenter.com\/?product=richter-kinderschuhe-baby-jungen-maxi-451-8112-lauflernschuh#breadcrumb"},"inLanguage":"de","potentialAction":[{"@type":"ReadAction","target":["https:\/\/bekleidungscenter.com\/?product=richter-kinderschuhe-baby-jungen-maxi-451-8112-lauflernschuh"]}]},{"@type":"BreadcrumbList","@id":"https:\/\/bekleidungscenter.com\/?product=richter-kinderschuhe-baby-jungen-maxi-451-8112-lauflernschuh#breadcrumb","itemListElement":[{"@type":"ListItem","position":1,"name":"Home","item":"https:\/\/bekleidungscenter.com\/"},{"@type":"ListItem","position":2,"name":"Shop","item":"https:\/\/bekleidungscenter.com\/?page_id=7"},{"@type":"ListItem","position":3,"name":"Richter Kinderschuhe Baby-Jungen Maxi 451-8112 Lauflernschuh"}]},{"@type":"WebSite","@id":"https:\/\/bekleidungscenter.com\/#website","url":"https:\/\/bekleidungscenter.com\/","name":"FamilienMode","description":"Alles f\u00fcr die ganze Familie","potentialAction":[{"@type":"SearchAction","target":{"@type":"EntryPoint","urlTemplate":"https:\/\/bekleidungscenter.com\/?s={search_term_string}"},"query-input":"required name=search_term_string"}],"inLanguage":"de"}]}},"_links":{"self":[{"href":"https:\/\/bekleidungscenter.com\/index.php?rest_route=\/wp\/v2\/product\/15943"}],"collection":[{"href":"https:\/\/bekleidungscenter.com\/index.php?rest_route=\/wp\/v2\/product"}],"about":[{"href":"https:\/\/bekleidungscenter.com\/index.php?rest_route=\/wp\/v2\/types\/product"}],"replies":[{"embeddable":true,"href":"https:\/\/bekleidungscenter.com\/index.php?rest_route=%2Fwp%2Fv2%2Fcomments&post=15943"}],"wp:featuredmedia":[{"embeddable":true,"href":"https:\/\/bekleidungscenter.com\/index.php?rest_route=\/wp\/v2\/media\/15944"}],"wp:attachment":[{"href":"https:\/\/bekleidungscenter.com\/index.php?rest_route=%2Fwp%2Fv2%2Fmedia&parent=15943"}],"wp:term":[{"taxonomy":"product_cat","embeddable":true,"href":"https:\/\/bekleidungscenter.com\/index.php?rest_route=%2Fwp%2Fv2%2Fproduct_cat&post=15943"},{"taxonomy":"product_tag","embeddable":true,"href":"https:\/\/bekleidungscenter.com\/index.php?rest_route=%2Fwp%2Fv2%2Fproduct_tag&post=15943"}],"curies":[{"name":"wp","href":"https:\/\/api.w.org\/{rel}","templated":true}]}}