{"id":15983,"date":"2021-01-04T09:33:41","date_gmt":"2021-01-04T09:33:41","guid":{"rendered":"http:\/\/bekleidungscenter.com\/?product=geox-jungen-j-inek-boy-c-sneaker"},"modified":"2023-04-04T21:58:03","modified_gmt":"2023-04-04T21:58:03","slug":"geox-jungen-j-inek-boy-c-sneaker","status":"publish","type":"product","link":"https:\/\/bekleidungscenter.com\/?product=geox-jungen-j-inek-boy-c-sneaker","title":{"rendered":"Geox Jungen J Inek Boy C Sneaker"},"content":{"rendered":"<p><!-- show up to 2 reviews by default --> <\/p>\n<p>Der Sneaker im Basketball-Stil Statt die Kleinsten ist mit Lichtern ausgestattet, die sich durch einen praktischen On\/Off-Schalter pushen lassen. Die griffige, leichte und langlebige TR-Sohle mit dem Geox-Patent garantiert Atmungsaktivit\u00e4t und Tragekomfort. Die ganz praktischen und hygienischen Gr\u00fcnden herausnehmbare Innensohle ist mit ungiftigem chromfreiem Leder bezogen, das Statt maximalen Fu\u00dfkomfort und ein ununterbrochen trockenes Tragegef\u00fchl sorgt. Durch den Einzel-Klettverschluss und den elastischen Schn\u00fcrsenkel l\u00e4sst er sich einfach anziehen und einsetzen. Der Schuh ist mit h\u00fcbschen Blinkern ausgestattet, die jeden Spaziergang mit Ihren Kindern zu einem leuchtenden Ereignis machen. Statt jedes Nachwuchs gibt es den perfekten Schuh \u2013 und wir haben sie aus. Dank unserer langen Erfahrung und Spezialisierung wissen wir bei GEOX, qua man die Entwicklung junger F\u00fc\u00dfe in allen Wachstumsstadien optimal und bequem unterst\u00fctzt. Der superstrapazierf\u00e4hige Schuh ist ideal Statt ausgelassene kleine Kinder ab drei Jahren nach Ma\u00df. Die klassische Geox Gummisohle basiert auf einem exklusiven Patent, bei dem eine Kombination ganz perforierter Sohle und strapazierf\u00e4higer, atmungsaktiver und wasserabweisender Membran die Temperatur auf nat\u00fcrliche Weise reguliert und den ganzen Tag \u00fcber Statt ein ideales Mikroklima im Inneren des Schuhs sorgt. <\/p>\n<p>Obermaterial: Synthetik<br \/>\nInnenmaterial: Synthetik<br \/>\nSohle: Gummi<br \/>\nVerschluss: Strap + Elastic Lace<br \/>\nAbsatzform: Flach<br \/>\nGr\u00f6\u00dfenhinweis: Geox-Schuhe haben eine bequeme Passform<br \/>\nSchuhweite: Schmal<br \/>\nNicht wasserdicht<br \/>\n<div class=\"main-cross-sell\" data-asin=\"B07LFRMVV2\">\n\n\t<div class=\"WooZone-cross-sell-loader\">\n\t\t<div>\n\t\t\t<div id=\"floatingBarsG\">\n\t\t\t\t<div class=\"blockG\" id=\"rotateG_01\"><\/div>\n\t\t\t\t<div class=\"blockG\" id=\"rotateG_02\"><\/div>\n\t\t\t\t<div class=\"blockG\" id=\"rotateG_03\"><\/div>\n\t\t\t\t<div class=\"blockG\" id=\"rotateG_04\"><\/div>\n\t\t\t\t<div class=\"blockG\" id=\"rotateG_05\"><\/div>\n\t\t\t\t<div class=\"blockG\" id=\"rotateG_06\"><\/div>\n\t\t\t\t<div class=\"blockG\" id=\"rotateG_07\"><\/div>\n\t\t\t\t<div class=\"blockG\" id=\"rotateG_08\"><\/div>\n\t\t\t<\/div>\n\t\t\t<div class=\"WooZone-cross-sell-loader-text\"><\/div>\n\t\t<\/div>\n\t<\/div>\n\n\t\t\n<\/div>\n<div style=\"clear:both;\"><\/div><\/p>\n","protected":false},"excerpt":{"rendered":"<p>Obermaterial: Synthetik<br \/>\nInnenmaterial: Synthetik<br \/>\nSohle: Gummi<\/p>\n","protected":false},"featured_media":15988,"comment_status":"open","ping_status":"closed","template":"","meta":[],"product_cat":[128,145],"product_tag":[],"yoast_head":"<!-- This site is optimized with the Yoast SEO plugin v20.6 - https:\/\/yoast.com\/wordpress\/plugins\/seo\/ -->\n<title>Geox Jungen J Inek Boy C Sneaker - FamilienMode<\/title>\n<meta name=\"robots\" content=\"index, follow, max-snippet:-1, max-image-preview:large, max-video-preview:-1\" \/>\n<link rel=\"canonical\" href=\"https:\/\/bekleidungscenter.com\/?product=geox-jungen-j-inek-boy-c-sneaker\" \/>\n<meta property=\"og:locale\" content=\"de_DE\" \/>\n<meta property=\"og:type\" content=\"article\" \/>\n<meta property=\"og:title\" content=\"Geox Jungen J Inek Boy C Sneaker - FamilienMode\" \/>\n<meta property=\"og:description\" content=\"Obermaterial: Synthetik Innenmaterial: Synthetik Sohle: Gummi\" \/>\n<meta property=\"og:url\" content=\"https:\/\/bekleidungscenter.com\/?product=geox-jungen-j-inek-boy-c-sneaker\" \/>\n<meta property=\"og:site_name\" content=\"FamilienMode\" \/>\n<meta property=\"article:modified_time\" content=\"2023-04-04T21:58:03+00:00\" \/>\n<meta property=\"og:image\" content=\"https:\/\/images-na.ssl-images-amazon.com\/images\/I\/417jZNSQFQL.jpg\" \/>\n\t<meta property=\"og:image:width\" content=\"500\" \/>\n\t<meta property=\"og:image:height\" content=\"500\" \/>\n\t<meta property=\"og:image:type\" content=\"image\/jpeg\" \/>\n<meta name=\"twitter:card\" content=\"summary_large_image\" \/>\n<meta name=\"twitter:label1\" content=\"Gesch\u00e4tzte Lesezeit\" \/>\n\t<meta name=\"twitter:data1\" content=\"1\u00a0Minute\" \/>\n<script type=\"application\/ld+json\" class=\"yoast-schema-graph\">{\"@context\":\"https:\/\/schema.org\",\"@graph\":[{\"@type\":\"WebPage\",\"@id\":\"https:\/\/bekleidungscenter.com\/?product=geox-jungen-j-inek-boy-c-sneaker\",\"url\":\"https:\/\/bekleidungscenter.com\/?product=geox-jungen-j-inek-boy-c-sneaker\",\"name\":\"Geox Jungen J Inek Boy C Sneaker - FamilienMode\",\"isPartOf\":{\"@id\":\"https:\/\/bekleidungscenter.com\/#website\"},\"datePublished\":\"2021-01-04T09:33:41+00:00\",\"dateModified\":\"2023-04-04T21:58:03+00:00\",\"breadcrumb\":{\"@id\":\"https:\/\/bekleidungscenter.com\/?product=geox-jungen-j-inek-boy-c-sneaker#breadcrumb\"},\"inLanguage\":\"de\",\"potentialAction\":[{\"@type\":\"ReadAction\",\"target\":[\"https:\/\/bekleidungscenter.com\/?product=geox-jungen-j-inek-boy-c-sneaker\"]}]},{\"@type\":\"BreadcrumbList\",\"@id\":\"https:\/\/bekleidungscenter.com\/?product=geox-jungen-j-inek-boy-c-sneaker#breadcrumb\",\"itemListElement\":[{\"@type\":\"ListItem\",\"position\":1,\"name\":\"Home\",\"item\":\"https:\/\/bekleidungscenter.com\/\"},{\"@type\":\"ListItem\",\"position\":2,\"name\":\"Shop\",\"item\":\"https:\/\/bekleidungscenter.com\/?page_id=7\"},{\"@type\":\"ListItem\",\"position\":3,\"name\":\"Geox Jungen J Inek Boy C Sneaker\"}]},{\"@type\":\"WebSite\",\"@id\":\"https:\/\/bekleidungscenter.com\/#website\",\"url\":\"https:\/\/bekleidungscenter.com\/\",\"name\":\"FamilienMode\",\"description\":\"Alles f\u00fcr die ganze Familie\",\"potentialAction\":[{\"@type\":\"SearchAction\",\"target\":{\"@type\":\"EntryPoint\",\"urlTemplate\":\"https:\/\/bekleidungscenter.com\/?s={search_term_string}\"},\"query-input\":\"required name=search_term_string\"}],\"inLanguage\":\"de\"}]}<\/script>\n<!-- \/ Yoast SEO plugin. -->","yoast_head_json":{"title":"Geox Jungen J Inek Boy C Sneaker - FamilienMode","robots":{"index":"index","follow":"follow","max-snippet":"max-snippet:-1","max-image-preview":"max-image-preview:large","max-video-preview":"max-video-preview:-1"},"canonical":"https:\/\/bekleidungscenter.com\/?product=geox-jungen-j-inek-boy-c-sneaker","og_locale":"de_DE","og_type":"article","og_title":"Geox Jungen J Inek Boy C Sneaker - FamilienMode","og_description":"Obermaterial: Synthetik Innenmaterial: Synthetik Sohle: Gummi","og_url":"https:\/\/bekleidungscenter.com\/?product=geox-jungen-j-inek-boy-c-sneaker","og_site_name":"FamilienMode","article_modified_time":"2023-04-04T21:58:03+00:00","og_image":[{"width":500,"height":500,"url":"https:\/\/images-na.ssl-images-amazon.com\/images\/I\/417jZNSQFQL.jpg","type":"image\/jpeg"}],"twitter_card":"summary_large_image","twitter_misc":{"Gesch\u00e4tzte Lesezeit":"1\u00a0Minute"},"schema":{"@context":"https:\/\/schema.org","@graph":[{"@type":"WebPage","@id":"https:\/\/bekleidungscenter.com\/?product=geox-jungen-j-inek-boy-c-sneaker","url":"https:\/\/bekleidungscenter.com\/?product=geox-jungen-j-inek-boy-c-sneaker","name":"Geox Jungen J Inek Boy C Sneaker - FamilienMode","isPartOf":{"@id":"https:\/\/bekleidungscenter.com\/#website"},"datePublished":"2021-01-04T09:33:41+00:00","dateModified":"2023-04-04T21:58:03+00:00","breadcrumb":{"@id":"https:\/\/bekleidungscenter.com\/?product=geox-jungen-j-inek-boy-c-sneaker#breadcrumb"},"inLanguage":"de","potentialAction":[{"@type":"ReadAction","target":["https:\/\/bekleidungscenter.com\/?product=geox-jungen-j-inek-boy-c-sneaker"]}]},{"@type":"BreadcrumbList","@id":"https:\/\/bekleidungscenter.com\/?product=geox-jungen-j-inek-boy-c-sneaker#breadcrumb","itemListElement":[{"@type":"ListItem","position":1,"name":"Home","item":"https:\/\/bekleidungscenter.com\/"},{"@type":"ListItem","position":2,"name":"Shop","item":"https:\/\/bekleidungscenter.com\/?page_id=7"},{"@type":"ListItem","position":3,"name":"Geox Jungen J Inek Boy C Sneaker"}]},{"@type":"WebSite","@id":"https:\/\/bekleidungscenter.com\/#website","url":"https:\/\/bekleidungscenter.com\/","name":"FamilienMode","description":"Alles f\u00fcr die ganze Familie","potentialAction":[{"@type":"SearchAction","target":{"@type":"EntryPoint","urlTemplate":"https:\/\/bekleidungscenter.com\/?s={search_term_string}"},"query-input":"required name=search_term_string"}],"inLanguage":"de"}]}},"_links":{"self":[{"href":"https:\/\/bekleidungscenter.com\/index.php?rest_route=\/wp\/v2\/product\/15983"}],"collection":[{"href":"https:\/\/bekleidungscenter.com\/index.php?rest_route=\/wp\/v2\/product"}],"about":[{"href":"https:\/\/bekleidungscenter.com\/index.php?rest_route=\/wp\/v2\/types\/product"}],"replies":[{"embeddable":true,"href":"https:\/\/bekleidungscenter.com\/index.php?rest_route=%2Fwp%2Fv2%2Fcomments&post=15983"}],"wp:featuredmedia":[{"embeddable":true,"href":"https:\/\/bekleidungscenter.com\/index.php?rest_route=\/wp\/v2\/media\/15988"}],"wp:attachment":[{"href":"https:\/\/bekleidungscenter.com\/index.php?rest_route=%2Fwp%2Fv2%2Fmedia&parent=15983"}],"wp:term":[{"taxonomy":"product_cat","embeddable":true,"href":"https:\/\/bekleidungscenter.com\/index.php?rest_route=%2Fwp%2Fv2%2Fproduct_cat&post=15983"},{"taxonomy":"product_tag","embeddable":true,"href":"https:\/\/bekleidungscenter.com\/index.php?rest_route=%2Fwp%2Fv2%2Fproduct_tag&post=15983"}],"curies":[{"name":"wp","href":"https:\/\/api.w.org\/{rel}","templated":true}]}}