{"id":16008,"date":"2021-01-04T09:33:52","date_gmt":"2021-01-04T09:33:52","guid":{"rendered":"http:\/\/bekleidungscenter.com\/?product=superfit-jungen-universe-lauflernschuh"},"modified":"2023-04-04T21:58:04","modified_gmt":"2023-04-04T21:58:04","slug":"superfit-jungen-universe-lauflernschuh","status":"publish","type":"product","link":"https:\/\/bekleidungscenter.com\/?product=superfit-jungen-universe-lauflernschuh","title":{"rendered":"Superfit Baby-Jungen Universe Lauflernschuh"},"content":{"rendered":"<p><!-- show up to 2 reviews by default --> <\/p>\n<p>Universe sind super weiche und flexible <b>superfit<\/b> Lauflernschuhe in trendigem Design und in tollen Erdt\u00f6nen gehalten.<br \/> Die Halbschuhe vereinen au\u00dferordentliche Anspruch mit h\u00f6chstem Tragekomfort.<br \/> Durch die ausgesprochen flexible PU Sohle wird eine nat\u00fcrliche Abrollbewegung erm\u00f6glicht und der etwas h\u00f6here Schaft st\u00fctzt die Kn\u00f6chel, darum die ersten gro\u00dfen Handlung der kleinen Helden bekannt als durchaus abbrummen.<br \/> Die Klettverschl\u00fcsse k\u00f6nnen weit ge\u00f6ffnet werden.<br \/> Dann wird ein leichter Einstieg und individuelle Anpassbarkeit garantiert.<br \/> Jedweder wunderbaren Velourledern und funktionalen Textilien hergestellt, erg\u00e4nzt eine auswechselbare Einlegesohle Jedweder Leder das Gesamtpaket.<br \/> Universe wird in der <b>WMS-Weite W V<\/b> hergestellt <\/p>\n<p>Obermaterial: Leder<br \/>\nInnenmaterial: Leder<br \/>\nSohle: Synthetik<br \/>\nVerschluss: Klettverschluss<br \/>\nSchuhweite: Mittelm\u00e4\u00dfig<br \/>\nNicht wasserdicht<br \/>\n<div class=\"main-cross-sell\" data-asin=\"B084754VQP\">\n\n\t<div class=\"WooZone-cross-sell-loader\">\n\t\t<div>\n\t\t\t<div id=\"floatingBarsG\">\n\t\t\t\t<div class=\"blockG\" id=\"rotateG_01\"><\/div>\n\t\t\t\t<div class=\"blockG\" id=\"rotateG_02\"><\/div>\n\t\t\t\t<div class=\"blockG\" id=\"rotateG_03\"><\/div>\n\t\t\t\t<div class=\"blockG\" id=\"rotateG_04\"><\/div>\n\t\t\t\t<div class=\"blockG\" id=\"rotateG_05\"><\/div>\n\t\t\t\t<div class=\"blockG\" id=\"rotateG_06\"><\/div>\n\t\t\t\t<div class=\"blockG\" id=\"rotateG_07\"><\/div>\n\t\t\t\t<div class=\"blockG\" id=\"rotateG_08\"><\/div>\n\t\t\t<\/div>\n\t\t\t<div class=\"WooZone-cross-sell-loader-text\"><\/div>\n\t\t<\/div>\n\t<\/div>\n\n\t\t\n<\/div>\n<div style=\"clear:both;\"><\/div><\/p>\n","protected":false},"excerpt":{"rendered":"<p>Obermaterial: Leder<br \/>\nInnenmaterial: Leder<br \/>\nSohle: Synthetik<\/p>\n","protected":false},"featured_media":16009,"comment_status":"open","ping_status":"closed","template":"","meta":[],"product_cat":[128,145],"product_tag":[],"yoast_head":"<!-- This site is optimized with the Yoast SEO plugin v20.6 - https:\/\/yoast.com\/wordpress\/plugins\/seo\/ -->\n<title>Superfit Baby-Jungen Universe Lauflernschuh - FamilienMode<\/title>\n<meta name=\"robots\" content=\"index, follow, max-snippet:-1, max-image-preview:large, max-video-preview:-1\" \/>\n<link rel=\"canonical\" href=\"https:\/\/bekleidungscenter.com\/?product=superfit-jungen-universe-lauflernschuh\" \/>\n<meta property=\"og:locale\" content=\"de_DE\" \/>\n<meta property=\"og:type\" content=\"article\" \/>\n<meta property=\"og:title\" content=\"Superfit Baby-Jungen Universe Lauflernschuh - FamilienMode\" \/>\n<meta property=\"og:description\" content=\"Obermaterial: Leder Innenmaterial: Leder Sohle: Synthetik\" \/>\n<meta property=\"og:url\" content=\"https:\/\/bekleidungscenter.com\/?product=superfit-jungen-universe-lauflernschuh\" \/>\n<meta property=\"og:site_name\" content=\"FamilienMode\" \/>\n<meta property=\"article:modified_time\" content=\"2023-04-04T21:58:04+00:00\" \/>\n<meta property=\"og:image\" content=\"https:\/\/images-na.ssl-images-amazon.com\/images\/I\/311tvAb-K6L.jpg\" \/>\n\t<meta property=\"og:image:width\" content=\"500\" \/>\n\t<meta property=\"og:image:height\" content=\"500\" \/>\n\t<meta property=\"og:image:type\" content=\"image\/jpeg\" \/>\n<meta name=\"twitter:card\" content=\"summary_large_image\" \/>\n<meta name=\"twitter:label1\" content=\"Gesch\u00e4tzte Lesezeit\" \/>\n\t<meta name=\"twitter:data1\" content=\"1\u00a0Minute\" \/>\n<script type=\"application\/ld+json\" class=\"yoast-schema-graph\">{\"@context\":\"https:\/\/schema.org\",\"@graph\":[{\"@type\":\"WebPage\",\"@id\":\"https:\/\/bekleidungscenter.com\/?product=superfit-jungen-universe-lauflernschuh\",\"url\":\"https:\/\/bekleidungscenter.com\/?product=superfit-jungen-universe-lauflernschuh\",\"name\":\"Superfit Baby-Jungen Universe Lauflernschuh - FamilienMode\",\"isPartOf\":{\"@id\":\"https:\/\/bekleidungscenter.com\/#website\"},\"datePublished\":\"2021-01-04T09:33:52+00:00\",\"dateModified\":\"2023-04-04T21:58:04+00:00\",\"breadcrumb\":{\"@id\":\"https:\/\/bekleidungscenter.com\/?product=superfit-jungen-universe-lauflernschuh#breadcrumb\"},\"inLanguage\":\"de\",\"potentialAction\":[{\"@type\":\"ReadAction\",\"target\":[\"https:\/\/bekleidungscenter.com\/?product=superfit-jungen-universe-lauflernschuh\"]}]},{\"@type\":\"BreadcrumbList\",\"@id\":\"https:\/\/bekleidungscenter.com\/?product=superfit-jungen-universe-lauflernschuh#breadcrumb\",\"itemListElement\":[{\"@type\":\"ListItem\",\"position\":1,\"name\":\"Home\",\"item\":\"https:\/\/bekleidungscenter.com\/\"},{\"@type\":\"ListItem\",\"position\":2,\"name\":\"Shop\",\"item\":\"https:\/\/bekleidungscenter.com\/?page_id=7\"},{\"@type\":\"ListItem\",\"position\":3,\"name\":\"Superfit Baby-Jungen Universe Lauflernschuh\"}]},{\"@type\":\"WebSite\",\"@id\":\"https:\/\/bekleidungscenter.com\/#website\",\"url\":\"https:\/\/bekleidungscenter.com\/\",\"name\":\"FamilienMode\",\"description\":\"Alles f\u00fcr die ganze Familie\",\"potentialAction\":[{\"@type\":\"SearchAction\",\"target\":{\"@type\":\"EntryPoint\",\"urlTemplate\":\"https:\/\/bekleidungscenter.com\/?s={search_term_string}\"},\"query-input\":\"required name=search_term_string\"}],\"inLanguage\":\"de\"}]}<\/script>\n<!-- \/ Yoast SEO plugin. -->","yoast_head_json":{"title":"Superfit Baby-Jungen Universe Lauflernschuh - FamilienMode","robots":{"index":"index","follow":"follow","max-snippet":"max-snippet:-1","max-image-preview":"max-image-preview:large","max-video-preview":"max-video-preview:-1"},"canonical":"https:\/\/bekleidungscenter.com\/?product=superfit-jungen-universe-lauflernschuh","og_locale":"de_DE","og_type":"article","og_title":"Superfit Baby-Jungen Universe Lauflernschuh - FamilienMode","og_description":"Obermaterial: Leder Innenmaterial: Leder Sohle: Synthetik","og_url":"https:\/\/bekleidungscenter.com\/?product=superfit-jungen-universe-lauflernschuh","og_site_name":"FamilienMode","article_modified_time":"2023-04-04T21:58:04+00:00","og_image":[{"width":500,"height":500,"url":"https:\/\/images-na.ssl-images-amazon.com\/images\/I\/311tvAb-K6L.jpg","type":"image\/jpeg"}],"twitter_card":"summary_large_image","twitter_misc":{"Gesch\u00e4tzte Lesezeit":"1\u00a0Minute"},"schema":{"@context":"https:\/\/schema.org","@graph":[{"@type":"WebPage","@id":"https:\/\/bekleidungscenter.com\/?product=superfit-jungen-universe-lauflernschuh","url":"https:\/\/bekleidungscenter.com\/?product=superfit-jungen-universe-lauflernschuh","name":"Superfit Baby-Jungen Universe Lauflernschuh - FamilienMode","isPartOf":{"@id":"https:\/\/bekleidungscenter.com\/#website"},"datePublished":"2021-01-04T09:33:52+00:00","dateModified":"2023-04-04T21:58:04+00:00","breadcrumb":{"@id":"https:\/\/bekleidungscenter.com\/?product=superfit-jungen-universe-lauflernschuh#breadcrumb"},"inLanguage":"de","potentialAction":[{"@type":"ReadAction","target":["https:\/\/bekleidungscenter.com\/?product=superfit-jungen-universe-lauflernschuh"]}]},{"@type":"BreadcrumbList","@id":"https:\/\/bekleidungscenter.com\/?product=superfit-jungen-universe-lauflernschuh#breadcrumb","itemListElement":[{"@type":"ListItem","position":1,"name":"Home","item":"https:\/\/bekleidungscenter.com\/"},{"@type":"ListItem","position":2,"name":"Shop","item":"https:\/\/bekleidungscenter.com\/?page_id=7"},{"@type":"ListItem","position":3,"name":"Superfit Baby-Jungen Universe Lauflernschuh"}]},{"@type":"WebSite","@id":"https:\/\/bekleidungscenter.com\/#website","url":"https:\/\/bekleidungscenter.com\/","name":"FamilienMode","description":"Alles f\u00fcr die ganze Familie","potentialAction":[{"@type":"SearchAction","target":{"@type":"EntryPoint","urlTemplate":"https:\/\/bekleidungscenter.com\/?s={search_term_string}"},"query-input":"required name=search_term_string"}],"inLanguage":"de"}]}},"_links":{"self":[{"href":"https:\/\/bekleidungscenter.com\/index.php?rest_route=\/wp\/v2\/product\/16008"}],"collection":[{"href":"https:\/\/bekleidungscenter.com\/index.php?rest_route=\/wp\/v2\/product"}],"about":[{"href":"https:\/\/bekleidungscenter.com\/index.php?rest_route=\/wp\/v2\/types\/product"}],"replies":[{"embeddable":true,"href":"https:\/\/bekleidungscenter.com\/index.php?rest_route=%2Fwp%2Fv2%2Fcomments&post=16008"}],"wp:featuredmedia":[{"embeddable":true,"href":"https:\/\/bekleidungscenter.com\/index.php?rest_route=\/wp\/v2\/media\/16009"}],"wp:attachment":[{"href":"https:\/\/bekleidungscenter.com\/index.php?rest_route=%2Fwp%2Fv2%2Fmedia&parent=16008"}],"wp:term":[{"taxonomy":"product_cat","embeddable":true,"href":"https:\/\/bekleidungscenter.com\/index.php?rest_route=%2Fwp%2Fv2%2Fproduct_cat&post=16008"},{"taxonomy":"product_tag","embeddable":true,"href":"https:\/\/bekleidungscenter.com\/index.php?rest_route=%2Fwp%2Fv2%2Fproduct_tag&post=16008"}],"curies":[{"name":"wp","href":"https:\/\/api.w.org\/{rel}","templated":true}]}}