{"id":16032,"date":"2021-01-04T09:34:05","date_gmt":"2021-01-04T09:34:05","guid":{"rendered":"http:\/\/bekleidungscenter.com\/?product=richter-kinderschuhe-jungen-ola-hohe-sneaker"},"modified":"2023-04-04T21:58:04","modified_gmt":"2023-04-04T21:58:04","slug":"richter-kinderschuhe-jungen-ola-hohe-sneaker","status":"publish","type":"product","link":"https:\/\/bekleidungscenter.com\/?product=richter-kinderschuhe-jungen-ola-hohe-sneaker","title":{"rendered":"Richter Kinderschuhe Jungen Ola Hohe Sneaker"},"content":{"rendered":"<p><!-- show up to 2 reviews by default --> <\/p>\n<p>L\u00e4ssiger Buben Midcut \/ Halbschuh \/ Sneaker die Gesamtheit hochwertigem Velours mit kleinen Farbakzenten. Der Gummizug und Klettverschluss geben optimalen Halt, sind schnell an- und auszuziehen und geben dem Schuh einen einzigartigen Look. Das w\u00e4rmende Fleecefutter ist f\u00fcr k\u00fchle Tage massiv o. k. sinnvoll. Das FitMI System verspricht beim Herausnehmen der Zwischensohle die Gesamtheit Vlies eine Weite mehr. Dies ist massiv f\u00fcr F\u00fc\u00dfe mit hohem Rist oder breite F\u00fc\u00dfe sinnvoll. Die Richtex Membran ist garantiert wasserdicht und atmungsaktiv und sorgt f\u00fcr trockene und warme F\u00fc\u00dfe in der kalten Jahreszeit. &gt; herausnehmbare Decksohle &gt; FitMI System (ein Schuh &#8211; zwei Weiten) &gt; wasserdicht dank Richtex Membran &gt; Klettverschluss Seit 1893 entwickelt das \u00f6sterreichische Unternehmen Richter kindgerechte Bewerkstelligen, designt hochwertige Kinderschuhe mit Ausbelichtung und verarbeitet lediglich qualit\u00e4tsgepr\u00fcfte Leder sowie High-Tech Materialien. Richter bietet den Eltern die Sicherheit, das Beste f\u00fcr ihr Nachwuchs zu tun und den Kindern reichlich Spa\u00df und Freude beim unbeschwerten Verankern der Schuhe. <\/p>\n<p>Obermaterial: Leder<br \/>\nInnenmaterial: Synthetik<br \/>\nSohle: Gummi<br \/>\nVerschluss: Klettverschluss<br \/>\nSchuhweite: Normal<br \/>\nWasserabweisend<br \/>\n<div class=\"main-cross-sell\" data-asin=\"B07NS9TB5S\">\n\n\t<div class=\"WooZone-cross-sell-loader\">\n\t\t<div>\n\t\t\t<div id=\"floatingBarsG\">\n\t\t\t\t<div class=\"blockG\" id=\"rotateG_01\"><\/div>\n\t\t\t\t<div class=\"blockG\" id=\"rotateG_02\"><\/div>\n\t\t\t\t<div class=\"blockG\" id=\"rotateG_03\"><\/div>\n\t\t\t\t<div class=\"blockG\" id=\"rotateG_04\"><\/div>\n\t\t\t\t<div class=\"blockG\" id=\"rotateG_05\"><\/div>\n\t\t\t\t<div class=\"blockG\" id=\"rotateG_06\"><\/div>\n\t\t\t\t<div class=\"blockG\" id=\"rotateG_07\"><\/div>\n\t\t\t\t<div class=\"blockG\" id=\"rotateG_08\"><\/div>\n\t\t\t<\/div>\n\t\t\t<div class=\"WooZone-cross-sell-loader-text\"><\/div>\n\t\t<\/div>\n\t<\/div>\n\n\t\t\n<\/div>\n<div style=\"clear:both;\"><\/div><\/p>\n","protected":false},"excerpt":{"rendered":"<p>Obermaterial: Leder<br \/>\nInnenmaterial: Synthetik<br \/>\nSohle: Gummi<\/p>\n","protected":false},"featured_media":16034,"comment_status":"open","ping_status":"closed","template":"","meta":[],"product_cat":[128,145],"product_tag":[],"yoast_head":"<!-- This site is optimized with the Yoast SEO plugin v20.6 - https:\/\/yoast.com\/wordpress\/plugins\/seo\/ -->\n<title>Richter Kinderschuhe Jungen Ola Hohe Sneaker - FamilienMode<\/title>\n<meta name=\"robots\" content=\"index, follow, max-snippet:-1, max-image-preview:large, max-video-preview:-1\" \/>\n<link rel=\"canonical\" href=\"https:\/\/bekleidungscenter.com\/?product=richter-kinderschuhe-jungen-ola-hohe-sneaker\" \/>\n<meta property=\"og:locale\" content=\"de_DE\" \/>\n<meta property=\"og:type\" content=\"article\" \/>\n<meta property=\"og:title\" content=\"Richter Kinderschuhe Jungen Ola Hohe Sneaker - FamilienMode\" \/>\n<meta property=\"og:description\" content=\"Obermaterial: Leder Innenmaterial: Synthetik Sohle: Gummi\" \/>\n<meta property=\"og:url\" content=\"https:\/\/bekleidungscenter.com\/?product=richter-kinderschuhe-jungen-ola-hohe-sneaker\" \/>\n<meta property=\"og:site_name\" content=\"FamilienMode\" \/>\n<meta property=\"article:modified_time\" content=\"2023-04-04T21:58:04+00:00\" \/>\n<meta property=\"og:image\" content=\"https:\/\/images-na.ssl-images-amazon.com\/images\/I\/41weWZ26VXL.jpg\" \/>\n\t<meta property=\"og:image:width\" content=\"500\" \/>\n\t<meta property=\"og:image:height\" content=\"500\" \/>\n\t<meta property=\"og:image:type\" content=\"image\/jpeg\" \/>\n<meta name=\"twitter:card\" content=\"summary_large_image\" \/>\n<meta name=\"twitter:label1\" content=\"Gesch\u00e4tzte Lesezeit\" \/>\n\t<meta name=\"twitter:data1\" content=\"1\u00a0Minute\" \/>\n<script type=\"application\/ld+json\" class=\"yoast-schema-graph\">{\"@context\":\"https:\/\/schema.org\",\"@graph\":[{\"@type\":\"WebPage\",\"@id\":\"https:\/\/bekleidungscenter.com\/?product=richter-kinderschuhe-jungen-ola-hohe-sneaker\",\"url\":\"https:\/\/bekleidungscenter.com\/?product=richter-kinderschuhe-jungen-ola-hohe-sneaker\",\"name\":\"Richter Kinderschuhe Jungen Ola Hohe Sneaker - FamilienMode\",\"isPartOf\":{\"@id\":\"https:\/\/bekleidungscenter.com\/#website\"},\"datePublished\":\"2021-01-04T09:34:05+00:00\",\"dateModified\":\"2023-04-04T21:58:04+00:00\",\"breadcrumb\":{\"@id\":\"https:\/\/bekleidungscenter.com\/?product=richter-kinderschuhe-jungen-ola-hohe-sneaker#breadcrumb\"},\"inLanguage\":\"de\",\"potentialAction\":[{\"@type\":\"ReadAction\",\"target\":[\"https:\/\/bekleidungscenter.com\/?product=richter-kinderschuhe-jungen-ola-hohe-sneaker\"]}]},{\"@type\":\"BreadcrumbList\",\"@id\":\"https:\/\/bekleidungscenter.com\/?product=richter-kinderschuhe-jungen-ola-hohe-sneaker#breadcrumb\",\"itemListElement\":[{\"@type\":\"ListItem\",\"position\":1,\"name\":\"Home\",\"item\":\"https:\/\/bekleidungscenter.com\/\"},{\"@type\":\"ListItem\",\"position\":2,\"name\":\"Shop\",\"item\":\"https:\/\/bekleidungscenter.com\/?page_id=7\"},{\"@type\":\"ListItem\",\"position\":3,\"name\":\"Richter Kinderschuhe Jungen Ola Hohe Sneaker\"}]},{\"@type\":\"WebSite\",\"@id\":\"https:\/\/bekleidungscenter.com\/#website\",\"url\":\"https:\/\/bekleidungscenter.com\/\",\"name\":\"FamilienMode\",\"description\":\"Alles f\u00fcr die ganze Familie\",\"potentialAction\":[{\"@type\":\"SearchAction\",\"target\":{\"@type\":\"EntryPoint\",\"urlTemplate\":\"https:\/\/bekleidungscenter.com\/?s={search_term_string}\"},\"query-input\":\"required name=search_term_string\"}],\"inLanguage\":\"de\"}]}<\/script>\n<!-- \/ Yoast SEO plugin. -->","yoast_head_json":{"title":"Richter Kinderschuhe Jungen Ola Hohe Sneaker - FamilienMode","robots":{"index":"index","follow":"follow","max-snippet":"max-snippet:-1","max-image-preview":"max-image-preview:large","max-video-preview":"max-video-preview:-1"},"canonical":"https:\/\/bekleidungscenter.com\/?product=richter-kinderschuhe-jungen-ola-hohe-sneaker","og_locale":"de_DE","og_type":"article","og_title":"Richter Kinderschuhe Jungen Ola Hohe Sneaker - FamilienMode","og_description":"Obermaterial: Leder Innenmaterial: Synthetik Sohle: Gummi","og_url":"https:\/\/bekleidungscenter.com\/?product=richter-kinderschuhe-jungen-ola-hohe-sneaker","og_site_name":"FamilienMode","article_modified_time":"2023-04-04T21:58:04+00:00","og_image":[{"width":500,"height":500,"url":"https:\/\/images-na.ssl-images-amazon.com\/images\/I\/41weWZ26VXL.jpg","type":"image\/jpeg"}],"twitter_card":"summary_large_image","twitter_misc":{"Gesch\u00e4tzte Lesezeit":"1\u00a0Minute"},"schema":{"@context":"https:\/\/schema.org","@graph":[{"@type":"WebPage","@id":"https:\/\/bekleidungscenter.com\/?product=richter-kinderschuhe-jungen-ola-hohe-sneaker","url":"https:\/\/bekleidungscenter.com\/?product=richter-kinderschuhe-jungen-ola-hohe-sneaker","name":"Richter Kinderschuhe Jungen Ola Hohe Sneaker - FamilienMode","isPartOf":{"@id":"https:\/\/bekleidungscenter.com\/#website"},"datePublished":"2021-01-04T09:34:05+00:00","dateModified":"2023-04-04T21:58:04+00:00","breadcrumb":{"@id":"https:\/\/bekleidungscenter.com\/?product=richter-kinderschuhe-jungen-ola-hohe-sneaker#breadcrumb"},"inLanguage":"de","potentialAction":[{"@type":"ReadAction","target":["https:\/\/bekleidungscenter.com\/?product=richter-kinderschuhe-jungen-ola-hohe-sneaker"]}]},{"@type":"BreadcrumbList","@id":"https:\/\/bekleidungscenter.com\/?product=richter-kinderschuhe-jungen-ola-hohe-sneaker#breadcrumb","itemListElement":[{"@type":"ListItem","position":1,"name":"Home","item":"https:\/\/bekleidungscenter.com\/"},{"@type":"ListItem","position":2,"name":"Shop","item":"https:\/\/bekleidungscenter.com\/?page_id=7"},{"@type":"ListItem","position":3,"name":"Richter Kinderschuhe Jungen Ola Hohe Sneaker"}]},{"@type":"WebSite","@id":"https:\/\/bekleidungscenter.com\/#website","url":"https:\/\/bekleidungscenter.com\/","name":"FamilienMode","description":"Alles f\u00fcr die ganze Familie","potentialAction":[{"@type":"SearchAction","target":{"@type":"EntryPoint","urlTemplate":"https:\/\/bekleidungscenter.com\/?s={search_term_string}"},"query-input":"required name=search_term_string"}],"inLanguage":"de"}]}},"_links":{"self":[{"href":"https:\/\/bekleidungscenter.com\/index.php?rest_route=\/wp\/v2\/product\/16032"}],"collection":[{"href":"https:\/\/bekleidungscenter.com\/index.php?rest_route=\/wp\/v2\/product"}],"about":[{"href":"https:\/\/bekleidungscenter.com\/index.php?rest_route=\/wp\/v2\/types\/product"}],"replies":[{"embeddable":true,"href":"https:\/\/bekleidungscenter.com\/index.php?rest_route=%2Fwp%2Fv2%2Fcomments&post=16032"}],"wp:featuredmedia":[{"embeddable":true,"href":"https:\/\/bekleidungscenter.com\/index.php?rest_route=\/wp\/v2\/media\/16034"}],"wp:attachment":[{"href":"https:\/\/bekleidungscenter.com\/index.php?rest_route=%2Fwp%2Fv2%2Fmedia&parent=16032"}],"wp:term":[{"taxonomy":"product_cat","embeddable":true,"href":"https:\/\/bekleidungscenter.com\/index.php?rest_route=%2Fwp%2Fv2%2Fproduct_cat&post=16032"},{"taxonomy":"product_tag","embeddable":true,"href":"https:\/\/bekleidungscenter.com\/index.php?rest_route=%2Fwp%2Fv2%2Fproduct_tag&post=16032"}],"curies":[{"name":"wp","href":"https:\/\/api.w.org\/{rel}","templated":true}]}}