{"id":16052,"date":"2021-01-04T09:34:14","date_gmt":"2021-01-04T09:34:14","guid":{"rendered":"http:\/\/bekleidungscenter.com\/?product=leguano-leguanito-blau-die-sicheren-barfussschuhe-fuer-kinder"},"modified":"2023-04-04T21:58:04","modified_gmt":"2023-04-04T21:58:04","slug":"leguano-leguanito-blau-die-sicheren-barfussschuhe-fuer-kinder","status":"publish","type":"product","link":"https:\/\/bekleidungscenter.com\/?product=leguano-leguanito-blau-die-sicheren-barfussschuhe-fuer-kinder","title":{"rendered":"leguano leguanito Blau | Die sicheren Barfu\u00dfschuhe f\u00fcr Kinder"},"content":{"rendered":"<p><!-- show up to 2 reviews by default --> <\/p>\n<p>leguanito In die \u201cleguanitos\u201c &#8211; fertig &#8211; los! Frech, bunt und praktisch sind die Barfu\u00dfschuhe f\u00fcr Kinder in den Farben pink, hacke und t\u00fcrkis. Sie sch\u00fctzen die kleinen F\u00fc\u00dfe von Anfang an, bei den ersten Schritten bis hin zu den gro\u00dfen Spr\u00fcngen zu Hause, auf dem Spielplatz oder dem Sportfeld. Diese Barfu\u00dfschuhe die Gesamtheit dem Hause leguano zeichnen sich durch ihre hohe Anpassungsf\u00e4higkeit und Haltbarkeit die Gesamtheit. Sie sind massiv strapazierf\u00e4hig durch den neuen patentierten KUNERT-Zwirn, TWISTED-FIBER by KUNERT. Die klimaregulierende Faser sorgt f\u00fcr ein trockenes Tragegef\u00fchl, da sie \u00fcber eine 50% h\u00f6here Feuchtigkeitsaufnahme als Baumwolle verf\u00fcgt. Rutschfest, anpassungsf\u00e4hig und massiv widerstandsf\u00e4hig ist zudem die Sohle die Gesamtheit LIFOLIT. Die Schuhe von leguano sind angenehm zu verstreben, da sie luftig und leicht am Fu\u00df liegen. So kann die nat\u00fcrliche Laufweise erhalten beziehungsweise nochmal hergestellt werden. S\u00e4mtliche Produkte von leguano werden lediglich in Deutschland gefertigt. <\/p>\n<p>Obermaterial: Synthetik<br \/>\nSohle: Synthetik<br \/>\nVerschluss: Ohne Verschluss<br \/>\nAbsatzform: Flach<br \/>\nMaterialzusammensetzung: Das Obermaterial besteht die Gesamtheit 47% Lyocell (Viskose), 42% Polyamid, 9% Polypropylen und 2% Elastan.<br \/>\nSchuhweite: Normal<br \/>\n<div class=\"main-cross-sell\" data-asin=\"B017RIZHDC\">\n\n\t<div class=\"WooZone-cross-sell-loader\">\n\t\t<div>\n\t\t\t<div id=\"floatingBarsG\">\n\t\t\t\t<div class=\"blockG\" id=\"rotateG_01\"><\/div>\n\t\t\t\t<div class=\"blockG\" id=\"rotateG_02\"><\/div>\n\t\t\t\t<div class=\"blockG\" id=\"rotateG_03\"><\/div>\n\t\t\t\t<div class=\"blockG\" id=\"rotateG_04\"><\/div>\n\t\t\t\t<div class=\"blockG\" id=\"rotateG_05\"><\/div>\n\t\t\t\t<div class=\"blockG\" id=\"rotateG_06\"><\/div>\n\t\t\t\t<div class=\"blockG\" id=\"rotateG_07\"><\/div>\n\t\t\t\t<div class=\"blockG\" id=\"rotateG_08\"><\/div>\n\t\t\t<\/div>\n\t\t\t<div class=\"WooZone-cross-sell-loader-text\"><\/div>\n\t\t<\/div>\n\t<\/div>\n\n\t\t\n<\/div>\n<div style=\"clear:both;\"><\/div><\/p>\n","protected":false},"excerpt":{"rendered":"<p>Obermaterial: Synthetik<br \/>\nSohle: Synthetik<br \/>\nVerschluss: Ohne Verschluss<\/p>\n","protected":false},"featured_media":16054,"comment_status":"open","ping_status":"closed","template":"","meta":[],"product_cat":[128,145],"product_tag":[],"yoast_head":"<!-- This site is optimized with the Yoast SEO plugin v20.6 - https:\/\/yoast.com\/wordpress\/plugins\/seo\/ -->\n<title>leguano leguanito Blau | Die sicheren Barfu\u00dfschuhe f\u00fcr Kinder - FamilienMode<\/title>\n<meta name=\"robots\" content=\"index, follow, max-snippet:-1, max-image-preview:large, max-video-preview:-1\" \/>\n<link rel=\"canonical\" href=\"https:\/\/bekleidungscenter.com\/?product=leguano-leguanito-blau-die-sicheren-barfussschuhe-fuer-kinder\" \/>\n<meta property=\"og:locale\" content=\"de_DE\" \/>\n<meta property=\"og:type\" content=\"article\" \/>\n<meta property=\"og:title\" content=\"leguano leguanito Blau | Die sicheren Barfu\u00dfschuhe f\u00fcr Kinder - FamilienMode\" \/>\n<meta property=\"og:description\" content=\"Obermaterial: Synthetik Sohle: Synthetik Verschluss: Ohne Verschluss\" \/>\n<meta property=\"og:url\" content=\"https:\/\/bekleidungscenter.com\/?product=leguano-leguanito-blau-die-sicheren-barfussschuhe-fuer-kinder\" \/>\n<meta property=\"og:site_name\" content=\"FamilienMode\" \/>\n<meta property=\"article:modified_time\" content=\"2023-04-04T21:58:04+00:00\" \/>\n<meta property=\"og:image\" content=\"https:\/\/images-na.ssl-images-amazon.com\/images\/I\/410poDZQjoL.jpg\" \/>\n\t<meta property=\"og:image:width\" content=\"500\" \/>\n\t<meta property=\"og:image:height\" content=\"500\" \/>\n\t<meta property=\"og:image:type\" content=\"image\/jpeg\" \/>\n<meta name=\"twitter:card\" content=\"summary_large_image\" \/>\n<meta name=\"twitter:label1\" content=\"Gesch\u00e4tzte Lesezeit\" \/>\n\t<meta name=\"twitter:data1\" content=\"1\u00a0Minute\" \/>\n<script type=\"application\/ld+json\" class=\"yoast-schema-graph\">{\"@context\":\"https:\/\/schema.org\",\"@graph\":[{\"@type\":\"WebPage\",\"@id\":\"https:\/\/bekleidungscenter.com\/?product=leguano-leguanito-blau-die-sicheren-barfussschuhe-fuer-kinder\",\"url\":\"https:\/\/bekleidungscenter.com\/?product=leguano-leguanito-blau-die-sicheren-barfussschuhe-fuer-kinder\",\"name\":\"leguano leguanito Blau | Die sicheren Barfu\u00dfschuhe f\u00fcr Kinder - FamilienMode\",\"isPartOf\":{\"@id\":\"https:\/\/bekleidungscenter.com\/#website\"},\"datePublished\":\"2021-01-04T09:34:14+00:00\",\"dateModified\":\"2023-04-04T21:58:04+00:00\",\"breadcrumb\":{\"@id\":\"https:\/\/bekleidungscenter.com\/?product=leguano-leguanito-blau-die-sicheren-barfussschuhe-fuer-kinder#breadcrumb\"},\"inLanguage\":\"de\",\"potentialAction\":[{\"@type\":\"ReadAction\",\"target\":[\"https:\/\/bekleidungscenter.com\/?product=leguano-leguanito-blau-die-sicheren-barfussschuhe-fuer-kinder\"]}]},{\"@type\":\"BreadcrumbList\",\"@id\":\"https:\/\/bekleidungscenter.com\/?product=leguano-leguanito-blau-die-sicheren-barfussschuhe-fuer-kinder#breadcrumb\",\"itemListElement\":[{\"@type\":\"ListItem\",\"position\":1,\"name\":\"Home\",\"item\":\"https:\/\/bekleidungscenter.com\/\"},{\"@type\":\"ListItem\",\"position\":2,\"name\":\"Shop\",\"item\":\"https:\/\/bekleidungscenter.com\/?page_id=7\"},{\"@type\":\"ListItem\",\"position\":3,\"name\":\"leguano leguanito Blau | Die sicheren Barfu\u00dfschuhe f\u00fcr Kinder\"}]},{\"@type\":\"WebSite\",\"@id\":\"https:\/\/bekleidungscenter.com\/#website\",\"url\":\"https:\/\/bekleidungscenter.com\/\",\"name\":\"FamilienMode\",\"description\":\"Alles f\u00fcr die ganze Familie\",\"potentialAction\":[{\"@type\":\"SearchAction\",\"target\":{\"@type\":\"EntryPoint\",\"urlTemplate\":\"https:\/\/bekleidungscenter.com\/?s={search_term_string}\"},\"query-input\":\"required name=search_term_string\"}],\"inLanguage\":\"de\"}]}<\/script>\n<!-- \/ Yoast SEO plugin. -->","yoast_head_json":{"title":"leguano leguanito Blau | Die sicheren Barfu\u00dfschuhe f\u00fcr Kinder - FamilienMode","robots":{"index":"index","follow":"follow","max-snippet":"max-snippet:-1","max-image-preview":"max-image-preview:large","max-video-preview":"max-video-preview:-1"},"canonical":"https:\/\/bekleidungscenter.com\/?product=leguano-leguanito-blau-die-sicheren-barfussschuhe-fuer-kinder","og_locale":"de_DE","og_type":"article","og_title":"leguano leguanito Blau | Die sicheren Barfu\u00dfschuhe f\u00fcr Kinder - FamilienMode","og_description":"Obermaterial: Synthetik Sohle: Synthetik Verschluss: Ohne Verschluss","og_url":"https:\/\/bekleidungscenter.com\/?product=leguano-leguanito-blau-die-sicheren-barfussschuhe-fuer-kinder","og_site_name":"FamilienMode","article_modified_time":"2023-04-04T21:58:04+00:00","og_image":[{"width":500,"height":500,"url":"https:\/\/images-na.ssl-images-amazon.com\/images\/I\/410poDZQjoL.jpg","type":"image\/jpeg"}],"twitter_card":"summary_large_image","twitter_misc":{"Gesch\u00e4tzte Lesezeit":"1\u00a0Minute"},"schema":{"@context":"https:\/\/schema.org","@graph":[{"@type":"WebPage","@id":"https:\/\/bekleidungscenter.com\/?product=leguano-leguanito-blau-die-sicheren-barfussschuhe-fuer-kinder","url":"https:\/\/bekleidungscenter.com\/?product=leguano-leguanito-blau-die-sicheren-barfussschuhe-fuer-kinder","name":"leguano leguanito Blau | Die sicheren Barfu\u00dfschuhe f\u00fcr Kinder - FamilienMode","isPartOf":{"@id":"https:\/\/bekleidungscenter.com\/#website"},"datePublished":"2021-01-04T09:34:14+00:00","dateModified":"2023-04-04T21:58:04+00:00","breadcrumb":{"@id":"https:\/\/bekleidungscenter.com\/?product=leguano-leguanito-blau-die-sicheren-barfussschuhe-fuer-kinder#breadcrumb"},"inLanguage":"de","potentialAction":[{"@type":"ReadAction","target":["https:\/\/bekleidungscenter.com\/?product=leguano-leguanito-blau-die-sicheren-barfussschuhe-fuer-kinder"]}]},{"@type":"BreadcrumbList","@id":"https:\/\/bekleidungscenter.com\/?product=leguano-leguanito-blau-die-sicheren-barfussschuhe-fuer-kinder#breadcrumb","itemListElement":[{"@type":"ListItem","position":1,"name":"Home","item":"https:\/\/bekleidungscenter.com\/"},{"@type":"ListItem","position":2,"name":"Shop","item":"https:\/\/bekleidungscenter.com\/?page_id=7"},{"@type":"ListItem","position":3,"name":"leguano leguanito Blau | Die sicheren Barfu\u00dfschuhe f\u00fcr Kinder"}]},{"@type":"WebSite","@id":"https:\/\/bekleidungscenter.com\/#website","url":"https:\/\/bekleidungscenter.com\/","name":"FamilienMode","description":"Alles f\u00fcr die ganze Familie","potentialAction":[{"@type":"SearchAction","target":{"@type":"EntryPoint","urlTemplate":"https:\/\/bekleidungscenter.com\/?s={search_term_string}"},"query-input":"required name=search_term_string"}],"inLanguage":"de"}]}},"_links":{"self":[{"href":"https:\/\/bekleidungscenter.com\/index.php?rest_route=\/wp\/v2\/product\/16052"}],"collection":[{"href":"https:\/\/bekleidungscenter.com\/index.php?rest_route=\/wp\/v2\/product"}],"about":[{"href":"https:\/\/bekleidungscenter.com\/index.php?rest_route=\/wp\/v2\/types\/product"}],"replies":[{"embeddable":true,"href":"https:\/\/bekleidungscenter.com\/index.php?rest_route=%2Fwp%2Fv2%2Fcomments&post=16052"}],"wp:featuredmedia":[{"embeddable":true,"href":"https:\/\/bekleidungscenter.com\/index.php?rest_route=\/wp\/v2\/media\/16054"}],"wp:attachment":[{"href":"https:\/\/bekleidungscenter.com\/index.php?rest_route=%2Fwp%2Fv2%2Fmedia&parent=16052"}],"wp:term":[{"taxonomy":"product_cat","embeddable":true,"href":"https:\/\/bekleidungscenter.com\/index.php?rest_route=%2Fwp%2Fv2%2Fproduct_cat&post=16052"},{"taxonomy":"product_tag","embeddable":true,"href":"https:\/\/bekleidungscenter.com\/index.php?rest_route=%2Fwp%2Fv2%2Fproduct_tag&post=16052"}],"curies":[{"name":"wp","href":"https:\/\/api.w.org\/{rel}","templated":true}]}}