{"id":16072,"date":"2021-01-04T09:34:23","date_gmt":"2021-01-04T09:34:23","guid":{"rendered":"http:\/\/bekleidungscenter.com\/?product=nike-unisex-kinder-md-valiant-tdv-sneaker"},"modified":"2023-04-04T21:58:05","modified_gmt":"2023-04-04T21:58:05","slug":"nike-unisex-kinder-md-valiant-tdv-sneaker","status":"publish","type":"product","link":"https:\/\/bekleidungscenter.com\/?product=nike-unisex-kinder-md-valiant-tdv-sneaker","title":{"rendered":"Nike Jungen Md Valiant (TDV) Solid"},"content":{"rendered":"<p><!-- show up to 2 reviews by default --> <\/p>\n<p>Der Nike Kinderschuh kommt mithilfe einem Klettverschluss anstelle schnelles An- im \u00dcbrigen Wohnung r\u00e4umen. Die d\u00e4mpfende Sohle federt St\u00f6\u00dfe alles klar! ab. Vollgummi-Au\u00dfensohle anstelle hervorragende Traktion im \u00dcbrigen Widerstandskraft. <\/p>\n<p>Obermaterial: Synthetik<br \/>\nInnenmaterial: Synthetic<br \/>\nSchuhsohle: Rubber<br \/>\nVerstopfung: Klettverschluss<br \/>\nAbsatzh\u00f6he: 2 cm<br \/>\nAbsatzform: Kein Textstelle<br \/>\nSchuhweite: Mager<br \/>\nWasserdicht<br \/>\n<div class=\"main-cross-sell\" data-asin=\"B08CXTN9YM\">\n\n\t<div class=\"WooZone-cross-sell-loader\">\n\t\t<div>\n\t\t\t<div id=\"floatingBarsG\">\n\t\t\t\t<div class=\"blockG\" id=\"rotateG_01\"><\/div>\n\t\t\t\t<div class=\"blockG\" id=\"rotateG_02\"><\/div>\n\t\t\t\t<div class=\"blockG\" id=\"rotateG_03\"><\/div>\n\t\t\t\t<div class=\"blockG\" id=\"rotateG_04\"><\/div>\n\t\t\t\t<div class=\"blockG\" id=\"rotateG_05\"><\/div>\n\t\t\t\t<div class=\"blockG\" id=\"rotateG_06\"><\/div>\n\t\t\t\t<div class=\"blockG\" id=\"rotateG_07\"><\/div>\n\t\t\t\t<div class=\"blockG\" id=\"rotateG_08\"><\/div>\n\t\t\t<\/div>\n\t\t\t<div class=\"WooZone-cross-sell-loader-text\"><\/div>\n\t\t<\/div>\n\t<\/div>\n\n\t\t\n<\/div>\n<div style=\"clear:both;\"><\/div><\/p>\n","protected":false},"excerpt":{"rendered":"<p>Obermaterial: Synthetik<br \/>\nInnenmaterial: Synthetic<br \/>\nSohle: Rubber<\/p>\n","protected":false},"featured_media":16074,"comment_status":"open","ping_status":"closed","template":"","meta":[],"product_cat":[128,145],"product_tag":[],"yoast_head":"<!-- This site is optimized with the Yoast SEO plugin v20.6 - https:\/\/yoast.com\/wordpress\/plugins\/seo\/ -->\n<title>Nike Jungen Md Valiant (TDV) Solid - FamilienMode<\/title>\n<meta name=\"robots\" content=\"index, follow, max-snippet:-1, max-image-preview:large, max-video-preview:-1\" \/>\n<link rel=\"canonical\" href=\"https:\/\/bekleidungscenter.com\/?product=nike-unisex-kinder-md-valiant-tdv-sneaker\" \/>\n<meta property=\"og:locale\" content=\"de_DE\" \/>\n<meta property=\"og:type\" content=\"article\" \/>\n<meta property=\"og:title\" content=\"Nike Jungen Md Valiant (TDV) Solid - FamilienMode\" \/>\n<meta property=\"og:description\" content=\"Obermaterial: Synthetik Innenmaterial: Synthetic Sohle: Rubber\" \/>\n<meta property=\"og:url\" content=\"https:\/\/bekleidungscenter.com\/?product=nike-unisex-kinder-md-valiant-tdv-sneaker\" \/>\n<meta property=\"og:site_name\" content=\"FamilienMode\" \/>\n<meta property=\"article:modified_time\" content=\"2023-04-04T21:58:05+00:00\" \/>\n<meta property=\"og:image\" content=\"https:\/\/images-na.ssl-images-amazon.com\/images\/I\/41k5cVg%2BZfL.jpg\" \/>\n\t<meta property=\"og:image:width\" content=\"500\" \/>\n\t<meta property=\"og:image:height\" content=\"500\" \/>\n\t<meta property=\"og:image:type\" content=\"image\/jpeg\" \/>\n<meta name=\"twitter:card\" content=\"summary_large_image\" \/>\n<script type=\"application\/ld+json\" class=\"yoast-schema-graph\">{\"@context\":\"https:\/\/schema.org\",\"@graph\":[{\"@type\":\"WebPage\",\"@id\":\"https:\/\/bekleidungscenter.com\/?product=nike-unisex-kinder-md-valiant-tdv-sneaker\",\"url\":\"https:\/\/bekleidungscenter.com\/?product=nike-unisex-kinder-md-valiant-tdv-sneaker\",\"name\":\"Nike Jungen Md Valiant (TDV) Solid - FamilienMode\",\"isPartOf\":{\"@id\":\"https:\/\/bekleidungscenter.com\/#website\"},\"datePublished\":\"2021-01-04T09:34:23+00:00\",\"dateModified\":\"2023-04-04T21:58:05+00:00\",\"breadcrumb\":{\"@id\":\"https:\/\/bekleidungscenter.com\/?product=nike-unisex-kinder-md-valiant-tdv-sneaker#breadcrumb\"},\"inLanguage\":\"de\",\"potentialAction\":[{\"@type\":\"ReadAction\",\"target\":[\"https:\/\/bekleidungscenter.com\/?product=nike-unisex-kinder-md-valiant-tdv-sneaker\"]}]},{\"@type\":\"BreadcrumbList\",\"@id\":\"https:\/\/bekleidungscenter.com\/?product=nike-unisex-kinder-md-valiant-tdv-sneaker#breadcrumb\",\"itemListElement\":[{\"@type\":\"ListItem\",\"position\":1,\"name\":\"Home\",\"item\":\"https:\/\/bekleidungscenter.com\/\"},{\"@type\":\"ListItem\",\"position\":2,\"name\":\"Shop\",\"item\":\"https:\/\/bekleidungscenter.com\/?page_id=7\"},{\"@type\":\"ListItem\",\"position\":3,\"name\":\"Nike Jungen Md Valiant (TDV) Solid\"}]},{\"@type\":\"WebSite\",\"@id\":\"https:\/\/bekleidungscenter.com\/#website\",\"url\":\"https:\/\/bekleidungscenter.com\/\",\"name\":\"FamilienMode\",\"description\":\"Alles f\u00fcr die ganze Familie\",\"potentialAction\":[{\"@type\":\"SearchAction\",\"target\":{\"@type\":\"EntryPoint\",\"urlTemplate\":\"https:\/\/bekleidungscenter.com\/?s={search_term_string}\"},\"query-input\":\"required name=search_term_string\"}],\"inLanguage\":\"de\"}]}<\/script>\n<!-- \/ Yoast SEO plugin. -->","yoast_head_json":{"title":"Nike Jungen Md Valiant (TDV) Solid - FamilienMode","robots":{"index":"index","follow":"follow","max-snippet":"max-snippet:-1","max-image-preview":"max-image-preview:large","max-video-preview":"max-video-preview:-1"},"canonical":"https:\/\/bekleidungscenter.com\/?product=nike-unisex-kinder-md-valiant-tdv-sneaker","og_locale":"de_DE","og_type":"article","og_title":"Nike Jungen Md Valiant (TDV) Solid - FamilienMode","og_description":"Obermaterial: Synthetik Innenmaterial: Synthetic Sohle: Rubber","og_url":"https:\/\/bekleidungscenter.com\/?product=nike-unisex-kinder-md-valiant-tdv-sneaker","og_site_name":"FamilienMode","article_modified_time":"2023-04-04T21:58:05+00:00","og_image":[{"width":500,"height":500,"url":"https:\/\/images-na.ssl-images-amazon.com\/images\/I\/41k5cVg%2BZfL.jpg","type":"image\/jpeg"}],"twitter_card":"summary_large_image","schema":{"@context":"https:\/\/schema.org","@graph":[{"@type":"WebPage","@id":"https:\/\/bekleidungscenter.com\/?product=nike-unisex-kinder-md-valiant-tdv-sneaker","url":"https:\/\/bekleidungscenter.com\/?product=nike-unisex-kinder-md-valiant-tdv-sneaker","name":"Nike Jungen Md Valiant (TDV) Solid - FamilienMode","isPartOf":{"@id":"https:\/\/bekleidungscenter.com\/#website"},"datePublished":"2021-01-04T09:34:23+00:00","dateModified":"2023-04-04T21:58:05+00:00","breadcrumb":{"@id":"https:\/\/bekleidungscenter.com\/?product=nike-unisex-kinder-md-valiant-tdv-sneaker#breadcrumb"},"inLanguage":"de","potentialAction":[{"@type":"ReadAction","target":["https:\/\/bekleidungscenter.com\/?product=nike-unisex-kinder-md-valiant-tdv-sneaker"]}]},{"@type":"BreadcrumbList","@id":"https:\/\/bekleidungscenter.com\/?product=nike-unisex-kinder-md-valiant-tdv-sneaker#breadcrumb","itemListElement":[{"@type":"ListItem","position":1,"name":"Home","item":"https:\/\/bekleidungscenter.com\/"},{"@type":"ListItem","position":2,"name":"Shop","item":"https:\/\/bekleidungscenter.com\/?page_id=7"},{"@type":"ListItem","position":3,"name":"Nike Jungen Md Valiant (TDV) Solid"}]},{"@type":"WebSite","@id":"https:\/\/bekleidungscenter.com\/#website","url":"https:\/\/bekleidungscenter.com\/","name":"FamilienMode","description":"Alles f\u00fcr die ganze Familie","potentialAction":[{"@type":"SearchAction","target":{"@type":"EntryPoint","urlTemplate":"https:\/\/bekleidungscenter.com\/?s={search_term_string}"},"query-input":"required name=search_term_string"}],"inLanguage":"de"}]}},"_links":{"self":[{"href":"https:\/\/bekleidungscenter.com\/index.php?rest_route=\/wp\/v2\/product\/16072"}],"collection":[{"href":"https:\/\/bekleidungscenter.com\/index.php?rest_route=\/wp\/v2\/product"}],"about":[{"href":"https:\/\/bekleidungscenter.com\/index.php?rest_route=\/wp\/v2\/types\/product"}],"replies":[{"embeddable":true,"href":"https:\/\/bekleidungscenter.com\/index.php?rest_route=%2Fwp%2Fv2%2Fcomments&post=16072"}],"wp:featuredmedia":[{"embeddable":true,"href":"https:\/\/bekleidungscenter.com\/index.php?rest_route=\/wp\/v2\/media\/16074"}],"wp:attachment":[{"href":"https:\/\/bekleidungscenter.com\/index.php?rest_route=%2Fwp%2Fv2%2Fmedia&parent=16072"}],"wp:term":[{"taxonomy":"product_cat","embeddable":true,"href":"https:\/\/bekleidungscenter.com\/index.php?rest_route=%2Fwp%2Fv2%2Fproduct_cat&post=16072"},{"taxonomy":"product_tag","embeddable":true,"href":"https:\/\/bekleidungscenter.com\/index.php?rest_route=%2Fwp%2Fv2%2Fproduct_tag&post=16072"}],"curies":[{"name":"wp","href":"https:\/\/api.w.org\/{rel}","templated":true}]}}