{"id":16113,"date":"2021-01-04T09:34:40","date_gmt":"2021-01-04T09:34:40","guid":{"rendered":"http:\/\/bekleidungscenter.com\/?product=geox-baby-jungen-b-biglia-boy-d-first-walker-shoe"},"modified":"2023-04-04T21:58:05","modified_gmt":"2023-04-04T21:58:05","slug":"geox-baby-jungen-b-biglia-boy-d-first-walker-shoe","status":"publish","type":"product","link":"https:\/\/bekleidungscenter.com\/?product=geox-baby-jungen-b-biglia-boy-d-first-walker-shoe","title":{"rendered":"Geox Baby-M\u00e4dchen B Rishon Girl A Lauflernschuhe"},"content":{"rendered":"<p><!-- show up to 2 reviews by default --> <\/p>\n<p> Lauflernschuh mit Schalensohle im Stil der Schuhe der gr\u00f6\u00dferen Kids \u2013 ideal zu Casual-Outfits. Die langlebige und griffige Gummisohle ist in Bezug auf das Geox-Opportun atmungsaktiv und garantiert zwar ein sehr angenehmes Fu\u00dfgef\u00fchl. Nicht mehr da hygienischen und praktischen Gr\u00fcnden herausnehmbare Innensohle; Laufsohle mit Flexy System und Softly Cushioned System an Stelle maximale Adaptivit\u00e4t und Reduktion. Der Duplikat-Klettverschluss erleichtert das Anziehen und das individuelle Portieren. <\/p>\n<\/p>\n<p>Obermaterial: Glattleder<br \/>\nInnenmaterial: Leder<br \/>\nSohle: Gummi<br \/>\nVerschluss: Strap<br \/>\nGr\u00f6\u00dfenhinweis: Geox-Schuhe haben eine bequeme Passform<br \/>\nSchuhweite: Schmal<br \/>\nNicht wasserdicht<br \/>\n<div class=\"main-cross-sell\" data-asin=\"B0825P62NN\">\n\n\t<div class=\"WooZone-cross-sell-loader\">\n\t\t<div>\n\t\t\t<div id=\"floatingBarsG\">\n\t\t\t\t<div class=\"blockG\" id=\"rotateG_01\"><\/div>\n\t\t\t\t<div class=\"blockG\" id=\"rotateG_02\"><\/div>\n\t\t\t\t<div class=\"blockG\" id=\"rotateG_03\"><\/div>\n\t\t\t\t<div class=\"blockG\" id=\"rotateG_04\"><\/div>\n\t\t\t\t<div class=\"blockG\" id=\"rotateG_05\"><\/div>\n\t\t\t\t<div class=\"blockG\" id=\"rotateG_06\"><\/div>\n\t\t\t\t<div class=\"blockG\" id=\"rotateG_07\"><\/div>\n\t\t\t\t<div class=\"blockG\" id=\"rotateG_08\"><\/div>\n\t\t\t<\/div>\n\t\t\t<div class=\"WooZone-cross-sell-loader-text\"><\/div>\n\t\t<\/div>\n\t<\/div>\n\n\t\t\n<\/div>\n<div style=\"clear:both;\"><\/div><\/p>\n","protected":false},"excerpt":{"rendered":"<p>Obermaterial: Glattleder<br \/>\nInnenmaterial: Leder<br \/>\nSohle: Gummi<\/p>\n","protected":false},"featured_media":16117,"comment_status":"open","ping_status":"closed","template":"","meta":[],"product_cat":[128,145],"product_tag":[],"yoast_head":"<!-- This site is optimized with the Yoast SEO plugin v20.6 - https:\/\/yoast.com\/wordpress\/plugins\/seo\/ -->\n<title>Geox Baby-M\u00e4dchen B Rishon Girl A Lauflernschuhe - FamilienMode<\/title>\n<meta name=\"robots\" content=\"index, follow, max-snippet:-1, max-image-preview:large, max-video-preview:-1\" \/>\n<link rel=\"canonical\" href=\"https:\/\/bekleidungscenter.com\/?product=geox-baby-jungen-b-biglia-boy-d-first-walker-shoe\" \/>\n<meta property=\"og:locale\" content=\"de_DE\" \/>\n<meta property=\"og:type\" content=\"article\" \/>\n<meta property=\"og:title\" content=\"Geox Baby-M\u00e4dchen B Rishon Girl A Lauflernschuhe - FamilienMode\" \/>\n<meta property=\"og:description\" content=\"Obermaterial: Glattleder Innenmaterial: Leder Sohle: Gummi\" \/>\n<meta property=\"og:url\" content=\"https:\/\/bekleidungscenter.com\/?product=geox-baby-jungen-b-biglia-boy-d-first-walker-shoe\" \/>\n<meta property=\"og:site_name\" content=\"FamilienMode\" \/>\n<meta property=\"article:modified_time\" content=\"2023-04-04T21:58:05+00:00\" \/>\n<meta property=\"og:image\" content=\"https:\/\/images-na.ssl-images-amazon.com\/images\/I\/41eHgiRVjoL.jpg\" \/>\n\t<meta property=\"og:image:width\" content=\"500\" \/>\n\t<meta property=\"og:image:height\" content=\"500\" \/>\n\t<meta property=\"og:image:type\" content=\"image\/jpeg\" \/>\n<meta name=\"twitter:card\" content=\"summary_large_image\" \/>\n<script type=\"application\/ld+json\" class=\"yoast-schema-graph\">{\"@context\":\"https:\/\/schema.org\",\"@graph\":[{\"@type\":\"WebPage\",\"@id\":\"https:\/\/bekleidungscenter.com\/?product=geox-baby-jungen-b-biglia-boy-d-first-walker-shoe\",\"url\":\"https:\/\/bekleidungscenter.com\/?product=geox-baby-jungen-b-biglia-boy-d-first-walker-shoe\",\"name\":\"Geox Baby-M\u00e4dchen B Rishon Girl A Lauflernschuhe - FamilienMode\",\"isPartOf\":{\"@id\":\"https:\/\/bekleidungscenter.com\/#website\"},\"datePublished\":\"2021-01-04T09:34:40+00:00\",\"dateModified\":\"2023-04-04T21:58:05+00:00\",\"breadcrumb\":{\"@id\":\"https:\/\/bekleidungscenter.com\/?product=geox-baby-jungen-b-biglia-boy-d-first-walker-shoe#breadcrumb\"},\"inLanguage\":\"de\",\"potentialAction\":[{\"@type\":\"ReadAction\",\"target\":[\"https:\/\/bekleidungscenter.com\/?product=geox-baby-jungen-b-biglia-boy-d-first-walker-shoe\"]}]},{\"@type\":\"BreadcrumbList\",\"@id\":\"https:\/\/bekleidungscenter.com\/?product=geox-baby-jungen-b-biglia-boy-d-first-walker-shoe#breadcrumb\",\"itemListElement\":[{\"@type\":\"ListItem\",\"position\":1,\"name\":\"Home\",\"item\":\"https:\/\/bekleidungscenter.com\/\"},{\"@type\":\"ListItem\",\"position\":2,\"name\":\"Shop\",\"item\":\"https:\/\/bekleidungscenter.com\/?page_id=7\"},{\"@type\":\"ListItem\",\"position\":3,\"name\":\"Geox Baby-M\u00e4dchen B Rishon Girl A Lauflernschuhe\"}]},{\"@type\":\"WebSite\",\"@id\":\"https:\/\/bekleidungscenter.com\/#website\",\"url\":\"https:\/\/bekleidungscenter.com\/\",\"name\":\"FamilienMode\",\"description\":\"Alles f\u00fcr die ganze Familie\",\"potentialAction\":[{\"@type\":\"SearchAction\",\"target\":{\"@type\":\"EntryPoint\",\"urlTemplate\":\"https:\/\/bekleidungscenter.com\/?s={search_term_string}\"},\"query-input\":\"required name=search_term_string\"}],\"inLanguage\":\"de\"}]}<\/script>\n<!-- \/ Yoast SEO plugin. -->","yoast_head_json":{"title":"Geox Baby-M\u00e4dchen B Rishon Girl A Lauflernschuhe - FamilienMode","robots":{"index":"index","follow":"follow","max-snippet":"max-snippet:-1","max-image-preview":"max-image-preview:large","max-video-preview":"max-video-preview:-1"},"canonical":"https:\/\/bekleidungscenter.com\/?product=geox-baby-jungen-b-biglia-boy-d-first-walker-shoe","og_locale":"de_DE","og_type":"article","og_title":"Geox Baby-M\u00e4dchen B Rishon Girl A Lauflernschuhe - FamilienMode","og_description":"Obermaterial: Glattleder Innenmaterial: Leder Sohle: Gummi","og_url":"https:\/\/bekleidungscenter.com\/?product=geox-baby-jungen-b-biglia-boy-d-first-walker-shoe","og_site_name":"FamilienMode","article_modified_time":"2023-04-04T21:58:05+00:00","og_image":[{"width":500,"height":500,"url":"https:\/\/images-na.ssl-images-amazon.com\/images\/I\/41eHgiRVjoL.jpg","type":"image\/jpeg"}],"twitter_card":"summary_large_image","schema":{"@context":"https:\/\/schema.org","@graph":[{"@type":"WebPage","@id":"https:\/\/bekleidungscenter.com\/?product=geox-baby-jungen-b-biglia-boy-d-first-walker-shoe","url":"https:\/\/bekleidungscenter.com\/?product=geox-baby-jungen-b-biglia-boy-d-first-walker-shoe","name":"Geox Baby-M\u00e4dchen B Rishon Girl A Lauflernschuhe - FamilienMode","isPartOf":{"@id":"https:\/\/bekleidungscenter.com\/#website"},"datePublished":"2021-01-04T09:34:40+00:00","dateModified":"2023-04-04T21:58:05+00:00","breadcrumb":{"@id":"https:\/\/bekleidungscenter.com\/?product=geox-baby-jungen-b-biglia-boy-d-first-walker-shoe#breadcrumb"},"inLanguage":"de","potentialAction":[{"@type":"ReadAction","target":["https:\/\/bekleidungscenter.com\/?product=geox-baby-jungen-b-biglia-boy-d-first-walker-shoe"]}]},{"@type":"BreadcrumbList","@id":"https:\/\/bekleidungscenter.com\/?product=geox-baby-jungen-b-biglia-boy-d-first-walker-shoe#breadcrumb","itemListElement":[{"@type":"ListItem","position":1,"name":"Home","item":"https:\/\/bekleidungscenter.com\/"},{"@type":"ListItem","position":2,"name":"Shop","item":"https:\/\/bekleidungscenter.com\/?page_id=7"},{"@type":"ListItem","position":3,"name":"Geox Baby-M\u00e4dchen B Rishon Girl A Lauflernschuhe"}]},{"@type":"WebSite","@id":"https:\/\/bekleidungscenter.com\/#website","url":"https:\/\/bekleidungscenter.com\/","name":"FamilienMode","description":"Alles f\u00fcr die ganze Familie","potentialAction":[{"@type":"SearchAction","target":{"@type":"EntryPoint","urlTemplate":"https:\/\/bekleidungscenter.com\/?s={search_term_string}"},"query-input":"required name=search_term_string"}],"inLanguage":"de"}]}},"_links":{"self":[{"href":"https:\/\/bekleidungscenter.com\/index.php?rest_route=\/wp\/v2\/product\/16113"}],"collection":[{"href":"https:\/\/bekleidungscenter.com\/index.php?rest_route=\/wp\/v2\/product"}],"about":[{"href":"https:\/\/bekleidungscenter.com\/index.php?rest_route=\/wp\/v2\/types\/product"}],"replies":[{"embeddable":true,"href":"https:\/\/bekleidungscenter.com\/index.php?rest_route=%2Fwp%2Fv2%2Fcomments&post=16113"}],"wp:featuredmedia":[{"embeddable":true,"href":"https:\/\/bekleidungscenter.com\/index.php?rest_route=\/wp\/v2\/media\/16117"}],"wp:attachment":[{"href":"https:\/\/bekleidungscenter.com\/index.php?rest_route=%2Fwp%2Fv2%2Fmedia&parent=16113"}],"wp:term":[{"taxonomy":"product_cat","embeddable":true,"href":"https:\/\/bekleidungscenter.com\/index.php?rest_route=%2Fwp%2Fv2%2Fproduct_cat&post=16113"},{"taxonomy":"product_tag","embeddable":true,"href":"https:\/\/bekleidungscenter.com\/index.php?rest_route=%2Fwp%2Fv2%2Fproduct_tag&post=16113"}],"curies":[{"name":"wp","href":"https:\/\/api.w.org\/{rel}","templated":true}]}}