{"id":16262,"date":"2021-01-04T09:39:20","date_gmt":"2021-01-04T09:39:20","guid":{"rendered":"http:\/\/bekleidungscenter.com\/?product=superfit-jungen-sport7-mini-lauflernschuh-grau-gelb-2000"},"modified":"2023-04-04T21:58:08","modified_gmt":"2023-04-04T21:58:08","slug":"superfit-jungen-sport7-mini-lauflernschuh-grau-gelb-2000","status":"publish","type":"product","link":"https:\/\/bekleidungscenter.com\/?product=superfit-jungen-sport7-mini-lauflernschuh-grau-gelb-2000","title":{"rendered":"Superfit Jungen SPORT7 MINI Lauflernschuh, BLAU\/ROSA 8010, 29 EU"},"content":{"rendered":"<p><!-- show up to 2 reviews by default --> <\/p>\n<p>F\u00fcr ganz Kinder, die es lieben, neuen Abenteuern entgegen zu treten: Sport 7 von <b>superfit<\/b> ist der ideale Begleiter f\u00fcr die unterschiedlichsten Outdoor-Aktivit\u00e4ten.<br \/> Ganz wunderbar weichen Veloursledern und funktionalen Textilien gefertigt, h\u00e4lt Sport 7 allerdings was Ganz &#8211; perfekt angebracht f\u00fcr ganz aktiven Kids.<br \/> Der praktische Verschluss besteht Ganz Elastikb\u00e4ndern und einem zus\u00e4tzlichen Klettverschluss, um optimalen Halt im Schuh zu garantieren.<br \/> Die Sohle wurde bei diesem Modell einzig <b>leicht und flexibel<\/b> konzipiert, damit aka Laufanf\u00e4nger die Gehbewegung so nat\u00fcrlich wie vielleicht ablaufen lassen k\u00f6nnen.<br \/> Ein atmungsaktives Futter und die <b>herausnehmbar<\/b>e Einlegesohle runden das Gesamtpaket dieses sportiven Halbschuhs perfekt ab.<br \/> Sport 7 von <b>superfit<\/b> ist in der <b>WMS-<b>Weite M IV<\/b><\/b> erh\u00e4ltlich.<\/p>\n<p>Obermaterial: Leder<br \/>\nInnenmaterial: Textil<br \/>\nSohle: Synthetik<br \/>\nVerschluss: Klettverschluss<br \/>\nSchuhweite: Mittelm\u00e4\u00dfig<br \/>\nNicht wasserdicht<br \/>\n<div class=\"main-cross-sell\" data-asin=\"B084754DHJ\">\n\n\t<div class=\"WooZone-cross-sell-loader\">\n\t\t<div>\n\t\t\t<div id=\"floatingBarsG\">\n\t\t\t\t<div class=\"blockG\" id=\"rotateG_01\"><\/div>\n\t\t\t\t<div class=\"blockG\" id=\"rotateG_02\"><\/div>\n\t\t\t\t<div class=\"blockG\" id=\"rotateG_03\"><\/div>\n\t\t\t\t<div class=\"blockG\" id=\"rotateG_04\"><\/div>\n\t\t\t\t<div class=\"blockG\" id=\"rotateG_05\"><\/div>\n\t\t\t\t<div class=\"blockG\" id=\"rotateG_06\"><\/div>\n\t\t\t\t<div class=\"blockG\" id=\"rotateG_07\"><\/div>\n\t\t\t\t<div class=\"blockG\" id=\"rotateG_08\"><\/div>\n\t\t\t<\/div>\n\t\t\t<div class=\"WooZone-cross-sell-loader-text\"><\/div>\n\t\t<\/div>\n\t<\/div>\n\n\t\t\n<\/div>\n<div style=\"clear:both;\"><\/div><\/p>\n","protected":false},"excerpt":{"rendered":"<p>Obermaterial: Leder<br \/>\nInnenmaterial: Textil<br \/>\nSohle: Synthetik<\/p>\n","protected":false},"featured_media":16264,"comment_status":"open","ping_status":"closed","template":"","meta":[],"product_cat":[128,145],"product_tag":[],"yoast_head":"<!-- This site is optimized with the Yoast SEO plugin v20.6 - https:\/\/yoast.com\/wordpress\/plugins\/seo\/ -->\n<title>Superfit Jungen SPORT7 MINI Lauflernschuh, BLAU\/ROSA 8010, 29 EU - FamilienMode<\/title>\n<meta name=\"robots\" content=\"index, follow, max-snippet:-1, max-image-preview:large, max-video-preview:-1\" \/>\n<link rel=\"canonical\" href=\"https:\/\/bekleidungscenter.com\/?product=superfit-jungen-sport7-mini-lauflernschuh-grau-gelb-2000\" \/>\n<meta property=\"og:locale\" content=\"de_DE\" \/>\n<meta property=\"og:type\" content=\"article\" \/>\n<meta property=\"og:title\" content=\"Superfit Jungen SPORT7 MINI Lauflernschuh, BLAU\/ROSA 8010, 29 EU - FamilienMode\" \/>\n<meta property=\"og:description\" content=\"Obermaterial: Leder Innenmaterial: Textil Sohle: Synthetik\" \/>\n<meta property=\"og:url\" content=\"https:\/\/bekleidungscenter.com\/?product=superfit-jungen-sport7-mini-lauflernschuh-grau-gelb-2000\" \/>\n<meta property=\"og:site_name\" content=\"FamilienMode\" \/>\n<meta property=\"article:modified_time\" content=\"2023-04-04T21:58:08+00:00\" \/>\n<meta property=\"og:image\" content=\"https:\/\/images-na.ssl-images-amazon.com\/images\/I\/41%2BudX1XIRL.jpg\" \/>\n\t<meta property=\"og:image:width\" content=\"500\" \/>\n\t<meta property=\"og:image:height\" content=\"500\" \/>\n\t<meta property=\"og:image:type\" content=\"image\/jpeg\" \/>\n<meta name=\"twitter:card\" content=\"summary_large_image\" \/>\n<meta name=\"twitter:label1\" content=\"Gesch\u00e4tzte Lesezeit\" \/>\n\t<meta name=\"twitter:data1\" content=\"1\u00a0Minute\" \/>\n<script type=\"application\/ld+json\" class=\"yoast-schema-graph\">{\"@context\":\"https:\/\/schema.org\",\"@graph\":[{\"@type\":\"WebPage\",\"@id\":\"https:\/\/bekleidungscenter.com\/?product=superfit-jungen-sport7-mini-lauflernschuh-grau-gelb-2000\",\"url\":\"https:\/\/bekleidungscenter.com\/?product=superfit-jungen-sport7-mini-lauflernschuh-grau-gelb-2000\",\"name\":\"Superfit Jungen SPORT7 MINI Lauflernschuh, BLAU\/ROSA 8010, 29 EU - FamilienMode\",\"isPartOf\":{\"@id\":\"https:\/\/bekleidungscenter.com\/#website\"},\"datePublished\":\"2021-01-04T09:39:20+00:00\",\"dateModified\":\"2023-04-04T21:58:08+00:00\",\"breadcrumb\":{\"@id\":\"https:\/\/bekleidungscenter.com\/?product=superfit-jungen-sport7-mini-lauflernschuh-grau-gelb-2000#breadcrumb\"},\"inLanguage\":\"de\",\"potentialAction\":[{\"@type\":\"ReadAction\",\"target\":[\"https:\/\/bekleidungscenter.com\/?product=superfit-jungen-sport7-mini-lauflernschuh-grau-gelb-2000\"]}]},{\"@type\":\"BreadcrumbList\",\"@id\":\"https:\/\/bekleidungscenter.com\/?product=superfit-jungen-sport7-mini-lauflernschuh-grau-gelb-2000#breadcrumb\",\"itemListElement\":[{\"@type\":\"ListItem\",\"position\":1,\"name\":\"Home\",\"item\":\"https:\/\/bekleidungscenter.com\/\"},{\"@type\":\"ListItem\",\"position\":2,\"name\":\"Shop\",\"item\":\"https:\/\/bekleidungscenter.com\/?page_id=7\"},{\"@type\":\"ListItem\",\"position\":3,\"name\":\"Superfit Jungen SPORT7 MINI Lauflernschuh, BLAU\/ROSA 8010, 29 EU\"}]},{\"@type\":\"WebSite\",\"@id\":\"https:\/\/bekleidungscenter.com\/#website\",\"url\":\"https:\/\/bekleidungscenter.com\/\",\"name\":\"FamilienMode\",\"description\":\"Alles f\u00fcr die ganze Familie\",\"potentialAction\":[{\"@type\":\"SearchAction\",\"target\":{\"@type\":\"EntryPoint\",\"urlTemplate\":\"https:\/\/bekleidungscenter.com\/?s={search_term_string}\"},\"query-input\":\"required name=search_term_string\"}],\"inLanguage\":\"de\"}]}<\/script>\n<!-- \/ Yoast SEO plugin. -->","yoast_head_json":{"title":"Superfit Jungen SPORT7 MINI Lauflernschuh, BLAU\/ROSA 8010, 29 EU - FamilienMode","robots":{"index":"index","follow":"follow","max-snippet":"max-snippet:-1","max-image-preview":"max-image-preview:large","max-video-preview":"max-video-preview:-1"},"canonical":"https:\/\/bekleidungscenter.com\/?product=superfit-jungen-sport7-mini-lauflernschuh-grau-gelb-2000","og_locale":"de_DE","og_type":"article","og_title":"Superfit Jungen SPORT7 MINI Lauflernschuh, BLAU\/ROSA 8010, 29 EU - FamilienMode","og_description":"Obermaterial: Leder Innenmaterial: Textil Sohle: Synthetik","og_url":"https:\/\/bekleidungscenter.com\/?product=superfit-jungen-sport7-mini-lauflernschuh-grau-gelb-2000","og_site_name":"FamilienMode","article_modified_time":"2023-04-04T21:58:08+00:00","og_image":[{"width":500,"height":500,"url":"https:\/\/images-na.ssl-images-amazon.com\/images\/I\/41%2BudX1XIRL.jpg","type":"image\/jpeg"}],"twitter_card":"summary_large_image","twitter_misc":{"Gesch\u00e4tzte Lesezeit":"1\u00a0Minute"},"schema":{"@context":"https:\/\/schema.org","@graph":[{"@type":"WebPage","@id":"https:\/\/bekleidungscenter.com\/?product=superfit-jungen-sport7-mini-lauflernschuh-grau-gelb-2000","url":"https:\/\/bekleidungscenter.com\/?product=superfit-jungen-sport7-mini-lauflernschuh-grau-gelb-2000","name":"Superfit Jungen SPORT7 MINI Lauflernschuh, BLAU\/ROSA 8010, 29 EU - FamilienMode","isPartOf":{"@id":"https:\/\/bekleidungscenter.com\/#website"},"datePublished":"2021-01-04T09:39:20+00:00","dateModified":"2023-04-04T21:58:08+00:00","breadcrumb":{"@id":"https:\/\/bekleidungscenter.com\/?product=superfit-jungen-sport7-mini-lauflernschuh-grau-gelb-2000#breadcrumb"},"inLanguage":"de","potentialAction":[{"@type":"ReadAction","target":["https:\/\/bekleidungscenter.com\/?product=superfit-jungen-sport7-mini-lauflernschuh-grau-gelb-2000"]}]},{"@type":"BreadcrumbList","@id":"https:\/\/bekleidungscenter.com\/?product=superfit-jungen-sport7-mini-lauflernschuh-grau-gelb-2000#breadcrumb","itemListElement":[{"@type":"ListItem","position":1,"name":"Home","item":"https:\/\/bekleidungscenter.com\/"},{"@type":"ListItem","position":2,"name":"Shop","item":"https:\/\/bekleidungscenter.com\/?page_id=7"},{"@type":"ListItem","position":3,"name":"Superfit Jungen SPORT7 MINI Lauflernschuh, BLAU\/ROSA 8010, 29 EU"}]},{"@type":"WebSite","@id":"https:\/\/bekleidungscenter.com\/#website","url":"https:\/\/bekleidungscenter.com\/","name":"FamilienMode","description":"Alles f\u00fcr die ganze Familie","potentialAction":[{"@type":"SearchAction","target":{"@type":"EntryPoint","urlTemplate":"https:\/\/bekleidungscenter.com\/?s={search_term_string}"},"query-input":"required name=search_term_string"}],"inLanguage":"de"}]}},"_links":{"self":[{"href":"https:\/\/bekleidungscenter.com\/index.php?rest_route=\/wp\/v2\/product\/16262"}],"collection":[{"href":"https:\/\/bekleidungscenter.com\/index.php?rest_route=\/wp\/v2\/product"}],"about":[{"href":"https:\/\/bekleidungscenter.com\/index.php?rest_route=\/wp\/v2\/types\/product"}],"replies":[{"embeddable":true,"href":"https:\/\/bekleidungscenter.com\/index.php?rest_route=%2Fwp%2Fv2%2Fcomments&post=16262"}],"wp:featuredmedia":[{"embeddable":true,"href":"https:\/\/bekleidungscenter.com\/index.php?rest_route=\/wp\/v2\/media\/16264"}],"wp:attachment":[{"href":"https:\/\/bekleidungscenter.com\/index.php?rest_route=%2Fwp%2Fv2%2Fmedia&parent=16262"}],"wp:term":[{"taxonomy":"product_cat","embeddable":true,"href":"https:\/\/bekleidungscenter.com\/index.php?rest_route=%2Fwp%2Fv2%2Fproduct_cat&post=16262"},{"taxonomy":"product_tag","embeddable":true,"href":"https:\/\/bekleidungscenter.com\/index.php?rest_route=%2Fwp%2Fv2%2Fproduct_tag&post=16262"}],"curies":[{"name":"wp","href":"https:\/\/api.w.org\/{rel}","templated":true}]}}