{"id":16297,"date":"2021-01-04T09:39:43","date_gmt":"2021-01-04T09:39:43","guid":{"rendered":"http:\/\/bekleidungscenter.com\/?product=ricosta-maedchen-winterstiefel-cosma-weite-mittel-wms-wasserfest"},"modified":"2023-04-08T22:37:31","modified_gmt":"2023-04-08T22:37:31","slug":"ricosta-maedchen-winterstiefel-cosma-weite-mittel-wms-wasserfest","status":"publish","type":"product","link":"https:\/\/bekleidungscenter.com\/?product=ricosta-maedchen-winterstiefel-cosma-weite-mittel-wms-wasserfest","title":{"rendered":"RICOSTA Cosma"},"content":{"rendered":"<p><!-- show up to 2 reviews by default --> <\/p>\n<\/p>\n<p> <b>RICOSTA M\u00e4dchen Winterstiefel COSMA, WMS: Arzneimittel, wasserfest, Kinder Winter-Boots,Outdoor-Kinderschuhe,gef\u00fcttert,warm,wasserdicht<\/b> <\/p>\n<p>Seit \u00fcber 45 Jahren entwickelt und fertigt das Unternehmen Ricosta mit massenweise Leidenschaft allerbeste Kinderschuhe. Heute ist RICOSTA nicht zwar eine der erfolgreichsten, sondern alias eine der beliebtesten Kinderschuhmarken \u2013 und das \u00fcber die Angrenzen Deutschlands hinaus. Hier zeigt sich, dass gute Passform, tolle Trageeigenschaften, \u00fcberzeugendes Design und nicht zuletzt Wertarbeit bei Kinderschuhen nach wie vor gesch\u00e4tzt werden.<\/p>\n<p>Der trendige RICOSTA Kinderschuh COSMA \u00fcberzeugt bei jedem Segment mit sicherem Halt. Der modische Winterstiefel ist mit einer extrem weichen und au\u00dfergew\u00f6hnlich flexiblen Sohle die Gesamtheit Naturkautschuk ausgestattet. Im Inneren sorgen eine herausnehmbare Einlegesohle die Gesamtheit weichem Vildona und das Warmfutter f\u00fcr wohlig warme F\u00fc\u00dfe alias bei frostigen Temperaturen. Dank der RICOSTA-TEX-Membran ist der Stiefel wasserfest und somit alias bei Schnee und Regen ein zuverl\u00e4ssiger Begleiter. Der schimmernde Sternchen-Aufdruck zeigt massenweise Liebe zum Detail.<\/p>\n<p><b>Die Bootsschuhe zeichnen sich durch folgende Merkmale die Gesamtheit:<\/b> <\/p>\n<li>Modell: RICOSTA COSMA 9120400, Kolonne: M\u00e4dchen-Schuhe<\/li>\n<li>Obermaterial: Leder 100%, Innenmaterial: Leder 100%, Laufsohle: Synthetik, Decksohle: Einlegesohle: Vildona warm<\/li>\n<li>Absatztyp: Flach, Absatzh\u00f6he: 0 cm<\/li>\n<li> Weite: Profan (WMS: Arzneimittel), Verschluss: Rei\u00dfverschluss<\/li>\n<p>Obermaterial: Glattleder<br \/>\nInnenmaterial: Leder<br \/>\nSohle: Synthetik<br \/>\nVerschluss: Rei\u00dfverschluss<br \/>\nAbsatzform: Flach<br \/>\nSchaftweite: Profan<br \/>\nSchuhweite: Profan<br \/>\nWasserdicht<br \/>\n<div class=\"main-cross-sell\" data-asin=\"B07RWQT5NT\">\n\n\t<div class=\"WooZone-cross-sell-loader\">\n\t\t<div>\n\t\t\t<div id=\"floatingBarsG\">\n\t\t\t\t<div class=\"blockG\" id=\"rotateG_01\"><\/div>\n\t\t\t\t<div class=\"blockG\" id=\"rotateG_02\"><\/div>\n\t\t\t\t<div class=\"blockG\" id=\"rotateG_03\"><\/div>\n\t\t\t\t<div class=\"blockG\" id=\"rotateG_04\"><\/div>\n\t\t\t\t<div class=\"blockG\" id=\"rotateG_05\"><\/div>\n\t\t\t\t<div class=\"blockG\" id=\"rotateG_06\"><\/div>\n\t\t\t\t<div class=\"blockG\" id=\"rotateG_07\"><\/div>\n\t\t\t\t<div class=\"blockG\" id=\"rotateG_08\"><\/div>\n\t\t\t<\/div>\n\t\t\t<div class=\"WooZone-cross-sell-loader-text\"><\/div>\n\t\t<\/div>\n\t<\/div>\n\n\t\t\n<\/div>\n<div style=\"clear:both;\"><\/div><\/p>\n","protected":false},"excerpt":{"rendered":"<p>Obermaterial: Glattleder<br \/>\nInnenmaterial: Leder<br \/>\nSohle: Synthetik<\/p>\n","protected":false},"featured_media":16298,"comment_status":"open","ping_status":"closed","template":"","meta":[],"product_cat":[128,145],"product_tag":[],"yoast_head":"<!-- This site is optimized with the Yoast SEO plugin v20.6 - https:\/\/yoast.com\/wordpress\/plugins\/seo\/ -->\n<title>RICOSTA Cosma - FamilienMode<\/title>\n<meta name=\"robots\" content=\"index, follow, max-snippet:-1, max-image-preview:large, max-video-preview:-1\" \/>\n<link rel=\"canonical\" href=\"https:\/\/bekleidungscenter.com\/?product=ricosta-maedchen-winterstiefel-cosma-weite-mittel-wms-wasserfest\" \/>\n<meta property=\"og:locale\" content=\"de_DE\" \/>\n<meta property=\"og:type\" content=\"article\" \/>\n<meta property=\"og:title\" content=\"RICOSTA Cosma - FamilienMode\" \/>\n<meta property=\"og:description\" content=\"Obermaterial: Glattleder Innenmaterial: Leder Sohle: Synthetik\" \/>\n<meta property=\"og:url\" content=\"https:\/\/bekleidungscenter.com\/?product=ricosta-maedchen-winterstiefel-cosma-weite-mittel-wms-wasserfest\" \/>\n<meta property=\"og:site_name\" content=\"FamilienMode\" \/>\n<meta property=\"article:modified_time\" content=\"2023-04-08T22:37:31+00:00\" \/>\n<meta property=\"og:image\" content=\"https:\/\/images-na.ssl-images-amazon.com\/images\/I\/41-Tcypy97L.jpg\" \/>\n\t<meta property=\"og:image:width\" content=\"500\" \/>\n\t<meta property=\"og:image:height\" content=\"500\" \/>\n\t<meta property=\"og:image:type\" content=\"image\/jpeg\" \/>\n<meta name=\"twitter:card\" content=\"summary_large_image\" \/>\n<meta name=\"twitter:label1\" content=\"Gesch\u00e4tzte Lesezeit\" \/>\n\t<meta name=\"twitter:data1\" content=\"1\u00a0Minute\" \/>\n<script type=\"application\/ld+json\" class=\"yoast-schema-graph\">{\"@context\":\"https:\/\/schema.org\",\"@graph\":[{\"@type\":\"WebPage\",\"@id\":\"https:\/\/bekleidungscenter.com\/?product=ricosta-maedchen-winterstiefel-cosma-weite-mittel-wms-wasserfest\",\"url\":\"https:\/\/bekleidungscenter.com\/?product=ricosta-maedchen-winterstiefel-cosma-weite-mittel-wms-wasserfest\",\"name\":\"RICOSTA Cosma - FamilienMode\",\"isPartOf\":{\"@id\":\"https:\/\/bekleidungscenter.com\/#website\"},\"datePublished\":\"2021-01-04T09:39:43+00:00\",\"dateModified\":\"2023-04-08T22:37:31+00:00\",\"breadcrumb\":{\"@id\":\"https:\/\/bekleidungscenter.com\/?product=ricosta-maedchen-winterstiefel-cosma-weite-mittel-wms-wasserfest#breadcrumb\"},\"inLanguage\":\"de\",\"potentialAction\":[{\"@type\":\"ReadAction\",\"target\":[\"https:\/\/bekleidungscenter.com\/?product=ricosta-maedchen-winterstiefel-cosma-weite-mittel-wms-wasserfest\"]}]},{\"@type\":\"BreadcrumbList\",\"@id\":\"https:\/\/bekleidungscenter.com\/?product=ricosta-maedchen-winterstiefel-cosma-weite-mittel-wms-wasserfest#breadcrumb\",\"itemListElement\":[{\"@type\":\"ListItem\",\"position\":1,\"name\":\"Home\",\"item\":\"https:\/\/bekleidungscenter.com\/\"},{\"@type\":\"ListItem\",\"position\":2,\"name\":\"Shop\",\"item\":\"https:\/\/bekleidungscenter.com\/?page_id=7\"},{\"@type\":\"ListItem\",\"position\":3,\"name\":\"RICOSTA Cosma\"}]},{\"@type\":\"WebSite\",\"@id\":\"https:\/\/bekleidungscenter.com\/#website\",\"url\":\"https:\/\/bekleidungscenter.com\/\",\"name\":\"FamilienMode\",\"description\":\"Alles f\u00fcr die ganze Familie\",\"potentialAction\":[{\"@type\":\"SearchAction\",\"target\":{\"@type\":\"EntryPoint\",\"urlTemplate\":\"https:\/\/bekleidungscenter.com\/?s={search_term_string}\"},\"query-input\":\"required name=search_term_string\"}],\"inLanguage\":\"de\"}]}<\/script>\n<!-- \/ Yoast SEO plugin. -->","yoast_head_json":{"title":"RICOSTA Cosma - FamilienMode","robots":{"index":"index","follow":"follow","max-snippet":"max-snippet:-1","max-image-preview":"max-image-preview:large","max-video-preview":"max-video-preview:-1"},"canonical":"https:\/\/bekleidungscenter.com\/?product=ricosta-maedchen-winterstiefel-cosma-weite-mittel-wms-wasserfest","og_locale":"de_DE","og_type":"article","og_title":"RICOSTA Cosma - FamilienMode","og_description":"Obermaterial: Glattleder Innenmaterial: Leder Sohle: Synthetik","og_url":"https:\/\/bekleidungscenter.com\/?product=ricosta-maedchen-winterstiefel-cosma-weite-mittel-wms-wasserfest","og_site_name":"FamilienMode","article_modified_time":"2023-04-08T22:37:31+00:00","og_image":[{"width":500,"height":500,"url":"https:\/\/images-na.ssl-images-amazon.com\/images\/I\/41-Tcypy97L.jpg","type":"image\/jpeg"}],"twitter_card":"summary_large_image","twitter_misc":{"Gesch\u00e4tzte Lesezeit":"1\u00a0Minute"},"schema":{"@context":"https:\/\/schema.org","@graph":[{"@type":"WebPage","@id":"https:\/\/bekleidungscenter.com\/?product=ricosta-maedchen-winterstiefel-cosma-weite-mittel-wms-wasserfest","url":"https:\/\/bekleidungscenter.com\/?product=ricosta-maedchen-winterstiefel-cosma-weite-mittel-wms-wasserfest","name":"RICOSTA Cosma - FamilienMode","isPartOf":{"@id":"https:\/\/bekleidungscenter.com\/#website"},"datePublished":"2021-01-04T09:39:43+00:00","dateModified":"2023-04-08T22:37:31+00:00","breadcrumb":{"@id":"https:\/\/bekleidungscenter.com\/?product=ricosta-maedchen-winterstiefel-cosma-weite-mittel-wms-wasserfest#breadcrumb"},"inLanguage":"de","potentialAction":[{"@type":"ReadAction","target":["https:\/\/bekleidungscenter.com\/?product=ricosta-maedchen-winterstiefel-cosma-weite-mittel-wms-wasserfest"]}]},{"@type":"BreadcrumbList","@id":"https:\/\/bekleidungscenter.com\/?product=ricosta-maedchen-winterstiefel-cosma-weite-mittel-wms-wasserfest#breadcrumb","itemListElement":[{"@type":"ListItem","position":1,"name":"Home","item":"https:\/\/bekleidungscenter.com\/"},{"@type":"ListItem","position":2,"name":"Shop","item":"https:\/\/bekleidungscenter.com\/?page_id=7"},{"@type":"ListItem","position":3,"name":"RICOSTA Cosma"}]},{"@type":"WebSite","@id":"https:\/\/bekleidungscenter.com\/#website","url":"https:\/\/bekleidungscenter.com\/","name":"FamilienMode","description":"Alles f\u00fcr die ganze Familie","potentialAction":[{"@type":"SearchAction","target":{"@type":"EntryPoint","urlTemplate":"https:\/\/bekleidungscenter.com\/?s={search_term_string}"},"query-input":"required name=search_term_string"}],"inLanguage":"de"}]}},"_links":{"self":[{"href":"https:\/\/bekleidungscenter.com\/index.php?rest_route=\/wp\/v2\/product\/16297"}],"collection":[{"href":"https:\/\/bekleidungscenter.com\/index.php?rest_route=\/wp\/v2\/product"}],"about":[{"href":"https:\/\/bekleidungscenter.com\/index.php?rest_route=\/wp\/v2\/types\/product"}],"replies":[{"embeddable":true,"href":"https:\/\/bekleidungscenter.com\/index.php?rest_route=%2Fwp%2Fv2%2Fcomments&post=16297"}],"wp:featuredmedia":[{"embeddable":true,"href":"https:\/\/bekleidungscenter.com\/index.php?rest_route=\/wp\/v2\/media\/16298"}],"wp:attachment":[{"href":"https:\/\/bekleidungscenter.com\/index.php?rest_route=%2Fwp%2Fv2%2Fmedia&parent=16297"}],"wp:term":[{"taxonomy":"product_cat","embeddable":true,"href":"https:\/\/bekleidungscenter.com\/index.php?rest_route=%2Fwp%2Fv2%2Fproduct_cat&post=16297"},{"taxonomy":"product_tag","embeddable":true,"href":"https:\/\/bekleidungscenter.com\/index.php?rest_route=%2Fwp%2Fv2%2Fproduct_tag&post=16297"}],"curies":[{"name":"wp","href":"https:\/\/api.w.org\/{rel}","templated":true}]}}