{"id":16313,"date":"2021-01-04T09:39:53","date_gmt":"2021-01-04T09:39:53","guid":{"rendered":"http:\/\/bekleidungscenter.com\/?product=superfit-baby-maedchen-moppy-sneaker-27"},"modified":"2023-04-08T22:37:31","modified_gmt":"2023-04-08T22:37:31","slug":"superfit-baby-maedchen-moppy-sneaker-27","status":"publish","type":"product","link":"https:\/\/bekleidungscenter.com\/?product=superfit-baby-maedchen-moppy-sneaker-27","title":{"rendered":"Superfit M\u00e4dchen Moppy Sneaker"},"content":{"rendered":"<p><!-- show up to 2 reviews by default --> <\/p>\n<p>BILL ist der Hausschuh Klassiker von superfit. Das hochwertige und strapazierf\u00e4hige Textil ist im Vorfu\u00dfbereich unter Zuhilfenahme von coolen Fu\u00dfballmotiven verziert. Unter Zuhilfenahme von des praktischen Klettverschlusses kann das Modell entsprechend den W\u00fcnschen hergerichtet an den Fu\u00dfr\u00fccken aufeinander abgestimmt werden. Dessen ungeachtet l\u00e4sst sich der Hausschuh weit anfangen, was ein schnelles An- und Ausziehen erlaubt. Die flexible Sohle, die unter Zuhilfenahme von kleinen Luftl\u00f6chern ausgestattet ist, d\u00e4mpft den Bumsen optimal ab und hinterl\u00e4sst keinerlei Spuren auf Fu\u00dfb\u00f6den. Das weiche Baumwollfutter ist atmungsaktiv und sorgt zus\u00e4tzlich statt ein angenehmes Tragegef\u00fchl &#8211; schnurz ob zu Hause, im Kindergarten oder in der Schule. BILL ist in der WMS-Weite M IV erh\u00e4ltlich. <\/p>\n<p>Obermaterial: Leder<br \/>\nInnenmaterial: Lederfutter<br \/>\nSohle: Synthetik<br \/>\nVerschluss: Klettverschluss<br \/>\nAbsatzh\u00f6he: 10 Millimeter<br \/>\nAbsatzform: Flach<br \/>\nGr\u00f6\u00dfenhinweis: Bequeme Passform<br \/>\nSchuhweite: Normalerweise<br \/>\nNicht wasserdicht<br \/>\n<div class=\"main-cross-sell\" data-asin=\"B07V3ND4YK\">\n\n\t<div class=\"WooZone-cross-sell-loader\">\n\t\t<div>\n\t\t\t<div id=\"floatingBarsG\">\n\t\t\t\t<div class=\"blockG\" id=\"rotateG_01\"><\/div>\n\t\t\t\t<div class=\"blockG\" id=\"rotateG_02\"><\/div>\n\t\t\t\t<div class=\"blockG\" id=\"rotateG_03\"><\/div>\n\t\t\t\t<div class=\"blockG\" id=\"rotateG_04\"><\/div>\n\t\t\t\t<div class=\"blockG\" id=\"rotateG_05\"><\/div>\n\t\t\t\t<div class=\"blockG\" id=\"rotateG_06\"><\/div>\n\t\t\t\t<div class=\"blockG\" id=\"rotateG_07\"><\/div>\n\t\t\t\t<div class=\"blockG\" id=\"rotateG_08\"><\/div>\n\t\t\t<\/div>\n\t\t\t<div class=\"WooZone-cross-sell-loader-text\"><\/div>\n\t\t<\/div>\n\t<\/div>\n\n\t\t\n<\/div>\n<div style=\"clear:both;\"><\/div><\/p>\n","protected":false},"excerpt":{"rendered":"<p>Obermaterial: Leder<br \/>\nInnenmaterial: Lederfutter<br \/>\nSohle: Synthetik<\/p>\n","protected":false},"featured_media":16318,"comment_status":"open","ping_status":"closed","template":"","meta":[],"product_cat":[128,145],"product_tag":[],"yoast_head":"<!-- This site is optimized with the Yoast SEO plugin v20.6 - https:\/\/yoast.com\/wordpress\/plugins\/seo\/ -->\n<title>Superfit M\u00e4dchen Moppy Sneaker - FamilienMode<\/title>\n<meta name=\"robots\" content=\"index, follow, max-snippet:-1, max-image-preview:large, max-video-preview:-1\" \/>\n<link rel=\"canonical\" href=\"https:\/\/bekleidungscenter.com\/?product=superfit-baby-maedchen-moppy-sneaker-27\" \/>\n<meta property=\"og:locale\" content=\"de_DE\" \/>\n<meta property=\"og:type\" content=\"article\" \/>\n<meta property=\"og:title\" content=\"Superfit M\u00e4dchen Moppy Sneaker - FamilienMode\" \/>\n<meta property=\"og:description\" content=\"Obermaterial: Leder Innenmaterial: Lederfutter Sohle: Synthetik\" \/>\n<meta property=\"og:url\" content=\"https:\/\/bekleidungscenter.com\/?product=superfit-baby-maedchen-moppy-sneaker-27\" \/>\n<meta property=\"og:site_name\" content=\"FamilienMode\" \/>\n<meta property=\"article:modified_time\" content=\"2023-04-08T22:37:31+00:00\" \/>\n<meta property=\"og:image\" content=\"https:\/\/images-na.ssl-images-amazon.com\/images\/I\/41axKyVCHKL.jpg\" \/>\n\t<meta property=\"og:image:width\" content=\"500\" \/>\n\t<meta property=\"og:image:height\" content=\"500\" \/>\n\t<meta property=\"og:image:type\" content=\"image\/jpeg\" \/>\n<meta name=\"twitter:card\" content=\"summary_large_image\" \/>\n<meta name=\"twitter:label1\" content=\"Gesch\u00e4tzte Lesezeit\" \/>\n\t<meta name=\"twitter:data1\" content=\"1\u00a0Minute\" \/>\n<script type=\"application\/ld+json\" class=\"yoast-schema-graph\">{\"@context\":\"https:\/\/schema.org\",\"@graph\":[{\"@type\":\"WebPage\",\"@id\":\"https:\/\/bekleidungscenter.com\/?product=superfit-baby-maedchen-moppy-sneaker-27\",\"url\":\"https:\/\/bekleidungscenter.com\/?product=superfit-baby-maedchen-moppy-sneaker-27\",\"name\":\"Superfit M\u00e4dchen Moppy Sneaker - FamilienMode\",\"isPartOf\":{\"@id\":\"https:\/\/bekleidungscenter.com\/#website\"},\"datePublished\":\"2021-01-04T09:39:53+00:00\",\"dateModified\":\"2023-04-08T22:37:31+00:00\",\"breadcrumb\":{\"@id\":\"https:\/\/bekleidungscenter.com\/?product=superfit-baby-maedchen-moppy-sneaker-27#breadcrumb\"},\"inLanguage\":\"de\",\"potentialAction\":[{\"@type\":\"ReadAction\",\"target\":[\"https:\/\/bekleidungscenter.com\/?product=superfit-baby-maedchen-moppy-sneaker-27\"]}]},{\"@type\":\"BreadcrumbList\",\"@id\":\"https:\/\/bekleidungscenter.com\/?product=superfit-baby-maedchen-moppy-sneaker-27#breadcrumb\",\"itemListElement\":[{\"@type\":\"ListItem\",\"position\":1,\"name\":\"Home\",\"item\":\"https:\/\/bekleidungscenter.com\/\"},{\"@type\":\"ListItem\",\"position\":2,\"name\":\"Shop\",\"item\":\"https:\/\/bekleidungscenter.com\/?page_id=7\"},{\"@type\":\"ListItem\",\"position\":3,\"name\":\"Superfit M\u00e4dchen Moppy Sneaker\"}]},{\"@type\":\"WebSite\",\"@id\":\"https:\/\/bekleidungscenter.com\/#website\",\"url\":\"https:\/\/bekleidungscenter.com\/\",\"name\":\"FamilienMode\",\"description\":\"Alles f\u00fcr die ganze Familie\",\"potentialAction\":[{\"@type\":\"SearchAction\",\"target\":{\"@type\":\"EntryPoint\",\"urlTemplate\":\"https:\/\/bekleidungscenter.com\/?s={search_term_string}\"},\"query-input\":\"required name=search_term_string\"}],\"inLanguage\":\"de\"}]}<\/script>\n<!-- \/ Yoast SEO plugin. -->","yoast_head_json":{"title":"Superfit M\u00e4dchen Moppy Sneaker - FamilienMode","robots":{"index":"index","follow":"follow","max-snippet":"max-snippet:-1","max-image-preview":"max-image-preview:large","max-video-preview":"max-video-preview:-1"},"canonical":"https:\/\/bekleidungscenter.com\/?product=superfit-baby-maedchen-moppy-sneaker-27","og_locale":"de_DE","og_type":"article","og_title":"Superfit M\u00e4dchen Moppy Sneaker - FamilienMode","og_description":"Obermaterial: Leder Innenmaterial: Lederfutter Sohle: Synthetik","og_url":"https:\/\/bekleidungscenter.com\/?product=superfit-baby-maedchen-moppy-sneaker-27","og_site_name":"FamilienMode","article_modified_time":"2023-04-08T22:37:31+00:00","og_image":[{"width":500,"height":500,"url":"https:\/\/images-na.ssl-images-amazon.com\/images\/I\/41axKyVCHKL.jpg","type":"image\/jpeg"}],"twitter_card":"summary_large_image","twitter_misc":{"Gesch\u00e4tzte Lesezeit":"1\u00a0Minute"},"schema":{"@context":"https:\/\/schema.org","@graph":[{"@type":"WebPage","@id":"https:\/\/bekleidungscenter.com\/?product=superfit-baby-maedchen-moppy-sneaker-27","url":"https:\/\/bekleidungscenter.com\/?product=superfit-baby-maedchen-moppy-sneaker-27","name":"Superfit M\u00e4dchen Moppy Sneaker - FamilienMode","isPartOf":{"@id":"https:\/\/bekleidungscenter.com\/#website"},"datePublished":"2021-01-04T09:39:53+00:00","dateModified":"2023-04-08T22:37:31+00:00","breadcrumb":{"@id":"https:\/\/bekleidungscenter.com\/?product=superfit-baby-maedchen-moppy-sneaker-27#breadcrumb"},"inLanguage":"de","potentialAction":[{"@type":"ReadAction","target":["https:\/\/bekleidungscenter.com\/?product=superfit-baby-maedchen-moppy-sneaker-27"]}]},{"@type":"BreadcrumbList","@id":"https:\/\/bekleidungscenter.com\/?product=superfit-baby-maedchen-moppy-sneaker-27#breadcrumb","itemListElement":[{"@type":"ListItem","position":1,"name":"Home","item":"https:\/\/bekleidungscenter.com\/"},{"@type":"ListItem","position":2,"name":"Shop","item":"https:\/\/bekleidungscenter.com\/?page_id=7"},{"@type":"ListItem","position":3,"name":"Superfit M\u00e4dchen Moppy Sneaker"}]},{"@type":"WebSite","@id":"https:\/\/bekleidungscenter.com\/#website","url":"https:\/\/bekleidungscenter.com\/","name":"FamilienMode","description":"Alles f\u00fcr die ganze Familie","potentialAction":[{"@type":"SearchAction","target":{"@type":"EntryPoint","urlTemplate":"https:\/\/bekleidungscenter.com\/?s={search_term_string}"},"query-input":"required name=search_term_string"}],"inLanguage":"de"}]}},"_links":{"self":[{"href":"https:\/\/bekleidungscenter.com\/index.php?rest_route=\/wp\/v2\/product\/16313"}],"collection":[{"href":"https:\/\/bekleidungscenter.com\/index.php?rest_route=\/wp\/v2\/product"}],"about":[{"href":"https:\/\/bekleidungscenter.com\/index.php?rest_route=\/wp\/v2\/types\/product"}],"replies":[{"embeddable":true,"href":"https:\/\/bekleidungscenter.com\/index.php?rest_route=%2Fwp%2Fv2%2Fcomments&post=16313"}],"wp:featuredmedia":[{"embeddable":true,"href":"https:\/\/bekleidungscenter.com\/index.php?rest_route=\/wp\/v2\/media\/16318"}],"wp:attachment":[{"href":"https:\/\/bekleidungscenter.com\/index.php?rest_route=%2Fwp%2Fv2%2Fmedia&parent=16313"}],"wp:term":[{"taxonomy":"product_cat","embeddable":true,"href":"https:\/\/bekleidungscenter.com\/index.php?rest_route=%2Fwp%2Fv2%2Fproduct_cat&post=16313"},{"taxonomy":"product_tag","embeddable":true,"href":"https:\/\/bekleidungscenter.com\/index.php?rest_route=%2Fwp%2Fv2%2Fproduct_tag&post=16313"}],"curies":[{"name":"wp","href":"https:\/\/api.w.org\/{rel}","templated":true}]}}