{"id":16407,"date":"2021-01-04T09:40:46","date_gmt":"2021-01-04T09:40:46","guid":{"rendered":"http:\/\/bekleidungscenter.com\/?product=geox-jungen-b-each-boy-b-sneaker"},"modified":"2023-04-08T22:37:33","modified_gmt":"2023-04-08T22:37:33","slug":"geox-jungen-b-each-boy-b-sneaker","status":"publish","type":"product","link":"https:\/\/bekleidungscenter.com\/?product=geox-jungen-b-each-boy-b-sneaker","title":{"rendered":"Geox Baby Jungen B EACH BOY B"},"content":{"rendered":"<p><!-- show up to 2 reviews by default --> <\/p>\n<p>Der Schuh im sportlichen Look ist minuti\u00f6s das Richtige f\u00fcr die ersten Aktion seines Jungen, denn Stabyx, ein spezielles St\u00fctzelement an der Ferse, verbessert das Gleichgewicht und die Stabilit\u00e4t. Die atmungsaktive TR-Sohle ist leicht, langlebig und ausgesprochen griffig und sorgt durch das Geox-Patent f\u00fcr ein angenehmes Fu\u00dfgef\u00fchl. Die Laufsohle mit Flexy System verbessert die Anpassungsf\u00e4higkeit; die s\u00e4mtliche praktischen und hygienischen Gr\u00fcnden herausnehmbare Innensohle ist mit ungiftigem und gesundheitlich unbedenklichem chromfreiem Leder bezogen. Der Verschluss mit Schn\u00fcrsenkeln und seitlichem Rei\u00dfverschluss erm\u00f6glicht ein schnelles und einfaches Anziehen. F\u00fcr jedes Spross gibt es den idealen Schuh \u2013 und wir haben sie nicht mehr da. Dank unserer langen Erfahrung und Spezialisierung wissen wir bei GEOX, wie man die Entwicklung junger F\u00fc\u00dfe in allen Wachstumsstadien optimal und bequem unterst\u00fctzt. Dank der flexiblen Struktur und der sicheren Schn\u00fcrung sind diese Schuhe ideal daf\u00fcr im Rahmen, Kinder ab neun Monaten zum Bewegen zu demontieren. Die klassische Geox Gummisohle basiert auf einem exklusiven Patent, bei dem eine Kombination s\u00e4mtliche perforierter Sohle und strapazierf\u00e4higer, atmungsaktiver und wasserabweisender Membran die Temperatur auf nat\u00fcrliche Weise reguliert und den ganzen Tag \u00fcber f\u00fcr ein ideales Mikroklima im Inneren des Schuhs sorgt. <\/p>\n<p>Obermaterial: Synthetik<br \/>\nInnenmaterial: Leder<br \/>\nSohle: Synthetik<br \/>\nVerschluss: Rei\u00dfverschluss<br \/>\nAbsatzh\u00f6he: 2 cm<br \/>\nAbsatzform: Flach<br \/>\nGr\u00f6\u00dfenhinweis: Geox-Schuhe haben eine bequeme Passform<br \/>\nSchuhweite: Gew\u00f6hnlich<br \/>\n<div class=\"main-cross-sell\" data-asin=\"B07SSJ51FW\">\n\n\t<div class=\"WooZone-cross-sell-loader\">\n\t\t<div>\n\t\t\t<div id=\"floatingBarsG\">\n\t\t\t\t<div class=\"blockG\" id=\"rotateG_01\"><\/div>\n\t\t\t\t<div class=\"blockG\" id=\"rotateG_02\"><\/div>\n\t\t\t\t<div class=\"blockG\" id=\"rotateG_03\"><\/div>\n\t\t\t\t<div class=\"blockG\" id=\"rotateG_04\"><\/div>\n\t\t\t\t<div class=\"blockG\" id=\"rotateG_05\"><\/div>\n\t\t\t\t<div class=\"blockG\" id=\"rotateG_06\"><\/div>\n\t\t\t\t<div class=\"blockG\" id=\"rotateG_07\"><\/div>\n\t\t\t\t<div class=\"blockG\" id=\"rotateG_08\"><\/div>\n\t\t\t<\/div>\n\t\t\t<div class=\"WooZone-cross-sell-loader-text\"><\/div>\n\t\t<\/div>\n\t<\/div>\n\n\t\t\n<\/div>\n<div style=\"clear:both;\"><\/div><\/p>\n","protected":false},"excerpt":{"rendered":"<p>Obermaterial: Synthetik<br \/>\nInnenmaterial: Leder<br \/>\nSohle: Synthetik<\/p>\n","protected":false},"featured_media":16408,"comment_status":"open","ping_status":"closed","template":"","meta":[],"product_cat":[128,145],"product_tag":[],"yoast_head":"<!-- This site is optimized with the Yoast SEO plugin v20.6 - https:\/\/yoast.com\/wordpress\/plugins\/seo\/ -->\n<title>Geox Baby Jungen B EACH BOY B - FamilienMode<\/title>\n<meta name=\"robots\" content=\"index, follow, max-snippet:-1, max-image-preview:large, max-video-preview:-1\" \/>\n<link rel=\"canonical\" href=\"https:\/\/bekleidungscenter.com\/?product=geox-jungen-b-each-boy-b-sneaker\" \/>\n<meta property=\"og:locale\" content=\"de_DE\" \/>\n<meta property=\"og:type\" content=\"article\" \/>\n<meta property=\"og:title\" content=\"Geox Baby Jungen B EACH BOY B - FamilienMode\" \/>\n<meta property=\"og:description\" content=\"Obermaterial: Synthetik Innenmaterial: Leder Sohle: Synthetik\" \/>\n<meta property=\"og:url\" content=\"https:\/\/bekleidungscenter.com\/?product=geox-jungen-b-each-boy-b-sneaker\" \/>\n<meta property=\"og:site_name\" content=\"FamilienMode\" \/>\n<meta property=\"article:modified_time\" content=\"2023-04-08T22:37:33+00:00\" \/>\n<meta property=\"og:image\" content=\"https:\/\/images-na.ssl-images-amazon.com\/images\/I\/41j4MJcQeAL.jpg\" \/>\n\t<meta property=\"og:image:width\" content=\"500\" \/>\n\t<meta property=\"og:image:height\" content=\"500\" \/>\n\t<meta property=\"og:image:type\" content=\"image\/jpeg\" \/>\n<meta name=\"twitter:card\" content=\"summary_large_image\" \/>\n<meta name=\"twitter:label1\" content=\"Gesch\u00e4tzte Lesezeit\" \/>\n\t<meta name=\"twitter:data1\" content=\"1\u00a0Minute\" \/>\n<script type=\"application\/ld+json\" class=\"yoast-schema-graph\">{\"@context\":\"https:\/\/schema.org\",\"@graph\":[{\"@type\":\"WebPage\",\"@id\":\"https:\/\/bekleidungscenter.com\/?product=geox-jungen-b-each-boy-b-sneaker\",\"url\":\"https:\/\/bekleidungscenter.com\/?product=geox-jungen-b-each-boy-b-sneaker\",\"name\":\"Geox Baby Jungen B EACH BOY B - FamilienMode\",\"isPartOf\":{\"@id\":\"https:\/\/bekleidungscenter.com\/#website\"},\"datePublished\":\"2021-01-04T09:40:46+00:00\",\"dateModified\":\"2023-04-08T22:37:33+00:00\",\"breadcrumb\":{\"@id\":\"https:\/\/bekleidungscenter.com\/?product=geox-jungen-b-each-boy-b-sneaker#breadcrumb\"},\"inLanguage\":\"de\",\"potentialAction\":[{\"@type\":\"ReadAction\",\"target\":[\"https:\/\/bekleidungscenter.com\/?product=geox-jungen-b-each-boy-b-sneaker\"]}]},{\"@type\":\"BreadcrumbList\",\"@id\":\"https:\/\/bekleidungscenter.com\/?product=geox-jungen-b-each-boy-b-sneaker#breadcrumb\",\"itemListElement\":[{\"@type\":\"ListItem\",\"position\":1,\"name\":\"Home\",\"item\":\"https:\/\/bekleidungscenter.com\/\"},{\"@type\":\"ListItem\",\"position\":2,\"name\":\"Shop\",\"item\":\"https:\/\/bekleidungscenter.com\/?page_id=7\"},{\"@type\":\"ListItem\",\"position\":3,\"name\":\"Geox Baby Jungen B EACH BOY B\"}]},{\"@type\":\"WebSite\",\"@id\":\"https:\/\/bekleidungscenter.com\/#website\",\"url\":\"https:\/\/bekleidungscenter.com\/\",\"name\":\"FamilienMode\",\"description\":\"Alles f\u00fcr die ganze Familie\",\"potentialAction\":[{\"@type\":\"SearchAction\",\"target\":{\"@type\":\"EntryPoint\",\"urlTemplate\":\"https:\/\/bekleidungscenter.com\/?s={search_term_string}\"},\"query-input\":\"required name=search_term_string\"}],\"inLanguage\":\"de\"}]}<\/script>\n<!-- \/ Yoast SEO plugin. -->","yoast_head_json":{"title":"Geox Baby Jungen B EACH BOY B - FamilienMode","robots":{"index":"index","follow":"follow","max-snippet":"max-snippet:-1","max-image-preview":"max-image-preview:large","max-video-preview":"max-video-preview:-1"},"canonical":"https:\/\/bekleidungscenter.com\/?product=geox-jungen-b-each-boy-b-sneaker","og_locale":"de_DE","og_type":"article","og_title":"Geox Baby Jungen B EACH BOY B - FamilienMode","og_description":"Obermaterial: Synthetik Innenmaterial: Leder Sohle: Synthetik","og_url":"https:\/\/bekleidungscenter.com\/?product=geox-jungen-b-each-boy-b-sneaker","og_site_name":"FamilienMode","article_modified_time":"2023-04-08T22:37:33+00:00","og_image":[{"width":500,"height":500,"url":"https:\/\/images-na.ssl-images-amazon.com\/images\/I\/41j4MJcQeAL.jpg","type":"image\/jpeg"}],"twitter_card":"summary_large_image","twitter_misc":{"Gesch\u00e4tzte Lesezeit":"1\u00a0Minute"},"schema":{"@context":"https:\/\/schema.org","@graph":[{"@type":"WebPage","@id":"https:\/\/bekleidungscenter.com\/?product=geox-jungen-b-each-boy-b-sneaker","url":"https:\/\/bekleidungscenter.com\/?product=geox-jungen-b-each-boy-b-sneaker","name":"Geox Baby Jungen B EACH BOY B - FamilienMode","isPartOf":{"@id":"https:\/\/bekleidungscenter.com\/#website"},"datePublished":"2021-01-04T09:40:46+00:00","dateModified":"2023-04-08T22:37:33+00:00","breadcrumb":{"@id":"https:\/\/bekleidungscenter.com\/?product=geox-jungen-b-each-boy-b-sneaker#breadcrumb"},"inLanguage":"de","potentialAction":[{"@type":"ReadAction","target":["https:\/\/bekleidungscenter.com\/?product=geox-jungen-b-each-boy-b-sneaker"]}]},{"@type":"BreadcrumbList","@id":"https:\/\/bekleidungscenter.com\/?product=geox-jungen-b-each-boy-b-sneaker#breadcrumb","itemListElement":[{"@type":"ListItem","position":1,"name":"Home","item":"https:\/\/bekleidungscenter.com\/"},{"@type":"ListItem","position":2,"name":"Shop","item":"https:\/\/bekleidungscenter.com\/?page_id=7"},{"@type":"ListItem","position":3,"name":"Geox Baby Jungen B EACH BOY B"}]},{"@type":"WebSite","@id":"https:\/\/bekleidungscenter.com\/#website","url":"https:\/\/bekleidungscenter.com\/","name":"FamilienMode","description":"Alles f\u00fcr die ganze Familie","potentialAction":[{"@type":"SearchAction","target":{"@type":"EntryPoint","urlTemplate":"https:\/\/bekleidungscenter.com\/?s={search_term_string}"},"query-input":"required name=search_term_string"}],"inLanguage":"de"}]}},"_links":{"self":[{"href":"https:\/\/bekleidungscenter.com\/index.php?rest_route=\/wp\/v2\/product\/16407"}],"collection":[{"href":"https:\/\/bekleidungscenter.com\/index.php?rest_route=\/wp\/v2\/product"}],"about":[{"href":"https:\/\/bekleidungscenter.com\/index.php?rest_route=\/wp\/v2\/types\/product"}],"replies":[{"embeddable":true,"href":"https:\/\/bekleidungscenter.com\/index.php?rest_route=%2Fwp%2Fv2%2Fcomments&post=16407"}],"wp:featuredmedia":[{"embeddable":true,"href":"https:\/\/bekleidungscenter.com\/index.php?rest_route=\/wp\/v2\/media\/16408"}],"wp:attachment":[{"href":"https:\/\/bekleidungscenter.com\/index.php?rest_route=%2Fwp%2Fv2%2Fmedia&parent=16407"}],"wp:term":[{"taxonomy":"product_cat","embeddable":true,"href":"https:\/\/bekleidungscenter.com\/index.php?rest_route=%2Fwp%2Fv2%2Fproduct_cat&post=16407"},{"taxonomy":"product_tag","embeddable":true,"href":"https:\/\/bekleidungscenter.com\/index.php?rest_route=%2Fwp%2Fv2%2Fproduct_tag&post=16407"}],"curies":[{"name":"wp","href":"https:\/\/api.w.org\/{rel}","templated":true}]}}