{"id":16427,"date":"2021-01-04T09:40:56","date_gmt":"2021-01-04T09:40:56","guid":{"rendered":"http:\/\/bekleidungscenter.com\/?product=geox-baby-maedchen-b-new-balu-girl-b-ankle-boot"},"modified":"2023-04-08T22:37:33","modified_gmt":"2023-04-08T22:37:33","slug":"geox-baby-maedchen-b-new-balu-girl-b-ankle-boot","status":"publish","type":"product","link":"https:\/\/bekleidungscenter.com\/?product=geox-baby-maedchen-b-new-balu-girl-b-ankle-boot","title":{"rendered":"Geox Baby-M\u00e4dchen B New Balu&#8216; Girl B First Steps"},"content":{"rendered":"<p><!-- show up to 2 reviews by default --> <\/p>\n<p> Bequemer Lauflernschuh \u00fcber Schutzverst\u00e4rkungen an Spitze und Ferse. Die atmungsaktive TR-Sohle \u00fcber dem Geox-Hilfreich ist griffig, leicht und langlebig. Die jeder hygienischen und praktischen Gr\u00fcnden herausnehmbare Innensohle ist \u00fcber ungiftigem, chromfreiem Leder bezogen, das ein langwierig trockenes Fu\u00dfgef\u00fchl garantiert. Die Laufsohle \u00fcber Flexy System und Softly Cushioned System ist anpassungsf\u00e4hig und ged\u00e4mpft. Infolge den Duplikat-Klettverschluss l\u00e4sst der Schuh sich schnell und einfach Kleidung anlegen und zugeschnitten gleichsetzen. <\/p>\n<\/p>\n<p>Obermaterial: Leder<br \/>\nInnenmaterial: Leder<br \/>\nSohle: Gummi<br \/>\nVerschluss: Strap<br \/>\nAbsatzh\u00f6he: 1.5 cm<br \/>\nGr\u00f6\u00dfenhinweis: Geox-Schuhe haben eine bequeme Passform<br \/>\nSchuhweite: Schmal<br \/>\nNicht wasserdicht<br \/>\n<div class=\"main-cross-sell\" data-asin=\"B0825PX8FB\">\n\n\t<div class=\"WooZone-cross-sell-loader\">\n\t\t<div>\n\t\t\t<div id=\"floatingBarsG\">\n\t\t\t\t<div class=\"blockG\" id=\"rotateG_01\"><\/div>\n\t\t\t\t<div class=\"blockG\" id=\"rotateG_02\"><\/div>\n\t\t\t\t<div class=\"blockG\" id=\"rotateG_03\"><\/div>\n\t\t\t\t<div class=\"blockG\" id=\"rotateG_04\"><\/div>\n\t\t\t\t<div class=\"blockG\" id=\"rotateG_05\"><\/div>\n\t\t\t\t<div class=\"blockG\" id=\"rotateG_06\"><\/div>\n\t\t\t\t<div class=\"blockG\" id=\"rotateG_07\"><\/div>\n\t\t\t\t<div class=\"blockG\" id=\"rotateG_08\"><\/div>\n\t\t\t<\/div>\n\t\t\t<div class=\"WooZone-cross-sell-loader-text\"><\/div>\n\t\t<\/div>\n\t<\/div>\n\n\t\t\n<\/div>\n<div style=\"clear:both;\"><\/div><\/p>\n","protected":false},"excerpt":{"rendered":"<p>Obermaterial: Leder<br \/>\nInnenmaterial: Leder<br \/>\nSohle: Gummi<\/p>\n","protected":false},"featured_media":16429,"comment_status":"open","ping_status":"closed","template":"","meta":[],"product_cat":[128,145],"product_tag":[],"yoast_head":"<!-- This site is optimized with the Yoast SEO plugin v20.6 - https:\/\/yoast.com\/wordpress\/plugins\/seo\/ -->\n<title>Geox Baby-M\u00e4dchen B New Balu&#039; Girl B First Steps - FamilienMode<\/title>\n<meta name=\"robots\" content=\"index, follow, max-snippet:-1, max-image-preview:large, max-video-preview:-1\" \/>\n<link rel=\"canonical\" href=\"https:\/\/bekleidungscenter.com\/?product=geox-baby-maedchen-b-new-balu-girl-b-ankle-boot\" \/>\n<meta property=\"og:locale\" content=\"de_DE\" \/>\n<meta property=\"og:type\" content=\"article\" \/>\n<meta property=\"og:title\" content=\"Geox Baby-M\u00e4dchen B New Balu&#039; Girl B First Steps - FamilienMode\" \/>\n<meta property=\"og:description\" content=\"Obermaterial: Leder Innenmaterial: Leder Sohle: Gummi\" \/>\n<meta property=\"og:url\" content=\"https:\/\/bekleidungscenter.com\/?product=geox-baby-maedchen-b-new-balu-girl-b-ankle-boot\" \/>\n<meta property=\"og:site_name\" content=\"FamilienMode\" \/>\n<meta property=\"article:modified_time\" content=\"2023-04-08T22:37:33+00:00\" \/>\n<meta property=\"og:image\" content=\"https:\/\/images-na.ssl-images-amazon.com\/images\/I\/41GVmpIGUSL.jpg\" \/>\n\t<meta property=\"og:image:width\" content=\"500\" \/>\n\t<meta property=\"og:image:height\" content=\"500\" \/>\n\t<meta property=\"og:image:type\" content=\"image\/jpeg\" \/>\n<meta name=\"twitter:card\" content=\"summary_large_image\" \/>\n<meta name=\"twitter:label1\" content=\"Gesch\u00e4tzte Lesezeit\" \/>\n\t<meta name=\"twitter:data1\" content=\"1\u00a0Minute\" \/>\n<script type=\"application\/ld+json\" class=\"yoast-schema-graph\">{\"@context\":\"https:\/\/schema.org\",\"@graph\":[{\"@type\":\"WebPage\",\"@id\":\"https:\/\/bekleidungscenter.com\/?product=geox-baby-maedchen-b-new-balu-girl-b-ankle-boot\",\"url\":\"https:\/\/bekleidungscenter.com\/?product=geox-baby-maedchen-b-new-balu-girl-b-ankle-boot\",\"name\":\"Geox Baby-M\u00e4dchen B New Balu' Girl B First Steps - FamilienMode\",\"isPartOf\":{\"@id\":\"https:\/\/bekleidungscenter.com\/#website\"},\"datePublished\":\"2021-01-04T09:40:56+00:00\",\"dateModified\":\"2023-04-08T22:37:33+00:00\",\"breadcrumb\":{\"@id\":\"https:\/\/bekleidungscenter.com\/?product=geox-baby-maedchen-b-new-balu-girl-b-ankle-boot#breadcrumb\"},\"inLanguage\":\"de\",\"potentialAction\":[{\"@type\":\"ReadAction\",\"target\":[\"https:\/\/bekleidungscenter.com\/?product=geox-baby-maedchen-b-new-balu-girl-b-ankle-boot\"]}]},{\"@type\":\"BreadcrumbList\",\"@id\":\"https:\/\/bekleidungscenter.com\/?product=geox-baby-maedchen-b-new-balu-girl-b-ankle-boot#breadcrumb\",\"itemListElement\":[{\"@type\":\"ListItem\",\"position\":1,\"name\":\"Home\",\"item\":\"https:\/\/bekleidungscenter.com\/\"},{\"@type\":\"ListItem\",\"position\":2,\"name\":\"Shop\",\"item\":\"https:\/\/bekleidungscenter.com\/?page_id=7\"},{\"@type\":\"ListItem\",\"position\":3,\"name\":\"Geox Baby-M\u00e4dchen B New Balu&#8216; Girl B First Steps\"}]},{\"@type\":\"WebSite\",\"@id\":\"https:\/\/bekleidungscenter.com\/#website\",\"url\":\"https:\/\/bekleidungscenter.com\/\",\"name\":\"FamilienMode\",\"description\":\"Alles f\u00fcr die ganze Familie\",\"potentialAction\":[{\"@type\":\"SearchAction\",\"target\":{\"@type\":\"EntryPoint\",\"urlTemplate\":\"https:\/\/bekleidungscenter.com\/?s={search_term_string}\"},\"query-input\":\"required name=search_term_string\"}],\"inLanguage\":\"de\"}]}<\/script>\n<!-- \/ Yoast SEO plugin. -->","yoast_head_json":{"title":"Geox Baby-M\u00e4dchen B New Balu' Girl B First Steps - FamilienMode","robots":{"index":"index","follow":"follow","max-snippet":"max-snippet:-1","max-image-preview":"max-image-preview:large","max-video-preview":"max-video-preview:-1"},"canonical":"https:\/\/bekleidungscenter.com\/?product=geox-baby-maedchen-b-new-balu-girl-b-ankle-boot","og_locale":"de_DE","og_type":"article","og_title":"Geox Baby-M\u00e4dchen B New Balu' Girl B First Steps - FamilienMode","og_description":"Obermaterial: Leder Innenmaterial: Leder Sohle: Gummi","og_url":"https:\/\/bekleidungscenter.com\/?product=geox-baby-maedchen-b-new-balu-girl-b-ankle-boot","og_site_name":"FamilienMode","article_modified_time":"2023-04-08T22:37:33+00:00","og_image":[{"width":500,"height":500,"url":"https:\/\/images-na.ssl-images-amazon.com\/images\/I\/41GVmpIGUSL.jpg","type":"image\/jpeg"}],"twitter_card":"summary_large_image","twitter_misc":{"Gesch\u00e4tzte Lesezeit":"1\u00a0Minute"},"schema":{"@context":"https:\/\/schema.org","@graph":[{"@type":"WebPage","@id":"https:\/\/bekleidungscenter.com\/?product=geox-baby-maedchen-b-new-balu-girl-b-ankle-boot","url":"https:\/\/bekleidungscenter.com\/?product=geox-baby-maedchen-b-new-balu-girl-b-ankle-boot","name":"Geox Baby-M\u00e4dchen B New Balu' Girl B First Steps - FamilienMode","isPartOf":{"@id":"https:\/\/bekleidungscenter.com\/#website"},"datePublished":"2021-01-04T09:40:56+00:00","dateModified":"2023-04-08T22:37:33+00:00","breadcrumb":{"@id":"https:\/\/bekleidungscenter.com\/?product=geox-baby-maedchen-b-new-balu-girl-b-ankle-boot#breadcrumb"},"inLanguage":"de","potentialAction":[{"@type":"ReadAction","target":["https:\/\/bekleidungscenter.com\/?product=geox-baby-maedchen-b-new-balu-girl-b-ankle-boot"]}]},{"@type":"BreadcrumbList","@id":"https:\/\/bekleidungscenter.com\/?product=geox-baby-maedchen-b-new-balu-girl-b-ankle-boot#breadcrumb","itemListElement":[{"@type":"ListItem","position":1,"name":"Home","item":"https:\/\/bekleidungscenter.com\/"},{"@type":"ListItem","position":2,"name":"Shop","item":"https:\/\/bekleidungscenter.com\/?page_id=7"},{"@type":"ListItem","position":3,"name":"Geox Baby-M\u00e4dchen B New Balu&#8216; Girl B First Steps"}]},{"@type":"WebSite","@id":"https:\/\/bekleidungscenter.com\/#website","url":"https:\/\/bekleidungscenter.com\/","name":"FamilienMode","description":"Alles f\u00fcr die ganze Familie","potentialAction":[{"@type":"SearchAction","target":{"@type":"EntryPoint","urlTemplate":"https:\/\/bekleidungscenter.com\/?s={search_term_string}"},"query-input":"required name=search_term_string"}],"inLanguage":"de"}]}},"_links":{"self":[{"href":"https:\/\/bekleidungscenter.com\/index.php?rest_route=\/wp\/v2\/product\/16427"}],"collection":[{"href":"https:\/\/bekleidungscenter.com\/index.php?rest_route=\/wp\/v2\/product"}],"about":[{"href":"https:\/\/bekleidungscenter.com\/index.php?rest_route=\/wp\/v2\/types\/product"}],"replies":[{"embeddable":true,"href":"https:\/\/bekleidungscenter.com\/index.php?rest_route=%2Fwp%2Fv2%2Fcomments&post=16427"}],"wp:featuredmedia":[{"embeddable":true,"href":"https:\/\/bekleidungscenter.com\/index.php?rest_route=\/wp\/v2\/media\/16429"}],"wp:attachment":[{"href":"https:\/\/bekleidungscenter.com\/index.php?rest_route=%2Fwp%2Fv2%2Fmedia&parent=16427"}],"wp:term":[{"taxonomy":"product_cat","embeddable":true,"href":"https:\/\/bekleidungscenter.com\/index.php?rest_route=%2Fwp%2Fv2%2Fproduct_cat&post=16427"},{"taxonomy":"product_tag","embeddable":true,"href":"https:\/\/bekleidungscenter.com\/index.php?rest_route=%2Fwp%2Fv2%2Fproduct_tag&post=16427"}],"curies":[{"name":"wp","href":"https:\/\/api.w.org\/{rel}","templated":true}]}}