{"id":16442,"date":"2021-01-04T09:41:04","date_gmt":"2021-01-04T09:41:04","guid":{"rendered":"http:\/\/bekleidungscenter.com\/?product=geox-jungen-j-xunday-boy-a-chukka-boots"},"modified":"2023-04-08T22:37:33","modified_gmt":"2023-04-08T22:37:33","slug":"geox-jungen-j-xunday-boy-a-chukka-boots","status":"publish","type":"product","link":"https:\/\/bekleidungscenter.com\/?product=geox-jungen-j-xunday-boy-a-chukka-boots","title":{"rendered":"Geox Jungen J Xunday Boy A Chukka Boots"},"content":{"rendered":"<p><!-- show up to 2 reviews by default --> <\/p>\n<p> Die leichte, flexible und superbequeme Stiefelette ist ein Sneaker-Boot an Stelle jeden Tag. Die atmungsaktive Sohle mit dem Geox-Patent garantiert ein au\u00dferordentlich angenehmes Fu\u00dfgef\u00fchl. Sie ist nicht mehr da EVA gefertigt und an der Laufsohle mit Gummieins\u00e4tzen versehen, die an Stelle Leichtigkeit, Adaptivit\u00e4t und R\u00fcckgang sorgen, gleichwohl bekannt als an Stelle Griffigkeit und Alterungsbest\u00e4ndigkeit. Die Laufsohle hat wellenf\u00f6rmige Rillen, die die Adaptivit\u00e4t maximieren und die nat\u00fcrlichen Bewegungen des Fu\u00dfes abst\u00fctzen. Die Innensohle hat im Fersenbereich einen Einsatz nicht mehr da Memory Foam, der den Tragekomfort und die R\u00fcckgang verbessert. Rei\u00dfverschluss an Stelle schnelles und einfaches Anziehen. <\/p>\n<\/p>\n<p>Obermaterial: Wildleder<br \/>\nInnenmaterial: Synthetik<br \/>\nSohle: Synthetik<br \/>\nVerschluss: Rei\u00dfverschluss + Schn\u00fcrsenkel<br \/>\nAbsatzh\u00f6he: 3 cm<br \/>\nAbsatzform: Flach<br \/>\nGr\u00f6\u00dfenhinweis: Geox-Schuhe haben eine bequeme Passform<br \/>\nSchaftweite: \u00fcblich<br \/>\nSchuhweite: Schmal<br \/>\n<div class=\"main-cross-sell\" data-asin=\"B0792TCWQ2\">\n\n\t<div class=\"WooZone-cross-sell-loader\">\n\t\t<div>\n\t\t\t<div id=\"floatingBarsG\">\n\t\t\t\t<div class=\"blockG\" id=\"rotateG_01\"><\/div>\n\t\t\t\t<div class=\"blockG\" id=\"rotateG_02\"><\/div>\n\t\t\t\t<div class=\"blockG\" id=\"rotateG_03\"><\/div>\n\t\t\t\t<div class=\"blockG\" id=\"rotateG_04\"><\/div>\n\t\t\t\t<div class=\"blockG\" id=\"rotateG_05\"><\/div>\n\t\t\t\t<div class=\"blockG\" id=\"rotateG_06\"><\/div>\n\t\t\t\t<div class=\"blockG\" id=\"rotateG_07\"><\/div>\n\t\t\t\t<div class=\"blockG\" id=\"rotateG_08\"><\/div>\n\t\t\t<\/div>\n\t\t\t<div class=\"WooZone-cross-sell-loader-text\"><\/div>\n\t\t<\/div>\n\t<\/div>\n\n\t\t\n<\/div>\n<div style=\"clear:both;\"><\/div><\/p>\n","protected":false},"excerpt":{"rendered":"<p>Obermaterial: Wildleder<br \/>\nInnenmaterial: Synthetik<br \/>\nSohle: Synthetik<\/p>\n","protected":false},"featured_media":16443,"comment_status":"open","ping_status":"closed","template":"","meta":[],"product_cat":[128,145],"product_tag":[],"yoast_head":"<!-- This site is optimized with the Yoast SEO plugin v20.6 - https:\/\/yoast.com\/wordpress\/plugins\/seo\/ -->\n<title>Geox Jungen J Xunday Boy A Chukka Boots - FamilienMode<\/title>\n<meta name=\"robots\" content=\"index, follow, max-snippet:-1, max-image-preview:large, max-video-preview:-1\" \/>\n<link rel=\"canonical\" href=\"https:\/\/bekleidungscenter.com\/?product=geox-jungen-j-xunday-boy-a-chukka-boots\" \/>\n<meta property=\"og:locale\" content=\"de_DE\" \/>\n<meta property=\"og:type\" content=\"article\" \/>\n<meta property=\"og:title\" content=\"Geox Jungen J Xunday Boy A Chukka Boots - FamilienMode\" \/>\n<meta property=\"og:description\" content=\"Obermaterial: Wildleder Innenmaterial: Synthetik Sohle: Synthetik\" \/>\n<meta property=\"og:url\" content=\"https:\/\/bekleidungscenter.com\/?product=geox-jungen-j-xunday-boy-a-chukka-boots\" \/>\n<meta property=\"og:site_name\" content=\"FamilienMode\" \/>\n<meta property=\"article:modified_time\" content=\"2023-04-08T22:37:33+00:00\" \/>\n<meta property=\"og:image\" content=\"https:\/\/images-na.ssl-images-amazon.com\/images\/I\/418xtQv%2BsBL.jpg\" \/>\n\t<meta property=\"og:image:width\" content=\"500\" \/>\n\t<meta property=\"og:image:height\" content=\"500\" \/>\n\t<meta property=\"og:image:type\" content=\"image\/jpeg\" \/>\n<meta name=\"twitter:card\" content=\"summary_large_image\" \/>\n<meta name=\"twitter:label1\" content=\"Gesch\u00e4tzte Lesezeit\" \/>\n\t<meta name=\"twitter:data1\" content=\"1\u00a0Minute\" \/>\n<script type=\"application\/ld+json\" class=\"yoast-schema-graph\">{\"@context\":\"https:\/\/schema.org\",\"@graph\":[{\"@type\":\"WebPage\",\"@id\":\"https:\/\/bekleidungscenter.com\/?product=geox-jungen-j-xunday-boy-a-chukka-boots\",\"url\":\"https:\/\/bekleidungscenter.com\/?product=geox-jungen-j-xunday-boy-a-chukka-boots\",\"name\":\"Geox Jungen J Xunday Boy A Chukka Boots - FamilienMode\",\"isPartOf\":{\"@id\":\"https:\/\/bekleidungscenter.com\/#website\"},\"datePublished\":\"2021-01-04T09:41:04+00:00\",\"dateModified\":\"2023-04-08T22:37:33+00:00\",\"breadcrumb\":{\"@id\":\"https:\/\/bekleidungscenter.com\/?product=geox-jungen-j-xunday-boy-a-chukka-boots#breadcrumb\"},\"inLanguage\":\"de\",\"potentialAction\":[{\"@type\":\"ReadAction\",\"target\":[\"https:\/\/bekleidungscenter.com\/?product=geox-jungen-j-xunday-boy-a-chukka-boots\"]}]},{\"@type\":\"BreadcrumbList\",\"@id\":\"https:\/\/bekleidungscenter.com\/?product=geox-jungen-j-xunday-boy-a-chukka-boots#breadcrumb\",\"itemListElement\":[{\"@type\":\"ListItem\",\"position\":1,\"name\":\"Home\",\"item\":\"https:\/\/bekleidungscenter.com\/\"},{\"@type\":\"ListItem\",\"position\":2,\"name\":\"Shop\",\"item\":\"https:\/\/bekleidungscenter.com\/?page_id=7\"},{\"@type\":\"ListItem\",\"position\":3,\"name\":\"Geox Jungen J Xunday Boy A Chukka Boots\"}]},{\"@type\":\"WebSite\",\"@id\":\"https:\/\/bekleidungscenter.com\/#website\",\"url\":\"https:\/\/bekleidungscenter.com\/\",\"name\":\"FamilienMode\",\"description\":\"Alles f\u00fcr die ganze Familie\",\"potentialAction\":[{\"@type\":\"SearchAction\",\"target\":{\"@type\":\"EntryPoint\",\"urlTemplate\":\"https:\/\/bekleidungscenter.com\/?s={search_term_string}\"},\"query-input\":\"required name=search_term_string\"}],\"inLanguage\":\"de\"}]}<\/script>\n<!-- \/ Yoast SEO plugin. -->","yoast_head_json":{"title":"Geox Jungen J Xunday Boy A Chukka Boots - FamilienMode","robots":{"index":"index","follow":"follow","max-snippet":"max-snippet:-1","max-image-preview":"max-image-preview:large","max-video-preview":"max-video-preview:-1"},"canonical":"https:\/\/bekleidungscenter.com\/?product=geox-jungen-j-xunday-boy-a-chukka-boots","og_locale":"de_DE","og_type":"article","og_title":"Geox Jungen J Xunday Boy A Chukka Boots - FamilienMode","og_description":"Obermaterial: Wildleder Innenmaterial: Synthetik Sohle: Synthetik","og_url":"https:\/\/bekleidungscenter.com\/?product=geox-jungen-j-xunday-boy-a-chukka-boots","og_site_name":"FamilienMode","article_modified_time":"2023-04-08T22:37:33+00:00","og_image":[{"width":500,"height":500,"url":"https:\/\/images-na.ssl-images-amazon.com\/images\/I\/418xtQv%2BsBL.jpg","type":"image\/jpeg"}],"twitter_card":"summary_large_image","twitter_misc":{"Gesch\u00e4tzte Lesezeit":"1\u00a0Minute"},"schema":{"@context":"https:\/\/schema.org","@graph":[{"@type":"WebPage","@id":"https:\/\/bekleidungscenter.com\/?product=geox-jungen-j-xunday-boy-a-chukka-boots","url":"https:\/\/bekleidungscenter.com\/?product=geox-jungen-j-xunday-boy-a-chukka-boots","name":"Geox Jungen J Xunday Boy A Chukka Boots - FamilienMode","isPartOf":{"@id":"https:\/\/bekleidungscenter.com\/#website"},"datePublished":"2021-01-04T09:41:04+00:00","dateModified":"2023-04-08T22:37:33+00:00","breadcrumb":{"@id":"https:\/\/bekleidungscenter.com\/?product=geox-jungen-j-xunday-boy-a-chukka-boots#breadcrumb"},"inLanguage":"de","potentialAction":[{"@type":"ReadAction","target":["https:\/\/bekleidungscenter.com\/?product=geox-jungen-j-xunday-boy-a-chukka-boots"]}]},{"@type":"BreadcrumbList","@id":"https:\/\/bekleidungscenter.com\/?product=geox-jungen-j-xunday-boy-a-chukka-boots#breadcrumb","itemListElement":[{"@type":"ListItem","position":1,"name":"Home","item":"https:\/\/bekleidungscenter.com\/"},{"@type":"ListItem","position":2,"name":"Shop","item":"https:\/\/bekleidungscenter.com\/?page_id=7"},{"@type":"ListItem","position":3,"name":"Geox Jungen J Xunday Boy A Chukka Boots"}]},{"@type":"WebSite","@id":"https:\/\/bekleidungscenter.com\/#website","url":"https:\/\/bekleidungscenter.com\/","name":"FamilienMode","description":"Alles f\u00fcr die ganze Familie","potentialAction":[{"@type":"SearchAction","target":{"@type":"EntryPoint","urlTemplate":"https:\/\/bekleidungscenter.com\/?s={search_term_string}"},"query-input":"required name=search_term_string"}],"inLanguage":"de"}]}},"_links":{"self":[{"href":"https:\/\/bekleidungscenter.com\/index.php?rest_route=\/wp\/v2\/product\/16442"}],"collection":[{"href":"https:\/\/bekleidungscenter.com\/index.php?rest_route=\/wp\/v2\/product"}],"about":[{"href":"https:\/\/bekleidungscenter.com\/index.php?rest_route=\/wp\/v2\/types\/product"}],"replies":[{"embeddable":true,"href":"https:\/\/bekleidungscenter.com\/index.php?rest_route=%2Fwp%2Fv2%2Fcomments&post=16442"}],"wp:featuredmedia":[{"embeddable":true,"href":"https:\/\/bekleidungscenter.com\/index.php?rest_route=\/wp\/v2\/media\/16443"}],"wp:attachment":[{"href":"https:\/\/bekleidungscenter.com\/index.php?rest_route=%2Fwp%2Fv2%2Fmedia&parent=16442"}],"wp:term":[{"taxonomy":"product_cat","embeddable":true,"href":"https:\/\/bekleidungscenter.com\/index.php?rest_route=%2Fwp%2Fv2%2Fproduct_cat&post=16442"},{"taxonomy":"product_tag","embeddable":true,"href":"https:\/\/bekleidungscenter.com\/index.php?rest_route=%2Fwp%2Fv2%2Fproduct_tag&post=16442"}],"curies":[{"name":"wp","href":"https:\/\/api.w.org\/{rel}","templated":true}]}}