{"id":16562,"date":"2021-01-04T09:42:20","date_gmt":"2021-01-04T09:42:20","guid":{"rendered":"http:\/\/bekleidungscenter.com\/?product=nike-unisex-kinder-downshifter-10-tdv-sneaker"},"modified":"2023-04-08T22:37:35","modified_gmt":"2023-04-08T22:37:35","slug":"nike-unisex-kinder-downshifter-10-tdv-sneaker","status":"publish","type":"product","link":"https:\/\/bekleidungscenter.com\/?product=nike-unisex-kinder-downshifter-10-tdv-sneaker","title":{"rendered":"Nike Unisex Kinder Downshifter 10 Sneaker"},"content":{"rendered":"<p><!-- show up to 2 reviews by default --> <\/p>\n<p>Der Nike Kinderschuh kommt per einem Klettverschluss sowie einer praktischen Elastschn\u00fcrung anstatt stabilen Haltegriff, indessen das Innenmaterial jedweder Mesh anstatt ein optimales Fu\u00dfklima sorgt. Die d\u00e4mpfende Laufsohle federt St\u00f6\u00dfe o. k. ab. Vollgummi-Au\u00dfensohle anstatt hervorragende Traktion ansonsten Belastbarkeit. <\/p>\n<p>Obermaterial: Synthetik<br \/>\nInnenmaterial: Synthetic<br \/>\nSohle: Gummi<br \/>\nVerschluss: Klettverschluss<br \/>\nAbsatzform: Oberfl\u00e4chlich<br \/>\nSchuhweite: Schmal<br \/>\nIn keiner Weise wasserdicht<br \/>\n<div class=\"main-cross-sell\" data-asin=\"B082PJDNSS\">\n\n\t<div class=\"WooZone-cross-sell-loader\">\n\t\t<div>\n\t\t\t<div id=\"floatingBarsG\">\n\t\t\t\t<div class=\"blockG\" id=\"rotateG_01\"><\/div>\n\t\t\t\t<div class=\"blockG\" id=\"rotateG_02\"><\/div>\n\t\t\t\t<div class=\"blockG\" id=\"rotateG_03\"><\/div>\n\t\t\t\t<div class=\"blockG\" id=\"rotateG_04\"><\/div>\n\t\t\t\t<div class=\"blockG\" id=\"rotateG_05\"><\/div>\n\t\t\t\t<div class=\"blockG\" id=\"rotateG_06\"><\/div>\n\t\t\t\t<div class=\"blockG\" id=\"rotateG_07\"><\/div>\n\t\t\t\t<div class=\"blockG\" id=\"rotateG_08\"><\/div>\n\t\t\t<\/div>\n\t\t\t<div class=\"WooZone-cross-sell-loader-text\"><\/div>\n\t\t<\/div>\n\t<\/div>\n\n\t\t\n<\/div>\n<div style=\"clear:both;\"><\/div><\/p>\n","protected":false},"excerpt":{"rendered":"<p>Obermaterial: Synthetik<br \/>\nInnenmaterial: Synthetic<br \/>\nSohle: Gummi<\/p>\n","protected":false},"featured_media":16564,"comment_status":"open","ping_status":"closed","template":"","meta":[],"product_cat":[128,145],"product_tag":[],"yoast_head":"<!-- This site is optimized with the Yoast SEO plugin v20.6 - https:\/\/yoast.com\/wordpress\/plugins\/seo\/ -->\n<title>Nike Unisex Kinder Downshifter 10 Sneaker - FamilienMode<\/title>\n<meta name=\"robots\" content=\"index, follow, max-snippet:-1, max-image-preview:large, max-video-preview:-1\" \/>\n<link rel=\"canonical\" href=\"https:\/\/bekleidungscenter.com\/?product=nike-unisex-kinder-downshifter-10-tdv-sneaker\" \/>\n<meta property=\"og:locale\" content=\"de_DE\" \/>\n<meta property=\"og:type\" content=\"article\" \/>\n<meta property=\"og:title\" content=\"Nike Unisex Kinder Downshifter 10 Sneaker - FamilienMode\" \/>\n<meta property=\"og:description\" content=\"Obermaterial: Synthetik Innenmaterial: Synthetic Sohle: Gummi\" \/>\n<meta property=\"og:url\" content=\"https:\/\/bekleidungscenter.com\/?product=nike-unisex-kinder-downshifter-10-tdv-sneaker\" \/>\n<meta property=\"og:site_name\" content=\"FamilienMode\" \/>\n<meta property=\"article:modified_time\" content=\"2023-04-08T22:37:35+00:00\" \/>\n<meta property=\"og:image\" content=\"https:\/\/images-na.ssl-images-amazon.com\/images\/I\/41UQ9blnBTL.jpg\" \/>\n\t<meta property=\"og:image:width\" content=\"500\" \/>\n\t<meta property=\"og:image:height\" content=\"500\" \/>\n\t<meta property=\"og:image:type\" content=\"image\/jpeg\" \/>\n<meta name=\"twitter:card\" content=\"summary_large_image\" \/>\n<script type=\"application\/ld+json\" class=\"yoast-schema-graph\">{\"@context\":\"https:\/\/schema.org\",\"@graph\":[{\"@type\":\"WebPage\",\"@id\":\"https:\/\/bekleidungscenter.com\/?product=nike-unisex-kinder-downshifter-10-tdv-sneaker\",\"url\":\"https:\/\/bekleidungscenter.com\/?product=nike-unisex-kinder-downshifter-10-tdv-sneaker\",\"name\":\"Nike Unisex Kinder Downshifter 10 Sneaker - FamilienMode\",\"isPartOf\":{\"@id\":\"https:\/\/bekleidungscenter.com\/#website\"},\"datePublished\":\"2021-01-04T09:42:20+00:00\",\"dateModified\":\"2023-04-08T22:37:35+00:00\",\"breadcrumb\":{\"@id\":\"https:\/\/bekleidungscenter.com\/?product=nike-unisex-kinder-downshifter-10-tdv-sneaker#breadcrumb\"},\"inLanguage\":\"de\",\"potentialAction\":[{\"@type\":\"ReadAction\",\"target\":[\"https:\/\/bekleidungscenter.com\/?product=nike-unisex-kinder-downshifter-10-tdv-sneaker\"]}]},{\"@type\":\"BreadcrumbList\",\"@id\":\"https:\/\/bekleidungscenter.com\/?product=nike-unisex-kinder-downshifter-10-tdv-sneaker#breadcrumb\",\"itemListElement\":[{\"@type\":\"ListItem\",\"position\":1,\"name\":\"Home\",\"item\":\"https:\/\/bekleidungscenter.com\/\"},{\"@type\":\"ListItem\",\"position\":2,\"name\":\"Shop\",\"item\":\"https:\/\/bekleidungscenter.com\/?page_id=7\"},{\"@type\":\"ListItem\",\"position\":3,\"name\":\"Nike Unisex Kinder Downshifter 10 Sneaker\"}]},{\"@type\":\"WebSite\",\"@id\":\"https:\/\/bekleidungscenter.com\/#website\",\"url\":\"https:\/\/bekleidungscenter.com\/\",\"name\":\"FamilienMode\",\"description\":\"Alles f\u00fcr die ganze Familie\",\"potentialAction\":[{\"@type\":\"SearchAction\",\"target\":{\"@type\":\"EntryPoint\",\"urlTemplate\":\"https:\/\/bekleidungscenter.com\/?s={search_term_string}\"},\"query-input\":\"required name=search_term_string\"}],\"inLanguage\":\"de\"}]}<\/script>\n<!-- \/ Yoast SEO plugin. -->","yoast_head_json":{"title":"Nike Unisex Kinder Downshifter 10 Sneaker - FamilienMode","robots":{"index":"index","follow":"follow","max-snippet":"max-snippet:-1","max-image-preview":"max-image-preview:large","max-video-preview":"max-video-preview:-1"},"canonical":"https:\/\/bekleidungscenter.com\/?product=nike-unisex-kinder-downshifter-10-tdv-sneaker","og_locale":"de_DE","og_type":"article","og_title":"Nike Unisex Kinder Downshifter 10 Sneaker - FamilienMode","og_description":"Obermaterial: Synthetik Innenmaterial: Synthetic Sohle: Gummi","og_url":"https:\/\/bekleidungscenter.com\/?product=nike-unisex-kinder-downshifter-10-tdv-sneaker","og_site_name":"FamilienMode","article_modified_time":"2023-04-08T22:37:35+00:00","og_image":[{"width":500,"height":500,"url":"https:\/\/images-na.ssl-images-amazon.com\/images\/I\/41UQ9blnBTL.jpg","type":"image\/jpeg"}],"twitter_card":"summary_large_image","schema":{"@context":"https:\/\/schema.org","@graph":[{"@type":"WebPage","@id":"https:\/\/bekleidungscenter.com\/?product=nike-unisex-kinder-downshifter-10-tdv-sneaker","url":"https:\/\/bekleidungscenter.com\/?product=nike-unisex-kinder-downshifter-10-tdv-sneaker","name":"Nike Unisex Kinder Downshifter 10 Sneaker - FamilienMode","isPartOf":{"@id":"https:\/\/bekleidungscenter.com\/#website"},"datePublished":"2021-01-04T09:42:20+00:00","dateModified":"2023-04-08T22:37:35+00:00","breadcrumb":{"@id":"https:\/\/bekleidungscenter.com\/?product=nike-unisex-kinder-downshifter-10-tdv-sneaker#breadcrumb"},"inLanguage":"de","potentialAction":[{"@type":"ReadAction","target":["https:\/\/bekleidungscenter.com\/?product=nike-unisex-kinder-downshifter-10-tdv-sneaker"]}]},{"@type":"BreadcrumbList","@id":"https:\/\/bekleidungscenter.com\/?product=nike-unisex-kinder-downshifter-10-tdv-sneaker#breadcrumb","itemListElement":[{"@type":"ListItem","position":1,"name":"Home","item":"https:\/\/bekleidungscenter.com\/"},{"@type":"ListItem","position":2,"name":"Shop","item":"https:\/\/bekleidungscenter.com\/?page_id=7"},{"@type":"ListItem","position":3,"name":"Nike Unisex Kinder Downshifter 10 Sneaker"}]},{"@type":"WebSite","@id":"https:\/\/bekleidungscenter.com\/#website","url":"https:\/\/bekleidungscenter.com\/","name":"FamilienMode","description":"Alles f\u00fcr die ganze Familie","potentialAction":[{"@type":"SearchAction","target":{"@type":"EntryPoint","urlTemplate":"https:\/\/bekleidungscenter.com\/?s={search_term_string}"},"query-input":"required name=search_term_string"}],"inLanguage":"de"}]}},"_links":{"self":[{"href":"https:\/\/bekleidungscenter.com\/index.php?rest_route=\/wp\/v2\/product\/16562"}],"collection":[{"href":"https:\/\/bekleidungscenter.com\/index.php?rest_route=\/wp\/v2\/product"}],"about":[{"href":"https:\/\/bekleidungscenter.com\/index.php?rest_route=\/wp\/v2\/types\/product"}],"replies":[{"embeddable":true,"href":"https:\/\/bekleidungscenter.com\/index.php?rest_route=%2Fwp%2Fv2%2Fcomments&post=16562"}],"wp:featuredmedia":[{"embeddable":true,"href":"https:\/\/bekleidungscenter.com\/index.php?rest_route=\/wp\/v2\/media\/16564"}],"wp:attachment":[{"href":"https:\/\/bekleidungscenter.com\/index.php?rest_route=%2Fwp%2Fv2%2Fmedia&parent=16562"}],"wp:term":[{"taxonomy":"product_cat","embeddable":true,"href":"https:\/\/bekleidungscenter.com\/index.php?rest_route=%2Fwp%2Fv2%2Fproduct_cat&post=16562"},{"taxonomy":"product_tag","embeddable":true,"href":"https:\/\/bekleidungscenter.com\/index.php?rest_route=%2Fwp%2Fv2%2Fproduct_tag&post=16562"}],"curies":[{"name":"wp","href":"https:\/\/api.w.org\/{rel}","templated":true}]}}