{"id":16608,"date":"2021-01-04T09:53:08","date_gmt":"2021-01-04T09:53:08","guid":{"rendered":"http:\/\/bekleidungscenter.com\/?product=sterntaler-maedchen-baby-krabbelschuh-slipper"},"modified":"2023-04-08T22:37:36","modified_gmt":"2023-04-08T22:37:36","slug":"sterntaler-maedchen-baby-krabbelschuh-slipper","status":"publish","type":"product","link":"https:\/\/bekleidungscenter.com\/?product=sterntaler-maedchen-baby-krabbelschuh-slipper","title":{"rendered":"Sterntaler M\u00e4dchen Baby-Krabbelschuh Slipper"},"content":{"rendered":"<p><!-- show up to 2 reviews by default --> <\/p>\n<p>Sterntaler \u2013 Zauberhafte Babyschuhe an Stelle einen guten Aufbruch! OPTIMALER SCHUTZ \u2013 Gleichg\u00fcltig ob Zuhause oder unterwegs: Die Schuhe von Sterntaler absitzen fest und sind optimal angebracht zum Abschirmung der kleinen Kinderf\u00fc\u00dfe. ANGENEHM UND LEICHT \u2013 Klettverschluss, Schn\u00fcrb\u00e4nder, B\u00fcndchen, Schnurzug oder Anziehhilfe am Schaft \u2013 Nahe den Sterntaler Babyschuhen ist an Stelle jeden etwas Passendes sintemal. PRODUKTDETAILS \u2013 Sterntaler M\u00e4dchen-Krabbel und Hausschuhe via Ziehhilfe, Farbe: Rosa, Gr\u00f6\u00dfe: 17\/18, Kerl: 6 &#8211; 12 Monate, Art. Nr.: 5302050 <\/p>\n<p>Obermaterial: Synthetik<br \/>\nInnenmaterial: Textil<br \/>\nSohle: fabric<br \/>\nVerschluss: Pull-On<br \/>\nSchuhweite: Schmal<br \/>\nNicht wasserdicht<br \/>\n<div class=\"main-cross-sell\" data-asin=\"B0851G1GYS\">\n\n\t<div class=\"WooZone-cross-sell-loader\">\n\t\t<div>\n\t\t\t<div id=\"floatingBarsG\">\n\t\t\t\t<div class=\"blockG\" id=\"rotateG_01\"><\/div>\n\t\t\t\t<div class=\"blockG\" id=\"rotateG_02\"><\/div>\n\t\t\t\t<div class=\"blockG\" id=\"rotateG_03\"><\/div>\n\t\t\t\t<div class=\"blockG\" id=\"rotateG_04\"><\/div>\n\t\t\t\t<div class=\"blockG\" id=\"rotateG_05\"><\/div>\n\t\t\t\t<div class=\"blockG\" id=\"rotateG_06\"><\/div>\n\t\t\t\t<div class=\"blockG\" id=\"rotateG_07\"><\/div>\n\t\t\t\t<div class=\"blockG\" id=\"rotateG_08\"><\/div>\n\t\t\t<\/div>\n\t\t\t<div class=\"WooZone-cross-sell-loader-text\"><\/div>\n\t\t<\/div>\n\t<\/div>\n\n\t\t\n<\/div>\n<div style=\"clear:both;\"><\/div><\/p>\n","protected":false},"excerpt":{"rendered":"<p>Obermaterial: Synthetik<br \/>\nInnenmaterial: Textil<br \/>\nSohle: fabric<\/p>\n","protected":false},"featured_media":16609,"comment_status":"open","ping_status":"closed","template":"","meta":[],"product_cat":[130,145],"product_tag":[],"yoast_head":"<!-- This site is optimized with the Yoast SEO plugin v20.6 - https:\/\/yoast.com\/wordpress\/plugins\/seo\/ -->\n<title>Sterntaler M\u00e4dchen Baby-Krabbelschuh Slipper - FamilienMode<\/title>\n<meta name=\"robots\" content=\"index, follow, max-snippet:-1, max-image-preview:large, max-video-preview:-1\" \/>\n<link rel=\"canonical\" href=\"https:\/\/bekleidungscenter.com\/?product=sterntaler-maedchen-baby-krabbelschuh-slipper\" \/>\n<meta property=\"og:locale\" content=\"de_DE\" \/>\n<meta property=\"og:type\" content=\"article\" \/>\n<meta property=\"og:title\" content=\"Sterntaler M\u00e4dchen Baby-Krabbelschuh Slipper - FamilienMode\" \/>\n<meta property=\"og:description\" content=\"Obermaterial: Synthetik Innenmaterial: Textil Sohle: fabric\" \/>\n<meta property=\"og:url\" content=\"https:\/\/bekleidungscenter.com\/?product=sterntaler-maedchen-baby-krabbelschuh-slipper\" \/>\n<meta property=\"og:site_name\" content=\"FamilienMode\" \/>\n<meta property=\"article:modified_time\" content=\"2023-04-08T22:37:36+00:00\" \/>\n<meta property=\"og:image\" content=\"https:\/\/images-na.ssl-images-amazon.com\/images\/I\/31S94xgA%2BAL.jpg\" \/>\n\t<meta property=\"og:image:width\" content=\"500\" \/>\n\t<meta property=\"og:image:height\" content=\"500\" \/>\n\t<meta property=\"og:image:type\" content=\"image\/jpeg\" \/>\n<meta name=\"twitter:card\" content=\"summary_large_image\" \/>\n<script type=\"application\/ld+json\" class=\"yoast-schema-graph\">{\"@context\":\"https:\/\/schema.org\",\"@graph\":[{\"@type\":\"WebPage\",\"@id\":\"https:\/\/bekleidungscenter.com\/?product=sterntaler-maedchen-baby-krabbelschuh-slipper\",\"url\":\"https:\/\/bekleidungscenter.com\/?product=sterntaler-maedchen-baby-krabbelschuh-slipper\",\"name\":\"Sterntaler M\u00e4dchen Baby-Krabbelschuh Slipper - FamilienMode\",\"isPartOf\":{\"@id\":\"https:\/\/bekleidungscenter.com\/#website\"},\"datePublished\":\"2021-01-04T09:53:08+00:00\",\"dateModified\":\"2023-04-08T22:37:36+00:00\",\"breadcrumb\":{\"@id\":\"https:\/\/bekleidungscenter.com\/?product=sterntaler-maedchen-baby-krabbelschuh-slipper#breadcrumb\"},\"inLanguage\":\"de\",\"potentialAction\":[{\"@type\":\"ReadAction\",\"target\":[\"https:\/\/bekleidungscenter.com\/?product=sterntaler-maedchen-baby-krabbelschuh-slipper\"]}]},{\"@type\":\"BreadcrumbList\",\"@id\":\"https:\/\/bekleidungscenter.com\/?product=sterntaler-maedchen-baby-krabbelschuh-slipper#breadcrumb\",\"itemListElement\":[{\"@type\":\"ListItem\",\"position\":1,\"name\":\"Home\",\"item\":\"https:\/\/bekleidungscenter.com\/\"},{\"@type\":\"ListItem\",\"position\":2,\"name\":\"Shop\",\"item\":\"https:\/\/bekleidungscenter.com\/?page_id=7\"},{\"@type\":\"ListItem\",\"position\":3,\"name\":\"Sterntaler M\u00e4dchen Baby-Krabbelschuh Slipper\"}]},{\"@type\":\"WebSite\",\"@id\":\"https:\/\/bekleidungscenter.com\/#website\",\"url\":\"https:\/\/bekleidungscenter.com\/\",\"name\":\"FamilienMode\",\"description\":\"Alles f\u00fcr die ganze Familie\",\"potentialAction\":[{\"@type\":\"SearchAction\",\"target\":{\"@type\":\"EntryPoint\",\"urlTemplate\":\"https:\/\/bekleidungscenter.com\/?s={search_term_string}\"},\"query-input\":\"required name=search_term_string\"}],\"inLanguage\":\"de\"}]}<\/script>\n<!-- \/ Yoast SEO plugin. -->","yoast_head_json":{"title":"Sterntaler M\u00e4dchen Baby-Krabbelschuh Slipper - FamilienMode","robots":{"index":"index","follow":"follow","max-snippet":"max-snippet:-1","max-image-preview":"max-image-preview:large","max-video-preview":"max-video-preview:-1"},"canonical":"https:\/\/bekleidungscenter.com\/?product=sterntaler-maedchen-baby-krabbelschuh-slipper","og_locale":"de_DE","og_type":"article","og_title":"Sterntaler M\u00e4dchen Baby-Krabbelschuh Slipper - FamilienMode","og_description":"Obermaterial: Synthetik Innenmaterial: Textil Sohle: fabric","og_url":"https:\/\/bekleidungscenter.com\/?product=sterntaler-maedchen-baby-krabbelschuh-slipper","og_site_name":"FamilienMode","article_modified_time":"2023-04-08T22:37:36+00:00","og_image":[{"width":500,"height":500,"url":"https:\/\/images-na.ssl-images-amazon.com\/images\/I\/31S94xgA%2BAL.jpg","type":"image\/jpeg"}],"twitter_card":"summary_large_image","schema":{"@context":"https:\/\/schema.org","@graph":[{"@type":"WebPage","@id":"https:\/\/bekleidungscenter.com\/?product=sterntaler-maedchen-baby-krabbelschuh-slipper","url":"https:\/\/bekleidungscenter.com\/?product=sterntaler-maedchen-baby-krabbelschuh-slipper","name":"Sterntaler M\u00e4dchen Baby-Krabbelschuh Slipper - FamilienMode","isPartOf":{"@id":"https:\/\/bekleidungscenter.com\/#website"},"datePublished":"2021-01-04T09:53:08+00:00","dateModified":"2023-04-08T22:37:36+00:00","breadcrumb":{"@id":"https:\/\/bekleidungscenter.com\/?product=sterntaler-maedchen-baby-krabbelschuh-slipper#breadcrumb"},"inLanguage":"de","potentialAction":[{"@type":"ReadAction","target":["https:\/\/bekleidungscenter.com\/?product=sterntaler-maedchen-baby-krabbelschuh-slipper"]}]},{"@type":"BreadcrumbList","@id":"https:\/\/bekleidungscenter.com\/?product=sterntaler-maedchen-baby-krabbelschuh-slipper#breadcrumb","itemListElement":[{"@type":"ListItem","position":1,"name":"Home","item":"https:\/\/bekleidungscenter.com\/"},{"@type":"ListItem","position":2,"name":"Shop","item":"https:\/\/bekleidungscenter.com\/?page_id=7"},{"@type":"ListItem","position":3,"name":"Sterntaler M\u00e4dchen Baby-Krabbelschuh Slipper"}]},{"@type":"WebSite","@id":"https:\/\/bekleidungscenter.com\/#website","url":"https:\/\/bekleidungscenter.com\/","name":"FamilienMode","description":"Alles f\u00fcr die ganze Familie","potentialAction":[{"@type":"SearchAction","target":{"@type":"EntryPoint","urlTemplate":"https:\/\/bekleidungscenter.com\/?s={search_term_string}"},"query-input":"required name=search_term_string"}],"inLanguage":"de"}]}},"_links":{"self":[{"href":"https:\/\/bekleidungscenter.com\/index.php?rest_route=\/wp\/v2\/product\/16608"}],"collection":[{"href":"https:\/\/bekleidungscenter.com\/index.php?rest_route=\/wp\/v2\/product"}],"about":[{"href":"https:\/\/bekleidungscenter.com\/index.php?rest_route=\/wp\/v2\/types\/product"}],"replies":[{"embeddable":true,"href":"https:\/\/bekleidungscenter.com\/index.php?rest_route=%2Fwp%2Fv2%2Fcomments&post=16608"}],"wp:featuredmedia":[{"embeddable":true,"href":"https:\/\/bekleidungscenter.com\/index.php?rest_route=\/wp\/v2\/media\/16609"}],"wp:attachment":[{"href":"https:\/\/bekleidungscenter.com\/index.php?rest_route=%2Fwp%2Fv2%2Fmedia&parent=16608"}],"wp:term":[{"taxonomy":"product_cat","embeddable":true,"href":"https:\/\/bekleidungscenter.com\/index.php?rest_route=%2Fwp%2Fv2%2Fproduct_cat&post=16608"},{"taxonomy":"product_tag","embeddable":true,"href":"https:\/\/bekleidungscenter.com\/index.php?rest_route=%2Fwp%2Fv2%2Fproduct_tag&post=16608"}],"curies":[{"name":"wp","href":"https:\/\/api.w.org\/{rel}","templated":true}]}}