{"id":16709,"date":"2021-01-04T09:54:47","date_gmt":"2021-01-04T09:54:47","guid":{"rendered":"http:\/\/bekleidungscenter.com\/?product=sterntaler-maedchen-baby-schuh-stiefel"},"modified":"2023-04-08T22:37:38","modified_gmt":"2023-04-08T22:37:38","slug":"sterntaler-maedchen-baby-schuh-stiefel","status":"publish","type":"product","link":"https:\/\/bekleidungscenter.com\/?product=sterntaler-maedchen-baby-schuh-stiefel","title":{"rendered":"Sterntaler M\u00e4dchen Baby-Schuh Stiefel"},"content":{"rendered":"<p><!-- show up to 2 reviews by default --> <\/p>\n<p>Sterntaler &#8211; Zauberhafte Babyschuhe anstatt einen guten Abfahrt! OPTIMALER SCHUTZ \u2013 Schnurzegal ob Zuhause oder unterwegs: Die Schuhe von Sterntaler Haftstrafe verb\u00fc\u00dfen fest und sind optimal angemessen zum Abschirmung der kleinen Kinderf\u00fc\u00dfe. ANGENEHM UND LEICHT \u2013 Klettverschluss, Schn\u00fcrb\u00e4nder, B\u00fcndchen, Schnurzug oder Anziehhilfe am Schaft &#8211; Neben den Sterntaler Babyschuhen ist anstatt jeden etwas Passendes da obendrein. &#8211; PRODUKTDETAILS &#8211; Sterntaler M\u00e4dchen Baby Stiefel mit Klettverschluss &#8211; Farbe: Magenta melange &#8211; Gr\u00f6\u00dfe: 17\/18 &#8211; Herbst des Lebens: 6-9 Monate &#8211; Paper-Nr.: 5101810 <\/p>\n<p>Obermaterial: Synthetik<br \/>\nInnenmaterial: Synthetic<br \/>\nSohle: Synthetic<br \/>\nVerschluss: Klettverschluss<br \/>\nAbsatzform: Flach<br \/>\nMaterialzusammensetzung: Oberstoff:, 67% Polyamid, 33% Polyester, , Futter:, 100% Polyester, , Wattierung (Thinsulate):, 100% Polyester, , Sohle:, 100% Polyester, Beschichtung Polyurethan<br \/>\nSchaftweite: Verstellbar<br \/>\nSchuhweite: Schmal<br \/>\nWasserdicht<br \/>\n<div class=\"main-cross-sell\" data-asin=\"B0788BNRBG\">\n\n\t<div class=\"WooZone-cross-sell-loader\">\n\t\t<div>\n\t\t\t<div id=\"floatingBarsG\">\n\t\t\t\t<div class=\"blockG\" id=\"rotateG_01\"><\/div>\n\t\t\t\t<div class=\"blockG\" id=\"rotateG_02\"><\/div>\n\t\t\t\t<div class=\"blockG\" id=\"rotateG_03\"><\/div>\n\t\t\t\t<div class=\"blockG\" id=\"rotateG_04\"><\/div>\n\t\t\t\t<div class=\"blockG\" id=\"rotateG_05\"><\/div>\n\t\t\t\t<div class=\"blockG\" id=\"rotateG_06\"><\/div>\n\t\t\t\t<div class=\"blockG\" id=\"rotateG_07\"><\/div>\n\t\t\t\t<div class=\"blockG\" id=\"rotateG_08\"><\/div>\n\t\t\t<\/div>\n\t\t\t<div class=\"WooZone-cross-sell-loader-text\"><\/div>\n\t\t<\/div>\n\t<\/div>\n\n\t\t\n<\/div>\n<div style=\"clear:both;\"><\/div><\/p>\n","protected":false},"excerpt":{"rendered":"<p>Obermaterial: Synthetik<br \/>\nInnenmaterial: Synthetic<br \/>\nSohle: Synthetic<\/p>\n","protected":false},"featured_media":16710,"comment_status":"open","ping_status":"closed","template":"","meta":[],"product_cat":[130,145],"product_tag":[],"yoast_head":"<!-- This site is optimized with the Yoast SEO plugin v20.6 - https:\/\/yoast.com\/wordpress\/plugins\/seo\/ -->\n<title>Sterntaler M\u00e4dchen Baby-Schuh Stiefel - FamilienMode<\/title>\n<meta name=\"robots\" content=\"index, follow, max-snippet:-1, max-image-preview:large, max-video-preview:-1\" \/>\n<link rel=\"canonical\" href=\"https:\/\/bekleidungscenter.com\/?product=sterntaler-maedchen-baby-schuh-stiefel\" \/>\n<meta property=\"og:locale\" content=\"de_DE\" \/>\n<meta property=\"og:type\" content=\"article\" \/>\n<meta property=\"og:title\" content=\"Sterntaler M\u00e4dchen Baby-Schuh Stiefel - FamilienMode\" \/>\n<meta property=\"og:description\" content=\"Obermaterial: Synthetik Innenmaterial: Synthetic Sohle: Synthetic\" \/>\n<meta property=\"og:url\" content=\"https:\/\/bekleidungscenter.com\/?product=sterntaler-maedchen-baby-schuh-stiefel\" \/>\n<meta property=\"og:site_name\" content=\"FamilienMode\" \/>\n<meta property=\"article:modified_time\" content=\"2023-04-08T22:37:38+00:00\" \/>\n<meta property=\"og:image\" content=\"https:\/\/images-na.ssl-images-amazon.com\/images\/I\/51%2BgLbID38L.jpg\" \/>\n\t<meta property=\"og:image:width\" content=\"500\" \/>\n\t<meta property=\"og:image:height\" content=\"500\" \/>\n\t<meta property=\"og:image:type\" content=\"image\/jpeg\" \/>\n<meta name=\"twitter:card\" content=\"summary_large_image\" \/>\n<meta name=\"twitter:label1\" content=\"Gesch\u00e4tzte Lesezeit\" \/>\n\t<meta name=\"twitter:data1\" content=\"1\u00a0Minute\" \/>\n<script type=\"application\/ld+json\" class=\"yoast-schema-graph\">{\"@context\":\"https:\/\/schema.org\",\"@graph\":[{\"@type\":\"WebPage\",\"@id\":\"https:\/\/bekleidungscenter.com\/?product=sterntaler-maedchen-baby-schuh-stiefel\",\"url\":\"https:\/\/bekleidungscenter.com\/?product=sterntaler-maedchen-baby-schuh-stiefel\",\"name\":\"Sterntaler M\u00e4dchen Baby-Schuh Stiefel - FamilienMode\",\"isPartOf\":{\"@id\":\"https:\/\/bekleidungscenter.com\/#website\"},\"datePublished\":\"2021-01-04T09:54:47+00:00\",\"dateModified\":\"2023-04-08T22:37:38+00:00\",\"breadcrumb\":{\"@id\":\"https:\/\/bekleidungscenter.com\/?product=sterntaler-maedchen-baby-schuh-stiefel#breadcrumb\"},\"inLanguage\":\"de\",\"potentialAction\":[{\"@type\":\"ReadAction\",\"target\":[\"https:\/\/bekleidungscenter.com\/?product=sterntaler-maedchen-baby-schuh-stiefel\"]}]},{\"@type\":\"BreadcrumbList\",\"@id\":\"https:\/\/bekleidungscenter.com\/?product=sterntaler-maedchen-baby-schuh-stiefel#breadcrumb\",\"itemListElement\":[{\"@type\":\"ListItem\",\"position\":1,\"name\":\"Home\",\"item\":\"https:\/\/bekleidungscenter.com\/\"},{\"@type\":\"ListItem\",\"position\":2,\"name\":\"Shop\",\"item\":\"https:\/\/bekleidungscenter.com\/?page_id=7\"},{\"@type\":\"ListItem\",\"position\":3,\"name\":\"Sterntaler M\u00e4dchen Baby-Schuh Stiefel\"}]},{\"@type\":\"WebSite\",\"@id\":\"https:\/\/bekleidungscenter.com\/#website\",\"url\":\"https:\/\/bekleidungscenter.com\/\",\"name\":\"FamilienMode\",\"description\":\"Alles f\u00fcr die ganze Familie\",\"potentialAction\":[{\"@type\":\"SearchAction\",\"target\":{\"@type\":\"EntryPoint\",\"urlTemplate\":\"https:\/\/bekleidungscenter.com\/?s={search_term_string}\"},\"query-input\":\"required name=search_term_string\"}],\"inLanguage\":\"de\"}]}<\/script>\n<!-- \/ Yoast SEO plugin. -->","yoast_head_json":{"title":"Sterntaler M\u00e4dchen Baby-Schuh Stiefel - FamilienMode","robots":{"index":"index","follow":"follow","max-snippet":"max-snippet:-1","max-image-preview":"max-image-preview:large","max-video-preview":"max-video-preview:-1"},"canonical":"https:\/\/bekleidungscenter.com\/?product=sterntaler-maedchen-baby-schuh-stiefel","og_locale":"de_DE","og_type":"article","og_title":"Sterntaler M\u00e4dchen Baby-Schuh Stiefel - FamilienMode","og_description":"Obermaterial: Synthetik Innenmaterial: Synthetic Sohle: Synthetic","og_url":"https:\/\/bekleidungscenter.com\/?product=sterntaler-maedchen-baby-schuh-stiefel","og_site_name":"FamilienMode","article_modified_time":"2023-04-08T22:37:38+00:00","og_image":[{"width":500,"height":500,"url":"https:\/\/images-na.ssl-images-amazon.com\/images\/I\/51%2BgLbID38L.jpg","type":"image\/jpeg"}],"twitter_card":"summary_large_image","twitter_misc":{"Gesch\u00e4tzte Lesezeit":"1\u00a0Minute"},"schema":{"@context":"https:\/\/schema.org","@graph":[{"@type":"WebPage","@id":"https:\/\/bekleidungscenter.com\/?product=sterntaler-maedchen-baby-schuh-stiefel","url":"https:\/\/bekleidungscenter.com\/?product=sterntaler-maedchen-baby-schuh-stiefel","name":"Sterntaler M\u00e4dchen Baby-Schuh Stiefel - FamilienMode","isPartOf":{"@id":"https:\/\/bekleidungscenter.com\/#website"},"datePublished":"2021-01-04T09:54:47+00:00","dateModified":"2023-04-08T22:37:38+00:00","breadcrumb":{"@id":"https:\/\/bekleidungscenter.com\/?product=sterntaler-maedchen-baby-schuh-stiefel#breadcrumb"},"inLanguage":"de","potentialAction":[{"@type":"ReadAction","target":["https:\/\/bekleidungscenter.com\/?product=sterntaler-maedchen-baby-schuh-stiefel"]}]},{"@type":"BreadcrumbList","@id":"https:\/\/bekleidungscenter.com\/?product=sterntaler-maedchen-baby-schuh-stiefel#breadcrumb","itemListElement":[{"@type":"ListItem","position":1,"name":"Home","item":"https:\/\/bekleidungscenter.com\/"},{"@type":"ListItem","position":2,"name":"Shop","item":"https:\/\/bekleidungscenter.com\/?page_id=7"},{"@type":"ListItem","position":3,"name":"Sterntaler M\u00e4dchen Baby-Schuh Stiefel"}]},{"@type":"WebSite","@id":"https:\/\/bekleidungscenter.com\/#website","url":"https:\/\/bekleidungscenter.com\/","name":"FamilienMode","description":"Alles f\u00fcr die ganze Familie","potentialAction":[{"@type":"SearchAction","target":{"@type":"EntryPoint","urlTemplate":"https:\/\/bekleidungscenter.com\/?s={search_term_string}"},"query-input":"required name=search_term_string"}],"inLanguage":"de"}]}},"_links":{"self":[{"href":"https:\/\/bekleidungscenter.com\/index.php?rest_route=\/wp\/v2\/product\/16709"}],"collection":[{"href":"https:\/\/bekleidungscenter.com\/index.php?rest_route=\/wp\/v2\/product"}],"about":[{"href":"https:\/\/bekleidungscenter.com\/index.php?rest_route=\/wp\/v2\/types\/product"}],"replies":[{"embeddable":true,"href":"https:\/\/bekleidungscenter.com\/index.php?rest_route=%2Fwp%2Fv2%2Fcomments&post=16709"}],"wp:featuredmedia":[{"embeddable":true,"href":"https:\/\/bekleidungscenter.com\/index.php?rest_route=\/wp\/v2\/media\/16710"}],"wp:attachment":[{"href":"https:\/\/bekleidungscenter.com\/index.php?rest_route=%2Fwp%2Fv2%2Fmedia&parent=16709"}],"wp:term":[{"taxonomy":"product_cat","embeddable":true,"href":"https:\/\/bekleidungscenter.com\/index.php?rest_route=%2Fwp%2Fv2%2Fproduct_cat&post=16709"},{"taxonomy":"product_tag","embeddable":true,"href":"https:\/\/bekleidungscenter.com\/index.php?rest_route=%2Fwp%2Fv2%2Fproduct_tag&post=16709"}],"curies":[{"name":"wp","href":"https:\/\/api.w.org\/{rel}","templated":true}]}}