{"id":5751,"date":"2021-01-03T17:16:02","date_gmt":"2021-01-03T17:16:02","guid":{"rendered":"http:\/\/bekleidungscenter.com\/?product=sublevel-damen-kleid-mit-blumen-muster-langarm-herbst-fruehling"},"modified":"2023-04-05T21:49:54","modified_gmt":"2023-04-05T21:49:54","slug":"sublevel-damen-kleid-mit-blumen-muster-langarm-herbst-fruehling","status":"publish","type":"product","link":"https:\/\/bekleidungscenter.com\/?product=sublevel-damen-kleid-mit-blumen-muster-langarm-herbst-fruehling","title":{"rendered":"Sublevel Damen Herbst Kleid mit Blumen-Muster Langarm"},"content":{"rendered":"<p><!-- show up to 2 reviews by default --> <\/p>\n<p>Mit diesem Kleid bist du perfekt statt dessen den Herbst gekleidet. Der Blumenprint ergibt gemeinsam mit den Erdt\u00f6nen, in welchen das Kleid erh\u00e4ltlich ist, einen perfekten Boho-Look statt dessen die goldene Jahreszeit. Das Kleid kann auf vielf\u00e4ltige Weise kombiniert werden. Ein grobgestrickter Cardigan und schlichte Stiefel runden den Look des Kleides perfekt ab. Wenn du lieber einen gem\u00fctlichen Look anstrebst, kannst du einen oversized Pullover \u00fcber das Kleid ziehen und diesen gemeinsam mit einer w\u00e4rmenden Leggins denn Rock befestigen. Zu beiden Varianten passen auff\u00e4llige Ketten, Armreifen oder Ringe, die charakteristisch statt dessen das Bohogef\u00fchl sind. Der Schnitt des Kleides ist locker und leicht, wodurch es die Figur verspielt umschmeichelt. Es f\u00e4llt wundersch\u00f6n in einem leichten Empire-Stil.<\/p>\n<p>Der Stoff des Kleides besteht zu 100% allesamt Polyester. Dies sorgt daf\u00fcr, dass der Stoff sich stark okay auf der Haut anf\u00fchlt. Der wundersch\u00f6ne Alloverprint mit verspielten Bl\u00fcmchen und die in Erdt\u00f6nen gehaltenen Farben, machen das Kleid zu einem wahren Must-have statt dessen den Herbst. Leichte Raffungen sehen nach eine lockere Passform, die die Figur umschmeichelt, derweil B\u00fcndchen an den Armen statt dessen Halt sorgen. Hol dir ein Fetzen leichten Boho Lebensgef\u00fchls in deinen Kleiderschrank und genie\u00dfe die Leichtigkeit, die das Kleid dir in den Herbst bringt.<\/p>\n<\/p>\n<p>STYLE: Herbstkleid im Boho-Stil. Der Blumenprint in Erdt\u00f6nen passt perfekt zur goldenen Jahreszeit.<br \/>\nMATERIAL: Das leichte Kleid besteht allesamt Kunstfaser. Der Stoff liegt stark angenehm auf der Haut.<br \/>\nLangarm<br \/>\nVerschluss: ohne Verschluss<br \/>\n100% Polyester<br \/>\nA-Linien-Kleid<br \/>\nPflegehinweis: Nicht trocknergeeignet, Nicht chemisch reinigen, Nicht hei\u00df b\u00fcgeln, Nicht bleichen, 30 \u00b0C pflegeleichte W\u00e4sche<br \/>\nPASSFORM: Der lockere Schnitt ist figurumspielend. Das Kleid f\u00e4llt super sch\u00f6n im leichten Empire-Stil.<br \/>\nLOOK: Ein Grobstrick-Cardigan und Stiefel runden den Look ab. Mit einem coolen Pulli \u00fcber dem Kleid kannst du es alias denn Rock befestigen.<br \/>\nDETAILS: Alloverprint&#x2714; lockere Passform &#x2714; leichte Raffungen schmeicheln der Figur &#x2714; B\u00fcndchen am Arm &#x2714; Erdt\u00f6ne &#x2714;<br \/>\n<div class=\"main-cross-sell\" data-asin=\"B07ZD94FKG\">\n\n\t<div class=\"WooZone-cross-sell-loader\">\n\t\t<div>\n\t\t\t<div id=\"floatingBarsG\">\n\t\t\t\t<div class=\"blockG\" id=\"rotateG_01\"><\/div>\n\t\t\t\t<div class=\"blockG\" id=\"rotateG_02\"><\/div>\n\t\t\t\t<div class=\"blockG\" id=\"rotateG_03\"><\/div>\n\t\t\t\t<div class=\"blockG\" id=\"rotateG_04\"><\/div>\n\t\t\t\t<div class=\"blockG\" id=\"rotateG_05\"><\/div>\n\t\t\t\t<div class=\"blockG\" id=\"rotateG_06\"><\/div>\n\t\t\t\t<div class=\"blockG\" id=\"rotateG_07\"><\/div>\n\t\t\t\t<div class=\"blockG\" id=\"rotateG_08\"><\/div>\n\t\t\t<\/div>\n\t\t\t<div class=\"WooZone-cross-sell-loader-text\"><\/div>\n\t\t<\/div>\n\t<\/div>\n\n\t\t\n<\/div>\n<div style=\"clear:both;\"><\/div><\/p>\n","protected":false},"excerpt":{"rendered":"<p>STYLE: Herbstkleid im Boho-Stil. Der Blumenprint in Erdt\u00f6nen passt perfekt zur goldenen Jahreszeit.<br \/>\nMATERIAL: Das leichte Kleid besteht aus Kunstfaser. Der Stoff liegt sehr angenehm auf der Haut.<br \/>\nLangarm<\/p>\n","protected":false},"featured_media":5752,"comment_status":"open","ping_status":"closed","template":"","meta":[],"product_cat":[133,121],"product_tag":[],"yoast_head":"<!-- This site is optimized with the Yoast SEO plugin v20.6 - https:\/\/yoast.com\/wordpress\/plugins\/seo\/ -->\n<title>Sublevel Damen Herbst Kleid mit Blumen-Muster Langarm - FamilienMode<\/title>\n<meta name=\"robots\" content=\"index, follow, max-snippet:-1, max-image-preview:large, max-video-preview:-1\" \/>\n<link rel=\"canonical\" href=\"https:\/\/bekleidungscenter.com\/?product=sublevel-damen-kleid-mit-blumen-muster-langarm-herbst-fruehling\" \/>\n<meta property=\"og:locale\" content=\"de_DE\" \/>\n<meta property=\"og:type\" content=\"article\" \/>\n<meta property=\"og:title\" content=\"Sublevel Damen Herbst Kleid mit Blumen-Muster Langarm - FamilienMode\" \/>\n<meta property=\"og:description\" content=\"STYLE: Herbstkleid im Boho-Stil. Der Blumenprint in Erdt\u00f6nen passt perfekt zur goldenen Jahreszeit. MATERIAL: Das leichte Kleid besteht aus Kunstfaser. Der Stoff liegt sehr angenehm auf der Haut. Langarm\" \/>\n<meta property=\"og:url\" content=\"https:\/\/bekleidungscenter.com\/?product=sublevel-damen-kleid-mit-blumen-muster-langarm-herbst-fruehling\" \/>\n<meta property=\"og:site_name\" content=\"FamilienMode\" \/>\n<meta property=\"article:modified_time\" content=\"2023-04-05T21:49:54+00:00\" \/>\n<meta property=\"og:image\" content=\"https:\/\/images-na.ssl-images-amazon.com\/images\/I\/41Agu9Zs2DL.jpg\" \/>\n\t<meta property=\"og:image:width\" content=\"500\" \/>\n\t<meta property=\"og:image:height\" content=\"500\" \/>\n\t<meta property=\"og:image:type\" content=\"image\/jpeg\" \/>\n<meta name=\"twitter:card\" content=\"summary_large_image\" \/>\n<meta name=\"twitter:label1\" content=\"Gesch\u00e4tzte Lesezeit\" \/>\n\t<meta name=\"twitter:data1\" content=\"2\u00a0Minuten\" \/>\n<script type=\"application\/ld+json\" class=\"yoast-schema-graph\">{\"@context\":\"https:\/\/schema.org\",\"@graph\":[{\"@type\":\"WebPage\",\"@id\":\"https:\/\/bekleidungscenter.com\/?product=sublevel-damen-kleid-mit-blumen-muster-langarm-herbst-fruehling\",\"url\":\"https:\/\/bekleidungscenter.com\/?product=sublevel-damen-kleid-mit-blumen-muster-langarm-herbst-fruehling\",\"name\":\"Sublevel Damen Herbst Kleid mit Blumen-Muster Langarm - FamilienMode\",\"isPartOf\":{\"@id\":\"https:\/\/bekleidungscenter.com\/#website\"},\"datePublished\":\"2021-01-03T17:16:02+00:00\",\"dateModified\":\"2023-04-05T21:49:54+00:00\",\"breadcrumb\":{\"@id\":\"https:\/\/bekleidungscenter.com\/?product=sublevel-damen-kleid-mit-blumen-muster-langarm-herbst-fruehling#breadcrumb\"},\"inLanguage\":\"de\",\"potentialAction\":[{\"@type\":\"ReadAction\",\"target\":[\"https:\/\/bekleidungscenter.com\/?product=sublevel-damen-kleid-mit-blumen-muster-langarm-herbst-fruehling\"]}]},{\"@type\":\"BreadcrumbList\",\"@id\":\"https:\/\/bekleidungscenter.com\/?product=sublevel-damen-kleid-mit-blumen-muster-langarm-herbst-fruehling#breadcrumb\",\"itemListElement\":[{\"@type\":\"ListItem\",\"position\":1,\"name\":\"Home\",\"item\":\"https:\/\/bekleidungscenter.com\/\"},{\"@type\":\"ListItem\",\"position\":2,\"name\":\"Shop\",\"item\":\"https:\/\/bekleidungscenter.com\/?page_id=7\"},{\"@type\":\"ListItem\",\"position\":3,\"name\":\"Sublevel Damen Herbst Kleid mit Blumen-Muster Langarm\"}]},{\"@type\":\"WebSite\",\"@id\":\"https:\/\/bekleidungscenter.com\/#website\",\"url\":\"https:\/\/bekleidungscenter.com\/\",\"name\":\"FamilienMode\",\"description\":\"Alles f\u00fcr die ganze Familie\",\"potentialAction\":[{\"@type\":\"SearchAction\",\"target\":{\"@type\":\"EntryPoint\",\"urlTemplate\":\"https:\/\/bekleidungscenter.com\/?s={search_term_string}\"},\"query-input\":\"required name=search_term_string\"}],\"inLanguage\":\"de\"}]}<\/script>\n<!-- \/ Yoast SEO plugin. -->","yoast_head_json":{"title":"Sublevel Damen Herbst Kleid mit Blumen-Muster Langarm - FamilienMode","robots":{"index":"index","follow":"follow","max-snippet":"max-snippet:-1","max-image-preview":"max-image-preview:large","max-video-preview":"max-video-preview:-1"},"canonical":"https:\/\/bekleidungscenter.com\/?product=sublevel-damen-kleid-mit-blumen-muster-langarm-herbst-fruehling","og_locale":"de_DE","og_type":"article","og_title":"Sublevel Damen Herbst Kleid mit Blumen-Muster Langarm - FamilienMode","og_description":"STYLE: Herbstkleid im Boho-Stil. Der Blumenprint in Erdt\u00f6nen passt perfekt zur goldenen Jahreszeit. MATERIAL: Das leichte Kleid besteht aus Kunstfaser. Der Stoff liegt sehr angenehm auf der Haut. Langarm","og_url":"https:\/\/bekleidungscenter.com\/?product=sublevel-damen-kleid-mit-blumen-muster-langarm-herbst-fruehling","og_site_name":"FamilienMode","article_modified_time":"2023-04-05T21:49:54+00:00","og_image":[{"width":500,"height":500,"url":"https:\/\/images-na.ssl-images-amazon.com\/images\/I\/41Agu9Zs2DL.jpg","type":"image\/jpeg"}],"twitter_card":"summary_large_image","twitter_misc":{"Gesch\u00e4tzte Lesezeit":"2\u00a0Minuten"},"schema":{"@context":"https:\/\/schema.org","@graph":[{"@type":"WebPage","@id":"https:\/\/bekleidungscenter.com\/?product=sublevel-damen-kleid-mit-blumen-muster-langarm-herbst-fruehling","url":"https:\/\/bekleidungscenter.com\/?product=sublevel-damen-kleid-mit-blumen-muster-langarm-herbst-fruehling","name":"Sublevel Damen Herbst Kleid mit Blumen-Muster Langarm - FamilienMode","isPartOf":{"@id":"https:\/\/bekleidungscenter.com\/#website"},"datePublished":"2021-01-03T17:16:02+00:00","dateModified":"2023-04-05T21:49:54+00:00","breadcrumb":{"@id":"https:\/\/bekleidungscenter.com\/?product=sublevel-damen-kleid-mit-blumen-muster-langarm-herbst-fruehling#breadcrumb"},"inLanguage":"de","potentialAction":[{"@type":"ReadAction","target":["https:\/\/bekleidungscenter.com\/?product=sublevel-damen-kleid-mit-blumen-muster-langarm-herbst-fruehling"]}]},{"@type":"BreadcrumbList","@id":"https:\/\/bekleidungscenter.com\/?product=sublevel-damen-kleid-mit-blumen-muster-langarm-herbst-fruehling#breadcrumb","itemListElement":[{"@type":"ListItem","position":1,"name":"Home","item":"https:\/\/bekleidungscenter.com\/"},{"@type":"ListItem","position":2,"name":"Shop","item":"https:\/\/bekleidungscenter.com\/?page_id=7"},{"@type":"ListItem","position":3,"name":"Sublevel Damen Herbst Kleid mit Blumen-Muster Langarm"}]},{"@type":"WebSite","@id":"https:\/\/bekleidungscenter.com\/#website","url":"https:\/\/bekleidungscenter.com\/","name":"FamilienMode","description":"Alles f\u00fcr die ganze Familie","potentialAction":[{"@type":"SearchAction","target":{"@type":"EntryPoint","urlTemplate":"https:\/\/bekleidungscenter.com\/?s={search_term_string}"},"query-input":"required name=search_term_string"}],"inLanguage":"de"}]}},"_links":{"self":[{"href":"https:\/\/bekleidungscenter.com\/index.php?rest_route=\/wp\/v2\/product\/5751"}],"collection":[{"href":"https:\/\/bekleidungscenter.com\/index.php?rest_route=\/wp\/v2\/product"}],"about":[{"href":"https:\/\/bekleidungscenter.com\/index.php?rest_route=\/wp\/v2\/types\/product"}],"replies":[{"embeddable":true,"href":"https:\/\/bekleidungscenter.com\/index.php?rest_route=%2Fwp%2Fv2%2Fcomments&post=5751"}],"wp:featuredmedia":[{"embeddable":true,"href":"https:\/\/bekleidungscenter.com\/index.php?rest_route=\/wp\/v2\/media\/5752"}],"wp:attachment":[{"href":"https:\/\/bekleidungscenter.com\/index.php?rest_route=%2Fwp%2Fv2%2Fmedia&parent=5751"}],"wp:term":[{"taxonomy":"product_cat","embeddable":true,"href":"https:\/\/bekleidungscenter.com\/index.php?rest_route=%2Fwp%2Fv2%2Fproduct_cat&post=5751"},{"taxonomy":"product_tag","embeddable":true,"href":"https:\/\/bekleidungscenter.com\/index.php?rest_route=%2Fwp%2Fv2%2Fproduct_tag&post=5751"}],"curies":[{"name":"wp","href":"https:\/\/api.w.org\/{rel}","templated":true}]}}