{"id":5834,"date":"2021-01-03T17:20:15","date_gmt":"2021-01-03T17:20:15","guid":{"rendered":"http:\/\/bekleidungscenter.com\/?product=yoins-damen-kleider-blusenkleid-elegant-longshirt-v-ausschnitt-1-2-aermel-hemdkleid-kurze-minikleid-mit-knoepfe"},"modified":"2023-04-05T21:49:55","modified_gmt":"2023-04-05T21:49:55","slug":"yoins-damen-kleider-blusenkleid-elegant-longshirt-v-ausschnitt-1-2-aermel-hemdkleid-kurze-minikleid-mit-knoepfe","status":"publish","type":"product","link":"https:\/\/bekleidungscenter.com\/?product=yoins-damen-kleider-blusenkleid-elegant-longshirt-v-ausschnitt-1-2-aermel-hemdkleid-kurze-minikleid-mit-knoepfe","title":{"rendered":"YOINS Damen Kleider Blusenkleid Elegant Longshirt V-Ausschnitt 1\/2 \u00c4rmel Hemdkleid Kurze Minikleid mit Kn\u00f6pfe"},"content":{"rendered":"<p>Gelegenheit: Yoins kleider Damen 1\/2 Arm V-Segment ist nach Ma\u00df f\u00fcr Tretm\u00fchle, Business, Shopping, Hochzeit, Urlaub und Dating. Dieses Damen kleider winter blusenkleid minikleid mit Knopfen&amp;G\u00fcrtel ist alias perfekt denn Weihnachtsgeschenk.<br \/>\nSaison: Dieses Winterkleid damen Herbst Langarm Blusenkleid Minikleid A-Linie ist f\u00fcr Fr\u00fchling und Herbst sonderlich nach Ma\u00df, alias f\u00fcr den aktuellen Trend reicht es leer.<br \/>\nLange \u00c4rmel<br \/>\nVerschluss: Rei\u00dfverschluss<br \/>\nPolyesterfasern<br \/>\nBlusenkleid Damen<br \/>\nModellnummer: YOINSXzesoilDE16011<br \/>\nMaterial:Baumwolle. Das Blusenkleid damen elegant festlich cocktailkleid klassik ist weiches Materials und angenehmen zu verstreben. Hautfreundlichem stoff ,zart und komfortabel, gute Bel\u00fcftung.<br \/>\nStil: V-ausschnitt mit Rei\u00dfverschluss und Tailleneng Schnur machen Sie chamant und elegant. Yoins elegant Kleider in reinen Farben k\u00f6nnen Sie an w\u00e4rmeren Tagen denn einfacher Hemdkleid verstreben oder denn Tunika vintage blusenkleid damen knielang bedr\u00fcckt deiner Mantel.<br \/>\nGr\u00f6\u00dfe: Bitte \u00fcberpr\u00fcfen Sie die Gr\u00f6\u00dfe Details des Produkts vor Ihrem Kaufen. Eine leichte (\u00b1 2cm) manuelle Messabweichung f\u00fcr die Produktbeschreibung ist unvermeidbar, bitte vergeben Sie uns.Wir w\u00fcnschen Ihnen einen angenehmen Einkauf !<br \/>\n<div class=\"main-cross-sell\" data-asin=\"B082B4RN6D\">\n\n\t<div class=\"WooZone-cross-sell-loader\">\n\t\t<div>\n\t\t\t<div id=\"floatingBarsG\">\n\t\t\t\t<div class=\"blockG\" id=\"rotateG_01\"><\/div>\n\t\t\t\t<div class=\"blockG\" id=\"rotateG_02\"><\/div>\n\t\t\t\t<div class=\"blockG\" id=\"rotateG_03\"><\/div>\n\t\t\t\t<div class=\"blockG\" id=\"rotateG_04\"><\/div>\n\t\t\t\t<div class=\"blockG\" id=\"rotateG_05\"><\/div>\n\t\t\t\t<div class=\"blockG\" id=\"rotateG_06\"><\/div>\n\t\t\t\t<div class=\"blockG\" id=\"rotateG_07\"><\/div>\n\t\t\t\t<div class=\"blockG\" id=\"rotateG_08\"><\/div>\n\t\t\t<\/div>\n\t\t\t<div class=\"WooZone-cross-sell-loader-text\"><\/div>\n\t\t<\/div>\n\t<\/div>\n\n\t\t\n<\/div>\n<div style=\"clear:both;\"><\/div><\/p>\n","protected":false},"excerpt":{"rendered":"<p>Gelegenheit: Yoins kleider Damen 1\/2 Arm V-Ausschnitt ist geeignet f\u00fcr Alltag, Business, Shopping, Hochzeit, Urlaub und Dating. Dieses Damen kleider winter blusenkleid minikleid mit Knopfen&amp;G\u00fcrtel ist auch perfekt als Weihnachtsgeschenk.<br \/>\nSaison: Dieses Winterkleid damen Herbst Langarm Blusenkleid Minikleid A-Linie ist f\u00fcr Fr\u00fchling und Herbst sehr geeignet, auch f\u00fcr den aktuellen Trend reicht es aus.<br \/>\nLange \u00c4rmel<\/p>\n","protected":false},"featured_media":5835,"comment_status":"open","ping_status":"closed","template":"","meta":[],"product_cat":[133,121],"product_tag":[],"yoast_head":"<!-- This site is optimized with the Yoast SEO plugin v20.6 - https:\/\/yoast.com\/wordpress\/plugins\/seo\/ -->\n<title>YOINS Damen Kleider Blusenkleid Elegant Longshirt V-Ausschnitt 1\/2 \u00c4rmel Hemdkleid Kurze Minikleid mit Kn\u00f6pfe - FamilienMode<\/title>\n<meta name=\"robots\" content=\"index, follow, max-snippet:-1, max-image-preview:large, max-video-preview:-1\" \/>\n<link rel=\"canonical\" href=\"https:\/\/bekleidungscenter.com\/?product=yoins-damen-kleider-blusenkleid-elegant-longshirt-v-ausschnitt-1-2-aermel-hemdkleid-kurze-minikleid-mit-knoepfe\" \/>\n<meta property=\"og:locale\" content=\"de_DE\" \/>\n<meta property=\"og:type\" content=\"article\" \/>\n<meta property=\"og:title\" content=\"YOINS Damen Kleider Blusenkleid Elegant Longshirt V-Ausschnitt 1\/2 \u00c4rmel Hemdkleid Kurze Minikleid mit Kn\u00f6pfe - FamilienMode\" \/>\n<meta property=\"og:description\" content=\"Gelegenheit: Yoins kleider Damen 1\/2 Arm V-Ausschnitt ist geeignet f\u00fcr Alltag, Business, Shopping, Hochzeit, Urlaub und Dating. Dieses Damen kleider winter blusenkleid minikleid mit Knopfen&amp;G\u00fcrtel ist auch perfekt als Weihnachtsgeschenk. Saison: Dieses Winterkleid damen Herbst Langarm Blusenkleid Minikleid A-Linie ist f\u00fcr Fr\u00fchling und Herbst sehr geeignet, auch f\u00fcr den aktuellen Trend reicht es aus. Lange \u00c4rmel\" \/>\n<meta property=\"og:url\" content=\"https:\/\/bekleidungscenter.com\/?product=yoins-damen-kleider-blusenkleid-elegant-longshirt-v-ausschnitt-1-2-aermel-hemdkleid-kurze-minikleid-mit-knoepfe\" \/>\n<meta property=\"og:site_name\" content=\"FamilienMode\" \/>\n<meta property=\"article:modified_time\" content=\"2023-04-05T21:49:55+00:00\" \/>\n<meta property=\"og:image\" content=\"https:\/\/images-na.ssl-images-amazon.com\/images\/I\/41CJCVfTl3L.jpg\" \/>\n\t<meta property=\"og:image:width\" content=\"500\" \/>\n\t<meta property=\"og:image:height\" content=\"500\" \/>\n\t<meta property=\"og:image:type\" content=\"image\/jpeg\" \/>\n<meta name=\"twitter:card\" content=\"summary_large_image\" \/>\n<meta name=\"twitter:label1\" content=\"Gesch\u00e4tzte Lesezeit\" \/>\n\t<meta name=\"twitter:data1\" content=\"1\u00a0Minute\" \/>\n<script type=\"application\/ld+json\" class=\"yoast-schema-graph\">{\"@context\":\"https:\/\/schema.org\",\"@graph\":[{\"@type\":\"WebPage\",\"@id\":\"https:\/\/bekleidungscenter.com\/?product=yoins-damen-kleider-blusenkleid-elegant-longshirt-v-ausschnitt-1-2-aermel-hemdkleid-kurze-minikleid-mit-knoepfe\",\"url\":\"https:\/\/bekleidungscenter.com\/?product=yoins-damen-kleider-blusenkleid-elegant-longshirt-v-ausschnitt-1-2-aermel-hemdkleid-kurze-minikleid-mit-knoepfe\",\"name\":\"YOINS Damen Kleider Blusenkleid Elegant Longshirt V-Ausschnitt 1\/2 \u00c4rmel Hemdkleid Kurze Minikleid mit Kn\u00f6pfe - FamilienMode\",\"isPartOf\":{\"@id\":\"https:\/\/bekleidungscenter.com\/#website\"},\"datePublished\":\"2021-01-03T17:20:15+00:00\",\"dateModified\":\"2023-04-05T21:49:55+00:00\",\"breadcrumb\":{\"@id\":\"https:\/\/bekleidungscenter.com\/?product=yoins-damen-kleider-blusenkleid-elegant-longshirt-v-ausschnitt-1-2-aermel-hemdkleid-kurze-minikleid-mit-knoepfe#breadcrumb\"},\"inLanguage\":\"de\",\"potentialAction\":[{\"@type\":\"ReadAction\",\"target\":[\"https:\/\/bekleidungscenter.com\/?product=yoins-damen-kleider-blusenkleid-elegant-longshirt-v-ausschnitt-1-2-aermel-hemdkleid-kurze-minikleid-mit-knoepfe\"]}]},{\"@type\":\"BreadcrumbList\",\"@id\":\"https:\/\/bekleidungscenter.com\/?product=yoins-damen-kleider-blusenkleid-elegant-longshirt-v-ausschnitt-1-2-aermel-hemdkleid-kurze-minikleid-mit-knoepfe#breadcrumb\",\"itemListElement\":[{\"@type\":\"ListItem\",\"position\":1,\"name\":\"Home\",\"item\":\"https:\/\/bekleidungscenter.com\/\"},{\"@type\":\"ListItem\",\"position\":2,\"name\":\"Shop\",\"item\":\"https:\/\/bekleidungscenter.com\/?page_id=7\"},{\"@type\":\"ListItem\",\"position\":3,\"name\":\"YOINS Damen Kleider Blusenkleid Elegant Longshirt V-Ausschnitt 1\/2 \u00c4rmel Hemdkleid Kurze Minikleid mit Kn\u00f6pfe\"}]},{\"@type\":\"WebSite\",\"@id\":\"https:\/\/bekleidungscenter.com\/#website\",\"url\":\"https:\/\/bekleidungscenter.com\/\",\"name\":\"FamilienMode\",\"description\":\"Alles f\u00fcr die ganze Familie\",\"potentialAction\":[{\"@type\":\"SearchAction\",\"target\":{\"@type\":\"EntryPoint\",\"urlTemplate\":\"https:\/\/bekleidungscenter.com\/?s={search_term_string}\"},\"query-input\":\"required name=search_term_string\"}],\"inLanguage\":\"de\"}]}<\/script>\n<!-- \/ Yoast SEO plugin. -->","yoast_head_json":{"title":"YOINS Damen Kleider Blusenkleid Elegant Longshirt V-Ausschnitt 1\/2 \u00c4rmel Hemdkleid Kurze Minikleid mit Kn\u00f6pfe - FamilienMode","robots":{"index":"index","follow":"follow","max-snippet":"max-snippet:-1","max-image-preview":"max-image-preview:large","max-video-preview":"max-video-preview:-1"},"canonical":"https:\/\/bekleidungscenter.com\/?product=yoins-damen-kleider-blusenkleid-elegant-longshirt-v-ausschnitt-1-2-aermel-hemdkleid-kurze-minikleid-mit-knoepfe","og_locale":"de_DE","og_type":"article","og_title":"YOINS Damen Kleider Blusenkleid Elegant Longshirt V-Ausschnitt 1\/2 \u00c4rmel Hemdkleid Kurze Minikleid mit Kn\u00f6pfe - FamilienMode","og_description":"Gelegenheit: Yoins kleider Damen 1\/2 Arm V-Ausschnitt ist geeignet f\u00fcr Alltag, Business, Shopping, Hochzeit, Urlaub und Dating. Dieses Damen kleider winter blusenkleid minikleid mit Knopfen&amp;G\u00fcrtel ist auch perfekt als Weihnachtsgeschenk. Saison: Dieses Winterkleid damen Herbst Langarm Blusenkleid Minikleid A-Linie ist f\u00fcr Fr\u00fchling und Herbst sehr geeignet, auch f\u00fcr den aktuellen Trend reicht es aus. Lange \u00c4rmel","og_url":"https:\/\/bekleidungscenter.com\/?product=yoins-damen-kleider-blusenkleid-elegant-longshirt-v-ausschnitt-1-2-aermel-hemdkleid-kurze-minikleid-mit-knoepfe","og_site_name":"FamilienMode","article_modified_time":"2023-04-05T21:49:55+00:00","og_image":[{"width":500,"height":500,"url":"https:\/\/images-na.ssl-images-amazon.com\/images\/I\/41CJCVfTl3L.jpg","type":"image\/jpeg"}],"twitter_card":"summary_large_image","twitter_misc":{"Gesch\u00e4tzte Lesezeit":"1\u00a0Minute"},"schema":{"@context":"https:\/\/schema.org","@graph":[{"@type":"WebPage","@id":"https:\/\/bekleidungscenter.com\/?product=yoins-damen-kleider-blusenkleid-elegant-longshirt-v-ausschnitt-1-2-aermel-hemdkleid-kurze-minikleid-mit-knoepfe","url":"https:\/\/bekleidungscenter.com\/?product=yoins-damen-kleider-blusenkleid-elegant-longshirt-v-ausschnitt-1-2-aermel-hemdkleid-kurze-minikleid-mit-knoepfe","name":"YOINS Damen Kleider Blusenkleid Elegant Longshirt V-Ausschnitt 1\/2 \u00c4rmel Hemdkleid Kurze Minikleid mit Kn\u00f6pfe - FamilienMode","isPartOf":{"@id":"https:\/\/bekleidungscenter.com\/#website"},"datePublished":"2021-01-03T17:20:15+00:00","dateModified":"2023-04-05T21:49:55+00:00","breadcrumb":{"@id":"https:\/\/bekleidungscenter.com\/?product=yoins-damen-kleider-blusenkleid-elegant-longshirt-v-ausschnitt-1-2-aermel-hemdkleid-kurze-minikleid-mit-knoepfe#breadcrumb"},"inLanguage":"de","potentialAction":[{"@type":"ReadAction","target":["https:\/\/bekleidungscenter.com\/?product=yoins-damen-kleider-blusenkleid-elegant-longshirt-v-ausschnitt-1-2-aermel-hemdkleid-kurze-minikleid-mit-knoepfe"]}]},{"@type":"BreadcrumbList","@id":"https:\/\/bekleidungscenter.com\/?product=yoins-damen-kleider-blusenkleid-elegant-longshirt-v-ausschnitt-1-2-aermel-hemdkleid-kurze-minikleid-mit-knoepfe#breadcrumb","itemListElement":[{"@type":"ListItem","position":1,"name":"Home","item":"https:\/\/bekleidungscenter.com\/"},{"@type":"ListItem","position":2,"name":"Shop","item":"https:\/\/bekleidungscenter.com\/?page_id=7"},{"@type":"ListItem","position":3,"name":"YOINS Damen Kleider Blusenkleid Elegant Longshirt V-Ausschnitt 1\/2 \u00c4rmel Hemdkleid Kurze Minikleid mit Kn\u00f6pfe"}]},{"@type":"WebSite","@id":"https:\/\/bekleidungscenter.com\/#website","url":"https:\/\/bekleidungscenter.com\/","name":"FamilienMode","description":"Alles f\u00fcr die ganze Familie","potentialAction":[{"@type":"SearchAction","target":{"@type":"EntryPoint","urlTemplate":"https:\/\/bekleidungscenter.com\/?s={search_term_string}"},"query-input":"required name=search_term_string"}],"inLanguage":"de"}]}},"_links":{"self":[{"href":"https:\/\/bekleidungscenter.com\/index.php?rest_route=\/wp\/v2\/product\/5834"}],"collection":[{"href":"https:\/\/bekleidungscenter.com\/index.php?rest_route=\/wp\/v2\/product"}],"about":[{"href":"https:\/\/bekleidungscenter.com\/index.php?rest_route=\/wp\/v2\/types\/product"}],"replies":[{"embeddable":true,"href":"https:\/\/bekleidungscenter.com\/index.php?rest_route=%2Fwp%2Fv2%2Fcomments&post=5834"}],"wp:featuredmedia":[{"embeddable":true,"href":"https:\/\/bekleidungscenter.com\/index.php?rest_route=\/wp\/v2\/media\/5835"}],"wp:attachment":[{"href":"https:\/\/bekleidungscenter.com\/index.php?rest_route=%2Fwp%2Fv2%2Fmedia&parent=5834"}],"wp:term":[{"taxonomy":"product_cat","embeddable":true,"href":"https:\/\/bekleidungscenter.com\/index.php?rest_route=%2Fwp%2Fv2%2Fproduct_cat&post=5834"},{"taxonomy":"product_tag","embeddable":true,"href":"https:\/\/bekleidungscenter.com\/index.php?rest_route=%2Fwp%2Fv2%2Fproduct_tag&post=5834"}],"curies":[{"name":"wp","href":"https:\/\/api.w.org\/{rel}","templated":true}]}}