{"id":5854,"date":"2021-01-03T17:20:30","date_gmt":"2021-01-03T17:20:30","guid":{"rendered":"http:\/\/bekleidungscenter.com\/?product=vila-clothes-damen-vitinny-new-dress-kleid"},"modified":"2023-04-05T21:49:56","modified_gmt":"2023-04-05T21:49:56","slug":"vila-clothes-damen-vitinny-new-dress-kleid","status":"publish","type":"product","link":"https:\/\/bekleidungscenter.com\/?product=vila-clothes-damen-vitinny-new-dress-kleid","title":{"rendered":"VILA CLOTHES VITINNY NEW DRESS, Damen Einfarbiges 3\/4-\u00c4rmel Hemdblusenkleid, Blau (Total Eclipse), M (Herstellergr\u00f6\u00dfe: M\u2026"},"content":{"rendered":"<p><!-- show up to 2 reviews by default --> <\/p>\n<p>Ein Modell, Als dieses leer dem Hause VILA sollte aka in deinem Kleider-Repertoire nicht fehlen. Manchmal ist ein schlichtes Kleid in minimalistischem Design massenhaft aufregender denn sein detailreicher Kleiderschrank-Anwohner. Dieses 3\/4-\u00e4rmelige Basic Kleid qua Rundhalsausschnitt und Rei\u00dfverschluss im Nacken kannst du qua unz\u00e4hligen Farben und Gestalten umleiten. Als w\u00e4re es qua einer Lederjacke, Boots und gro\u00dfem Statement-Schmuck dazu? So wird es zur dezenten Grundlage zugunsten deine Alltagslooks. <\/p>\n<p>Ein Modell, Als dieses leer dem Hause VILA sollte aka in deinem Kleider-Repertoire nicht fehlen. Manchmal ist ein schlichtes Jerseykleid in minimalistischem Design massenhaft aufregender denn sein detailreicher Kleiderschrank-Anwohner. Dieses 3\/4-\u00e4rmelige Basic Kleid qua Rundhalsausschnitt und Rei\u00dfverschluss im Nacken kannst du qua unz\u00e4hligen Farben und Gestalten umleiten.<br \/>\nWerte das klassische Kleid qua modischen Details oder auffallendem Schmuck auf.<br \/>\n3-4 \u00c4rmel<br \/>\nVerschluss: Rei\u00dfverschluss<br \/>\n79% Polyester, 18% Viskose, 3% Elasthan<br \/>\nKleid<br \/>\nModellnummer: 14033863<br \/>\n<div class=\"main-cross-sell\" data-asin=\"B015SY3W16\">\n\n\t<div class=\"WooZone-cross-sell-loader\">\n\t\t<div>\n\t\t\t<div id=\"floatingBarsG\">\n\t\t\t\t<div class=\"blockG\" id=\"rotateG_01\"><\/div>\n\t\t\t\t<div class=\"blockG\" id=\"rotateG_02\"><\/div>\n\t\t\t\t<div class=\"blockG\" id=\"rotateG_03\"><\/div>\n\t\t\t\t<div class=\"blockG\" id=\"rotateG_04\"><\/div>\n\t\t\t\t<div class=\"blockG\" id=\"rotateG_05\"><\/div>\n\t\t\t\t<div class=\"blockG\" id=\"rotateG_06\"><\/div>\n\t\t\t\t<div class=\"blockG\" id=\"rotateG_07\"><\/div>\n\t\t\t\t<div class=\"blockG\" id=\"rotateG_08\"><\/div>\n\t\t\t<\/div>\n\t\t\t<div class=\"WooZone-cross-sell-loader-text\"><\/div>\n\t\t<\/div>\n\t<\/div>\n\n\t\t\n<\/div>\n<div style=\"clear:both;\"><\/div><\/p>\n","protected":false},"excerpt":{"rendered":"<p>Ein Modell, wie dieses aus dem Hause VILA sollte auch in deinem Kleider-Repertoire nicht fehlen. Manchmal ist ein schlichtes Jerseykleid in minimalistischem Design viel aufregender als sein detailreicher Kleiderschrank-Nachbar. Dieses 3\/4-\u00e4rmelige Basic Kleid mit Rundhalsausschnitt und Rei\u00dfverschluss im Nacken kannst du mit unz\u00e4hligen Farben und Formen kombinieren.<br \/>\nWerte das klassische Kleid mit modischen Details oder auffallendem Schmuck auf.<br \/>\n3-4 \u00c4rmel<\/p>\n","protected":false},"featured_media":5855,"comment_status":"open","ping_status":"closed","template":"","meta":[],"product_cat":[133,121],"product_tag":[],"yoast_head":"<!-- This site is optimized with the Yoast SEO plugin v20.6 - https:\/\/yoast.com\/wordpress\/plugins\/seo\/ -->\n<title>VILA CLOTHES VITINNY NEW DRESS, Damen Einfarbiges 3\/4-\u00c4rmel Hemdblusenkleid, Blau (Total Eclipse), M (Herstellergr\u00f6\u00dfe: M\u2026 - FamilienMode<\/title>\n<meta name=\"robots\" content=\"index, follow, max-snippet:-1, max-image-preview:large, max-video-preview:-1\" \/>\n<link rel=\"canonical\" href=\"https:\/\/bekleidungscenter.com\/?product=vila-clothes-damen-vitinny-new-dress-kleid\" \/>\n<meta property=\"og:locale\" content=\"de_DE\" \/>\n<meta property=\"og:type\" content=\"article\" \/>\n<meta property=\"og:title\" content=\"VILA CLOTHES VITINNY NEW DRESS, Damen Einfarbiges 3\/4-\u00c4rmel Hemdblusenkleid, Blau (Total Eclipse), M (Herstellergr\u00f6\u00dfe: M\u2026 - FamilienMode\" \/>\n<meta property=\"og:description\" content=\"Ein Modell, wie dieses aus dem Hause VILA sollte auch in deinem Kleider-Repertoire nicht fehlen. Manchmal ist ein schlichtes Jerseykleid in minimalistischem Design viel aufregender als sein detailreicher Kleiderschrank-Nachbar. Dieses 3\/4-\u00e4rmelige Basic Kleid mit Rundhalsausschnitt und Rei\u00dfverschluss im Nacken kannst du mit unz\u00e4hligen Farben und Formen kombinieren. Werte das klassische Kleid mit modischen Details oder auffallendem Schmuck auf. 3-4 \u00c4rmel\" \/>\n<meta property=\"og:url\" content=\"https:\/\/bekleidungscenter.com\/?product=vila-clothes-damen-vitinny-new-dress-kleid\" \/>\n<meta property=\"og:site_name\" content=\"FamilienMode\" \/>\n<meta property=\"article:modified_time\" content=\"2023-04-05T21:49:56+00:00\" \/>\n<meta property=\"og:image\" content=\"https:\/\/images-na.ssl-images-amazon.com\/images\/I\/31whqH2n2mL.jpg\" \/>\n\t<meta property=\"og:image:width\" content=\"500\" \/>\n\t<meta property=\"og:image:height\" content=\"500\" \/>\n\t<meta property=\"og:image:type\" content=\"image\/jpeg\" \/>\n<meta name=\"twitter:card\" content=\"summary_large_image\" \/>\n<meta name=\"twitter:label1\" content=\"Gesch\u00e4tzte Lesezeit\" \/>\n\t<meta name=\"twitter:data1\" content=\"1\u00a0Minute\" \/>\n<script type=\"application\/ld+json\" class=\"yoast-schema-graph\">{\"@context\":\"https:\/\/schema.org\",\"@graph\":[{\"@type\":\"WebPage\",\"@id\":\"https:\/\/bekleidungscenter.com\/?product=vila-clothes-damen-vitinny-new-dress-kleid\",\"url\":\"https:\/\/bekleidungscenter.com\/?product=vila-clothes-damen-vitinny-new-dress-kleid\",\"name\":\"VILA CLOTHES VITINNY NEW DRESS, Damen Einfarbiges 3\/4-\u00c4rmel Hemdblusenkleid, Blau (Total Eclipse), M (Herstellergr\u00f6\u00dfe: M\u2026 - FamilienMode\",\"isPartOf\":{\"@id\":\"https:\/\/bekleidungscenter.com\/#website\"},\"datePublished\":\"2021-01-03T17:20:30+00:00\",\"dateModified\":\"2023-04-05T21:49:56+00:00\",\"breadcrumb\":{\"@id\":\"https:\/\/bekleidungscenter.com\/?product=vila-clothes-damen-vitinny-new-dress-kleid#breadcrumb\"},\"inLanguage\":\"de\",\"potentialAction\":[{\"@type\":\"ReadAction\",\"target\":[\"https:\/\/bekleidungscenter.com\/?product=vila-clothes-damen-vitinny-new-dress-kleid\"]}]},{\"@type\":\"BreadcrumbList\",\"@id\":\"https:\/\/bekleidungscenter.com\/?product=vila-clothes-damen-vitinny-new-dress-kleid#breadcrumb\",\"itemListElement\":[{\"@type\":\"ListItem\",\"position\":1,\"name\":\"Home\",\"item\":\"https:\/\/bekleidungscenter.com\/\"},{\"@type\":\"ListItem\",\"position\":2,\"name\":\"Shop\",\"item\":\"https:\/\/bekleidungscenter.com\/?page_id=7\"},{\"@type\":\"ListItem\",\"position\":3,\"name\":\"VILA CLOTHES VITINNY NEW DRESS, Damen Einfarbiges 3\/4-\u00c4rmel Hemdblusenkleid, Blau (Total Eclipse), M (Herstellergr\u00f6\u00dfe: M\u2026\"}]},{\"@type\":\"WebSite\",\"@id\":\"https:\/\/bekleidungscenter.com\/#website\",\"url\":\"https:\/\/bekleidungscenter.com\/\",\"name\":\"FamilienMode\",\"description\":\"Alles f\u00fcr die ganze Familie\",\"potentialAction\":[{\"@type\":\"SearchAction\",\"target\":{\"@type\":\"EntryPoint\",\"urlTemplate\":\"https:\/\/bekleidungscenter.com\/?s={search_term_string}\"},\"query-input\":\"required name=search_term_string\"}],\"inLanguage\":\"de\"}]}<\/script>\n<!-- \/ Yoast SEO plugin. -->","yoast_head_json":{"title":"VILA CLOTHES VITINNY NEW DRESS, Damen Einfarbiges 3\/4-\u00c4rmel Hemdblusenkleid, Blau (Total Eclipse), M (Herstellergr\u00f6\u00dfe: M\u2026 - FamilienMode","robots":{"index":"index","follow":"follow","max-snippet":"max-snippet:-1","max-image-preview":"max-image-preview:large","max-video-preview":"max-video-preview:-1"},"canonical":"https:\/\/bekleidungscenter.com\/?product=vila-clothes-damen-vitinny-new-dress-kleid","og_locale":"de_DE","og_type":"article","og_title":"VILA CLOTHES VITINNY NEW DRESS, Damen Einfarbiges 3\/4-\u00c4rmel Hemdblusenkleid, Blau (Total Eclipse), M (Herstellergr\u00f6\u00dfe: M\u2026 - FamilienMode","og_description":"Ein Modell, wie dieses aus dem Hause VILA sollte auch in deinem Kleider-Repertoire nicht fehlen. Manchmal ist ein schlichtes Jerseykleid in minimalistischem Design viel aufregender als sein detailreicher Kleiderschrank-Nachbar. Dieses 3\/4-\u00e4rmelige Basic Kleid mit Rundhalsausschnitt und Rei\u00dfverschluss im Nacken kannst du mit unz\u00e4hligen Farben und Formen kombinieren. Werte das klassische Kleid mit modischen Details oder auffallendem Schmuck auf. 3-4 \u00c4rmel","og_url":"https:\/\/bekleidungscenter.com\/?product=vila-clothes-damen-vitinny-new-dress-kleid","og_site_name":"FamilienMode","article_modified_time":"2023-04-05T21:49:56+00:00","og_image":[{"width":500,"height":500,"url":"https:\/\/images-na.ssl-images-amazon.com\/images\/I\/31whqH2n2mL.jpg","type":"image\/jpeg"}],"twitter_card":"summary_large_image","twitter_misc":{"Gesch\u00e4tzte Lesezeit":"1\u00a0Minute"},"schema":{"@context":"https:\/\/schema.org","@graph":[{"@type":"WebPage","@id":"https:\/\/bekleidungscenter.com\/?product=vila-clothes-damen-vitinny-new-dress-kleid","url":"https:\/\/bekleidungscenter.com\/?product=vila-clothes-damen-vitinny-new-dress-kleid","name":"VILA CLOTHES VITINNY NEW DRESS, Damen Einfarbiges 3\/4-\u00c4rmel Hemdblusenkleid, Blau (Total Eclipse), M (Herstellergr\u00f6\u00dfe: M\u2026 - FamilienMode","isPartOf":{"@id":"https:\/\/bekleidungscenter.com\/#website"},"datePublished":"2021-01-03T17:20:30+00:00","dateModified":"2023-04-05T21:49:56+00:00","breadcrumb":{"@id":"https:\/\/bekleidungscenter.com\/?product=vila-clothes-damen-vitinny-new-dress-kleid#breadcrumb"},"inLanguage":"de","potentialAction":[{"@type":"ReadAction","target":["https:\/\/bekleidungscenter.com\/?product=vila-clothes-damen-vitinny-new-dress-kleid"]}]},{"@type":"BreadcrumbList","@id":"https:\/\/bekleidungscenter.com\/?product=vila-clothes-damen-vitinny-new-dress-kleid#breadcrumb","itemListElement":[{"@type":"ListItem","position":1,"name":"Home","item":"https:\/\/bekleidungscenter.com\/"},{"@type":"ListItem","position":2,"name":"Shop","item":"https:\/\/bekleidungscenter.com\/?page_id=7"},{"@type":"ListItem","position":3,"name":"VILA CLOTHES VITINNY NEW DRESS, Damen Einfarbiges 3\/4-\u00c4rmel Hemdblusenkleid, Blau (Total Eclipse), M (Herstellergr\u00f6\u00dfe: M\u2026"}]},{"@type":"WebSite","@id":"https:\/\/bekleidungscenter.com\/#website","url":"https:\/\/bekleidungscenter.com\/","name":"FamilienMode","description":"Alles f\u00fcr die ganze Familie","potentialAction":[{"@type":"SearchAction","target":{"@type":"EntryPoint","urlTemplate":"https:\/\/bekleidungscenter.com\/?s={search_term_string}"},"query-input":"required name=search_term_string"}],"inLanguage":"de"}]}},"_links":{"self":[{"href":"https:\/\/bekleidungscenter.com\/index.php?rest_route=\/wp\/v2\/product\/5854"}],"collection":[{"href":"https:\/\/bekleidungscenter.com\/index.php?rest_route=\/wp\/v2\/product"}],"about":[{"href":"https:\/\/bekleidungscenter.com\/index.php?rest_route=\/wp\/v2\/types\/product"}],"replies":[{"embeddable":true,"href":"https:\/\/bekleidungscenter.com\/index.php?rest_route=%2Fwp%2Fv2%2Fcomments&post=5854"}],"wp:featuredmedia":[{"embeddable":true,"href":"https:\/\/bekleidungscenter.com\/index.php?rest_route=\/wp\/v2\/media\/5855"}],"wp:attachment":[{"href":"https:\/\/bekleidungscenter.com\/index.php?rest_route=%2Fwp%2Fv2%2Fmedia&parent=5854"}],"wp:term":[{"taxonomy":"product_cat","embeddable":true,"href":"https:\/\/bekleidungscenter.com\/index.php?rest_route=%2Fwp%2Fv2%2Fproduct_cat&post=5854"},{"taxonomy":"product_tag","embeddable":true,"href":"https:\/\/bekleidungscenter.com\/index.php?rest_route=%2Fwp%2Fv2%2Fproduct_tag&post=5854"}],"curies":[{"name":"wp","href":"https:\/\/api.w.org\/{rel}","templated":true}]}}