{"id":5878,"date":"2021-01-03T17:20:44","date_gmt":"2021-01-03T17:20:44","guid":{"rendered":"http:\/\/bekleidungscenter.com\/?product=oodji-ultra-damen-baumwoll-kleid-basic"},"modified":"2023-04-05T21:49:56","modified_gmt":"2023-04-05T21:49:56","slug":"oodji-ultra-damen-baumwoll-kleid-basic","status":"publish","type":"product","link":"https:\/\/bekleidungscenter.com\/?product=oodji-ultra-damen-baumwoll-kleid-basic","title":{"rendered":"oodji Ultra Damen Baumwoll-Kleid Basic"},"content":{"rendered":"<p><!-- show up to 2 reviews by default --> <\/p>\n<p>Sch\u00f6nes Kleid nicht mehr da Jersey. Das taillierte Kleid betont vorteilhaft die Vorz\u00fcge der Figur, danach passt es das Mittel der Wahl den mutigen und selbstbewussten jungen Frauen. Ein elegantes Aussehen verleiht der adrette U-Boot-Unvollendetes. Dieses Kleid bietet Ihnen die M\u00f6glichkeit, einen stilvollen und einzigartigen Look zu kreieren. Dieses Basic-Kleid passt das Mittel der Wahl zu Ihrer Alltagsgarderobe. Das figurbetonte Modell ist schlicht und wachsam. Mit diesem Kleid kreieren Sie immerzu zahlreiche, stylische Outfits. In diesem Kleid werden Sie bezaubernd und sexy aussehen! Anlass: Casual; <\/p>\n<p>oodji Ultra Bekleidung f\u00e4llt kleiner nicht mehr da. Wir signalisieren Ihnen, eine Nummer gr\u00f6\u00dfer wie Ihre Normalgr\u00f6\u00dfe zu abonnieren oder sich nach der oodji-Gr\u00f6\u00dfentabelle zu richten. Unser Model ist 175 cm gro\u00df und wiegt 52 kg. Es tr\u00e4gt Gr\u00f6\u00dfe S. Seine Umf\u00e4nge: 85\/65\/90<br \/>\nKleidl\u00e4nge (Gr\u00f6\u00dfe M): 81cm<br \/>\n3-4 \u00c4rmel<br \/>\n95% Baumwolle, 5% Elasthan<br \/>\nTube-Kleid<br \/>\nPflegehinweis: Maschinenw\u00e4sche<br \/>\nModellnummer: 14001071-2B<br \/>\nStilvolles figurschmeichelndes Kleid mit 3\/4-\u00c4rmeln ist perfekt kombinierbar<br \/>\nAtmungsaktive Baumwollqualit\u00e4t sorgt sondern angenehmes Tragegef\u00fchl<br \/>\nL\u00e4nge: Mini<br \/>\n<div class=\"main-cross-sell\" data-asin=\"B01M7SM6MJ\">\n\n\t<div class=\"WooZone-cross-sell-loader\">\n\t\t<div>\n\t\t\t<div id=\"floatingBarsG\">\n\t\t\t\t<div class=\"blockG\" id=\"rotateG_01\"><\/div>\n\t\t\t\t<div class=\"blockG\" id=\"rotateG_02\"><\/div>\n\t\t\t\t<div class=\"blockG\" id=\"rotateG_03\"><\/div>\n\t\t\t\t<div class=\"blockG\" id=\"rotateG_04\"><\/div>\n\t\t\t\t<div class=\"blockG\" id=\"rotateG_05\"><\/div>\n\t\t\t\t<div class=\"blockG\" id=\"rotateG_06\"><\/div>\n\t\t\t\t<div class=\"blockG\" id=\"rotateG_07\"><\/div>\n\t\t\t\t<div class=\"blockG\" id=\"rotateG_08\"><\/div>\n\t\t\t<\/div>\n\t\t\t<div class=\"WooZone-cross-sell-loader-text\"><\/div>\n\t\t<\/div>\n\t<\/div>\n\n\t\t\n<\/div>\n<div style=\"clear:both;\"><\/div><\/p>\n","protected":false},"excerpt":{"rendered":"<p>oodji Ultra Bekleidung f\u00e4llt kleiner aus. Wir empfehlen Ihnen, eine Nummer gr\u00f6\u00dfer als Ihre Normalgr\u00f6\u00dfe zu bestellen oder sich nach der oodji-Gr\u00f6\u00dfentabelle zu richten. Unser Model ist 175 cm gro\u00df und wiegt 52 kg. Es tr\u00e4gt Gr\u00f6\u00dfe S. Seine Umf\u00e4nge: 85\/65\/90<br \/>\nKleidl\u00e4nge (Gr\u00f6\u00dfe M): 81cm<br \/>\n3-4 \u00c4rmel<\/p>\n","protected":false},"featured_media":5879,"comment_status":"open","ping_status":"closed","template":"","meta":[],"product_cat":[133,121],"product_tag":[],"yoast_head":"<!-- This site is optimized with the Yoast SEO plugin v20.6 - https:\/\/yoast.com\/wordpress\/plugins\/seo\/ -->\n<title>oodji Ultra Damen Baumwoll-Kleid Basic - FamilienMode<\/title>\n<meta name=\"robots\" content=\"index, follow, max-snippet:-1, max-image-preview:large, max-video-preview:-1\" \/>\n<link rel=\"canonical\" href=\"https:\/\/bekleidungscenter.com\/?product=oodji-ultra-damen-baumwoll-kleid-basic\" \/>\n<meta property=\"og:locale\" content=\"de_DE\" \/>\n<meta property=\"og:type\" content=\"article\" \/>\n<meta property=\"og:title\" content=\"oodji Ultra Damen Baumwoll-Kleid Basic - FamilienMode\" \/>\n<meta property=\"og:description\" content=\"oodji Ultra Bekleidung f\u00e4llt kleiner aus. Wir empfehlen Ihnen, eine Nummer gr\u00f6\u00dfer als Ihre Normalgr\u00f6\u00dfe zu bestellen oder sich nach der oodji-Gr\u00f6\u00dfentabelle zu richten. Unser Model ist 175 cm gro\u00df und wiegt 52 kg. Es tr\u00e4gt Gr\u00f6\u00dfe S. Seine Umf\u00e4nge: 85\/65\/90 Kleidl\u00e4nge (Gr\u00f6\u00dfe M): 81cm 3-4 \u00c4rmel\" \/>\n<meta property=\"og:url\" content=\"https:\/\/bekleidungscenter.com\/?product=oodji-ultra-damen-baumwoll-kleid-basic\" \/>\n<meta property=\"og:site_name\" content=\"FamilienMode\" \/>\n<meta property=\"article:modified_time\" content=\"2023-04-05T21:49:56+00:00\" \/>\n<meta property=\"og:image\" content=\"https:\/\/images-na.ssl-images-amazon.com\/images\/I\/31v2RSv1xEL.jpg\" \/>\n\t<meta property=\"og:image:width\" content=\"500\" \/>\n\t<meta property=\"og:image:height\" content=\"500\" \/>\n\t<meta property=\"og:image:type\" content=\"image\/jpeg\" \/>\n<meta name=\"twitter:card\" content=\"summary_large_image\" \/>\n<meta name=\"twitter:label1\" content=\"Gesch\u00e4tzte Lesezeit\" \/>\n\t<meta name=\"twitter:data1\" content=\"1\u00a0Minute\" \/>\n<script type=\"application\/ld+json\" class=\"yoast-schema-graph\">{\"@context\":\"https:\/\/schema.org\",\"@graph\":[{\"@type\":\"WebPage\",\"@id\":\"https:\/\/bekleidungscenter.com\/?product=oodji-ultra-damen-baumwoll-kleid-basic\",\"url\":\"https:\/\/bekleidungscenter.com\/?product=oodji-ultra-damen-baumwoll-kleid-basic\",\"name\":\"oodji Ultra Damen Baumwoll-Kleid Basic - FamilienMode\",\"isPartOf\":{\"@id\":\"https:\/\/bekleidungscenter.com\/#website\"},\"datePublished\":\"2021-01-03T17:20:44+00:00\",\"dateModified\":\"2023-04-05T21:49:56+00:00\",\"breadcrumb\":{\"@id\":\"https:\/\/bekleidungscenter.com\/?product=oodji-ultra-damen-baumwoll-kleid-basic#breadcrumb\"},\"inLanguage\":\"de\",\"potentialAction\":[{\"@type\":\"ReadAction\",\"target\":[\"https:\/\/bekleidungscenter.com\/?product=oodji-ultra-damen-baumwoll-kleid-basic\"]}]},{\"@type\":\"BreadcrumbList\",\"@id\":\"https:\/\/bekleidungscenter.com\/?product=oodji-ultra-damen-baumwoll-kleid-basic#breadcrumb\",\"itemListElement\":[{\"@type\":\"ListItem\",\"position\":1,\"name\":\"Home\",\"item\":\"https:\/\/bekleidungscenter.com\/\"},{\"@type\":\"ListItem\",\"position\":2,\"name\":\"Shop\",\"item\":\"https:\/\/bekleidungscenter.com\/?page_id=7\"},{\"@type\":\"ListItem\",\"position\":3,\"name\":\"oodji Ultra Damen Baumwoll-Kleid Basic\"}]},{\"@type\":\"WebSite\",\"@id\":\"https:\/\/bekleidungscenter.com\/#website\",\"url\":\"https:\/\/bekleidungscenter.com\/\",\"name\":\"FamilienMode\",\"description\":\"Alles f\u00fcr die ganze Familie\",\"potentialAction\":[{\"@type\":\"SearchAction\",\"target\":{\"@type\":\"EntryPoint\",\"urlTemplate\":\"https:\/\/bekleidungscenter.com\/?s={search_term_string}\"},\"query-input\":\"required name=search_term_string\"}],\"inLanguage\":\"de\"}]}<\/script>\n<!-- \/ Yoast SEO plugin. -->","yoast_head_json":{"title":"oodji Ultra Damen Baumwoll-Kleid Basic - FamilienMode","robots":{"index":"index","follow":"follow","max-snippet":"max-snippet:-1","max-image-preview":"max-image-preview:large","max-video-preview":"max-video-preview:-1"},"canonical":"https:\/\/bekleidungscenter.com\/?product=oodji-ultra-damen-baumwoll-kleid-basic","og_locale":"de_DE","og_type":"article","og_title":"oodji Ultra Damen Baumwoll-Kleid Basic - FamilienMode","og_description":"oodji Ultra Bekleidung f\u00e4llt kleiner aus. Wir empfehlen Ihnen, eine Nummer gr\u00f6\u00dfer als Ihre Normalgr\u00f6\u00dfe zu bestellen oder sich nach der oodji-Gr\u00f6\u00dfentabelle zu richten. Unser Model ist 175 cm gro\u00df und wiegt 52 kg. Es tr\u00e4gt Gr\u00f6\u00dfe S. Seine Umf\u00e4nge: 85\/65\/90 Kleidl\u00e4nge (Gr\u00f6\u00dfe M): 81cm 3-4 \u00c4rmel","og_url":"https:\/\/bekleidungscenter.com\/?product=oodji-ultra-damen-baumwoll-kleid-basic","og_site_name":"FamilienMode","article_modified_time":"2023-04-05T21:49:56+00:00","og_image":[{"width":500,"height":500,"url":"https:\/\/images-na.ssl-images-amazon.com\/images\/I\/31v2RSv1xEL.jpg","type":"image\/jpeg"}],"twitter_card":"summary_large_image","twitter_misc":{"Gesch\u00e4tzte Lesezeit":"1\u00a0Minute"},"schema":{"@context":"https:\/\/schema.org","@graph":[{"@type":"WebPage","@id":"https:\/\/bekleidungscenter.com\/?product=oodji-ultra-damen-baumwoll-kleid-basic","url":"https:\/\/bekleidungscenter.com\/?product=oodji-ultra-damen-baumwoll-kleid-basic","name":"oodji Ultra Damen Baumwoll-Kleid Basic - FamilienMode","isPartOf":{"@id":"https:\/\/bekleidungscenter.com\/#website"},"datePublished":"2021-01-03T17:20:44+00:00","dateModified":"2023-04-05T21:49:56+00:00","breadcrumb":{"@id":"https:\/\/bekleidungscenter.com\/?product=oodji-ultra-damen-baumwoll-kleid-basic#breadcrumb"},"inLanguage":"de","potentialAction":[{"@type":"ReadAction","target":["https:\/\/bekleidungscenter.com\/?product=oodji-ultra-damen-baumwoll-kleid-basic"]}]},{"@type":"BreadcrumbList","@id":"https:\/\/bekleidungscenter.com\/?product=oodji-ultra-damen-baumwoll-kleid-basic#breadcrumb","itemListElement":[{"@type":"ListItem","position":1,"name":"Home","item":"https:\/\/bekleidungscenter.com\/"},{"@type":"ListItem","position":2,"name":"Shop","item":"https:\/\/bekleidungscenter.com\/?page_id=7"},{"@type":"ListItem","position":3,"name":"oodji Ultra Damen Baumwoll-Kleid Basic"}]},{"@type":"WebSite","@id":"https:\/\/bekleidungscenter.com\/#website","url":"https:\/\/bekleidungscenter.com\/","name":"FamilienMode","description":"Alles f\u00fcr die ganze Familie","potentialAction":[{"@type":"SearchAction","target":{"@type":"EntryPoint","urlTemplate":"https:\/\/bekleidungscenter.com\/?s={search_term_string}"},"query-input":"required name=search_term_string"}],"inLanguage":"de"}]}},"_links":{"self":[{"href":"https:\/\/bekleidungscenter.com\/index.php?rest_route=\/wp\/v2\/product\/5878"}],"collection":[{"href":"https:\/\/bekleidungscenter.com\/index.php?rest_route=\/wp\/v2\/product"}],"about":[{"href":"https:\/\/bekleidungscenter.com\/index.php?rest_route=\/wp\/v2\/types\/product"}],"replies":[{"embeddable":true,"href":"https:\/\/bekleidungscenter.com\/index.php?rest_route=%2Fwp%2Fv2%2Fcomments&post=5878"}],"wp:featuredmedia":[{"embeddable":true,"href":"https:\/\/bekleidungscenter.com\/index.php?rest_route=\/wp\/v2\/media\/5879"}],"wp:attachment":[{"href":"https:\/\/bekleidungscenter.com\/index.php?rest_route=%2Fwp%2Fv2%2Fmedia&parent=5878"}],"wp:term":[{"taxonomy":"product_cat","embeddable":true,"href":"https:\/\/bekleidungscenter.com\/index.php?rest_route=%2Fwp%2Fv2%2Fproduct_cat&post=5878"},{"taxonomy":"product_tag","embeddable":true,"href":"https:\/\/bekleidungscenter.com\/index.php?rest_route=%2Fwp%2Fv2%2Fproduct_tag&post=5878"}],"curies":[{"name":"wp","href":"https:\/\/api.w.org\/{rel}","templated":true}]}}