{"id":6026,"date":"2021-01-03T17:34:04","date_gmt":"2021-01-03T17:34:04","guid":{"rendered":"http:\/\/bekleidungscenter.com\/?product=only-damen-onlmay-s-s-dress-noos-kleid"},"modified":"2023-04-05T21:49:59","modified_gmt":"2023-04-05T21:49:59","slug":"only-damen-onlmay-s-s-dress-noos-kleid","status":"publish","type":"product","link":"https:\/\/bekleidungscenter.com\/?product=only-damen-onlmay-s-s-dress-noos-kleid","title":{"rendered":"ONLY Damen Onlmay S\/S Dress Noos Kleid"},"content":{"rendered":"<p><!-- show up to 2 reviews by default --> <\/p>\n<p>Strandbesuch u. a. Gartenparty k\u00f6nnen anr\u00fccken. Dieses bequeme u. a. l\u00e4ssige Kleid von ONLY \u00fcberzeugt auf Basis von sein klassisches Design. Die kurzen \u00c4rmel u. a. der Rundhalsausschnitt anr\u00fccken im klassischen Umgangsformen u. a. lassen sich vielseitig abstrahieren. Der verstellbare Tunnelzug in der Taille sorgt statt dessen den perfekten Aufenthaltsort u. a. hebt den Stylefaktor. <\/p>\n<p>Schlichtes Kleid von Only durch kurzem u. a. Rundhals-Bruchst\u00fcck allesamt Baumwolle<br \/>\nKurzarm<br \/>\nVerschluss: Kordelzug<br \/>\n100% Baumwolle<br \/>\nKleid<br \/>\nModellnummer: 15153021<br \/>\n<div class=\"main-cross-sell\" data-asin=\"B07PRKYS42\">\n\n\t<div class=\"WooZone-cross-sell-loader\">\n\t\t<div>\n\t\t\t<div id=\"floatingBarsG\">\n\t\t\t\t<div class=\"blockG\" id=\"rotateG_01\"><\/div>\n\t\t\t\t<div class=\"blockG\" id=\"rotateG_02\"><\/div>\n\t\t\t\t<div class=\"blockG\" id=\"rotateG_03\"><\/div>\n\t\t\t\t<div class=\"blockG\" id=\"rotateG_04\"><\/div>\n\t\t\t\t<div class=\"blockG\" id=\"rotateG_05\"><\/div>\n\t\t\t\t<div class=\"blockG\" id=\"rotateG_06\"><\/div>\n\t\t\t\t<div class=\"blockG\" id=\"rotateG_07\"><\/div>\n\t\t\t\t<div class=\"blockG\" id=\"rotateG_08\"><\/div>\n\t\t\t<\/div>\n\t\t\t<div class=\"WooZone-cross-sell-loader-text\"><\/div>\n\t\t<\/div>\n\t<\/div>\n\n\t\t\n<\/div>\n<div style=\"clear:both;\"><\/div><\/p>\n","protected":false},"excerpt":{"rendered":"<p>Schlichtes Kleid von Only mit kurzem und Rundhals-Ausschnitt aus Baumwolle<br \/>\nKurzarm<br \/>\nVerschluss: Kordelzug<\/p>\n","protected":false},"featured_media":6027,"comment_status":"open","ping_status":"closed","template":"","meta":[],"product_cat":[133,121],"product_tag":[],"yoast_head":"<!-- This site is optimized with the Yoast SEO plugin v20.6 - https:\/\/yoast.com\/wordpress\/plugins\/seo\/ -->\n<title>ONLY Damen Onlmay S\/S Dress Noos Kleid - FamilienMode<\/title>\n<meta name=\"robots\" content=\"index, follow, max-snippet:-1, max-image-preview:large, max-video-preview:-1\" \/>\n<link rel=\"canonical\" href=\"https:\/\/bekleidungscenter.com\/?product=only-damen-onlmay-s-s-dress-noos-kleid\" \/>\n<meta property=\"og:locale\" content=\"de_DE\" \/>\n<meta property=\"og:type\" content=\"article\" \/>\n<meta property=\"og:title\" content=\"ONLY Damen Onlmay S\/S Dress Noos Kleid - FamilienMode\" \/>\n<meta property=\"og:description\" content=\"Schlichtes Kleid von Only mit kurzem und Rundhals-Ausschnitt aus Baumwolle Kurzarm Verschluss: Kordelzug\" \/>\n<meta property=\"og:url\" content=\"https:\/\/bekleidungscenter.com\/?product=only-damen-onlmay-s-s-dress-noos-kleid\" \/>\n<meta property=\"og:site_name\" content=\"FamilienMode\" \/>\n<meta property=\"article:modified_time\" content=\"2023-04-05T21:49:59+00:00\" \/>\n<meta property=\"og:image\" content=\"https:\/\/images-na.ssl-images-amazon.com\/images\/I\/41e-hP3eYVL.jpg\" \/>\n\t<meta property=\"og:image:width\" content=\"500\" \/>\n\t<meta property=\"og:image:height\" content=\"500\" \/>\n\t<meta property=\"og:image:type\" content=\"image\/jpeg\" \/>\n<meta name=\"twitter:card\" content=\"summary_large_image\" \/>\n<script type=\"application\/ld+json\" class=\"yoast-schema-graph\">{\"@context\":\"https:\/\/schema.org\",\"@graph\":[{\"@type\":\"WebPage\",\"@id\":\"https:\/\/bekleidungscenter.com\/?product=only-damen-onlmay-s-s-dress-noos-kleid\",\"url\":\"https:\/\/bekleidungscenter.com\/?product=only-damen-onlmay-s-s-dress-noos-kleid\",\"name\":\"ONLY Damen Onlmay S\/S Dress Noos Kleid - FamilienMode\",\"isPartOf\":{\"@id\":\"https:\/\/bekleidungscenter.com\/#website\"},\"datePublished\":\"2021-01-03T17:34:04+00:00\",\"dateModified\":\"2023-04-05T21:49:59+00:00\",\"breadcrumb\":{\"@id\":\"https:\/\/bekleidungscenter.com\/?product=only-damen-onlmay-s-s-dress-noos-kleid#breadcrumb\"},\"inLanguage\":\"de\",\"potentialAction\":[{\"@type\":\"ReadAction\",\"target\":[\"https:\/\/bekleidungscenter.com\/?product=only-damen-onlmay-s-s-dress-noos-kleid\"]}]},{\"@type\":\"BreadcrumbList\",\"@id\":\"https:\/\/bekleidungscenter.com\/?product=only-damen-onlmay-s-s-dress-noos-kleid#breadcrumb\",\"itemListElement\":[{\"@type\":\"ListItem\",\"position\":1,\"name\":\"Home\",\"item\":\"https:\/\/bekleidungscenter.com\/\"},{\"@type\":\"ListItem\",\"position\":2,\"name\":\"Shop\",\"item\":\"https:\/\/bekleidungscenter.com\/?page_id=7\"},{\"@type\":\"ListItem\",\"position\":3,\"name\":\"ONLY Damen Onlmay S\/S Dress Noos Kleid\"}]},{\"@type\":\"WebSite\",\"@id\":\"https:\/\/bekleidungscenter.com\/#website\",\"url\":\"https:\/\/bekleidungscenter.com\/\",\"name\":\"FamilienMode\",\"description\":\"Alles f\u00fcr die ganze Familie\",\"potentialAction\":[{\"@type\":\"SearchAction\",\"target\":{\"@type\":\"EntryPoint\",\"urlTemplate\":\"https:\/\/bekleidungscenter.com\/?s={search_term_string}\"},\"query-input\":\"required name=search_term_string\"}],\"inLanguage\":\"de\"}]}<\/script>\n<!-- \/ Yoast SEO plugin. -->","yoast_head_json":{"title":"ONLY Damen Onlmay S\/S Dress Noos Kleid - FamilienMode","robots":{"index":"index","follow":"follow","max-snippet":"max-snippet:-1","max-image-preview":"max-image-preview:large","max-video-preview":"max-video-preview:-1"},"canonical":"https:\/\/bekleidungscenter.com\/?product=only-damen-onlmay-s-s-dress-noos-kleid","og_locale":"de_DE","og_type":"article","og_title":"ONLY Damen Onlmay S\/S Dress Noos Kleid - FamilienMode","og_description":"Schlichtes Kleid von Only mit kurzem und Rundhals-Ausschnitt aus Baumwolle Kurzarm Verschluss: Kordelzug","og_url":"https:\/\/bekleidungscenter.com\/?product=only-damen-onlmay-s-s-dress-noos-kleid","og_site_name":"FamilienMode","article_modified_time":"2023-04-05T21:49:59+00:00","og_image":[{"width":500,"height":500,"url":"https:\/\/images-na.ssl-images-amazon.com\/images\/I\/41e-hP3eYVL.jpg","type":"image\/jpeg"}],"twitter_card":"summary_large_image","schema":{"@context":"https:\/\/schema.org","@graph":[{"@type":"WebPage","@id":"https:\/\/bekleidungscenter.com\/?product=only-damen-onlmay-s-s-dress-noos-kleid","url":"https:\/\/bekleidungscenter.com\/?product=only-damen-onlmay-s-s-dress-noos-kleid","name":"ONLY Damen Onlmay S\/S Dress Noos Kleid - FamilienMode","isPartOf":{"@id":"https:\/\/bekleidungscenter.com\/#website"},"datePublished":"2021-01-03T17:34:04+00:00","dateModified":"2023-04-05T21:49:59+00:00","breadcrumb":{"@id":"https:\/\/bekleidungscenter.com\/?product=only-damen-onlmay-s-s-dress-noos-kleid#breadcrumb"},"inLanguage":"de","potentialAction":[{"@type":"ReadAction","target":["https:\/\/bekleidungscenter.com\/?product=only-damen-onlmay-s-s-dress-noos-kleid"]}]},{"@type":"BreadcrumbList","@id":"https:\/\/bekleidungscenter.com\/?product=only-damen-onlmay-s-s-dress-noos-kleid#breadcrumb","itemListElement":[{"@type":"ListItem","position":1,"name":"Home","item":"https:\/\/bekleidungscenter.com\/"},{"@type":"ListItem","position":2,"name":"Shop","item":"https:\/\/bekleidungscenter.com\/?page_id=7"},{"@type":"ListItem","position":3,"name":"ONLY Damen Onlmay S\/S Dress Noos Kleid"}]},{"@type":"WebSite","@id":"https:\/\/bekleidungscenter.com\/#website","url":"https:\/\/bekleidungscenter.com\/","name":"FamilienMode","description":"Alles f\u00fcr die ganze Familie","potentialAction":[{"@type":"SearchAction","target":{"@type":"EntryPoint","urlTemplate":"https:\/\/bekleidungscenter.com\/?s={search_term_string}"},"query-input":"required name=search_term_string"}],"inLanguage":"de"}]}},"_links":{"self":[{"href":"https:\/\/bekleidungscenter.com\/index.php?rest_route=\/wp\/v2\/product\/6026"}],"collection":[{"href":"https:\/\/bekleidungscenter.com\/index.php?rest_route=\/wp\/v2\/product"}],"about":[{"href":"https:\/\/bekleidungscenter.com\/index.php?rest_route=\/wp\/v2\/types\/product"}],"replies":[{"embeddable":true,"href":"https:\/\/bekleidungscenter.com\/index.php?rest_route=%2Fwp%2Fv2%2Fcomments&post=6026"}],"wp:featuredmedia":[{"embeddable":true,"href":"https:\/\/bekleidungscenter.com\/index.php?rest_route=\/wp\/v2\/media\/6027"}],"wp:attachment":[{"href":"https:\/\/bekleidungscenter.com\/index.php?rest_route=%2Fwp%2Fv2%2Fmedia&parent=6026"}],"wp:term":[{"taxonomy":"product_cat","embeddable":true,"href":"https:\/\/bekleidungscenter.com\/index.php?rest_route=%2Fwp%2Fv2%2Fproduct_cat&post=6026"},{"taxonomy":"product_tag","embeddable":true,"href":"https:\/\/bekleidungscenter.com\/index.php?rest_route=%2Fwp%2Fv2%2Fproduct_tag&post=6026"}],"curies":[{"name":"wp","href":"https:\/\/api.w.org\/{rel}","templated":true}]}}