{"id":6050,"date":"2021-01-03T17:34:42","date_gmt":"2021-01-03T17:34:42","guid":{"rendered":"http:\/\/bekleidungscenter.com\/?product=only-damen-onlsedona-light-melange-coat-cc-otw-mantel"},"modified":"2023-04-05T21:49:59","modified_gmt":"2023-04-05T21:49:59","slug":"only-damen-onlsedona-light-melange-coat-cc-otw-mantel","status":"publish","type":"product","link":"https:\/\/bekleidungscenter.com\/?product=only-damen-onlsedona-light-melange-coat-cc-otw-mantel","title":{"rendered":"ONLY Damen Onlsedona Light Melange Coat Cc OTW Mantel"},"content":{"rendered":"<p><!-- show up to 2 reviews by default --> <\/p>\n<p>Dieser stylische Only Damen Wollmantel mit Kapuze ist ideal statt die kalte Jahreszeit. Der lange Mantel mit einer gro\u00dfen<br \/>drapierten Kapuze und zwei Einschubtaschen auf der Vorder-seite ist verschlie\u00dfbar durch einen verdeckten Rei\u00dfverschlu\u00df.<\/p>\n<ul>\n<li>Hersteller: Only<\/li>\n<li>Style Nr.: 15142911<\/li>\n<li>Modell: onlSedona Light Coat Otw Noos<\/li>\n<li>Farben: voll (night sky), antiquiert (dark grey melange), hellgrau (light grey melange), rosa (mocha mousse)<\/li>\n<li>Obermaterial: 85% Polyester, 15% Baumwolle<\/li>\n<li>Futter: 100% Polyester<\/li>\n<li>Maschinenw\u00e4sche 30\u00b0<\/li>\n<\/ul>\n<p>Elegant und funktional zugleich? Das erf\u00fcllt dieser schicke Mantel von ONLY. Der schlichte Coatigan nicht mehr da Baumwollstrick \u00fcberzeugt mit seinem schlichten Design. Die Wienern\u00e4hte verleihen dem Modell eine optimale Passform und der versteckte Rei\u00dfverschluss wirkt sonderlich dezent. Massiv toll ist die statt M\u00e4ntel un\u00fcbliche Kapuze. So machst du aka bei Regen und Wind eine gute Figur.<br \/>\nTrage dazu einen gestreiften Rollkragen, Sneakers, Skinnyjeans und dicken Lasch. So bist du perfekt angekleidet statt den M\u00fchle.<br \/>\n85% Polyester, 15% Baumwolle \/ Futter: 100% Polyester<br \/>\nTrench<br \/>\nModellnummer: 15142911<br \/>\nKragenform: Kapuze<br \/>\nLangarm<br \/>\nModellnummer: 15142911<br \/>\n<div class=\"main-cross-sell\" data-asin=\"B0758GHVXZ\">\n\n\t<div class=\"WooZone-cross-sell-loader\">\n\t\t<div>\n\t\t\t<div id=\"floatingBarsG\">\n\t\t\t\t<div class=\"blockG\" id=\"rotateG_01\"><\/div>\n\t\t\t\t<div class=\"blockG\" id=\"rotateG_02\"><\/div>\n\t\t\t\t<div class=\"blockG\" id=\"rotateG_03\"><\/div>\n\t\t\t\t<div class=\"blockG\" id=\"rotateG_04\"><\/div>\n\t\t\t\t<div class=\"blockG\" id=\"rotateG_05\"><\/div>\n\t\t\t\t<div class=\"blockG\" id=\"rotateG_06\"><\/div>\n\t\t\t\t<div class=\"blockG\" id=\"rotateG_07\"><\/div>\n\t\t\t\t<div class=\"blockG\" id=\"rotateG_08\"><\/div>\n\t\t\t<\/div>\n\t\t\t<div class=\"WooZone-cross-sell-loader-text\"><\/div>\n\t\t<\/div>\n\t<\/div>\n\n\t\t\n<\/div>\n<div style=\"clear:both;\"><\/div><\/p>\n","protected":false},"excerpt":{"rendered":"<p>Elegant und funktional zugleich? Das erf\u00fcllt dieser schicke Mantel von ONLY. Der schlichte Coatigan aus Baumwollstrick \u00fcberzeugt mit seinem schlichten Design. Die Wienern\u00e4hte verleihen dem Modell eine optimale Passform und der versteckte Rei\u00dfverschluss wirkt sehr dezent. Besonders toll ist die f\u00fcr M\u00e4ntel un\u00fcbliche Kapuze. So machst du auch bei Regen und Wind eine gute Figur.<br \/>\nTrage dazu einen gestreiften Rollkragen, Sneakers, Skinnyjeans und dicken Schal. So bist du perfekt gekleidet f\u00fcr den Alltag.<br \/>\n85% Polyester, 15% Baumwolle \/ Futter: 100% Polyester<\/p>\n","protected":false},"featured_media":6051,"comment_status":"open","ping_status":"closed","template":"","meta":[],"product_cat":[133,121],"product_tag":[],"yoast_head":"<!-- This site is optimized with the Yoast SEO plugin v20.6 - https:\/\/yoast.com\/wordpress\/plugins\/seo\/ -->\n<title>ONLY Damen Onlsedona Light Melange Coat Cc OTW Mantel - FamilienMode<\/title>\n<meta name=\"robots\" content=\"index, follow, max-snippet:-1, max-image-preview:large, max-video-preview:-1\" \/>\n<link rel=\"canonical\" href=\"https:\/\/bekleidungscenter.com\/?product=only-damen-onlsedona-light-melange-coat-cc-otw-mantel\" \/>\n<meta property=\"og:locale\" content=\"de_DE\" \/>\n<meta property=\"og:type\" content=\"article\" \/>\n<meta property=\"og:title\" content=\"ONLY Damen Onlsedona Light Melange Coat Cc OTW Mantel - FamilienMode\" \/>\n<meta property=\"og:description\" content=\"Elegant und funktional zugleich? Das erf\u00fcllt dieser schicke Mantel von ONLY. Der schlichte Coatigan aus Baumwollstrick \u00fcberzeugt mit seinem schlichten Design. Die Wienern\u00e4hte verleihen dem Modell eine optimale Passform und der versteckte Rei\u00dfverschluss wirkt sehr dezent. Besonders toll ist die f\u00fcr M\u00e4ntel un\u00fcbliche Kapuze. So machst du auch bei Regen und Wind eine gute Figur. Trage dazu einen gestreiften Rollkragen, Sneakers, Skinnyjeans und dicken Schal. So bist du perfekt gekleidet f\u00fcr den Alltag. 85% Polyester, 15% Baumwolle \/ Futter: 100% Polyester\" \/>\n<meta property=\"og:url\" content=\"https:\/\/bekleidungscenter.com\/?product=only-damen-onlsedona-light-melange-coat-cc-otw-mantel\" \/>\n<meta property=\"og:site_name\" content=\"FamilienMode\" \/>\n<meta property=\"article:modified_time\" content=\"2023-04-05T21:49:59+00:00\" \/>\n<meta property=\"og:image\" content=\"https:\/\/images-na.ssl-images-amazon.com\/images\/I\/31zB0BUclgL.jpg\" \/>\n\t<meta property=\"og:image:width\" content=\"500\" \/>\n\t<meta property=\"og:image:height\" content=\"500\" \/>\n\t<meta property=\"og:image:type\" content=\"image\/jpeg\" \/>\n<meta name=\"twitter:card\" content=\"summary_large_image\" \/>\n<meta name=\"twitter:label1\" content=\"Gesch\u00e4tzte Lesezeit\" \/>\n\t<meta name=\"twitter:data1\" content=\"1\u00a0Minute\" \/>\n<script type=\"application\/ld+json\" class=\"yoast-schema-graph\">{\"@context\":\"https:\/\/schema.org\",\"@graph\":[{\"@type\":\"WebPage\",\"@id\":\"https:\/\/bekleidungscenter.com\/?product=only-damen-onlsedona-light-melange-coat-cc-otw-mantel\",\"url\":\"https:\/\/bekleidungscenter.com\/?product=only-damen-onlsedona-light-melange-coat-cc-otw-mantel\",\"name\":\"ONLY Damen Onlsedona Light Melange Coat Cc OTW Mantel - FamilienMode\",\"isPartOf\":{\"@id\":\"https:\/\/bekleidungscenter.com\/#website\"},\"datePublished\":\"2021-01-03T17:34:42+00:00\",\"dateModified\":\"2023-04-05T21:49:59+00:00\",\"breadcrumb\":{\"@id\":\"https:\/\/bekleidungscenter.com\/?product=only-damen-onlsedona-light-melange-coat-cc-otw-mantel#breadcrumb\"},\"inLanguage\":\"de\",\"potentialAction\":[{\"@type\":\"ReadAction\",\"target\":[\"https:\/\/bekleidungscenter.com\/?product=only-damen-onlsedona-light-melange-coat-cc-otw-mantel\"]}]},{\"@type\":\"BreadcrumbList\",\"@id\":\"https:\/\/bekleidungscenter.com\/?product=only-damen-onlsedona-light-melange-coat-cc-otw-mantel#breadcrumb\",\"itemListElement\":[{\"@type\":\"ListItem\",\"position\":1,\"name\":\"Home\",\"item\":\"https:\/\/bekleidungscenter.com\/\"},{\"@type\":\"ListItem\",\"position\":2,\"name\":\"Shop\",\"item\":\"https:\/\/bekleidungscenter.com\/?page_id=7\"},{\"@type\":\"ListItem\",\"position\":3,\"name\":\"ONLY Damen Onlsedona Light Melange Coat Cc OTW Mantel\"}]},{\"@type\":\"WebSite\",\"@id\":\"https:\/\/bekleidungscenter.com\/#website\",\"url\":\"https:\/\/bekleidungscenter.com\/\",\"name\":\"FamilienMode\",\"description\":\"Alles f\u00fcr die ganze Familie\",\"potentialAction\":[{\"@type\":\"SearchAction\",\"target\":{\"@type\":\"EntryPoint\",\"urlTemplate\":\"https:\/\/bekleidungscenter.com\/?s={search_term_string}\"},\"query-input\":\"required name=search_term_string\"}],\"inLanguage\":\"de\"}]}<\/script>\n<!-- \/ Yoast SEO plugin. -->","yoast_head_json":{"title":"ONLY Damen Onlsedona Light Melange Coat Cc OTW Mantel - FamilienMode","robots":{"index":"index","follow":"follow","max-snippet":"max-snippet:-1","max-image-preview":"max-image-preview:large","max-video-preview":"max-video-preview:-1"},"canonical":"https:\/\/bekleidungscenter.com\/?product=only-damen-onlsedona-light-melange-coat-cc-otw-mantel","og_locale":"de_DE","og_type":"article","og_title":"ONLY Damen Onlsedona Light Melange Coat Cc OTW Mantel - FamilienMode","og_description":"Elegant und funktional zugleich? Das erf\u00fcllt dieser schicke Mantel von ONLY. Der schlichte Coatigan aus Baumwollstrick \u00fcberzeugt mit seinem schlichten Design. Die Wienern\u00e4hte verleihen dem Modell eine optimale Passform und der versteckte Rei\u00dfverschluss wirkt sehr dezent. Besonders toll ist die f\u00fcr M\u00e4ntel un\u00fcbliche Kapuze. So machst du auch bei Regen und Wind eine gute Figur. Trage dazu einen gestreiften Rollkragen, Sneakers, Skinnyjeans und dicken Schal. So bist du perfekt gekleidet f\u00fcr den Alltag. 85% Polyester, 15% Baumwolle \/ Futter: 100% Polyester","og_url":"https:\/\/bekleidungscenter.com\/?product=only-damen-onlsedona-light-melange-coat-cc-otw-mantel","og_site_name":"FamilienMode","article_modified_time":"2023-04-05T21:49:59+00:00","og_image":[{"width":500,"height":500,"url":"https:\/\/images-na.ssl-images-amazon.com\/images\/I\/31zB0BUclgL.jpg","type":"image\/jpeg"}],"twitter_card":"summary_large_image","twitter_misc":{"Gesch\u00e4tzte Lesezeit":"1\u00a0Minute"},"schema":{"@context":"https:\/\/schema.org","@graph":[{"@type":"WebPage","@id":"https:\/\/bekleidungscenter.com\/?product=only-damen-onlsedona-light-melange-coat-cc-otw-mantel","url":"https:\/\/bekleidungscenter.com\/?product=only-damen-onlsedona-light-melange-coat-cc-otw-mantel","name":"ONLY Damen Onlsedona Light Melange Coat Cc OTW Mantel - FamilienMode","isPartOf":{"@id":"https:\/\/bekleidungscenter.com\/#website"},"datePublished":"2021-01-03T17:34:42+00:00","dateModified":"2023-04-05T21:49:59+00:00","breadcrumb":{"@id":"https:\/\/bekleidungscenter.com\/?product=only-damen-onlsedona-light-melange-coat-cc-otw-mantel#breadcrumb"},"inLanguage":"de","potentialAction":[{"@type":"ReadAction","target":["https:\/\/bekleidungscenter.com\/?product=only-damen-onlsedona-light-melange-coat-cc-otw-mantel"]}]},{"@type":"BreadcrumbList","@id":"https:\/\/bekleidungscenter.com\/?product=only-damen-onlsedona-light-melange-coat-cc-otw-mantel#breadcrumb","itemListElement":[{"@type":"ListItem","position":1,"name":"Home","item":"https:\/\/bekleidungscenter.com\/"},{"@type":"ListItem","position":2,"name":"Shop","item":"https:\/\/bekleidungscenter.com\/?page_id=7"},{"@type":"ListItem","position":3,"name":"ONLY Damen Onlsedona Light Melange Coat Cc OTW Mantel"}]},{"@type":"WebSite","@id":"https:\/\/bekleidungscenter.com\/#website","url":"https:\/\/bekleidungscenter.com\/","name":"FamilienMode","description":"Alles f\u00fcr die ganze Familie","potentialAction":[{"@type":"SearchAction","target":{"@type":"EntryPoint","urlTemplate":"https:\/\/bekleidungscenter.com\/?s={search_term_string}"},"query-input":"required name=search_term_string"}],"inLanguage":"de"}]}},"_links":{"self":[{"href":"https:\/\/bekleidungscenter.com\/index.php?rest_route=\/wp\/v2\/product\/6050"}],"collection":[{"href":"https:\/\/bekleidungscenter.com\/index.php?rest_route=\/wp\/v2\/product"}],"about":[{"href":"https:\/\/bekleidungscenter.com\/index.php?rest_route=\/wp\/v2\/types\/product"}],"replies":[{"embeddable":true,"href":"https:\/\/bekleidungscenter.com\/index.php?rest_route=%2Fwp%2Fv2%2Fcomments&post=6050"}],"wp:featuredmedia":[{"embeddable":true,"href":"https:\/\/bekleidungscenter.com\/index.php?rest_route=\/wp\/v2\/media\/6051"}],"wp:attachment":[{"href":"https:\/\/bekleidungscenter.com\/index.php?rest_route=%2Fwp%2Fv2%2Fmedia&parent=6050"}],"wp:term":[{"taxonomy":"product_cat","embeddable":true,"href":"https:\/\/bekleidungscenter.com\/index.php?rest_route=%2Fwp%2Fv2%2Fproduct_cat&post=6050"},{"taxonomy":"product_tag","embeddable":true,"href":"https:\/\/bekleidungscenter.com\/index.php?rest_route=%2Fwp%2Fv2%2Fproduct_tag&post=6050"}],"curies":[{"name":"wp","href":"https:\/\/api.w.org\/{rel}","templated":true}]}}