{"id":6122,"date":"2021-01-03T17:36:54","date_gmt":"2021-01-03T17:36:54","guid":{"rendered":"http:\/\/bekleidungscenter.com\/?product=tom-tailor-damen-strukturstoff-kleid"},"modified":"2023-04-05T21:50:01","modified_gmt":"2023-04-05T21:50:01","slug":"tom-tailor-damen-strukturstoff-kleid","status":"publish","type":"product","link":"https:\/\/bekleidungscenter.com\/?product=tom-tailor-damen-strukturstoff-kleid","title":{"rendered":"TOM TAILOR Damen Strukturiertes Kleid"},"content":{"rendered":"<p><!-- show up to 2 reviews by default --> <\/p>\n<p>Das 1962 in Hamburg gegr\u00fcndete Label TOM TAILOR interpretiert Trends die Gesamtheit Jersey-, Sweat- und Jeans Materialien Via internationalen Einfl\u00fcssen und Fokus auf klaren Schnitten, detailliertem Design und modernen Prints. Via diesem wunderbaren Kleid ziehst Du garantiert allesamt Blicke auf dich! Es punktet Via einem eleganten Design. Die jetzig Schnittf\u00fchrung, dreiviertel\u00e4rmel sowie Rundhals fertigen das Kleid zu einem echten Highlight Piece! Dein neuer Klassiker ist b\u00fcrotauglich und bekannt als Statt die Familienfeier perfekt. Statt die richtige Pflege beachte Hierzu die individuellen Hinweise im pflegeetikett. <\/p>\n<p>Elastischer HiFi-Anlage Stoff<br \/>\nTaillierte Vollzug<br \/>\n3-4 \u00c4rmel<br \/>\nVerschluss: Gewandt<br \/>\n72% Polyester, 23% Viskose, 5% Elasthan<br \/>\n\u00dcbergang<br \/>\nPflegehinweis: Maschinenw\u00e4sche<br \/>\nModellnummer: 1016197<br \/>\n<div class=\"main-cross-sell\" data-asin=\"B081S5LCX8\">\n\n\t<div class=\"WooZone-cross-sell-loader\">\n\t\t<div>\n\t\t\t<div id=\"floatingBarsG\">\n\t\t\t\t<div class=\"blockG\" id=\"rotateG_01\"><\/div>\n\t\t\t\t<div class=\"blockG\" id=\"rotateG_02\"><\/div>\n\t\t\t\t<div class=\"blockG\" id=\"rotateG_03\"><\/div>\n\t\t\t\t<div class=\"blockG\" id=\"rotateG_04\"><\/div>\n\t\t\t\t<div class=\"blockG\" id=\"rotateG_05\"><\/div>\n\t\t\t\t<div class=\"blockG\" id=\"rotateG_06\"><\/div>\n\t\t\t\t<div class=\"blockG\" id=\"rotateG_07\"><\/div>\n\t\t\t\t<div class=\"blockG\" id=\"rotateG_08\"><\/div>\n\t\t\t<\/div>\n\t\t\t<div class=\"WooZone-cross-sell-loader-text\"><\/div>\n\t\t<\/div>\n\t<\/div>\n\n\t\t\n<\/div>\n<div style=\"clear:both;\"><\/div><\/p>\n","protected":false},"excerpt":{"rendered":"<p>Elastischer Struktur Stoff<br \/>\nTaillierte Verarbeitung<br \/>\n3-4 \u00c4rmel<\/p>\n","protected":false},"featured_media":6123,"comment_status":"open","ping_status":"closed","template":"","meta":[],"product_cat":[133,121],"product_tag":[],"yoast_head":"<!-- This site is optimized with the Yoast SEO plugin v20.6 - https:\/\/yoast.com\/wordpress\/plugins\/seo\/ -->\n<title>TOM TAILOR Damen Strukturiertes Kleid - FamilienMode<\/title>\n<meta name=\"robots\" content=\"index, follow, max-snippet:-1, max-image-preview:large, max-video-preview:-1\" \/>\n<link rel=\"canonical\" href=\"https:\/\/bekleidungscenter.com\/?product=tom-tailor-damen-strukturstoff-kleid\" \/>\n<meta property=\"og:locale\" content=\"de_DE\" \/>\n<meta property=\"og:type\" content=\"article\" \/>\n<meta property=\"og:title\" content=\"TOM TAILOR Damen Strukturiertes Kleid - FamilienMode\" \/>\n<meta property=\"og:description\" content=\"Elastischer Struktur Stoff Taillierte Verarbeitung 3-4 \u00c4rmel\" \/>\n<meta property=\"og:url\" content=\"https:\/\/bekleidungscenter.com\/?product=tom-tailor-damen-strukturstoff-kleid\" \/>\n<meta property=\"og:site_name\" content=\"FamilienMode\" \/>\n<meta property=\"article:modified_time\" content=\"2023-04-05T21:50:01+00:00\" \/>\n<meta property=\"og:image\" content=\"https:\/\/images-na.ssl-images-amazon.com\/images\/I\/41swfak%2BR%2BL.jpg\" \/>\n\t<meta property=\"og:image:width\" content=\"500\" \/>\n\t<meta property=\"og:image:height\" content=\"500\" \/>\n\t<meta property=\"og:image:type\" content=\"image\/jpeg\" \/>\n<meta name=\"twitter:card\" content=\"summary_large_image\" \/>\n<meta name=\"twitter:label1\" content=\"Gesch\u00e4tzte Lesezeit\" \/>\n\t<meta name=\"twitter:data1\" content=\"1\u00a0Minute\" \/>\n<script type=\"application\/ld+json\" class=\"yoast-schema-graph\">{\"@context\":\"https:\/\/schema.org\",\"@graph\":[{\"@type\":\"WebPage\",\"@id\":\"https:\/\/bekleidungscenter.com\/?product=tom-tailor-damen-strukturstoff-kleid\",\"url\":\"https:\/\/bekleidungscenter.com\/?product=tom-tailor-damen-strukturstoff-kleid\",\"name\":\"TOM TAILOR Damen Strukturiertes Kleid - FamilienMode\",\"isPartOf\":{\"@id\":\"https:\/\/bekleidungscenter.com\/#website\"},\"datePublished\":\"2021-01-03T17:36:54+00:00\",\"dateModified\":\"2023-04-05T21:50:01+00:00\",\"breadcrumb\":{\"@id\":\"https:\/\/bekleidungscenter.com\/?product=tom-tailor-damen-strukturstoff-kleid#breadcrumb\"},\"inLanguage\":\"de\",\"potentialAction\":[{\"@type\":\"ReadAction\",\"target\":[\"https:\/\/bekleidungscenter.com\/?product=tom-tailor-damen-strukturstoff-kleid\"]}]},{\"@type\":\"BreadcrumbList\",\"@id\":\"https:\/\/bekleidungscenter.com\/?product=tom-tailor-damen-strukturstoff-kleid#breadcrumb\",\"itemListElement\":[{\"@type\":\"ListItem\",\"position\":1,\"name\":\"Home\",\"item\":\"https:\/\/bekleidungscenter.com\/\"},{\"@type\":\"ListItem\",\"position\":2,\"name\":\"Shop\",\"item\":\"https:\/\/bekleidungscenter.com\/?page_id=7\"},{\"@type\":\"ListItem\",\"position\":3,\"name\":\"TOM TAILOR Damen Strukturiertes Kleid\"}]},{\"@type\":\"WebSite\",\"@id\":\"https:\/\/bekleidungscenter.com\/#website\",\"url\":\"https:\/\/bekleidungscenter.com\/\",\"name\":\"FamilienMode\",\"description\":\"Alles f\u00fcr die ganze Familie\",\"potentialAction\":[{\"@type\":\"SearchAction\",\"target\":{\"@type\":\"EntryPoint\",\"urlTemplate\":\"https:\/\/bekleidungscenter.com\/?s={search_term_string}\"},\"query-input\":\"required name=search_term_string\"}],\"inLanguage\":\"de\"}]}<\/script>\n<!-- \/ Yoast SEO plugin. -->","yoast_head_json":{"title":"TOM TAILOR Damen Strukturiertes Kleid - FamilienMode","robots":{"index":"index","follow":"follow","max-snippet":"max-snippet:-1","max-image-preview":"max-image-preview:large","max-video-preview":"max-video-preview:-1"},"canonical":"https:\/\/bekleidungscenter.com\/?product=tom-tailor-damen-strukturstoff-kleid","og_locale":"de_DE","og_type":"article","og_title":"TOM TAILOR Damen Strukturiertes Kleid - FamilienMode","og_description":"Elastischer Struktur Stoff Taillierte Verarbeitung 3-4 \u00c4rmel","og_url":"https:\/\/bekleidungscenter.com\/?product=tom-tailor-damen-strukturstoff-kleid","og_site_name":"FamilienMode","article_modified_time":"2023-04-05T21:50:01+00:00","og_image":[{"width":500,"height":500,"url":"https:\/\/images-na.ssl-images-amazon.com\/images\/I\/41swfak%2BR%2BL.jpg","type":"image\/jpeg"}],"twitter_card":"summary_large_image","twitter_misc":{"Gesch\u00e4tzte Lesezeit":"1\u00a0Minute"},"schema":{"@context":"https:\/\/schema.org","@graph":[{"@type":"WebPage","@id":"https:\/\/bekleidungscenter.com\/?product=tom-tailor-damen-strukturstoff-kleid","url":"https:\/\/bekleidungscenter.com\/?product=tom-tailor-damen-strukturstoff-kleid","name":"TOM TAILOR Damen Strukturiertes Kleid - FamilienMode","isPartOf":{"@id":"https:\/\/bekleidungscenter.com\/#website"},"datePublished":"2021-01-03T17:36:54+00:00","dateModified":"2023-04-05T21:50:01+00:00","breadcrumb":{"@id":"https:\/\/bekleidungscenter.com\/?product=tom-tailor-damen-strukturstoff-kleid#breadcrumb"},"inLanguage":"de","potentialAction":[{"@type":"ReadAction","target":["https:\/\/bekleidungscenter.com\/?product=tom-tailor-damen-strukturstoff-kleid"]}]},{"@type":"BreadcrumbList","@id":"https:\/\/bekleidungscenter.com\/?product=tom-tailor-damen-strukturstoff-kleid#breadcrumb","itemListElement":[{"@type":"ListItem","position":1,"name":"Home","item":"https:\/\/bekleidungscenter.com\/"},{"@type":"ListItem","position":2,"name":"Shop","item":"https:\/\/bekleidungscenter.com\/?page_id=7"},{"@type":"ListItem","position":3,"name":"TOM TAILOR Damen Strukturiertes Kleid"}]},{"@type":"WebSite","@id":"https:\/\/bekleidungscenter.com\/#website","url":"https:\/\/bekleidungscenter.com\/","name":"FamilienMode","description":"Alles f\u00fcr die ganze Familie","potentialAction":[{"@type":"SearchAction","target":{"@type":"EntryPoint","urlTemplate":"https:\/\/bekleidungscenter.com\/?s={search_term_string}"},"query-input":"required name=search_term_string"}],"inLanguage":"de"}]}},"_links":{"self":[{"href":"https:\/\/bekleidungscenter.com\/index.php?rest_route=\/wp\/v2\/product\/6122"}],"collection":[{"href":"https:\/\/bekleidungscenter.com\/index.php?rest_route=\/wp\/v2\/product"}],"about":[{"href":"https:\/\/bekleidungscenter.com\/index.php?rest_route=\/wp\/v2\/types\/product"}],"replies":[{"embeddable":true,"href":"https:\/\/bekleidungscenter.com\/index.php?rest_route=%2Fwp%2Fv2%2Fcomments&post=6122"}],"wp:featuredmedia":[{"embeddable":true,"href":"https:\/\/bekleidungscenter.com\/index.php?rest_route=\/wp\/v2\/media\/6123"}],"wp:attachment":[{"href":"https:\/\/bekleidungscenter.com\/index.php?rest_route=%2Fwp%2Fv2%2Fmedia&parent=6122"}],"wp:term":[{"taxonomy":"product_cat","embeddable":true,"href":"https:\/\/bekleidungscenter.com\/index.php?rest_route=%2Fwp%2Fv2%2Fproduct_cat&post=6122"},{"taxonomy":"product_tag","embeddable":true,"href":"https:\/\/bekleidungscenter.com\/index.php?rest_route=%2Fwp%2Fv2%2Fproduct_tag&post=6122"}],"curies":[{"name":"wp","href":"https:\/\/api.w.org\/{rel}","templated":true}]}}