{"id":6170,"date":"2021-01-03T17:38:04","date_gmt":"2021-01-03T17:38:04","guid":{"rendered":"http:\/\/bekleidungscenter.com\/?product=esprit-collection-damen-kleid"},"modified":"2023-04-05T21:50:02","modified_gmt":"2023-04-05T21:50:02","slug":"esprit-collection-damen-kleid","status":"publish","type":"product","link":"https:\/\/bekleidungscenter.com\/?product=esprit-collection-damen-kleid","title":{"rendered":"ESPRIT Collection Cr\u00eape-Kleid mit Laser-Cut-Details"},"content":{"rendered":"<p><!-- show up to 2 reviews by default --> <\/p>\n<p><b>\u00dcBER ESPRIT<\/p>\n<p><\/b>Am Anfang stand die Vision einer richtig positiven Lebenseinstellung: So wurde Esprit 1968 in Kalifornien vom Ehepaar Susie und Doug Tompkins gegr\u00fcndet. Inspiriert vom revolution\u00e4ren Geist der 60er Jahre entwickelte die Marke eine klare Philosophie \u2013 authentische Menschen und wahre Gemeinschaft zu feiern, aus im Sinne des Markenversprechens: <b>\u201eGut f\u00fchlen, gut aussehen\u201d<\/b>.<\/p>\n<p>Der \u201eEsprit de Corps\u201c des Unternehmens zeichnet sich durch eine positive und wertsch\u00e4tzende Haltung dem Leben gegen\u00fcber Jedweder, in der Gemeinschaft, Familie und Freunde eine wichtige Rolle spielen \u2013 und das im l\u00e4ssig-coolen kalifornischen Style. Dem ESPRIT Style. ESPRIT ist in \u00fcber 40 L\u00e4ndern pr\u00e4sent und vertreibt seine Produkte international in rund 580 eigenen Retail-Stores sowie an \u00fcber 5.400 Wholesale-Standorten, einschlie\u00dflich Franchise-Gesch\u00e4ften und Verkaufsfl\u00e4chen in Warenh\u00e4usern. Die Bereich vermarktet ihre Produkte unter den beiden Marken ESPRIT und edc by ESPRIT. ESPRIT ist seit 1993 an der Effektenb\u00f6rse Hongkong gelistet und hat Zentralen in Deutschland und Hongkong.<\/p>\n<p><b>NACHHALTIGKEIT<br \/><\/b><br \/>ESPRIT versteht unter nachhaltigeren Materialien qualitativ hochwertige und in einem m\u00f6glichst umweltschonenden Produktionsprozess hergestellte Materialien. Unterdessen achtet ESPRIT insbesondere darauf, dass Materialien recycelt oder kompostiert werden k\u00f6nnen.<\/p>\n<p>ESPRIT bem\u00fcht sich bei der Herstellung seiner Produkte stets um h\u00f6chste Qualit\u00e4t, damit sie m\u00f6glichst lange in einem guten und tragbaren Zustand bleiben. Jedweder diesem Grund schulen wir unsere Designer zum Thema Kreislaufwirtschaft und t\u00e4tig sein an einem Hergang, mit dem sichergestellt werden soll, dass all unsere Kleidungsst\u00fccke gut konstruiert, mit haltbaren Materialien hergestellt und, wenn m\u00f6glich, zeitlos und hinsichtlich ihrer Anwendung anpassbar gestaltet sind. <\/p>\n<p>Standard<br \/>\n3-4 \u00c4rmel<br \/>\nVerschluss: Agil<br \/>\n61% Polyester, 39% Elastomultiester<br \/>\nStandard<br \/>\nPflegehinweis: Maschinenw\u00e4sche<br \/>\nModellnummer: 990EO1E303<br \/>\n<div class=\"main-cross-sell\" data-asin=\"B07YKV4CV3\">\n\n\t<div class=\"WooZone-cross-sell-loader\">\n\t\t<div>\n\t\t\t<div id=\"floatingBarsG\">\n\t\t\t\t<div class=\"blockG\" id=\"rotateG_01\"><\/div>\n\t\t\t\t<div class=\"blockG\" id=\"rotateG_02\"><\/div>\n\t\t\t\t<div class=\"blockG\" id=\"rotateG_03\"><\/div>\n\t\t\t\t<div class=\"blockG\" id=\"rotateG_04\"><\/div>\n\t\t\t\t<div class=\"blockG\" id=\"rotateG_05\"><\/div>\n\t\t\t\t<div class=\"blockG\" id=\"rotateG_06\"><\/div>\n\t\t\t\t<div class=\"blockG\" id=\"rotateG_07\"><\/div>\n\t\t\t\t<div class=\"blockG\" id=\"rotateG_08\"><\/div>\n\t\t\t<\/div>\n\t\t\t<div class=\"WooZone-cross-sell-loader-text\"><\/div>\n\t\t<\/div>\n\t<\/div>\n\n\t\t\n<\/div>\n<div style=\"clear:both;\"><\/div><\/p>\n","protected":false},"excerpt":{"rendered":"<p>Standard<br \/>\n3-4 \u00c4rmel<br \/>\nVerschluss: Elastisch<\/p>\n","protected":false},"featured_media":6171,"comment_status":"open","ping_status":"closed","template":"","meta":[],"product_cat":[133,121],"product_tag":[],"yoast_head":"<!-- This site is optimized with the Yoast SEO plugin v20.6 - https:\/\/yoast.com\/wordpress\/plugins\/seo\/ -->\n<title>ESPRIT Collection Cr\u00eape-Kleid mit Laser-Cut-Details - FamilienMode<\/title>\n<meta name=\"robots\" content=\"index, follow, max-snippet:-1, max-image-preview:large, max-video-preview:-1\" \/>\n<link rel=\"canonical\" href=\"https:\/\/bekleidungscenter.com\/?product=esprit-collection-damen-kleid\" \/>\n<meta property=\"og:locale\" content=\"de_DE\" \/>\n<meta property=\"og:type\" content=\"article\" \/>\n<meta property=\"og:title\" content=\"ESPRIT Collection Cr\u00eape-Kleid mit Laser-Cut-Details - FamilienMode\" \/>\n<meta property=\"og:description\" content=\"Standard 3-4 \u00c4rmel Verschluss: Elastisch\" \/>\n<meta property=\"og:url\" content=\"https:\/\/bekleidungscenter.com\/?product=esprit-collection-damen-kleid\" \/>\n<meta property=\"og:site_name\" content=\"FamilienMode\" \/>\n<meta property=\"article:modified_time\" content=\"2023-04-05T21:50:02+00:00\" \/>\n<meta property=\"og:image\" content=\"https:\/\/images-na.ssl-images-amazon.com\/images\/I\/31xnJjxcIcL.jpg\" \/>\n\t<meta property=\"og:image:width\" content=\"500\" \/>\n\t<meta property=\"og:image:height\" content=\"500\" \/>\n\t<meta property=\"og:image:type\" content=\"image\/jpeg\" \/>\n<meta name=\"twitter:card\" content=\"summary_large_image\" \/>\n<meta name=\"twitter:label1\" content=\"Gesch\u00e4tzte Lesezeit\" \/>\n\t<meta name=\"twitter:data1\" content=\"1\u00a0Minute\" \/>\n<script type=\"application\/ld+json\" class=\"yoast-schema-graph\">{\"@context\":\"https:\/\/schema.org\",\"@graph\":[{\"@type\":\"WebPage\",\"@id\":\"https:\/\/bekleidungscenter.com\/?product=esprit-collection-damen-kleid\",\"url\":\"https:\/\/bekleidungscenter.com\/?product=esprit-collection-damen-kleid\",\"name\":\"ESPRIT Collection Cr\u00eape-Kleid mit Laser-Cut-Details - FamilienMode\",\"isPartOf\":{\"@id\":\"https:\/\/bekleidungscenter.com\/#website\"},\"datePublished\":\"2021-01-03T17:38:04+00:00\",\"dateModified\":\"2023-04-05T21:50:02+00:00\",\"breadcrumb\":{\"@id\":\"https:\/\/bekleidungscenter.com\/?product=esprit-collection-damen-kleid#breadcrumb\"},\"inLanguage\":\"de\",\"potentialAction\":[{\"@type\":\"ReadAction\",\"target\":[\"https:\/\/bekleidungscenter.com\/?product=esprit-collection-damen-kleid\"]}]},{\"@type\":\"BreadcrumbList\",\"@id\":\"https:\/\/bekleidungscenter.com\/?product=esprit-collection-damen-kleid#breadcrumb\",\"itemListElement\":[{\"@type\":\"ListItem\",\"position\":1,\"name\":\"Home\",\"item\":\"https:\/\/bekleidungscenter.com\/\"},{\"@type\":\"ListItem\",\"position\":2,\"name\":\"Shop\",\"item\":\"https:\/\/bekleidungscenter.com\/?page_id=7\"},{\"@type\":\"ListItem\",\"position\":3,\"name\":\"ESPRIT Collection Cr\u00eape-Kleid mit Laser-Cut-Details\"}]},{\"@type\":\"WebSite\",\"@id\":\"https:\/\/bekleidungscenter.com\/#website\",\"url\":\"https:\/\/bekleidungscenter.com\/\",\"name\":\"FamilienMode\",\"description\":\"Alles f\u00fcr die ganze Familie\",\"potentialAction\":[{\"@type\":\"SearchAction\",\"target\":{\"@type\":\"EntryPoint\",\"urlTemplate\":\"https:\/\/bekleidungscenter.com\/?s={search_term_string}\"},\"query-input\":\"required name=search_term_string\"}],\"inLanguage\":\"de\"}]}<\/script>\n<!-- \/ Yoast SEO plugin. -->","yoast_head_json":{"title":"ESPRIT Collection Cr\u00eape-Kleid mit Laser-Cut-Details - FamilienMode","robots":{"index":"index","follow":"follow","max-snippet":"max-snippet:-1","max-image-preview":"max-image-preview:large","max-video-preview":"max-video-preview:-1"},"canonical":"https:\/\/bekleidungscenter.com\/?product=esprit-collection-damen-kleid","og_locale":"de_DE","og_type":"article","og_title":"ESPRIT Collection Cr\u00eape-Kleid mit Laser-Cut-Details - FamilienMode","og_description":"Standard 3-4 \u00c4rmel Verschluss: Elastisch","og_url":"https:\/\/bekleidungscenter.com\/?product=esprit-collection-damen-kleid","og_site_name":"FamilienMode","article_modified_time":"2023-04-05T21:50:02+00:00","og_image":[{"width":500,"height":500,"url":"https:\/\/images-na.ssl-images-amazon.com\/images\/I\/31xnJjxcIcL.jpg","type":"image\/jpeg"}],"twitter_card":"summary_large_image","twitter_misc":{"Gesch\u00e4tzte Lesezeit":"1\u00a0Minute"},"schema":{"@context":"https:\/\/schema.org","@graph":[{"@type":"WebPage","@id":"https:\/\/bekleidungscenter.com\/?product=esprit-collection-damen-kleid","url":"https:\/\/bekleidungscenter.com\/?product=esprit-collection-damen-kleid","name":"ESPRIT Collection Cr\u00eape-Kleid mit Laser-Cut-Details - FamilienMode","isPartOf":{"@id":"https:\/\/bekleidungscenter.com\/#website"},"datePublished":"2021-01-03T17:38:04+00:00","dateModified":"2023-04-05T21:50:02+00:00","breadcrumb":{"@id":"https:\/\/bekleidungscenter.com\/?product=esprit-collection-damen-kleid#breadcrumb"},"inLanguage":"de","potentialAction":[{"@type":"ReadAction","target":["https:\/\/bekleidungscenter.com\/?product=esprit-collection-damen-kleid"]}]},{"@type":"BreadcrumbList","@id":"https:\/\/bekleidungscenter.com\/?product=esprit-collection-damen-kleid#breadcrumb","itemListElement":[{"@type":"ListItem","position":1,"name":"Home","item":"https:\/\/bekleidungscenter.com\/"},{"@type":"ListItem","position":2,"name":"Shop","item":"https:\/\/bekleidungscenter.com\/?page_id=7"},{"@type":"ListItem","position":3,"name":"ESPRIT Collection Cr\u00eape-Kleid mit Laser-Cut-Details"}]},{"@type":"WebSite","@id":"https:\/\/bekleidungscenter.com\/#website","url":"https:\/\/bekleidungscenter.com\/","name":"FamilienMode","description":"Alles f\u00fcr die ganze Familie","potentialAction":[{"@type":"SearchAction","target":{"@type":"EntryPoint","urlTemplate":"https:\/\/bekleidungscenter.com\/?s={search_term_string}"},"query-input":"required name=search_term_string"}],"inLanguage":"de"}]}},"_links":{"self":[{"href":"https:\/\/bekleidungscenter.com\/index.php?rest_route=\/wp\/v2\/product\/6170"}],"collection":[{"href":"https:\/\/bekleidungscenter.com\/index.php?rest_route=\/wp\/v2\/product"}],"about":[{"href":"https:\/\/bekleidungscenter.com\/index.php?rest_route=\/wp\/v2\/types\/product"}],"replies":[{"embeddable":true,"href":"https:\/\/bekleidungscenter.com\/index.php?rest_route=%2Fwp%2Fv2%2Fcomments&post=6170"}],"wp:featuredmedia":[{"embeddable":true,"href":"https:\/\/bekleidungscenter.com\/index.php?rest_route=\/wp\/v2\/media\/6171"}],"wp:attachment":[{"href":"https:\/\/bekleidungscenter.com\/index.php?rest_route=%2Fwp%2Fv2%2Fmedia&parent=6170"}],"wp:term":[{"taxonomy":"product_cat","embeddable":true,"href":"https:\/\/bekleidungscenter.com\/index.php?rest_route=%2Fwp%2Fv2%2Fproduct_cat&post=6170"},{"taxonomy":"product_tag","embeddable":true,"href":"https:\/\/bekleidungscenter.com\/index.php?rest_route=%2Fwp%2Fv2%2Fproduct_tag&post=6170"}],"curies":[{"name":"wp","href":"https:\/\/api.w.org\/{rel}","templated":true}]}}