{"id":6190,"date":"2021-01-03T17:44:29","date_gmt":"2021-01-03T17:44:29","guid":{"rendered":"http:\/\/bekleidungscenter.com\/?product=edc-by-esprit-damen-kleid"},"modified":"2023-04-05T21:50:02","modified_gmt":"2023-04-05T21:50:02","slug":"edc-by-esprit-damen-kleid","status":"publish","type":"product","link":"https:\/\/bekleidungscenter.com\/?product=edc-by-esprit-damen-kleid","title":{"rendered":"edc by ESPRIT Damen Kleid"},"content":{"rendered":"<p><!-- show up to 2 reviews by default --> <\/p>\n<p><b>\u00dcBER ESPRIT<\/p>\n<p><\/b>Am Anfang stand die Vision einer g\u00e4nzlich positiven Lebenseinstellung: So wurde Esprit 1968 in Kalifornien vom Ehepaar Susie und Doug Tompkins gegr\u00fcndet. Inspiriert vom revolution\u00e4ren Geist der 60er Jahre entwickelte die Marke eine klare Philosophie \u2013 authentische Menschen und wahre Gemeinschaft zu feiern, alle im Sinne des Markenversprechens: <b>\u201eOkay f\u00fchlen, Okay aussehen\u201d<\/b>.<\/p>\n<p>Der \u201eEsprit de Corps\u201c des Unternehmens zeichnet sich durch eine positive und wertsch\u00e4tzende Haltung dem Leben gegen\u00fcber Alle, in der Gemeinschaft, Familie und Freunde eine wichtige Rolle spielen \u2013 und das im l\u00e4ssig-coolen kalifornischen Style. Dem ESPRIT Style. ESPRIT ist in \u00fcber 40 L\u00e4ndern pr\u00e4sent und vertreibt seine Produkte international in rund 580 eigenen Retail-Stores sowie an \u00fcber 5.400 Wholesale-Standorten, einschlie\u00dflich Franchise-Gesch\u00e4ften und Verkaufsfl\u00e4chen in Warenh\u00e4usern. Die Kommando vermarktet ihre Produkte unter den beiden Marken ESPRIT und edc by ESPRIT. ESPRIT ist seit 1993 an der Aktienb\u00f6rse Hongkong gelistet und hat Zentralen in Deutschland und Hongkong.<\/p>\n<p><b>NACHHALTIGKEIT<br \/><\/b><br \/>ESPRIT versteht unter nachhaltigeren Materialien qualitativ hochwertige und in einem m\u00f6glichst umweltschonenden Produktionsprozess hergestellte Materialien. Dieweil achtet ESPRIT insbesondere darauf, dass Materialien recycelt oder kompostiert werden k\u00f6nnen.<\/p>\n<p>ESPRIT bem\u00fcht sich bei der Herstellung seiner Produkte stets um h\u00f6chste Qualit\u00e4t, damit sie m\u00f6glichst lange in einem guten und tragbaren Zustand bleiben. Alle diesem Grund schulen wir unsere Designer zum Thema Kreislaufwirtschaft und wirken an einem Vorgang, mit dem sichergestellt werden soll, dass all unsere Kleidungsst\u00fccke Okay konstruiert, mit haltbaren Materialien hergestellt und, wenn m\u00f6glich, zeitlos und hinsichtlich ihrer Anwendung anpassungsf\u00e4hig gestaltet sind. <\/p>\n<p>L\u00e4ssiges Jeresey Kleid f\u00fcr entspannte Anl\u00e4sse<br \/>\nKurzarm<br \/>\nVerschluss: Ohne Verschluss<br \/>\n100% Baumwolle<br \/>\nT-Shirt Kleid<br \/>\nPflegehinweis: Maschinenw\u00e4sche<br \/>\nModellnummer: 020CC1E303<br \/>\n<div class=\"main-cross-sell\" data-asin=\"B0831ZQJG9\">\n\n\t<div class=\"WooZone-cross-sell-loader\">\n\t\t<div>\n\t\t\t<div id=\"floatingBarsG\">\n\t\t\t\t<div class=\"blockG\" id=\"rotateG_01\"><\/div>\n\t\t\t\t<div class=\"blockG\" id=\"rotateG_02\"><\/div>\n\t\t\t\t<div class=\"blockG\" id=\"rotateG_03\"><\/div>\n\t\t\t\t<div class=\"blockG\" id=\"rotateG_04\"><\/div>\n\t\t\t\t<div class=\"blockG\" id=\"rotateG_05\"><\/div>\n\t\t\t\t<div class=\"blockG\" id=\"rotateG_06\"><\/div>\n\t\t\t\t<div class=\"blockG\" id=\"rotateG_07\"><\/div>\n\t\t\t\t<div class=\"blockG\" id=\"rotateG_08\"><\/div>\n\t\t\t<\/div>\n\t\t\t<div class=\"WooZone-cross-sell-loader-text\"><\/div>\n\t\t<\/div>\n\t<\/div>\n\n\t\t\n<\/div>\n<div style=\"clear:both;\"><\/div><\/p>\n","protected":false},"excerpt":{"rendered":"<p>L\u00e4ssiges Jeresey Kleid f\u00fcr entspannte Anl\u00e4sse<br \/>\nKurzarm<br \/>\nVerschluss: Ohne Verschluss<\/p>\n","protected":false},"featured_media":6191,"comment_status":"open","ping_status":"closed","template":"","meta":[],"product_cat":[133,121],"product_tag":[],"yoast_head":"<!-- This site is optimized with the Yoast SEO plugin v20.6 - https:\/\/yoast.com\/wordpress\/plugins\/seo\/ -->\n<title>edc by ESPRIT Damen Kleid - FamilienMode<\/title>\n<meta name=\"robots\" content=\"index, follow, max-snippet:-1, max-image-preview:large, max-video-preview:-1\" \/>\n<link rel=\"canonical\" href=\"https:\/\/bekleidungscenter.com\/?product=edc-by-esprit-damen-kleid\" \/>\n<meta property=\"og:locale\" content=\"de_DE\" \/>\n<meta property=\"og:type\" content=\"article\" \/>\n<meta property=\"og:title\" content=\"edc by ESPRIT Damen Kleid - FamilienMode\" \/>\n<meta property=\"og:description\" content=\"L\u00e4ssiges Jeresey Kleid f\u00fcr entspannte Anl\u00e4sse Kurzarm Verschluss: Ohne Verschluss\" \/>\n<meta property=\"og:url\" content=\"https:\/\/bekleidungscenter.com\/?product=edc-by-esprit-damen-kleid\" \/>\n<meta property=\"og:site_name\" content=\"FamilienMode\" \/>\n<meta property=\"article:modified_time\" content=\"2023-04-05T21:50:02+00:00\" \/>\n<meta property=\"og:image\" content=\"https:\/\/images-na.ssl-images-amazon.com\/images\/I\/31EZhd1dnML.jpg\" \/>\n\t<meta property=\"og:image:width\" content=\"500\" \/>\n\t<meta property=\"og:image:height\" content=\"500\" \/>\n\t<meta property=\"og:image:type\" content=\"image\/jpeg\" \/>\n<meta name=\"twitter:card\" content=\"summary_large_image\" \/>\n<meta name=\"twitter:label1\" content=\"Gesch\u00e4tzte Lesezeit\" \/>\n\t<meta name=\"twitter:data1\" content=\"1\u00a0Minute\" \/>\n<script type=\"application\/ld+json\" class=\"yoast-schema-graph\">{\"@context\":\"https:\/\/schema.org\",\"@graph\":[{\"@type\":\"WebPage\",\"@id\":\"https:\/\/bekleidungscenter.com\/?product=edc-by-esprit-damen-kleid\",\"url\":\"https:\/\/bekleidungscenter.com\/?product=edc-by-esprit-damen-kleid\",\"name\":\"edc by ESPRIT Damen Kleid - FamilienMode\",\"isPartOf\":{\"@id\":\"https:\/\/bekleidungscenter.com\/#website\"},\"datePublished\":\"2021-01-03T17:44:29+00:00\",\"dateModified\":\"2023-04-05T21:50:02+00:00\",\"breadcrumb\":{\"@id\":\"https:\/\/bekleidungscenter.com\/?product=edc-by-esprit-damen-kleid#breadcrumb\"},\"inLanguage\":\"de\",\"potentialAction\":[{\"@type\":\"ReadAction\",\"target\":[\"https:\/\/bekleidungscenter.com\/?product=edc-by-esprit-damen-kleid\"]}]},{\"@type\":\"BreadcrumbList\",\"@id\":\"https:\/\/bekleidungscenter.com\/?product=edc-by-esprit-damen-kleid#breadcrumb\",\"itemListElement\":[{\"@type\":\"ListItem\",\"position\":1,\"name\":\"Home\",\"item\":\"https:\/\/bekleidungscenter.com\/\"},{\"@type\":\"ListItem\",\"position\":2,\"name\":\"Shop\",\"item\":\"https:\/\/bekleidungscenter.com\/?page_id=7\"},{\"@type\":\"ListItem\",\"position\":3,\"name\":\"edc by ESPRIT Damen Kleid\"}]},{\"@type\":\"WebSite\",\"@id\":\"https:\/\/bekleidungscenter.com\/#website\",\"url\":\"https:\/\/bekleidungscenter.com\/\",\"name\":\"FamilienMode\",\"description\":\"Alles f\u00fcr die ganze Familie\",\"potentialAction\":[{\"@type\":\"SearchAction\",\"target\":{\"@type\":\"EntryPoint\",\"urlTemplate\":\"https:\/\/bekleidungscenter.com\/?s={search_term_string}\"},\"query-input\":\"required name=search_term_string\"}],\"inLanguage\":\"de\"}]}<\/script>\n<!-- \/ Yoast SEO plugin. -->","yoast_head_json":{"title":"edc by ESPRIT Damen Kleid - FamilienMode","robots":{"index":"index","follow":"follow","max-snippet":"max-snippet:-1","max-image-preview":"max-image-preview:large","max-video-preview":"max-video-preview:-1"},"canonical":"https:\/\/bekleidungscenter.com\/?product=edc-by-esprit-damen-kleid","og_locale":"de_DE","og_type":"article","og_title":"edc by ESPRIT Damen Kleid - FamilienMode","og_description":"L\u00e4ssiges Jeresey Kleid f\u00fcr entspannte Anl\u00e4sse Kurzarm Verschluss: Ohne Verschluss","og_url":"https:\/\/bekleidungscenter.com\/?product=edc-by-esprit-damen-kleid","og_site_name":"FamilienMode","article_modified_time":"2023-04-05T21:50:02+00:00","og_image":[{"width":500,"height":500,"url":"https:\/\/images-na.ssl-images-amazon.com\/images\/I\/31EZhd1dnML.jpg","type":"image\/jpeg"}],"twitter_card":"summary_large_image","twitter_misc":{"Gesch\u00e4tzte Lesezeit":"1\u00a0Minute"},"schema":{"@context":"https:\/\/schema.org","@graph":[{"@type":"WebPage","@id":"https:\/\/bekleidungscenter.com\/?product=edc-by-esprit-damen-kleid","url":"https:\/\/bekleidungscenter.com\/?product=edc-by-esprit-damen-kleid","name":"edc by ESPRIT Damen Kleid - FamilienMode","isPartOf":{"@id":"https:\/\/bekleidungscenter.com\/#website"},"datePublished":"2021-01-03T17:44:29+00:00","dateModified":"2023-04-05T21:50:02+00:00","breadcrumb":{"@id":"https:\/\/bekleidungscenter.com\/?product=edc-by-esprit-damen-kleid#breadcrumb"},"inLanguage":"de","potentialAction":[{"@type":"ReadAction","target":["https:\/\/bekleidungscenter.com\/?product=edc-by-esprit-damen-kleid"]}]},{"@type":"BreadcrumbList","@id":"https:\/\/bekleidungscenter.com\/?product=edc-by-esprit-damen-kleid#breadcrumb","itemListElement":[{"@type":"ListItem","position":1,"name":"Home","item":"https:\/\/bekleidungscenter.com\/"},{"@type":"ListItem","position":2,"name":"Shop","item":"https:\/\/bekleidungscenter.com\/?page_id=7"},{"@type":"ListItem","position":3,"name":"edc by ESPRIT Damen Kleid"}]},{"@type":"WebSite","@id":"https:\/\/bekleidungscenter.com\/#website","url":"https:\/\/bekleidungscenter.com\/","name":"FamilienMode","description":"Alles f\u00fcr die ganze Familie","potentialAction":[{"@type":"SearchAction","target":{"@type":"EntryPoint","urlTemplate":"https:\/\/bekleidungscenter.com\/?s={search_term_string}"},"query-input":"required name=search_term_string"}],"inLanguage":"de"}]}},"_links":{"self":[{"href":"https:\/\/bekleidungscenter.com\/index.php?rest_route=\/wp\/v2\/product\/6190"}],"collection":[{"href":"https:\/\/bekleidungscenter.com\/index.php?rest_route=\/wp\/v2\/product"}],"about":[{"href":"https:\/\/bekleidungscenter.com\/index.php?rest_route=\/wp\/v2\/types\/product"}],"replies":[{"embeddable":true,"href":"https:\/\/bekleidungscenter.com\/index.php?rest_route=%2Fwp%2Fv2%2Fcomments&post=6190"}],"wp:featuredmedia":[{"embeddable":true,"href":"https:\/\/bekleidungscenter.com\/index.php?rest_route=\/wp\/v2\/media\/6191"}],"wp:attachment":[{"href":"https:\/\/bekleidungscenter.com\/index.php?rest_route=%2Fwp%2Fv2%2Fmedia&parent=6190"}],"wp:term":[{"taxonomy":"product_cat","embeddable":true,"href":"https:\/\/bekleidungscenter.com\/index.php?rest_route=%2Fwp%2Fv2%2Fproduct_cat&post=6190"},{"taxonomy":"product_tag","embeddable":true,"href":"https:\/\/bekleidungscenter.com\/index.php?rest_route=%2Fwp%2Fv2%2Fproduct_tag&post=6190"}],"curies":[{"name":"wp","href":"https:\/\/api.w.org\/{rel}","templated":true}]}}