{"id":6198,"date":"2021-01-03T17:44:37","date_gmt":"2021-01-03T17:44:37","guid":{"rendered":"http:\/\/bekleidungscenter.com\/?product=bienwwow-damen-kleider-gerippte-langarm-kordelzug-mini-geraffte-bodycon-kleider"},"modified":"2023-04-09T22:23:34","modified_gmt":"2023-04-09T22:23:34","slug":"bienwwow-damen-kleider-gerippte-langarm-kordelzug-mini-geraffte-bodycon-kleider","status":"publish","type":"product","link":"https:\/\/bekleidungscenter.com\/?product=bienwwow-damen-kleider-gerippte-langarm-kordelzug-mini-geraffte-bodycon-kleider","title":{"rendered":"Bienwwow Damen Kleider Gerippte Langarm Kordelzug Mini Geraffte Bodycon Kleider"},"content":{"rendered":"<p><!-- show up to 2 reviews by default --> <\/p>\n<p>Eigenschaften: <br \/>Kordelzug-Verschluss, gerippter Stoff, lange \u00c4rmel, U-Phase, seitlich zu binden, taillierte Silhouette, schmale Passform, figurbetontes Kleid, leicht zu verkleiden. Das figurbetonte Kleid macht Ihnen charmant und sexy. <\/p>\n<p>Achtung: <br \/>&#8211; 1. Manuelle Messung, aufgrund der Messmethode ist nicht der gleiche Grund, 1\u20133 cm ist normal. <br \/>&#8211; 2. Die Farbe kann aufgrund der Beleuchtung, der elektronischen Anzeige und leer anderen Gr\u00fcnden leicht abschweifen. Die Farbe des Produkts h\u00e4ngt vom Material ab. <\/p>\n<p>Im Lieferumfang enthalten: <br \/>1 x Kleid. <\/p>\n<p>Eigenschaften: Kordelzug, gerippter Stoff, lange \u00c4rmel, U-Phase, seitliche Bindung, taillierte Silhouette, schmale Passform, figurbetontes Kleid, leicht zu verkleiden. Das figurbetonte Kleid macht Ihnen charmant und sexy.<br \/>\n\u3010Matching\u3011Das ger\u00fcschte Kleid wird Ihren Modestil befriedigen, Sie k\u00f6nnen mit einigen kleinen Accessoires wie Jacken, M\u00e4ntel, Strickjacken, High Heels, Sandalen, Sneakers und usw. paaren.<br \/>\nLangarm<br \/>\nVerschluss: Kordelzug<br \/>\n71%-80% Polyester<br \/>\nSchlauch<br \/>\nMaterial: 71%-80% Polyester, ausgesprochen weich und angenehm zu katalysieren. Das Material ist atmungsaktiv und leicht. Das Design des Kordelzugverschlusses macht das Kleid f\u00fcr Frauen in fast allen Gr\u00f6\u00dfen sinnvoll. Kordelzug-Verschluss<br \/>\nGelegenheit: l\u00e4ssig, Party, Club, Ausgehen, Dating, Hochzeit, Urlaub, Cocktail, akademische Arbeit, Business, Einkaufen, Joch.<br \/>\nTipps: Bitte ber\u00fccksichtigen Sie die Gr\u00f6\u00dfentabelle im Detail vor dem Akquisition.<br \/>\n<div class=\"main-cross-sell\" data-asin=\"B08P56WHMM\">\n\n\t<div class=\"WooZone-cross-sell-loader\">\n\t\t<div>\n\t\t\t<div id=\"floatingBarsG\">\n\t\t\t\t<div class=\"blockG\" id=\"rotateG_01\"><\/div>\n\t\t\t\t<div class=\"blockG\" id=\"rotateG_02\"><\/div>\n\t\t\t\t<div class=\"blockG\" id=\"rotateG_03\"><\/div>\n\t\t\t\t<div class=\"blockG\" id=\"rotateG_04\"><\/div>\n\t\t\t\t<div class=\"blockG\" id=\"rotateG_05\"><\/div>\n\t\t\t\t<div class=\"blockG\" id=\"rotateG_06\"><\/div>\n\t\t\t\t<div class=\"blockG\" id=\"rotateG_07\"><\/div>\n\t\t\t\t<div class=\"blockG\" id=\"rotateG_08\"><\/div>\n\t\t\t<\/div>\n\t\t\t<div class=\"WooZone-cross-sell-loader-text\"><\/div>\n\t\t<\/div>\n\t<\/div>\n\n\t\t\n<\/div>\n<div style=\"clear:both;\"><\/div><\/p>\n","protected":false},"excerpt":{"rendered":"<p>Eigenschaften: Kordelzug, gerippter Stoff, lange \u00c4rmel, U-Ausschnitt, seitliche Bindung, taillierte Silhouette, schmale Passform, figurbetontes Kleid, leicht zu verkleiden. Das figurbetonte Kleid macht Ihnen charmant und sexy.<br \/>\n\u3010Matching\u3011Das ger\u00fcschte Kleid wird Ihren Modestil befriedigen, Sie k\u00f6nnen mit einigen kleinen Accessoires wie Jacken, M\u00e4ntel, Strickjacken, High Heels, Sandalen, Sneakers und usw. paaren.<br \/>\nLangarm<\/p>\n","protected":false},"featured_media":6199,"comment_status":"open","ping_status":"closed","template":"","meta":[],"product_cat":[133,121],"product_tag":[],"yoast_head":"<!-- This site is optimized with the Yoast SEO plugin v20.6 - https:\/\/yoast.com\/wordpress\/plugins\/seo\/ -->\n<title>Bienwwow Damen Kleider Gerippte Langarm Kordelzug Mini Geraffte Bodycon Kleider - FamilienMode<\/title>\n<meta name=\"robots\" content=\"index, follow, max-snippet:-1, max-image-preview:large, max-video-preview:-1\" \/>\n<link rel=\"canonical\" href=\"https:\/\/bekleidungscenter.com\/?product=bienwwow-damen-kleider-gerippte-langarm-kordelzug-mini-geraffte-bodycon-kleider\" \/>\n<meta property=\"og:locale\" content=\"de_DE\" \/>\n<meta property=\"og:type\" content=\"article\" \/>\n<meta property=\"og:title\" content=\"Bienwwow Damen Kleider Gerippte Langarm Kordelzug Mini Geraffte Bodycon Kleider - FamilienMode\" \/>\n<meta property=\"og:description\" content=\"Eigenschaften: Kordelzug, gerippter Stoff, lange \u00c4rmel, U-Ausschnitt, seitliche Bindung, taillierte Silhouette, schmale Passform, figurbetontes Kleid, leicht zu verkleiden. Das figurbetonte Kleid macht Ihnen charmant und sexy. \u3010Matching\u3011Das ger\u00fcschte Kleid wird Ihren Modestil befriedigen, Sie k\u00f6nnen mit einigen kleinen Accessoires wie Jacken, M\u00e4ntel, Strickjacken, High Heels, Sandalen, Sneakers und usw. paaren. Langarm\" \/>\n<meta property=\"og:url\" content=\"https:\/\/bekleidungscenter.com\/?product=bienwwow-damen-kleider-gerippte-langarm-kordelzug-mini-geraffte-bodycon-kleider\" \/>\n<meta property=\"og:site_name\" content=\"FamilienMode\" \/>\n<meta property=\"article:modified_time\" content=\"2023-04-09T22:23:34+00:00\" \/>\n<meta property=\"og:image\" content=\"https:\/\/images-na.ssl-images-amazon.com\/images\/I\/31yQyThTd3L.jpg\" \/>\n\t<meta property=\"og:image:width\" content=\"500\" \/>\n\t<meta property=\"og:image:height\" content=\"500\" \/>\n\t<meta property=\"og:image:type\" content=\"image\/jpeg\" \/>\n<meta name=\"twitter:card\" content=\"summary_large_image\" \/>\n<meta name=\"twitter:label1\" content=\"Gesch\u00e4tzte Lesezeit\" \/>\n\t<meta name=\"twitter:data1\" content=\"1\u00a0Minute\" \/>\n<script type=\"application\/ld+json\" class=\"yoast-schema-graph\">{\"@context\":\"https:\/\/schema.org\",\"@graph\":[{\"@type\":\"WebPage\",\"@id\":\"https:\/\/bekleidungscenter.com\/?product=bienwwow-damen-kleider-gerippte-langarm-kordelzug-mini-geraffte-bodycon-kleider\",\"url\":\"https:\/\/bekleidungscenter.com\/?product=bienwwow-damen-kleider-gerippte-langarm-kordelzug-mini-geraffte-bodycon-kleider\",\"name\":\"Bienwwow Damen Kleider Gerippte Langarm Kordelzug Mini Geraffte Bodycon Kleider - FamilienMode\",\"isPartOf\":{\"@id\":\"https:\/\/bekleidungscenter.com\/#website\"},\"datePublished\":\"2021-01-03T17:44:37+00:00\",\"dateModified\":\"2023-04-09T22:23:34+00:00\",\"breadcrumb\":{\"@id\":\"https:\/\/bekleidungscenter.com\/?product=bienwwow-damen-kleider-gerippte-langarm-kordelzug-mini-geraffte-bodycon-kleider#breadcrumb\"},\"inLanguage\":\"de\",\"potentialAction\":[{\"@type\":\"ReadAction\",\"target\":[\"https:\/\/bekleidungscenter.com\/?product=bienwwow-damen-kleider-gerippte-langarm-kordelzug-mini-geraffte-bodycon-kleider\"]}]},{\"@type\":\"BreadcrumbList\",\"@id\":\"https:\/\/bekleidungscenter.com\/?product=bienwwow-damen-kleider-gerippte-langarm-kordelzug-mini-geraffte-bodycon-kleider#breadcrumb\",\"itemListElement\":[{\"@type\":\"ListItem\",\"position\":1,\"name\":\"Home\",\"item\":\"https:\/\/bekleidungscenter.com\/\"},{\"@type\":\"ListItem\",\"position\":2,\"name\":\"Shop\",\"item\":\"https:\/\/bekleidungscenter.com\/?page_id=7\"},{\"@type\":\"ListItem\",\"position\":3,\"name\":\"Bienwwow Damen Kleider Gerippte Langarm Kordelzug Mini Geraffte Bodycon Kleider\"}]},{\"@type\":\"WebSite\",\"@id\":\"https:\/\/bekleidungscenter.com\/#website\",\"url\":\"https:\/\/bekleidungscenter.com\/\",\"name\":\"FamilienMode\",\"description\":\"Alles f\u00fcr die ganze Familie\",\"potentialAction\":[{\"@type\":\"SearchAction\",\"target\":{\"@type\":\"EntryPoint\",\"urlTemplate\":\"https:\/\/bekleidungscenter.com\/?s={search_term_string}\"},\"query-input\":\"required name=search_term_string\"}],\"inLanguage\":\"de\"}]}<\/script>\n<!-- \/ Yoast SEO plugin. -->","yoast_head_json":{"title":"Bienwwow Damen Kleider Gerippte Langarm Kordelzug Mini Geraffte Bodycon Kleider - FamilienMode","robots":{"index":"index","follow":"follow","max-snippet":"max-snippet:-1","max-image-preview":"max-image-preview:large","max-video-preview":"max-video-preview:-1"},"canonical":"https:\/\/bekleidungscenter.com\/?product=bienwwow-damen-kleider-gerippte-langarm-kordelzug-mini-geraffte-bodycon-kleider","og_locale":"de_DE","og_type":"article","og_title":"Bienwwow Damen Kleider Gerippte Langarm Kordelzug Mini Geraffte Bodycon Kleider - FamilienMode","og_description":"Eigenschaften: Kordelzug, gerippter Stoff, lange \u00c4rmel, U-Ausschnitt, seitliche Bindung, taillierte Silhouette, schmale Passform, figurbetontes Kleid, leicht zu verkleiden. Das figurbetonte Kleid macht Ihnen charmant und sexy. \u3010Matching\u3011Das ger\u00fcschte Kleid wird Ihren Modestil befriedigen, Sie k\u00f6nnen mit einigen kleinen Accessoires wie Jacken, M\u00e4ntel, Strickjacken, High Heels, Sandalen, Sneakers und usw. paaren. Langarm","og_url":"https:\/\/bekleidungscenter.com\/?product=bienwwow-damen-kleider-gerippte-langarm-kordelzug-mini-geraffte-bodycon-kleider","og_site_name":"FamilienMode","article_modified_time":"2023-04-09T22:23:34+00:00","og_image":[{"width":500,"height":500,"url":"https:\/\/images-na.ssl-images-amazon.com\/images\/I\/31yQyThTd3L.jpg","type":"image\/jpeg"}],"twitter_card":"summary_large_image","twitter_misc":{"Gesch\u00e4tzte Lesezeit":"1\u00a0Minute"},"schema":{"@context":"https:\/\/schema.org","@graph":[{"@type":"WebPage","@id":"https:\/\/bekleidungscenter.com\/?product=bienwwow-damen-kleider-gerippte-langarm-kordelzug-mini-geraffte-bodycon-kleider","url":"https:\/\/bekleidungscenter.com\/?product=bienwwow-damen-kleider-gerippte-langarm-kordelzug-mini-geraffte-bodycon-kleider","name":"Bienwwow Damen Kleider Gerippte Langarm Kordelzug Mini Geraffte Bodycon Kleider - FamilienMode","isPartOf":{"@id":"https:\/\/bekleidungscenter.com\/#website"},"datePublished":"2021-01-03T17:44:37+00:00","dateModified":"2023-04-09T22:23:34+00:00","breadcrumb":{"@id":"https:\/\/bekleidungscenter.com\/?product=bienwwow-damen-kleider-gerippte-langarm-kordelzug-mini-geraffte-bodycon-kleider#breadcrumb"},"inLanguage":"de","potentialAction":[{"@type":"ReadAction","target":["https:\/\/bekleidungscenter.com\/?product=bienwwow-damen-kleider-gerippte-langarm-kordelzug-mini-geraffte-bodycon-kleider"]}]},{"@type":"BreadcrumbList","@id":"https:\/\/bekleidungscenter.com\/?product=bienwwow-damen-kleider-gerippte-langarm-kordelzug-mini-geraffte-bodycon-kleider#breadcrumb","itemListElement":[{"@type":"ListItem","position":1,"name":"Home","item":"https:\/\/bekleidungscenter.com\/"},{"@type":"ListItem","position":2,"name":"Shop","item":"https:\/\/bekleidungscenter.com\/?page_id=7"},{"@type":"ListItem","position":3,"name":"Bienwwow Damen Kleider Gerippte Langarm Kordelzug Mini Geraffte Bodycon Kleider"}]},{"@type":"WebSite","@id":"https:\/\/bekleidungscenter.com\/#website","url":"https:\/\/bekleidungscenter.com\/","name":"FamilienMode","description":"Alles f\u00fcr die ganze Familie","potentialAction":[{"@type":"SearchAction","target":{"@type":"EntryPoint","urlTemplate":"https:\/\/bekleidungscenter.com\/?s={search_term_string}"},"query-input":"required name=search_term_string"}],"inLanguage":"de"}]}},"_links":{"self":[{"href":"https:\/\/bekleidungscenter.com\/index.php?rest_route=\/wp\/v2\/product\/6198"}],"collection":[{"href":"https:\/\/bekleidungscenter.com\/index.php?rest_route=\/wp\/v2\/product"}],"about":[{"href":"https:\/\/bekleidungscenter.com\/index.php?rest_route=\/wp\/v2\/types\/product"}],"replies":[{"embeddable":true,"href":"https:\/\/bekleidungscenter.com\/index.php?rest_route=%2Fwp%2Fv2%2Fcomments&post=6198"}],"wp:featuredmedia":[{"embeddable":true,"href":"https:\/\/bekleidungscenter.com\/index.php?rest_route=\/wp\/v2\/media\/6199"}],"wp:attachment":[{"href":"https:\/\/bekleidungscenter.com\/index.php?rest_route=%2Fwp%2Fv2%2Fmedia&parent=6198"}],"wp:term":[{"taxonomy":"product_cat","embeddable":true,"href":"https:\/\/bekleidungscenter.com\/index.php?rest_route=%2Fwp%2Fv2%2Fproduct_cat&post=6198"},{"taxonomy":"product_tag","embeddable":true,"href":"https:\/\/bekleidungscenter.com\/index.php?rest_route=%2Fwp%2Fv2%2Fproduct_tag&post=6198"}],"curies":[{"name":"wp","href":"https:\/\/api.w.org\/{rel}","templated":true}]}}