{"id":6302,"date":"2021-01-03T17:47:33","date_gmt":"2021-01-03T17:47:33","guid":{"rendered":"http:\/\/bekleidungscenter.com\/?product=dresstells-damen-hochzeit-cocktail-spitzenkleid-elegant-brautjungfer-kurzarm-abendkleid"},"modified":"2023-04-09T22:23:35","modified_gmt":"2023-04-09T22:23:35","slug":"dresstells-damen-hochzeit-cocktail-spitzenkleid-elegant-brautjungfer-kurzarm-abendkleid","status":"publish","type":"product","link":"https:\/\/bekleidungscenter.com\/?product=dresstells-damen-hochzeit-cocktail-spitzenkleid-elegant-brautjungfer-kurzarm-abendkleid","title":{"rendered":"DRESSTELLS Cocktailkleid Knielang Spitzen Brautjungfernkleid Kurz \u00c4rmel elegant Festliche Kleid"},"content":{"rendered":"<p>Sehen Sie nicht die Gr\u00f6\u00dfentabellen von Amazon, zugunsten die Gr\u00f6\u00dfentabelen frisch von uns .<br \/>\nFestliche kleider an Stelle damen,A-Linie , knielang, Hohe Taille, Kurzarm , mit Rei\u00dfverschluss achtern, besteht alle Spitzen, allerbest behaglich zu versteifen<br \/>\nKurzarm<br \/>\nVerschluss: Rei\u00dfverschluss<br \/>\nsofte Spitze<br \/>\nSpitzenkleid<br \/>\nModellnummer: DTC10049Blush S<br \/>\nNach Erhalten des Kleides abkl\u00e4ren Sie bitte zuerst,da es im Packet ein Kleid und einen G\u00fcrtel gibt. Wenn Sie Frage oder Problem haben, bitte per Email uns kontaktieren, werden wir Ihnen innerhalb von 12 Stunden eine Antwort geben.<br \/>\nEs ist au\u00dfergew\u00f6hnlich entsprechend an Stelle Hochzeit, Ball, Cocktail, Klub oder doch t\u00e4glich versteifen<br \/>\nPflegehinweis: Trockenreinigung, Handw\u00e4sche.<br \/>\n<div class=\"main-cross-sell\" data-asin=\"B07DKHZFS4\">\n\n\t<div class=\"WooZone-cross-sell-loader\">\n\t\t<div>\n\t\t\t<div id=\"floatingBarsG\">\n\t\t\t\t<div class=\"blockG\" id=\"rotateG_01\"><\/div>\n\t\t\t\t<div class=\"blockG\" id=\"rotateG_02\"><\/div>\n\t\t\t\t<div class=\"blockG\" id=\"rotateG_03\"><\/div>\n\t\t\t\t<div class=\"blockG\" id=\"rotateG_04\"><\/div>\n\t\t\t\t<div class=\"blockG\" id=\"rotateG_05\"><\/div>\n\t\t\t\t<div class=\"blockG\" id=\"rotateG_06\"><\/div>\n\t\t\t\t<div class=\"blockG\" id=\"rotateG_07\"><\/div>\n\t\t\t\t<div class=\"blockG\" id=\"rotateG_08\"><\/div>\n\t\t\t<\/div>\n\t\t\t<div class=\"WooZone-cross-sell-loader-text\"><\/div>\n\t\t<\/div>\n\t<\/div>\n\n\t\t\n<\/div>\n<div style=\"clear:both;\"><\/div><\/p>\n","protected":false},"excerpt":{"rendered":"<p>Sehen Sie nicht die Gr\u00f6\u00dfentabellen von Amazon, sondern die Gr\u00f6\u00dfentabelen links von uns .<br \/>\nFestliche kleider f\u00fcr damen,A-Linie , knielang, Hohe Taille, Kurzarm , mit Rei\u00dfverschluss hinten, besteht aus Spitzen, sehr behaglich zu tragen<br \/>\nKurzarm<\/p>\n","protected":false},"featured_media":6303,"comment_status":"open","ping_status":"closed","template":"","meta":[],"product_cat":[133,121],"product_tag":[],"yoast_head":"<!-- This site is optimized with the Yoast SEO plugin v20.6 - https:\/\/yoast.com\/wordpress\/plugins\/seo\/ -->\n<title>DRESSTELLS Cocktailkleid Knielang Spitzen Brautjungfernkleid Kurz \u00c4rmel elegant Festliche Kleid - FamilienMode<\/title>\n<meta name=\"robots\" content=\"index, follow, max-snippet:-1, max-image-preview:large, max-video-preview:-1\" \/>\n<link rel=\"canonical\" href=\"https:\/\/bekleidungscenter.com\/?product=dresstells-damen-hochzeit-cocktail-spitzenkleid-elegant-brautjungfer-kurzarm-abendkleid\" \/>\n<meta property=\"og:locale\" content=\"de_DE\" \/>\n<meta property=\"og:type\" content=\"article\" \/>\n<meta property=\"og:title\" content=\"DRESSTELLS Cocktailkleid Knielang Spitzen Brautjungfernkleid Kurz \u00c4rmel elegant Festliche Kleid - FamilienMode\" \/>\n<meta property=\"og:description\" content=\"Sehen Sie nicht die Gr\u00f6\u00dfentabellen von Amazon, sondern die Gr\u00f6\u00dfentabelen links von uns . Festliche kleider f\u00fcr damen,A-Linie , knielang, Hohe Taille, Kurzarm , mit Rei\u00dfverschluss hinten, besteht aus Spitzen, sehr behaglich zu tragen Kurzarm\" \/>\n<meta property=\"og:url\" content=\"https:\/\/bekleidungscenter.com\/?product=dresstells-damen-hochzeit-cocktail-spitzenkleid-elegant-brautjungfer-kurzarm-abendkleid\" \/>\n<meta property=\"og:site_name\" content=\"FamilienMode\" \/>\n<meta property=\"article:modified_time\" content=\"2023-04-09T22:23:35+00:00\" \/>\n<meta property=\"og:image\" content=\"https:\/\/images-na.ssl-images-amazon.com\/images\/I\/51SXhRJtN3L.jpg\" \/>\n\t<meta property=\"og:image:width\" content=\"500\" \/>\n\t<meta property=\"og:image:height\" content=\"500\" \/>\n\t<meta property=\"og:image:type\" content=\"image\/jpeg\" \/>\n<meta name=\"twitter:card\" content=\"summary_large_image\" \/>\n<meta name=\"twitter:label1\" content=\"Gesch\u00e4tzte Lesezeit\" \/>\n\t<meta name=\"twitter:data1\" content=\"1\u00a0Minute\" \/>\n<script type=\"application\/ld+json\" class=\"yoast-schema-graph\">{\"@context\":\"https:\/\/schema.org\",\"@graph\":[{\"@type\":\"WebPage\",\"@id\":\"https:\/\/bekleidungscenter.com\/?product=dresstells-damen-hochzeit-cocktail-spitzenkleid-elegant-brautjungfer-kurzarm-abendkleid\",\"url\":\"https:\/\/bekleidungscenter.com\/?product=dresstells-damen-hochzeit-cocktail-spitzenkleid-elegant-brautjungfer-kurzarm-abendkleid\",\"name\":\"DRESSTELLS Cocktailkleid Knielang Spitzen Brautjungfernkleid Kurz \u00c4rmel elegant Festliche Kleid - FamilienMode\",\"isPartOf\":{\"@id\":\"https:\/\/bekleidungscenter.com\/#website\"},\"datePublished\":\"2021-01-03T17:47:33+00:00\",\"dateModified\":\"2023-04-09T22:23:35+00:00\",\"breadcrumb\":{\"@id\":\"https:\/\/bekleidungscenter.com\/?product=dresstells-damen-hochzeit-cocktail-spitzenkleid-elegant-brautjungfer-kurzarm-abendkleid#breadcrumb\"},\"inLanguage\":\"de\",\"potentialAction\":[{\"@type\":\"ReadAction\",\"target\":[\"https:\/\/bekleidungscenter.com\/?product=dresstells-damen-hochzeit-cocktail-spitzenkleid-elegant-brautjungfer-kurzarm-abendkleid\"]}]},{\"@type\":\"BreadcrumbList\",\"@id\":\"https:\/\/bekleidungscenter.com\/?product=dresstells-damen-hochzeit-cocktail-spitzenkleid-elegant-brautjungfer-kurzarm-abendkleid#breadcrumb\",\"itemListElement\":[{\"@type\":\"ListItem\",\"position\":1,\"name\":\"Home\",\"item\":\"https:\/\/bekleidungscenter.com\/\"},{\"@type\":\"ListItem\",\"position\":2,\"name\":\"Shop\",\"item\":\"https:\/\/bekleidungscenter.com\/?page_id=7\"},{\"@type\":\"ListItem\",\"position\":3,\"name\":\"DRESSTELLS Cocktailkleid Knielang Spitzen Brautjungfernkleid Kurz \u00c4rmel elegant Festliche Kleid\"}]},{\"@type\":\"WebSite\",\"@id\":\"https:\/\/bekleidungscenter.com\/#website\",\"url\":\"https:\/\/bekleidungscenter.com\/\",\"name\":\"FamilienMode\",\"description\":\"Alles f\u00fcr die ganze Familie\",\"potentialAction\":[{\"@type\":\"SearchAction\",\"target\":{\"@type\":\"EntryPoint\",\"urlTemplate\":\"https:\/\/bekleidungscenter.com\/?s={search_term_string}\"},\"query-input\":\"required name=search_term_string\"}],\"inLanguage\":\"de\"}]}<\/script>\n<!-- \/ Yoast SEO plugin. -->","yoast_head_json":{"title":"DRESSTELLS Cocktailkleid Knielang Spitzen Brautjungfernkleid Kurz \u00c4rmel elegant Festliche Kleid - FamilienMode","robots":{"index":"index","follow":"follow","max-snippet":"max-snippet:-1","max-image-preview":"max-image-preview:large","max-video-preview":"max-video-preview:-1"},"canonical":"https:\/\/bekleidungscenter.com\/?product=dresstells-damen-hochzeit-cocktail-spitzenkleid-elegant-brautjungfer-kurzarm-abendkleid","og_locale":"de_DE","og_type":"article","og_title":"DRESSTELLS Cocktailkleid Knielang Spitzen Brautjungfernkleid Kurz \u00c4rmel elegant Festliche Kleid - FamilienMode","og_description":"Sehen Sie nicht die Gr\u00f6\u00dfentabellen von Amazon, sondern die Gr\u00f6\u00dfentabelen links von uns . Festliche kleider f\u00fcr damen,A-Linie , knielang, Hohe Taille, Kurzarm , mit Rei\u00dfverschluss hinten, besteht aus Spitzen, sehr behaglich zu tragen Kurzarm","og_url":"https:\/\/bekleidungscenter.com\/?product=dresstells-damen-hochzeit-cocktail-spitzenkleid-elegant-brautjungfer-kurzarm-abendkleid","og_site_name":"FamilienMode","article_modified_time":"2023-04-09T22:23:35+00:00","og_image":[{"width":500,"height":500,"url":"https:\/\/images-na.ssl-images-amazon.com\/images\/I\/51SXhRJtN3L.jpg","type":"image\/jpeg"}],"twitter_card":"summary_large_image","twitter_misc":{"Gesch\u00e4tzte Lesezeit":"1\u00a0Minute"},"schema":{"@context":"https:\/\/schema.org","@graph":[{"@type":"WebPage","@id":"https:\/\/bekleidungscenter.com\/?product=dresstells-damen-hochzeit-cocktail-spitzenkleid-elegant-brautjungfer-kurzarm-abendkleid","url":"https:\/\/bekleidungscenter.com\/?product=dresstells-damen-hochzeit-cocktail-spitzenkleid-elegant-brautjungfer-kurzarm-abendkleid","name":"DRESSTELLS Cocktailkleid Knielang Spitzen Brautjungfernkleid Kurz \u00c4rmel elegant Festliche Kleid - FamilienMode","isPartOf":{"@id":"https:\/\/bekleidungscenter.com\/#website"},"datePublished":"2021-01-03T17:47:33+00:00","dateModified":"2023-04-09T22:23:35+00:00","breadcrumb":{"@id":"https:\/\/bekleidungscenter.com\/?product=dresstells-damen-hochzeit-cocktail-spitzenkleid-elegant-brautjungfer-kurzarm-abendkleid#breadcrumb"},"inLanguage":"de","potentialAction":[{"@type":"ReadAction","target":["https:\/\/bekleidungscenter.com\/?product=dresstells-damen-hochzeit-cocktail-spitzenkleid-elegant-brautjungfer-kurzarm-abendkleid"]}]},{"@type":"BreadcrumbList","@id":"https:\/\/bekleidungscenter.com\/?product=dresstells-damen-hochzeit-cocktail-spitzenkleid-elegant-brautjungfer-kurzarm-abendkleid#breadcrumb","itemListElement":[{"@type":"ListItem","position":1,"name":"Home","item":"https:\/\/bekleidungscenter.com\/"},{"@type":"ListItem","position":2,"name":"Shop","item":"https:\/\/bekleidungscenter.com\/?page_id=7"},{"@type":"ListItem","position":3,"name":"DRESSTELLS Cocktailkleid Knielang Spitzen Brautjungfernkleid Kurz \u00c4rmel elegant Festliche Kleid"}]},{"@type":"WebSite","@id":"https:\/\/bekleidungscenter.com\/#website","url":"https:\/\/bekleidungscenter.com\/","name":"FamilienMode","description":"Alles f\u00fcr die ganze Familie","potentialAction":[{"@type":"SearchAction","target":{"@type":"EntryPoint","urlTemplate":"https:\/\/bekleidungscenter.com\/?s={search_term_string}"},"query-input":"required name=search_term_string"}],"inLanguage":"de"}]}},"_links":{"self":[{"href":"https:\/\/bekleidungscenter.com\/index.php?rest_route=\/wp\/v2\/product\/6302"}],"collection":[{"href":"https:\/\/bekleidungscenter.com\/index.php?rest_route=\/wp\/v2\/product"}],"about":[{"href":"https:\/\/bekleidungscenter.com\/index.php?rest_route=\/wp\/v2\/types\/product"}],"replies":[{"embeddable":true,"href":"https:\/\/bekleidungscenter.com\/index.php?rest_route=%2Fwp%2Fv2%2Fcomments&post=6302"}],"wp:featuredmedia":[{"embeddable":true,"href":"https:\/\/bekleidungscenter.com\/index.php?rest_route=\/wp\/v2\/media\/6303"}],"wp:attachment":[{"href":"https:\/\/bekleidungscenter.com\/index.php?rest_route=%2Fwp%2Fv2%2Fmedia&parent=6302"}],"wp:term":[{"taxonomy":"product_cat","embeddable":true,"href":"https:\/\/bekleidungscenter.com\/index.php?rest_route=%2Fwp%2Fv2%2Fproduct_cat&post=6302"},{"taxonomy":"product_tag","embeddable":true,"href":"https:\/\/bekleidungscenter.com\/index.php?rest_route=%2Fwp%2Fv2%2Fproduct_tag&post=6302"}],"curies":[{"name":"wp","href":"https:\/\/api.w.org\/{rel}","templated":true}]}}