{"id":6604,"date":"2021-01-03T17:59:31","date_gmt":"2021-01-03T17:59:31","guid":{"rendered":"http:\/\/bekleidungscenter.com\/?product=vaude-damen-womens-cyclist-padded-parka-ii-jacke"},"modified":"2023-04-09T22:23:41","modified_gmt":"2023-04-09T22:23:41","slug":"vaude-damen-womens-cyclist-padded-parka-ii-jacke","status":"publish","type":"product","link":"https:\/\/bekleidungscenter.com\/?product=vaude-damen-womens-cyclist-padded-parka-ii-jacke","title":{"rendered":"VAUDE Women&#8217;s Cyclist padded Parka II &#8211; Wintermantel Damen &#8211; Fahrradmantel"},"content":{"rendered":"<p><!-- show up to 2 reviews by default --> <\/p>\n<p>Mit diesem warmen bike-winterparka hast du einen echten Universaltalent statt dessen die Stadt. Dieser wetterschutzparka ist perfekt f\u00fcrs Rad &#8211; unter Zuhilfenahme von Schlitz achtern und 2-Wege-Rei\u00dfverschluss vorne sowie reflektierenden Elementen An \u00c4rmeln und R\u00fccken. Eine leichte Primaloft Black Eco Wattierung sorgt sintemal statt dessen angenehme W\u00e4rme. Bekannt als wenn es st\u00fcrmt, regnet oder Schneit &#8211; die in den Mantel eingearbeitete Ceplex active Membran h\u00e4lt dich neben der t\u00e4glichen Fahrt zur akademische Arbeit n\u00fcchtern. Der Women&#8217;s Cyclist Padded Parka III ist unter Zuhilfenahme von Eco Finish umweltfreundlich wasserabweisend ohne Fluorcarbone (PFC) hergestellt. Das Vaude Green Shape-Label steht statt dessen ein umweltfreundliches, funktionelles Produkt jeder nachhaltigen und bluesign zertifizierten Materialien. <\/p>\n<p>Femininer Wintermantel zum Radfahren: wasser- und winddicht<br \/>\nOptimaler Bike Parka statt dessen Frauen: Dieser Wetterschutzparka ist perfekt f\u00fcrs Rad &#8211; unter Zuhilfenahme von Schlitz achtern und 2-Wege-Rei\u00dfverschluss vorne sowie reflektierenden Elementen<br \/>\nVerschluss: Rei\u00dfverschluss<br \/>\n100% Polyester; 100% Polyurethan; 100% Polyamid<br \/>\nWomen&#8217;s Cyclist padded Parka II<br \/>\nPflegehinweis: Maschinenw\u00e4sche<br \/>\nModellnummer: 42108<br \/>\nW\u00e4rmespendend: Eine leichte PrimaLoft Black Eco Wattierung sorgt sintemal statt dessen angenehme W\u00e4rme.<br \/>\nSch\u00fctzt vor N\u00e4sse: Bekannt als wenn es st\u00fcrmt, regnet oder schneit &#8211; die in den Mantel eingearbeitete Ceplex Active Membran h\u00e4lt Dich neben der t\u00e4glichen Fahrt zur akademische Arbeit n\u00fcchtern<br \/>\nGreen Shape-Label: Das VAUDE Green Shape-Label steht statt dessen ein umweltfreundliches, funktionelles Produkt jeder nachhaltigen Materialien<br \/>\n<div class=\"main-cross-sell\" data-asin=\"B085YHZM14\">\n\n\t<div class=\"WooZone-cross-sell-loader\">\n\t\t<div>\n\t\t\t<div id=\"floatingBarsG\">\n\t\t\t\t<div class=\"blockG\" id=\"rotateG_01\"><\/div>\n\t\t\t\t<div class=\"blockG\" id=\"rotateG_02\"><\/div>\n\t\t\t\t<div class=\"blockG\" id=\"rotateG_03\"><\/div>\n\t\t\t\t<div class=\"blockG\" id=\"rotateG_04\"><\/div>\n\t\t\t\t<div class=\"blockG\" id=\"rotateG_05\"><\/div>\n\t\t\t\t<div class=\"blockG\" id=\"rotateG_06\"><\/div>\n\t\t\t\t<div class=\"blockG\" id=\"rotateG_07\"><\/div>\n\t\t\t\t<div class=\"blockG\" id=\"rotateG_08\"><\/div>\n\t\t\t<\/div>\n\t\t\t<div class=\"WooZone-cross-sell-loader-text\"><\/div>\n\t\t<\/div>\n\t<\/div>\n\n\t\t\n<\/div>\n<div style=\"clear:both;\"><\/div><\/p>\n","protected":false},"excerpt":{"rendered":"<p>Femininer Wintermantel zum Radfahren: wasser- und winddicht<br \/>\nOptimaler Bike Parka f\u00fcr Frauen: Dieser Wetterschutzparka ist perfekt f\u00fcrs Rad &#8211; mit Schlitz hinten und 2-Wege-Rei\u00dfverschluss vorne sowie reflektierenden Elementen<br \/>\nVerschluss: Rei\u00dfverschluss<\/p>\n","protected":false},"featured_media":6605,"comment_status":"open","ping_status":"closed","template":"","meta":[],"product_cat":[133,119],"product_tag":[],"yoast_head":"<!-- This site is optimized with the Yoast SEO plugin v20.6 - https:\/\/yoast.com\/wordpress\/plugins\/seo\/ -->\n<title>VAUDE Women&#039;s Cyclist padded Parka II - Wintermantel Damen - Fahrradmantel - FamilienMode<\/title>\n<meta name=\"robots\" content=\"index, follow, max-snippet:-1, max-image-preview:large, max-video-preview:-1\" \/>\n<link rel=\"canonical\" href=\"https:\/\/bekleidungscenter.com\/?product=vaude-damen-womens-cyclist-padded-parka-ii-jacke\" \/>\n<meta property=\"og:locale\" content=\"de_DE\" \/>\n<meta property=\"og:type\" content=\"article\" \/>\n<meta property=\"og:title\" content=\"VAUDE Women&#039;s Cyclist padded Parka II - Wintermantel Damen - Fahrradmantel - FamilienMode\" \/>\n<meta property=\"og:description\" content=\"Femininer Wintermantel zum Radfahren: wasser- und winddicht Optimaler Bike Parka f\u00fcr Frauen: Dieser Wetterschutzparka ist perfekt f\u00fcrs Rad - mit Schlitz hinten und 2-Wege-Rei\u00dfverschluss vorne sowie reflektierenden Elementen Verschluss: Rei\u00dfverschluss\" \/>\n<meta property=\"og:url\" content=\"https:\/\/bekleidungscenter.com\/?product=vaude-damen-womens-cyclist-padded-parka-ii-jacke\" \/>\n<meta property=\"og:site_name\" content=\"FamilienMode\" \/>\n<meta property=\"article:modified_time\" content=\"2023-04-09T22:23:41+00:00\" \/>\n<meta property=\"og:image\" content=\"https:\/\/images-na.ssl-images-amazon.com\/images\/I\/31Ae-BOWdLL.jpg\" \/>\n\t<meta property=\"og:image:width\" content=\"500\" \/>\n\t<meta property=\"og:image:height\" content=\"500\" \/>\n\t<meta property=\"og:image:type\" content=\"image\/jpeg\" \/>\n<meta name=\"twitter:card\" content=\"summary_large_image\" \/>\n<meta name=\"twitter:label1\" content=\"Gesch\u00e4tzte Lesezeit\" \/>\n\t<meta name=\"twitter:data1\" content=\"1\u00a0Minute\" \/>\n<script type=\"application\/ld+json\" class=\"yoast-schema-graph\">{\"@context\":\"https:\/\/schema.org\",\"@graph\":[{\"@type\":\"WebPage\",\"@id\":\"https:\/\/bekleidungscenter.com\/?product=vaude-damen-womens-cyclist-padded-parka-ii-jacke\",\"url\":\"https:\/\/bekleidungscenter.com\/?product=vaude-damen-womens-cyclist-padded-parka-ii-jacke\",\"name\":\"VAUDE Women's Cyclist padded Parka II - Wintermantel Damen - Fahrradmantel - FamilienMode\",\"isPartOf\":{\"@id\":\"https:\/\/bekleidungscenter.com\/#website\"},\"datePublished\":\"2021-01-03T17:59:31+00:00\",\"dateModified\":\"2023-04-09T22:23:41+00:00\",\"breadcrumb\":{\"@id\":\"https:\/\/bekleidungscenter.com\/?product=vaude-damen-womens-cyclist-padded-parka-ii-jacke#breadcrumb\"},\"inLanguage\":\"de\",\"potentialAction\":[{\"@type\":\"ReadAction\",\"target\":[\"https:\/\/bekleidungscenter.com\/?product=vaude-damen-womens-cyclist-padded-parka-ii-jacke\"]}]},{\"@type\":\"BreadcrumbList\",\"@id\":\"https:\/\/bekleidungscenter.com\/?product=vaude-damen-womens-cyclist-padded-parka-ii-jacke#breadcrumb\",\"itemListElement\":[{\"@type\":\"ListItem\",\"position\":1,\"name\":\"Home\",\"item\":\"https:\/\/bekleidungscenter.com\/\"},{\"@type\":\"ListItem\",\"position\":2,\"name\":\"Shop\",\"item\":\"https:\/\/bekleidungscenter.com\/?page_id=7\"},{\"@type\":\"ListItem\",\"position\":3,\"name\":\"VAUDE Women&#8217;s Cyclist padded Parka II &#8211; Wintermantel Damen &#8211; Fahrradmantel\"}]},{\"@type\":\"WebSite\",\"@id\":\"https:\/\/bekleidungscenter.com\/#website\",\"url\":\"https:\/\/bekleidungscenter.com\/\",\"name\":\"FamilienMode\",\"description\":\"Alles f\u00fcr die ganze Familie\",\"potentialAction\":[{\"@type\":\"SearchAction\",\"target\":{\"@type\":\"EntryPoint\",\"urlTemplate\":\"https:\/\/bekleidungscenter.com\/?s={search_term_string}\"},\"query-input\":\"required name=search_term_string\"}],\"inLanguage\":\"de\"}]}<\/script>\n<!-- \/ Yoast SEO plugin. -->","yoast_head_json":{"title":"VAUDE Women's Cyclist padded Parka II - Wintermantel Damen - Fahrradmantel - FamilienMode","robots":{"index":"index","follow":"follow","max-snippet":"max-snippet:-1","max-image-preview":"max-image-preview:large","max-video-preview":"max-video-preview:-1"},"canonical":"https:\/\/bekleidungscenter.com\/?product=vaude-damen-womens-cyclist-padded-parka-ii-jacke","og_locale":"de_DE","og_type":"article","og_title":"VAUDE Women's Cyclist padded Parka II - Wintermantel Damen - Fahrradmantel - FamilienMode","og_description":"Femininer Wintermantel zum Radfahren: wasser- und winddicht Optimaler Bike Parka f\u00fcr Frauen: Dieser Wetterschutzparka ist perfekt f\u00fcrs Rad - mit Schlitz hinten und 2-Wege-Rei\u00dfverschluss vorne sowie reflektierenden Elementen Verschluss: Rei\u00dfverschluss","og_url":"https:\/\/bekleidungscenter.com\/?product=vaude-damen-womens-cyclist-padded-parka-ii-jacke","og_site_name":"FamilienMode","article_modified_time":"2023-04-09T22:23:41+00:00","og_image":[{"width":500,"height":500,"url":"https:\/\/images-na.ssl-images-amazon.com\/images\/I\/31Ae-BOWdLL.jpg","type":"image\/jpeg"}],"twitter_card":"summary_large_image","twitter_misc":{"Gesch\u00e4tzte Lesezeit":"1\u00a0Minute"},"schema":{"@context":"https:\/\/schema.org","@graph":[{"@type":"WebPage","@id":"https:\/\/bekleidungscenter.com\/?product=vaude-damen-womens-cyclist-padded-parka-ii-jacke","url":"https:\/\/bekleidungscenter.com\/?product=vaude-damen-womens-cyclist-padded-parka-ii-jacke","name":"VAUDE Women's Cyclist padded Parka II - Wintermantel Damen - Fahrradmantel - FamilienMode","isPartOf":{"@id":"https:\/\/bekleidungscenter.com\/#website"},"datePublished":"2021-01-03T17:59:31+00:00","dateModified":"2023-04-09T22:23:41+00:00","breadcrumb":{"@id":"https:\/\/bekleidungscenter.com\/?product=vaude-damen-womens-cyclist-padded-parka-ii-jacke#breadcrumb"},"inLanguage":"de","potentialAction":[{"@type":"ReadAction","target":["https:\/\/bekleidungscenter.com\/?product=vaude-damen-womens-cyclist-padded-parka-ii-jacke"]}]},{"@type":"BreadcrumbList","@id":"https:\/\/bekleidungscenter.com\/?product=vaude-damen-womens-cyclist-padded-parka-ii-jacke#breadcrumb","itemListElement":[{"@type":"ListItem","position":1,"name":"Home","item":"https:\/\/bekleidungscenter.com\/"},{"@type":"ListItem","position":2,"name":"Shop","item":"https:\/\/bekleidungscenter.com\/?page_id=7"},{"@type":"ListItem","position":3,"name":"VAUDE Women&#8217;s Cyclist padded Parka II &#8211; Wintermantel Damen &#8211; Fahrradmantel"}]},{"@type":"WebSite","@id":"https:\/\/bekleidungscenter.com\/#website","url":"https:\/\/bekleidungscenter.com\/","name":"FamilienMode","description":"Alles f\u00fcr die ganze Familie","potentialAction":[{"@type":"SearchAction","target":{"@type":"EntryPoint","urlTemplate":"https:\/\/bekleidungscenter.com\/?s={search_term_string}"},"query-input":"required name=search_term_string"}],"inLanguage":"de"}]}},"_links":{"self":[{"href":"https:\/\/bekleidungscenter.com\/index.php?rest_route=\/wp\/v2\/product\/6604"}],"collection":[{"href":"https:\/\/bekleidungscenter.com\/index.php?rest_route=\/wp\/v2\/product"}],"about":[{"href":"https:\/\/bekleidungscenter.com\/index.php?rest_route=\/wp\/v2\/types\/product"}],"replies":[{"embeddable":true,"href":"https:\/\/bekleidungscenter.com\/index.php?rest_route=%2Fwp%2Fv2%2Fcomments&post=6604"}],"wp:featuredmedia":[{"embeddable":true,"href":"https:\/\/bekleidungscenter.com\/index.php?rest_route=\/wp\/v2\/media\/6605"}],"wp:attachment":[{"href":"https:\/\/bekleidungscenter.com\/index.php?rest_route=%2Fwp%2Fv2%2Fmedia&parent=6604"}],"wp:term":[{"taxonomy":"product_cat","embeddable":true,"href":"https:\/\/bekleidungscenter.com\/index.php?rest_route=%2Fwp%2Fv2%2Fproduct_cat&post=6604"},{"taxonomy":"product_tag","embeddable":true,"href":"https:\/\/bekleidungscenter.com\/index.php?rest_route=%2Fwp%2Fv2%2Fproduct_tag&post=6604"}],"curies":[{"name":"wp","href":"https:\/\/api.w.org\/{rel}","templated":true}]}}