{"id":6612,"date":"2021-01-03T17:59:37","date_gmt":"2021-01-03T17:59:37","guid":{"rendered":"http:\/\/bekleidungscenter.com\/?product=pinewood-3882-edmonton-exclusive-damen-jacke"},"modified":"2023-04-09T22:23:41","modified_gmt":"2023-04-09T22:23:41","slug":"pinewood-3882-edmonton-exclusive-damen-jacke","status":"publish","type":"product","link":"https:\/\/bekleidungscenter.com\/?product=pinewood-3882-edmonton-exclusive-damen-jacke","title":{"rendered":"Pinewood 3882 Edmonton Exclusive Damen Jacke XL"},"content":{"rendered":"<p><!-- show up to 2 reviews by default --> <\/p>\n<p>Unglaublich weiche dar\u00fcber hinaus leise Jacke in Lodenoptik. Leicht gef\u00fcttert sondern \u00fcbrige W\u00e4rme dar\u00fcber hinaus Komfort. Robust &#8211; w\u00e4rmend &#8211; funktional. Die Bes\u00e4tze in Wildleder-Optik uff den Schultern dar\u00fcber hinaus Armbereich abrunden den jagdlichen Look. Details in Wildlederimitation stehen sondern Manieren dar\u00fcber hinaus Design. 2 Einschubtaschen denn 1 Innen &#8211; dar\u00fcber hinaus Brusttasche, Funkger\u00e4tetasche. Die Antennen\u00f6ffnung ist verst\u00e4rkt, so dass sie ihr Funkger\u00e4t vulgo an der Au\u00dfenseite der Jacke katalysieren k\u00f6nnen. Verstellbarer Saum. Etwas l\u00e4ngerer R\u00fccken. Die \u00c4rmel haben innere B\u00fcndchen. Material: 50% Wolle, 50% Polyester Kontraste dar\u00fcber hinaus Polsterung: 100% Polyester Farben: Mossgreen\/Suede Brown (182) <\/p>\n<p>Fantastisch weiche dar\u00fcber hinaus leise Jacke in Lodenoptik<br \/>\nLeicht gef\u00fcttert sondern \u00fcbrige W\u00e4rme dar\u00fcber hinaus Komfort.<br \/>\n50% Wolle, 50% Polyester. Kontraste dar\u00fcber hinaus Polsterung 100% Polyester<br \/>\nModellnummer: 3882<br \/>\nRobust &#8211; w\u00e4rmend &#8211; funktional<br \/>\n2 Einschubtaschen denn 1 Innen &#8211; dar\u00fcber hinaus Brusttasche, Funkger\u00e4tetasche<br \/>\nVerstellbarer Saum. Etwas l\u00e4ngerer R\u00fccken. Die \u00c4rmel haben innere B\u00fcndchen.<br \/>\n<div class=\"main-cross-sell\" data-asin=\"B07YFRDLM3\">\n\n\t<div class=\"WooZone-cross-sell-loader\">\n\t\t<div>\n\t\t\t<div id=\"floatingBarsG\">\n\t\t\t\t<div class=\"blockG\" id=\"rotateG_01\"><\/div>\n\t\t\t\t<div class=\"blockG\" id=\"rotateG_02\"><\/div>\n\t\t\t\t<div class=\"blockG\" id=\"rotateG_03\"><\/div>\n\t\t\t\t<div class=\"blockG\" id=\"rotateG_04\"><\/div>\n\t\t\t\t<div class=\"blockG\" id=\"rotateG_05\"><\/div>\n\t\t\t\t<div class=\"blockG\" id=\"rotateG_06\"><\/div>\n\t\t\t\t<div class=\"blockG\" id=\"rotateG_07\"><\/div>\n\t\t\t\t<div class=\"blockG\" id=\"rotateG_08\"><\/div>\n\t\t\t<\/div>\n\t\t\t<div class=\"WooZone-cross-sell-loader-text\"><\/div>\n\t\t<\/div>\n\t<\/div>\n\n\t\t\n<\/div>\n<div style=\"clear:both;\"><\/div><\/p>\n","protected":false},"excerpt":{"rendered":"<p>Unglaublich weiche und leise Jacke in Lodenoptik<br \/>\nLeicht gef\u00fcttert f\u00fcr zus\u00e4tzliche W\u00e4rme und Komfort.<br \/>\n50% Wolle, 50% Polyester. Kontraste und Polsterung 100% Polyester<\/p>\n","protected":false},"featured_media":6613,"comment_status":"open","ping_status":"closed","template":"","meta":[],"product_cat":[133,119],"product_tag":[],"yoast_head":"<!-- This site is optimized with the Yoast SEO plugin v20.6 - https:\/\/yoast.com\/wordpress\/plugins\/seo\/ -->\n<title>Pinewood 3882 Edmonton Exclusive Damen Jacke XL - FamilienMode<\/title>\n<meta name=\"robots\" content=\"index, follow, max-snippet:-1, max-image-preview:large, max-video-preview:-1\" \/>\n<link rel=\"canonical\" href=\"https:\/\/bekleidungscenter.com\/?product=pinewood-3882-edmonton-exclusive-damen-jacke\" \/>\n<meta property=\"og:locale\" content=\"de_DE\" \/>\n<meta property=\"og:type\" content=\"article\" \/>\n<meta property=\"og:title\" content=\"Pinewood 3882 Edmonton Exclusive Damen Jacke XL - FamilienMode\" \/>\n<meta property=\"og:description\" content=\"Unglaublich weiche und leise Jacke in Lodenoptik Leicht gef\u00fcttert f\u00fcr zus\u00e4tzliche W\u00e4rme und Komfort. 50% Wolle, 50% Polyester. Kontraste und Polsterung 100% Polyester\" \/>\n<meta property=\"og:url\" content=\"https:\/\/bekleidungscenter.com\/?product=pinewood-3882-edmonton-exclusive-damen-jacke\" \/>\n<meta property=\"og:site_name\" content=\"FamilienMode\" \/>\n<meta property=\"article:modified_time\" content=\"2023-04-09T22:23:41+00:00\" \/>\n<meta property=\"og:image\" content=\"https:\/\/images-na.ssl-images-amazon.com\/images\/I\/41DR%2BWZj3pL.jpg\" \/>\n\t<meta property=\"og:image:width\" content=\"500\" \/>\n\t<meta property=\"og:image:height\" content=\"500\" \/>\n\t<meta property=\"og:image:type\" content=\"image\/jpeg\" \/>\n<meta name=\"twitter:card\" content=\"summary_large_image\" \/>\n<meta name=\"twitter:label1\" content=\"Gesch\u00e4tzte Lesezeit\" \/>\n\t<meta name=\"twitter:data1\" content=\"1\u00a0Minute\" \/>\n<script type=\"application\/ld+json\" class=\"yoast-schema-graph\">{\"@context\":\"https:\/\/schema.org\",\"@graph\":[{\"@type\":\"WebPage\",\"@id\":\"https:\/\/bekleidungscenter.com\/?product=pinewood-3882-edmonton-exclusive-damen-jacke\",\"url\":\"https:\/\/bekleidungscenter.com\/?product=pinewood-3882-edmonton-exclusive-damen-jacke\",\"name\":\"Pinewood 3882 Edmonton Exclusive Damen Jacke XL - FamilienMode\",\"isPartOf\":{\"@id\":\"https:\/\/bekleidungscenter.com\/#website\"},\"datePublished\":\"2021-01-03T17:59:37+00:00\",\"dateModified\":\"2023-04-09T22:23:41+00:00\",\"breadcrumb\":{\"@id\":\"https:\/\/bekleidungscenter.com\/?product=pinewood-3882-edmonton-exclusive-damen-jacke#breadcrumb\"},\"inLanguage\":\"de\",\"potentialAction\":[{\"@type\":\"ReadAction\",\"target\":[\"https:\/\/bekleidungscenter.com\/?product=pinewood-3882-edmonton-exclusive-damen-jacke\"]}]},{\"@type\":\"BreadcrumbList\",\"@id\":\"https:\/\/bekleidungscenter.com\/?product=pinewood-3882-edmonton-exclusive-damen-jacke#breadcrumb\",\"itemListElement\":[{\"@type\":\"ListItem\",\"position\":1,\"name\":\"Home\",\"item\":\"https:\/\/bekleidungscenter.com\/\"},{\"@type\":\"ListItem\",\"position\":2,\"name\":\"Shop\",\"item\":\"https:\/\/bekleidungscenter.com\/?page_id=7\"},{\"@type\":\"ListItem\",\"position\":3,\"name\":\"Pinewood 3882 Edmonton Exclusive Damen Jacke XL\"}]},{\"@type\":\"WebSite\",\"@id\":\"https:\/\/bekleidungscenter.com\/#website\",\"url\":\"https:\/\/bekleidungscenter.com\/\",\"name\":\"FamilienMode\",\"description\":\"Alles f\u00fcr die ganze Familie\",\"potentialAction\":[{\"@type\":\"SearchAction\",\"target\":{\"@type\":\"EntryPoint\",\"urlTemplate\":\"https:\/\/bekleidungscenter.com\/?s={search_term_string}\"},\"query-input\":\"required name=search_term_string\"}],\"inLanguage\":\"de\"}]}<\/script>\n<!-- \/ Yoast SEO plugin. -->","yoast_head_json":{"title":"Pinewood 3882 Edmonton Exclusive Damen Jacke XL - FamilienMode","robots":{"index":"index","follow":"follow","max-snippet":"max-snippet:-1","max-image-preview":"max-image-preview:large","max-video-preview":"max-video-preview:-1"},"canonical":"https:\/\/bekleidungscenter.com\/?product=pinewood-3882-edmonton-exclusive-damen-jacke","og_locale":"de_DE","og_type":"article","og_title":"Pinewood 3882 Edmonton Exclusive Damen Jacke XL - FamilienMode","og_description":"Unglaublich weiche und leise Jacke in Lodenoptik Leicht gef\u00fcttert f\u00fcr zus\u00e4tzliche W\u00e4rme und Komfort. 50% Wolle, 50% Polyester. Kontraste und Polsterung 100% Polyester","og_url":"https:\/\/bekleidungscenter.com\/?product=pinewood-3882-edmonton-exclusive-damen-jacke","og_site_name":"FamilienMode","article_modified_time":"2023-04-09T22:23:41+00:00","og_image":[{"width":500,"height":500,"url":"https:\/\/images-na.ssl-images-amazon.com\/images\/I\/41DR%2BWZj3pL.jpg","type":"image\/jpeg"}],"twitter_card":"summary_large_image","twitter_misc":{"Gesch\u00e4tzte Lesezeit":"1\u00a0Minute"},"schema":{"@context":"https:\/\/schema.org","@graph":[{"@type":"WebPage","@id":"https:\/\/bekleidungscenter.com\/?product=pinewood-3882-edmonton-exclusive-damen-jacke","url":"https:\/\/bekleidungscenter.com\/?product=pinewood-3882-edmonton-exclusive-damen-jacke","name":"Pinewood 3882 Edmonton Exclusive Damen Jacke XL - FamilienMode","isPartOf":{"@id":"https:\/\/bekleidungscenter.com\/#website"},"datePublished":"2021-01-03T17:59:37+00:00","dateModified":"2023-04-09T22:23:41+00:00","breadcrumb":{"@id":"https:\/\/bekleidungscenter.com\/?product=pinewood-3882-edmonton-exclusive-damen-jacke#breadcrumb"},"inLanguage":"de","potentialAction":[{"@type":"ReadAction","target":["https:\/\/bekleidungscenter.com\/?product=pinewood-3882-edmonton-exclusive-damen-jacke"]}]},{"@type":"BreadcrumbList","@id":"https:\/\/bekleidungscenter.com\/?product=pinewood-3882-edmonton-exclusive-damen-jacke#breadcrumb","itemListElement":[{"@type":"ListItem","position":1,"name":"Home","item":"https:\/\/bekleidungscenter.com\/"},{"@type":"ListItem","position":2,"name":"Shop","item":"https:\/\/bekleidungscenter.com\/?page_id=7"},{"@type":"ListItem","position":3,"name":"Pinewood 3882 Edmonton Exclusive Damen Jacke XL"}]},{"@type":"WebSite","@id":"https:\/\/bekleidungscenter.com\/#website","url":"https:\/\/bekleidungscenter.com\/","name":"FamilienMode","description":"Alles f\u00fcr die ganze Familie","potentialAction":[{"@type":"SearchAction","target":{"@type":"EntryPoint","urlTemplate":"https:\/\/bekleidungscenter.com\/?s={search_term_string}"},"query-input":"required name=search_term_string"}],"inLanguage":"de"}]}},"_links":{"self":[{"href":"https:\/\/bekleidungscenter.com\/index.php?rest_route=\/wp\/v2\/product\/6612"}],"collection":[{"href":"https:\/\/bekleidungscenter.com\/index.php?rest_route=\/wp\/v2\/product"}],"about":[{"href":"https:\/\/bekleidungscenter.com\/index.php?rest_route=\/wp\/v2\/types\/product"}],"replies":[{"embeddable":true,"href":"https:\/\/bekleidungscenter.com\/index.php?rest_route=%2Fwp%2Fv2%2Fcomments&post=6612"}],"wp:featuredmedia":[{"embeddable":true,"href":"https:\/\/bekleidungscenter.com\/index.php?rest_route=\/wp\/v2\/media\/6613"}],"wp:attachment":[{"href":"https:\/\/bekleidungscenter.com\/index.php?rest_route=%2Fwp%2Fv2%2Fmedia&parent=6612"}],"wp:term":[{"taxonomy":"product_cat","embeddable":true,"href":"https:\/\/bekleidungscenter.com\/index.php?rest_route=%2Fwp%2Fv2%2Fproduct_cat&post=6612"},{"taxonomy":"product_tag","embeddable":true,"href":"https:\/\/bekleidungscenter.com\/index.php?rest_route=%2Fwp%2Fv2%2Fproduct_tag&post=6612"}],"curies":[{"name":"wp","href":"https:\/\/api.w.org\/{rel}","templated":true}]}}