{"id":6614,"date":"2021-01-03T17:59:39","date_gmt":"2021-01-03T17:59:39","guid":{"rendered":"http:\/\/bekleidungscenter.com\/?product=geographical-norway-damen-softshell-outdoor-jacke-tassion-abnehmbare-kapuze"},"modified":"2023-04-09T22:23:41","modified_gmt":"2023-04-09T22:23:41","slug":"geographical-norway-damen-softshell-outdoor-jacke-tassion-abnehmbare-kapuze","status":"publish","type":"product","link":"https:\/\/bekleidungscenter.com\/?product=geographical-norway-damen-softshell-outdoor-jacke-tassion-abnehmbare-kapuze","title":{"rendered":"Geographical Norway Tislande Lady &#8211; Kapuzen-Softshelljacke Frau Wasserdicht Outdoor &#8211; Winddichte Jacke &#8211; Outdoor\u2026"},"content":{"rendered":"<p><!-- show up to 2 reviews by default --> <\/p>\n<p>Gut gew\u00e4rmt des Weiteren vor N\u00e4sse gesch\u00fctzt, so begleitet Dich diese funktionelle Schneejacke benachbart all Deinen Aktivit\u00e4ten im Freien! Lass?Dir dieses tolle Fragment in keiner Weise entgehen! Softshell Jacke sondern Damen von Geographical Norway normale Passform wind-, wasser- des Weiteren k\u00e4lteabweisend hoher Stehkragen durch meshgef\u00fctterter, abnehmbarer Kapuze hochschlie\u00dfender Frontzipper zwei Einschubtaschen durch Rei\u00dfverschluss zwei Brusttaschen durch Rei\u00dfverschluss Innentaschen durch Zipper \u00c4rmeltasche durch Zipper anderweitig Front durch atmungsaktivem Meshstoff gef\u00fcttert R\u00fccken des Weiteren \u00c4rmel durch Fleecefutter Gummizugband durch Stopper am Saum zur Weitenregulierung \u00c4rmelenden durch Klettverschluss zur Weitenregulierung Mischung Logodrucke des Weiteren Patches Wassers\u00e4ule: 4000mm Handw\u00e4sche Material: 96% Polyester, 4% Elasthan; Futter: 100% Polyester Ausdehnung S: Gesamtl\u00e4nge: ca.63cm; Brustweite; ca.48cm; Arml\u00e4nge ab Achsel: ca.49cm Ausdehnung M: Gesamtl\u00e4nge: ca.64cm; Brustweite; ca.50cm; Arml\u00e4nge ab Achsel: ca.49,5cm Ausdehnung L: Gesamtl\u00e4nge: ca.65cm; Brustweite; ca.53cm; Arml\u00e4nge ab Achsel: ca.50cm Ausdehnung XL: Gesamtl\u00e4nge: ca.66cm; Brustweite; ca.55cm; Arml\u00e4nge ab Achsel: ca.50,5cm Ausdehnung XXL: Gesamtl\u00e4nge: ca.67cm; Brustweite; ca.57cm; Arml\u00e4nge ab Achsel: ca.51cm <\/p>\n<p>Tislande Lady NEW 005<br \/>\nWasserabweisend, W\u00e4rmeisolierend<br \/>\nLangarm<br \/>\n96% Polyester, 4% Elasthan<br \/>\nParka<br \/>\n2 Seitentaschen &amp; 1 Brusttasche durch Rei\u00dfverschluss<br \/>\nReflektoren an den Schultern des Weiteren Armenden<br \/>\nAbnehmbare Kapuze<br \/>\n<div class=\"main-cross-sell\" data-asin=\"B075R74D8W\">\n\n\t<div class=\"WooZone-cross-sell-loader\">\n\t\t<div>\n\t\t\t<div id=\"floatingBarsG\">\n\t\t\t\t<div class=\"blockG\" id=\"rotateG_01\"><\/div>\n\t\t\t\t<div class=\"blockG\" id=\"rotateG_02\"><\/div>\n\t\t\t\t<div class=\"blockG\" id=\"rotateG_03\"><\/div>\n\t\t\t\t<div class=\"blockG\" id=\"rotateG_04\"><\/div>\n\t\t\t\t<div class=\"blockG\" id=\"rotateG_05\"><\/div>\n\t\t\t\t<div class=\"blockG\" id=\"rotateG_06\"><\/div>\n\t\t\t\t<div class=\"blockG\" id=\"rotateG_07\"><\/div>\n\t\t\t\t<div class=\"blockG\" id=\"rotateG_08\"><\/div>\n\t\t\t<\/div>\n\t\t\t<div class=\"WooZone-cross-sell-loader-text\"><\/div>\n\t\t<\/div>\n\t<\/div>\n\n\t\t\n<\/div>\n<div style=\"clear:both;\"><\/div><\/p>\n","protected":false},"excerpt":{"rendered":"<p>Tislande Lady NEW 005<br \/>\nWasserabweisend, W\u00e4rmeisolierend<br \/>\nLangarm<\/p>\n","protected":false},"featured_media":6615,"comment_status":"open","ping_status":"closed","template":"","meta":[],"product_cat":[133,119],"product_tag":[],"yoast_head":"<!-- This site is optimized with the Yoast SEO plugin v20.6 - https:\/\/yoast.com\/wordpress\/plugins\/seo\/ -->\n<title>Geographical Norway Tislande Lady - Kapuzen-Softshelljacke Frau Wasserdicht Outdoor - Winddichte Jacke - Outdoor\u2026 - FamilienMode<\/title>\n<meta name=\"robots\" content=\"index, follow, max-snippet:-1, max-image-preview:large, max-video-preview:-1\" \/>\n<link rel=\"canonical\" href=\"https:\/\/bekleidungscenter.com\/?product=geographical-norway-damen-softshell-outdoor-jacke-tassion-abnehmbare-kapuze\" \/>\n<meta property=\"og:locale\" content=\"de_DE\" \/>\n<meta property=\"og:type\" content=\"article\" \/>\n<meta property=\"og:title\" content=\"Geographical Norway Tislande Lady - Kapuzen-Softshelljacke Frau Wasserdicht Outdoor - Winddichte Jacke - Outdoor\u2026 - FamilienMode\" \/>\n<meta property=\"og:description\" content=\"Tislande Lady NEW 005 Wasserabweisend, W\u00e4rmeisolierend Langarm\" \/>\n<meta property=\"og:url\" content=\"https:\/\/bekleidungscenter.com\/?product=geographical-norway-damen-softshell-outdoor-jacke-tassion-abnehmbare-kapuze\" \/>\n<meta property=\"og:site_name\" content=\"FamilienMode\" \/>\n<meta property=\"article:modified_time\" content=\"2023-04-09T22:23:41+00:00\" \/>\n<meta property=\"og:image\" content=\"https:\/\/images-na.ssl-images-amazon.com\/images\/I\/51AZDlOEFzL.jpg\" \/>\n\t<meta property=\"og:image:width\" content=\"500\" \/>\n\t<meta property=\"og:image:height\" content=\"500\" \/>\n\t<meta property=\"og:image:type\" content=\"image\/jpeg\" \/>\n<meta name=\"twitter:card\" content=\"summary_large_image\" \/>\n<meta name=\"twitter:label1\" content=\"Gesch\u00e4tzte Lesezeit\" \/>\n\t<meta name=\"twitter:data1\" content=\"1\u00a0Minute\" \/>\n<script type=\"application\/ld+json\" class=\"yoast-schema-graph\">{\"@context\":\"https:\/\/schema.org\",\"@graph\":[{\"@type\":\"WebPage\",\"@id\":\"https:\/\/bekleidungscenter.com\/?product=geographical-norway-damen-softshell-outdoor-jacke-tassion-abnehmbare-kapuze\",\"url\":\"https:\/\/bekleidungscenter.com\/?product=geographical-norway-damen-softshell-outdoor-jacke-tassion-abnehmbare-kapuze\",\"name\":\"Geographical Norway Tislande Lady - Kapuzen-Softshelljacke Frau Wasserdicht Outdoor - Winddichte Jacke - Outdoor\u2026 - FamilienMode\",\"isPartOf\":{\"@id\":\"https:\/\/bekleidungscenter.com\/#website\"},\"datePublished\":\"2021-01-03T17:59:39+00:00\",\"dateModified\":\"2023-04-09T22:23:41+00:00\",\"breadcrumb\":{\"@id\":\"https:\/\/bekleidungscenter.com\/?product=geographical-norway-damen-softshell-outdoor-jacke-tassion-abnehmbare-kapuze#breadcrumb\"},\"inLanguage\":\"de\",\"potentialAction\":[{\"@type\":\"ReadAction\",\"target\":[\"https:\/\/bekleidungscenter.com\/?product=geographical-norway-damen-softshell-outdoor-jacke-tassion-abnehmbare-kapuze\"]}]},{\"@type\":\"BreadcrumbList\",\"@id\":\"https:\/\/bekleidungscenter.com\/?product=geographical-norway-damen-softshell-outdoor-jacke-tassion-abnehmbare-kapuze#breadcrumb\",\"itemListElement\":[{\"@type\":\"ListItem\",\"position\":1,\"name\":\"Home\",\"item\":\"https:\/\/bekleidungscenter.com\/\"},{\"@type\":\"ListItem\",\"position\":2,\"name\":\"Shop\",\"item\":\"https:\/\/bekleidungscenter.com\/?page_id=7\"},{\"@type\":\"ListItem\",\"position\":3,\"name\":\"Geographical Norway Tislande Lady &#8211; Kapuzen-Softshelljacke Frau Wasserdicht Outdoor &#8211; Winddichte Jacke &#8211; Outdoor\u2026\"}]},{\"@type\":\"WebSite\",\"@id\":\"https:\/\/bekleidungscenter.com\/#website\",\"url\":\"https:\/\/bekleidungscenter.com\/\",\"name\":\"FamilienMode\",\"description\":\"Alles f\u00fcr die ganze Familie\",\"potentialAction\":[{\"@type\":\"SearchAction\",\"target\":{\"@type\":\"EntryPoint\",\"urlTemplate\":\"https:\/\/bekleidungscenter.com\/?s={search_term_string}\"},\"query-input\":\"required name=search_term_string\"}],\"inLanguage\":\"de\"}]}<\/script>\n<!-- \/ Yoast SEO plugin. -->","yoast_head_json":{"title":"Geographical Norway Tislande Lady - Kapuzen-Softshelljacke Frau Wasserdicht Outdoor - Winddichte Jacke - Outdoor\u2026 - FamilienMode","robots":{"index":"index","follow":"follow","max-snippet":"max-snippet:-1","max-image-preview":"max-image-preview:large","max-video-preview":"max-video-preview:-1"},"canonical":"https:\/\/bekleidungscenter.com\/?product=geographical-norway-damen-softshell-outdoor-jacke-tassion-abnehmbare-kapuze","og_locale":"de_DE","og_type":"article","og_title":"Geographical Norway Tislande Lady - Kapuzen-Softshelljacke Frau Wasserdicht Outdoor - Winddichte Jacke - Outdoor\u2026 - FamilienMode","og_description":"Tislande Lady NEW 005 Wasserabweisend, W\u00e4rmeisolierend Langarm","og_url":"https:\/\/bekleidungscenter.com\/?product=geographical-norway-damen-softshell-outdoor-jacke-tassion-abnehmbare-kapuze","og_site_name":"FamilienMode","article_modified_time":"2023-04-09T22:23:41+00:00","og_image":[{"width":500,"height":500,"url":"https:\/\/images-na.ssl-images-amazon.com\/images\/I\/51AZDlOEFzL.jpg","type":"image\/jpeg"}],"twitter_card":"summary_large_image","twitter_misc":{"Gesch\u00e4tzte Lesezeit":"1\u00a0Minute"},"schema":{"@context":"https:\/\/schema.org","@graph":[{"@type":"WebPage","@id":"https:\/\/bekleidungscenter.com\/?product=geographical-norway-damen-softshell-outdoor-jacke-tassion-abnehmbare-kapuze","url":"https:\/\/bekleidungscenter.com\/?product=geographical-norway-damen-softshell-outdoor-jacke-tassion-abnehmbare-kapuze","name":"Geographical Norway Tislande Lady - Kapuzen-Softshelljacke Frau Wasserdicht Outdoor - Winddichte Jacke - Outdoor\u2026 - FamilienMode","isPartOf":{"@id":"https:\/\/bekleidungscenter.com\/#website"},"datePublished":"2021-01-03T17:59:39+00:00","dateModified":"2023-04-09T22:23:41+00:00","breadcrumb":{"@id":"https:\/\/bekleidungscenter.com\/?product=geographical-norway-damen-softshell-outdoor-jacke-tassion-abnehmbare-kapuze#breadcrumb"},"inLanguage":"de","potentialAction":[{"@type":"ReadAction","target":["https:\/\/bekleidungscenter.com\/?product=geographical-norway-damen-softshell-outdoor-jacke-tassion-abnehmbare-kapuze"]}]},{"@type":"BreadcrumbList","@id":"https:\/\/bekleidungscenter.com\/?product=geographical-norway-damen-softshell-outdoor-jacke-tassion-abnehmbare-kapuze#breadcrumb","itemListElement":[{"@type":"ListItem","position":1,"name":"Home","item":"https:\/\/bekleidungscenter.com\/"},{"@type":"ListItem","position":2,"name":"Shop","item":"https:\/\/bekleidungscenter.com\/?page_id=7"},{"@type":"ListItem","position":3,"name":"Geographical Norway Tislande Lady &#8211; Kapuzen-Softshelljacke Frau Wasserdicht Outdoor &#8211; Winddichte Jacke &#8211; Outdoor\u2026"}]},{"@type":"WebSite","@id":"https:\/\/bekleidungscenter.com\/#website","url":"https:\/\/bekleidungscenter.com\/","name":"FamilienMode","description":"Alles f\u00fcr die ganze Familie","potentialAction":[{"@type":"SearchAction","target":{"@type":"EntryPoint","urlTemplate":"https:\/\/bekleidungscenter.com\/?s={search_term_string}"},"query-input":"required name=search_term_string"}],"inLanguage":"de"}]}},"_links":{"self":[{"href":"https:\/\/bekleidungscenter.com\/index.php?rest_route=\/wp\/v2\/product\/6614"}],"collection":[{"href":"https:\/\/bekleidungscenter.com\/index.php?rest_route=\/wp\/v2\/product"}],"about":[{"href":"https:\/\/bekleidungscenter.com\/index.php?rest_route=\/wp\/v2\/types\/product"}],"replies":[{"embeddable":true,"href":"https:\/\/bekleidungscenter.com\/index.php?rest_route=%2Fwp%2Fv2%2Fcomments&post=6614"}],"wp:featuredmedia":[{"embeddable":true,"href":"https:\/\/bekleidungscenter.com\/index.php?rest_route=\/wp\/v2\/media\/6615"}],"wp:attachment":[{"href":"https:\/\/bekleidungscenter.com\/index.php?rest_route=%2Fwp%2Fv2%2Fmedia&parent=6614"}],"wp:term":[{"taxonomy":"product_cat","embeddable":true,"href":"https:\/\/bekleidungscenter.com\/index.php?rest_route=%2Fwp%2Fv2%2Fproduct_cat&post=6614"},{"taxonomy":"product_tag","embeddable":true,"href":"https:\/\/bekleidungscenter.com\/index.php?rest_route=%2Fwp%2Fv2%2Fproduct_tag&post=6614"}],"curies":[{"name":"wp","href":"https:\/\/api.w.org\/{rel}","templated":true}]}}