{"id":6630,"date":"2021-01-03T17:59:54","date_gmt":"2021-01-03T17:59:54","guid":{"rendered":"http:\/\/bekleidungscenter.com\/?product=vaude-damen-womens-escape-light-jacket-jacke"},"modified":"2023-04-09T22:23:42","modified_gmt":"2023-04-09T22:23:42","slug":"vaude-damen-womens-escape-light-jacket-jacke","status":"publish","type":"product","link":"https:\/\/bekleidungscenter.com\/?product=vaude-damen-womens-escape-light-jacket-jacke","title":{"rendered":"VAUDE Regenjacke Damen leicht &#8211; Women&#8217;s Escape Light Jacket, wasserdichte Outdoor-Jacke, atmungsaktiver Windbreaker mit\u2026"},"content":{"rendered":"<p><!-- show up to 2 reviews by default --> <\/p>\n<p>Die passt allzeit: angelehnt an das Erfolgsmodell der Escape Jacket wurde diese leichte und moderne Allroundjacke entwickelt. Die wasserdichten und atmungsaktiven Materialien sind angenehm weich, die Farben frisch und zeitgem\u00e4ss. Die Kapuze kann im Kragen verstaut werden. <\/p>\n<p>Leichtgewicht: Diese Regenjacke ist leicht, bietet hinwieder dank des 2-Lagen-Designs, der aufgesetzten Kapuze und des Frontrei\u00dfverschlusses mit doppelter Klappe einen hervorragenden Abschirmung vor den Elementen<br \/>\nWas auch immer-Wetter: Mit einer 2-Lagen-Materialkonstruktion ist diese Jacke sowohl wind- qua vulgo wasserdicht, um Sie bei N\u00e4sse warm und trocken zu halten, hinwieder doch atmungsaktiv genug, um vulgo in den w\u00e4rmeren Monaten getragen zu werden<br \/>\nHauptstoff &#8211; Aussenseite: 100% Polyester; Membran: 100% Polyurethan; Futter: 100% Polyamid; Netzfutter: 100% Polyester<br \/>\nEscape Light Jacket<br \/>\nModellnummer: 3895<br \/>\nWasserdicht: Eine wasserabweisende Polyurethan-Au\u00dfenmembran, ein Frontrei\u00dfverschluss mit doppelter Klappe und eine verstellbare Kapuze bedeutet, dass Sie die Natur genie\u00dfen und erkunden k\u00f6nnen, indes Sie trocken bleiben<br \/>\nVielseitig: Die leichte, wasserdichte Jacke kann zum Wandern, Spazierengehen oder qua wasserdichte Fahrradjacke verwendet werden. Ein allerdings vielseitiges Unvollendetes Outdoor-Bekleidung<br \/>\n<div class=\"main-cross-sell\" data-asin=\"B07KB266FC\">\n\n\t<div class=\"WooZone-cross-sell-loader\">\n\t\t<div>\n\t\t\t<div id=\"floatingBarsG\">\n\t\t\t\t<div class=\"blockG\" id=\"rotateG_01\"><\/div>\n\t\t\t\t<div class=\"blockG\" id=\"rotateG_02\"><\/div>\n\t\t\t\t<div class=\"blockG\" id=\"rotateG_03\"><\/div>\n\t\t\t\t<div class=\"blockG\" id=\"rotateG_04\"><\/div>\n\t\t\t\t<div class=\"blockG\" id=\"rotateG_05\"><\/div>\n\t\t\t\t<div class=\"blockG\" id=\"rotateG_06\"><\/div>\n\t\t\t\t<div class=\"blockG\" id=\"rotateG_07\"><\/div>\n\t\t\t\t<div class=\"blockG\" id=\"rotateG_08\"><\/div>\n\t\t\t<\/div>\n\t\t\t<div class=\"WooZone-cross-sell-loader-text\"><\/div>\n\t\t<\/div>\n\t<\/div>\n\n\t\t\n<\/div>\n<div style=\"clear:both;\"><\/div><\/p>\n","protected":false},"excerpt":{"rendered":"<p>Leichtgewicht: Diese Regenjacke ist leicht, bietet aber dank des 2-Lagen-Designs, der aufgesetzten Kapuze und des Frontrei\u00dfverschlusses mit doppelter Klappe einen hervorragenden Schutz vor den Elementen<br \/>\nAlles-Wetter: Mit einer 2-Lagen-Materialkonstruktion ist diese Jacke sowohl wind- als auch wasserdicht, um Sie bei N\u00e4sse warm und trocken zu halten, aber dennoch atmungsaktiv genug, um auch in den w\u00e4rmeren Monaten getragen zu werden<br \/>\nHauptstoff &#8211; Aussenseite: 100% Polyester; Membran: 100% Polyurethan; Futter: 100% Polyamid; Netzfutter: 100% Polyester<\/p>\n","protected":false},"featured_media":6631,"comment_status":"open","ping_status":"closed","template":"","meta":[],"product_cat":[133,119],"product_tag":[],"yoast_head":"<!-- This site is optimized with the Yoast SEO plugin v20.6 - https:\/\/yoast.com\/wordpress\/plugins\/seo\/ -->\n<title>VAUDE Regenjacke Damen leicht - Women&#039;s Escape Light Jacket, wasserdichte Outdoor-Jacke, atmungsaktiver Windbreaker mit\u2026 - FamilienMode<\/title>\n<meta name=\"robots\" content=\"index, follow, max-snippet:-1, max-image-preview:large, max-video-preview:-1\" \/>\n<link rel=\"canonical\" href=\"https:\/\/bekleidungscenter.com\/?product=vaude-damen-womens-escape-light-jacket-jacke\" \/>\n<meta property=\"og:locale\" content=\"de_DE\" \/>\n<meta property=\"og:type\" content=\"article\" \/>\n<meta property=\"og:title\" content=\"VAUDE Regenjacke Damen leicht - Women&#039;s Escape Light Jacket, wasserdichte Outdoor-Jacke, atmungsaktiver Windbreaker mit\u2026 - FamilienMode\" \/>\n<meta property=\"og:description\" content=\"Leichtgewicht: Diese Regenjacke ist leicht, bietet aber dank des 2-Lagen-Designs, der aufgesetzten Kapuze und des Frontrei\u00dfverschlusses mit doppelter Klappe einen hervorragenden Schutz vor den Elementen Alles-Wetter: Mit einer 2-Lagen-Materialkonstruktion ist diese Jacke sowohl wind- als auch wasserdicht, um Sie bei N\u00e4sse warm und trocken zu halten, aber dennoch atmungsaktiv genug, um auch in den w\u00e4rmeren Monaten getragen zu werden Hauptstoff - Aussenseite: 100% Polyester; Membran: 100% Polyurethan; Futter: 100% Polyamid; Netzfutter: 100% Polyester\" \/>\n<meta property=\"og:url\" content=\"https:\/\/bekleidungscenter.com\/?product=vaude-damen-womens-escape-light-jacket-jacke\" \/>\n<meta property=\"og:site_name\" content=\"FamilienMode\" \/>\n<meta property=\"article:modified_time\" content=\"2023-04-09T22:23:42+00:00\" \/>\n<meta property=\"og:image\" content=\"https:\/\/images-na.ssl-images-amazon.com\/images\/I\/41R89QcLLxL.jpg\" \/>\n\t<meta property=\"og:image:width\" content=\"500\" \/>\n\t<meta property=\"og:image:height\" content=\"500\" \/>\n\t<meta property=\"og:image:type\" content=\"image\/jpeg\" \/>\n<meta name=\"twitter:card\" content=\"summary_large_image\" \/>\n<meta name=\"twitter:label1\" content=\"Gesch\u00e4tzte Lesezeit\" \/>\n\t<meta name=\"twitter:data1\" content=\"1\u00a0Minute\" \/>\n<script type=\"application\/ld+json\" class=\"yoast-schema-graph\">{\"@context\":\"https:\/\/schema.org\",\"@graph\":[{\"@type\":\"WebPage\",\"@id\":\"https:\/\/bekleidungscenter.com\/?product=vaude-damen-womens-escape-light-jacket-jacke\",\"url\":\"https:\/\/bekleidungscenter.com\/?product=vaude-damen-womens-escape-light-jacket-jacke\",\"name\":\"VAUDE Regenjacke Damen leicht - Women's Escape Light Jacket, wasserdichte Outdoor-Jacke, atmungsaktiver Windbreaker mit\u2026 - FamilienMode\",\"isPartOf\":{\"@id\":\"https:\/\/bekleidungscenter.com\/#website\"},\"datePublished\":\"2021-01-03T17:59:54+00:00\",\"dateModified\":\"2023-04-09T22:23:42+00:00\",\"breadcrumb\":{\"@id\":\"https:\/\/bekleidungscenter.com\/?product=vaude-damen-womens-escape-light-jacket-jacke#breadcrumb\"},\"inLanguage\":\"de\",\"potentialAction\":[{\"@type\":\"ReadAction\",\"target\":[\"https:\/\/bekleidungscenter.com\/?product=vaude-damen-womens-escape-light-jacket-jacke\"]}]},{\"@type\":\"BreadcrumbList\",\"@id\":\"https:\/\/bekleidungscenter.com\/?product=vaude-damen-womens-escape-light-jacket-jacke#breadcrumb\",\"itemListElement\":[{\"@type\":\"ListItem\",\"position\":1,\"name\":\"Home\",\"item\":\"https:\/\/bekleidungscenter.com\/\"},{\"@type\":\"ListItem\",\"position\":2,\"name\":\"Shop\",\"item\":\"https:\/\/bekleidungscenter.com\/?page_id=7\"},{\"@type\":\"ListItem\",\"position\":3,\"name\":\"VAUDE Regenjacke Damen leicht &#8211; Women&#8217;s Escape Light Jacket, wasserdichte Outdoor-Jacke, atmungsaktiver Windbreaker mit\u2026\"}]},{\"@type\":\"WebSite\",\"@id\":\"https:\/\/bekleidungscenter.com\/#website\",\"url\":\"https:\/\/bekleidungscenter.com\/\",\"name\":\"FamilienMode\",\"description\":\"Alles f\u00fcr die ganze Familie\",\"potentialAction\":[{\"@type\":\"SearchAction\",\"target\":{\"@type\":\"EntryPoint\",\"urlTemplate\":\"https:\/\/bekleidungscenter.com\/?s={search_term_string}\"},\"query-input\":\"required name=search_term_string\"}],\"inLanguage\":\"de\"}]}<\/script>\n<!-- \/ Yoast SEO plugin. -->","yoast_head_json":{"title":"VAUDE Regenjacke Damen leicht - Women's Escape Light Jacket, wasserdichte Outdoor-Jacke, atmungsaktiver Windbreaker mit\u2026 - FamilienMode","robots":{"index":"index","follow":"follow","max-snippet":"max-snippet:-1","max-image-preview":"max-image-preview:large","max-video-preview":"max-video-preview:-1"},"canonical":"https:\/\/bekleidungscenter.com\/?product=vaude-damen-womens-escape-light-jacket-jacke","og_locale":"de_DE","og_type":"article","og_title":"VAUDE Regenjacke Damen leicht - Women's Escape Light Jacket, wasserdichte Outdoor-Jacke, atmungsaktiver Windbreaker mit\u2026 - FamilienMode","og_description":"Leichtgewicht: Diese Regenjacke ist leicht, bietet aber dank des 2-Lagen-Designs, der aufgesetzten Kapuze und des Frontrei\u00dfverschlusses mit doppelter Klappe einen hervorragenden Schutz vor den Elementen Alles-Wetter: Mit einer 2-Lagen-Materialkonstruktion ist diese Jacke sowohl wind- als auch wasserdicht, um Sie bei N\u00e4sse warm und trocken zu halten, aber dennoch atmungsaktiv genug, um auch in den w\u00e4rmeren Monaten getragen zu werden Hauptstoff - Aussenseite: 100% Polyester; Membran: 100% Polyurethan; Futter: 100% Polyamid; Netzfutter: 100% Polyester","og_url":"https:\/\/bekleidungscenter.com\/?product=vaude-damen-womens-escape-light-jacket-jacke","og_site_name":"FamilienMode","article_modified_time":"2023-04-09T22:23:42+00:00","og_image":[{"width":500,"height":500,"url":"https:\/\/images-na.ssl-images-amazon.com\/images\/I\/41R89QcLLxL.jpg","type":"image\/jpeg"}],"twitter_card":"summary_large_image","twitter_misc":{"Gesch\u00e4tzte Lesezeit":"1\u00a0Minute"},"schema":{"@context":"https:\/\/schema.org","@graph":[{"@type":"WebPage","@id":"https:\/\/bekleidungscenter.com\/?product=vaude-damen-womens-escape-light-jacket-jacke","url":"https:\/\/bekleidungscenter.com\/?product=vaude-damen-womens-escape-light-jacket-jacke","name":"VAUDE Regenjacke Damen leicht - Women's Escape Light Jacket, wasserdichte Outdoor-Jacke, atmungsaktiver Windbreaker mit\u2026 - FamilienMode","isPartOf":{"@id":"https:\/\/bekleidungscenter.com\/#website"},"datePublished":"2021-01-03T17:59:54+00:00","dateModified":"2023-04-09T22:23:42+00:00","breadcrumb":{"@id":"https:\/\/bekleidungscenter.com\/?product=vaude-damen-womens-escape-light-jacket-jacke#breadcrumb"},"inLanguage":"de","potentialAction":[{"@type":"ReadAction","target":["https:\/\/bekleidungscenter.com\/?product=vaude-damen-womens-escape-light-jacket-jacke"]}]},{"@type":"BreadcrumbList","@id":"https:\/\/bekleidungscenter.com\/?product=vaude-damen-womens-escape-light-jacket-jacke#breadcrumb","itemListElement":[{"@type":"ListItem","position":1,"name":"Home","item":"https:\/\/bekleidungscenter.com\/"},{"@type":"ListItem","position":2,"name":"Shop","item":"https:\/\/bekleidungscenter.com\/?page_id=7"},{"@type":"ListItem","position":3,"name":"VAUDE Regenjacke Damen leicht &#8211; Women&#8217;s Escape Light Jacket, wasserdichte Outdoor-Jacke, atmungsaktiver Windbreaker mit\u2026"}]},{"@type":"WebSite","@id":"https:\/\/bekleidungscenter.com\/#website","url":"https:\/\/bekleidungscenter.com\/","name":"FamilienMode","description":"Alles f\u00fcr die ganze Familie","potentialAction":[{"@type":"SearchAction","target":{"@type":"EntryPoint","urlTemplate":"https:\/\/bekleidungscenter.com\/?s={search_term_string}"},"query-input":"required name=search_term_string"}],"inLanguage":"de"}]}},"_links":{"self":[{"href":"https:\/\/bekleidungscenter.com\/index.php?rest_route=\/wp\/v2\/product\/6630"}],"collection":[{"href":"https:\/\/bekleidungscenter.com\/index.php?rest_route=\/wp\/v2\/product"}],"about":[{"href":"https:\/\/bekleidungscenter.com\/index.php?rest_route=\/wp\/v2\/types\/product"}],"replies":[{"embeddable":true,"href":"https:\/\/bekleidungscenter.com\/index.php?rest_route=%2Fwp%2Fv2%2Fcomments&post=6630"}],"wp:featuredmedia":[{"embeddable":true,"href":"https:\/\/bekleidungscenter.com\/index.php?rest_route=\/wp\/v2\/media\/6631"}],"wp:attachment":[{"href":"https:\/\/bekleidungscenter.com\/index.php?rest_route=%2Fwp%2Fv2%2Fmedia&parent=6630"}],"wp:term":[{"taxonomy":"product_cat","embeddable":true,"href":"https:\/\/bekleidungscenter.com\/index.php?rest_route=%2Fwp%2Fv2%2Fproduct_cat&post=6630"},{"taxonomy":"product_tag","embeddable":true,"href":"https:\/\/bekleidungscenter.com\/index.php?rest_route=%2Fwp%2Fv2%2Fproduct_tag&post=6630"}],"curies":[{"name":"wp","href":"https:\/\/api.w.org\/{rel}","templated":true}]}}