{"id":6654,"date":"2021-01-03T18:00:16","date_gmt":"2021-01-03T18:00:16","guid":{"rendered":"http:\/\/bekleidungscenter.com\/?product=q-s-designed-by-s-oliver-gesteppte-jacke-mit-kapuze"},"modified":"2023-04-10T22:37:05","modified_gmt":"2023-04-10T22:37:05","slug":"q-s-designed-by-s-oliver-gesteppte-jacke-mit-kapuze","status":"publish","type":"product","link":"https:\/\/bekleidungscenter.com\/?product=q-s-designed-by-s-oliver-gesteppte-jacke-mit-kapuze","title":{"rendered":"Q\/S designed by &#8211; s.Oliver Damen Jacke"},"content":{"rendered":"<p><!-- show up to 2 reviews by default --> <\/p>\n<p>Q\/S von ist ein junges Modelabel, dasjenige anstatt coole Prints, lebendige Farben auch die neuesten Modetrends der Saison steht. Es ist der Anbruch eines neuen Jahres auch man kann diesen kalten Winterblues in keinster Weise heruntersch\u00fctteln? Unsere frischen Farben werden Sie unterhalten auch Sie noch einmal in dieses Fr\u00fchlingsgef\u00fchl als Pfand geben! #QSdesignedby <\/p>\n<p>Kapuze<br \/>\nRegular fit<br \/>\nVerstopfung: Rei\u00dfverschluss<br \/>\n100% Polyester<br \/>\nCasual<br \/>\nPflegehinweis: Maschinenw\u00e4sche<br \/>\nModellnummer: 510.16.095.16.150.2039315<br \/>\ngesteppt<br \/>\nseitliche Eingriffstaschen<br \/>\n<div class=\"main-cross-sell\" data-asin=\"B089CZH1R9\">\n\n\t<div class=\"WooZone-cross-sell-loader\">\n\t\t<div>\n\t\t\t<div id=\"floatingBarsG\">\n\t\t\t\t<div class=\"blockG\" id=\"rotateG_01\"><\/div>\n\t\t\t\t<div class=\"blockG\" id=\"rotateG_02\"><\/div>\n\t\t\t\t<div class=\"blockG\" id=\"rotateG_03\"><\/div>\n\t\t\t\t<div class=\"blockG\" id=\"rotateG_04\"><\/div>\n\t\t\t\t<div class=\"blockG\" id=\"rotateG_05\"><\/div>\n\t\t\t\t<div class=\"blockG\" id=\"rotateG_06\"><\/div>\n\t\t\t\t<div class=\"blockG\" id=\"rotateG_07\"><\/div>\n\t\t\t\t<div class=\"blockG\" id=\"rotateG_08\"><\/div>\n\t\t\t<\/div>\n\t\t\t<div class=\"WooZone-cross-sell-loader-text\"><\/div>\n\t\t<\/div>\n\t<\/div>\n\n\t\t\n<\/div>\n<div style=\"clear:both;\"><\/div><\/p>\n","protected":false},"excerpt":{"rendered":"<p>Kapuze<br \/>\nRegular fit<br \/>\nVerschluss: Rei\u00dfverschluss<\/p>\n","protected":false},"featured_media":6655,"comment_status":"open","ping_status":"closed","template":"","meta":[],"product_cat":[133,119],"product_tag":[],"yoast_head":"<!-- This site is optimized with the Yoast SEO plugin v20.6 - https:\/\/yoast.com\/wordpress\/plugins\/seo\/ -->\n<title>Q\/S designed by - s.Oliver Damen Jacke - FamilienMode<\/title>\n<meta name=\"robots\" content=\"index, follow, max-snippet:-1, max-image-preview:large, max-video-preview:-1\" \/>\n<link rel=\"canonical\" href=\"https:\/\/bekleidungscenter.com\/?product=q-s-designed-by-s-oliver-gesteppte-jacke-mit-kapuze\" \/>\n<meta property=\"og:locale\" content=\"de_DE\" \/>\n<meta property=\"og:type\" content=\"article\" \/>\n<meta property=\"og:title\" content=\"Q\/S designed by - s.Oliver Damen Jacke - FamilienMode\" \/>\n<meta property=\"og:description\" content=\"Kapuze Regular fit Verschluss: Rei\u00dfverschluss\" \/>\n<meta property=\"og:url\" content=\"https:\/\/bekleidungscenter.com\/?product=q-s-designed-by-s-oliver-gesteppte-jacke-mit-kapuze\" \/>\n<meta property=\"og:site_name\" content=\"FamilienMode\" \/>\n<meta property=\"article:modified_time\" content=\"2023-04-10T22:37:05+00:00\" \/>\n<meta property=\"og:image\" content=\"https:\/\/images-na.ssl-images-amazon.com\/images\/I\/41CSrUQqjSL.jpg\" \/>\n\t<meta property=\"og:image:width\" content=\"500\" \/>\n\t<meta property=\"og:image:height\" content=\"500\" \/>\n\t<meta property=\"og:image:type\" content=\"image\/jpeg\" \/>\n<meta name=\"twitter:card\" content=\"summary_large_image\" \/>\n<script type=\"application\/ld+json\" class=\"yoast-schema-graph\">{\"@context\":\"https:\/\/schema.org\",\"@graph\":[{\"@type\":\"WebPage\",\"@id\":\"https:\/\/bekleidungscenter.com\/?product=q-s-designed-by-s-oliver-gesteppte-jacke-mit-kapuze\",\"url\":\"https:\/\/bekleidungscenter.com\/?product=q-s-designed-by-s-oliver-gesteppte-jacke-mit-kapuze\",\"name\":\"Q\/S designed by - s.Oliver Damen Jacke - FamilienMode\",\"isPartOf\":{\"@id\":\"https:\/\/bekleidungscenter.com\/#website\"},\"datePublished\":\"2021-01-03T18:00:16+00:00\",\"dateModified\":\"2023-04-10T22:37:05+00:00\",\"breadcrumb\":{\"@id\":\"https:\/\/bekleidungscenter.com\/?product=q-s-designed-by-s-oliver-gesteppte-jacke-mit-kapuze#breadcrumb\"},\"inLanguage\":\"de\",\"potentialAction\":[{\"@type\":\"ReadAction\",\"target\":[\"https:\/\/bekleidungscenter.com\/?product=q-s-designed-by-s-oliver-gesteppte-jacke-mit-kapuze\"]}]},{\"@type\":\"BreadcrumbList\",\"@id\":\"https:\/\/bekleidungscenter.com\/?product=q-s-designed-by-s-oliver-gesteppte-jacke-mit-kapuze#breadcrumb\",\"itemListElement\":[{\"@type\":\"ListItem\",\"position\":1,\"name\":\"Home\",\"item\":\"https:\/\/bekleidungscenter.com\/\"},{\"@type\":\"ListItem\",\"position\":2,\"name\":\"Shop\",\"item\":\"https:\/\/bekleidungscenter.com\/?page_id=7\"},{\"@type\":\"ListItem\",\"position\":3,\"name\":\"Q\/S designed by &#8211; s.Oliver Damen Jacke\"}]},{\"@type\":\"WebSite\",\"@id\":\"https:\/\/bekleidungscenter.com\/#website\",\"url\":\"https:\/\/bekleidungscenter.com\/\",\"name\":\"FamilienMode\",\"description\":\"Alles f\u00fcr die ganze Familie\",\"potentialAction\":[{\"@type\":\"SearchAction\",\"target\":{\"@type\":\"EntryPoint\",\"urlTemplate\":\"https:\/\/bekleidungscenter.com\/?s={search_term_string}\"},\"query-input\":\"required name=search_term_string\"}],\"inLanguage\":\"de\"}]}<\/script>\n<!-- \/ Yoast SEO plugin. -->","yoast_head_json":{"title":"Q\/S designed by - s.Oliver Damen Jacke - FamilienMode","robots":{"index":"index","follow":"follow","max-snippet":"max-snippet:-1","max-image-preview":"max-image-preview:large","max-video-preview":"max-video-preview:-1"},"canonical":"https:\/\/bekleidungscenter.com\/?product=q-s-designed-by-s-oliver-gesteppte-jacke-mit-kapuze","og_locale":"de_DE","og_type":"article","og_title":"Q\/S designed by - s.Oliver Damen Jacke - FamilienMode","og_description":"Kapuze Regular fit Verschluss: Rei\u00dfverschluss","og_url":"https:\/\/bekleidungscenter.com\/?product=q-s-designed-by-s-oliver-gesteppte-jacke-mit-kapuze","og_site_name":"FamilienMode","article_modified_time":"2023-04-10T22:37:05+00:00","og_image":[{"width":500,"height":500,"url":"https:\/\/images-na.ssl-images-amazon.com\/images\/I\/41CSrUQqjSL.jpg","type":"image\/jpeg"}],"twitter_card":"summary_large_image","schema":{"@context":"https:\/\/schema.org","@graph":[{"@type":"WebPage","@id":"https:\/\/bekleidungscenter.com\/?product=q-s-designed-by-s-oliver-gesteppte-jacke-mit-kapuze","url":"https:\/\/bekleidungscenter.com\/?product=q-s-designed-by-s-oliver-gesteppte-jacke-mit-kapuze","name":"Q\/S designed by - s.Oliver Damen Jacke - FamilienMode","isPartOf":{"@id":"https:\/\/bekleidungscenter.com\/#website"},"datePublished":"2021-01-03T18:00:16+00:00","dateModified":"2023-04-10T22:37:05+00:00","breadcrumb":{"@id":"https:\/\/bekleidungscenter.com\/?product=q-s-designed-by-s-oliver-gesteppte-jacke-mit-kapuze#breadcrumb"},"inLanguage":"de","potentialAction":[{"@type":"ReadAction","target":["https:\/\/bekleidungscenter.com\/?product=q-s-designed-by-s-oliver-gesteppte-jacke-mit-kapuze"]}]},{"@type":"BreadcrumbList","@id":"https:\/\/bekleidungscenter.com\/?product=q-s-designed-by-s-oliver-gesteppte-jacke-mit-kapuze#breadcrumb","itemListElement":[{"@type":"ListItem","position":1,"name":"Home","item":"https:\/\/bekleidungscenter.com\/"},{"@type":"ListItem","position":2,"name":"Shop","item":"https:\/\/bekleidungscenter.com\/?page_id=7"},{"@type":"ListItem","position":3,"name":"Q\/S designed by &#8211; s.Oliver Damen Jacke"}]},{"@type":"WebSite","@id":"https:\/\/bekleidungscenter.com\/#website","url":"https:\/\/bekleidungscenter.com\/","name":"FamilienMode","description":"Alles f\u00fcr die ganze Familie","potentialAction":[{"@type":"SearchAction","target":{"@type":"EntryPoint","urlTemplate":"https:\/\/bekleidungscenter.com\/?s={search_term_string}"},"query-input":"required name=search_term_string"}],"inLanguage":"de"}]}},"_links":{"self":[{"href":"https:\/\/bekleidungscenter.com\/index.php?rest_route=\/wp\/v2\/product\/6654"}],"collection":[{"href":"https:\/\/bekleidungscenter.com\/index.php?rest_route=\/wp\/v2\/product"}],"about":[{"href":"https:\/\/bekleidungscenter.com\/index.php?rest_route=\/wp\/v2\/types\/product"}],"replies":[{"embeddable":true,"href":"https:\/\/bekleidungscenter.com\/index.php?rest_route=%2Fwp%2Fv2%2Fcomments&post=6654"}],"wp:featuredmedia":[{"embeddable":true,"href":"https:\/\/bekleidungscenter.com\/index.php?rest_route=\/wp\/v2\/media\/6655"}],"wp:attachment":[{"href":"https:\/\/bekleidungscenter.com\/index.php?rest_route=%2Fwp%2Fv2%2Fmedia&parent=6654"}],"wp:term":[{"taxonomy":"product_cat","embeddable":true,"href":"https:\/\/bekleidungscenter.com\/index.php?rest_route=%2Fwp%2Fv2%2Fproduct_cat&post=6654"},{"taxonomy":"product_tag","embeddable":true,"href":"https:\/\/bekleidungscenter.com\/index.php?rest_route=%2Fwp%2Fv2%2Fproduct_tag&post=6654"}],"curies":[{"name":"wp","href":"https:\/\/api.w.org\/{rel}","templated":true}]}}