{"id":6658,"date":"2021-01-03T18:00:23","date_gmt":"2021-01-03T18:00:23","guid":{"rendered":"http:\/\/bekleidungscenter.com\/?product=sublevel-damen-herbst-uebergangsjacke-winter-warme-jacke-winterjacke-outdoor-b167"},"modified":"2023-04-10T22:37:05","modified_gmt":"2023-04-10T22:37:05","slug":"sublevel-damen-herbst-uebergangsjacke-winter-warme-jacke-winterjacke-outdoor-b167","status":"publish","type":"product","link":"https:\/\/bekleidungscenter.com\/?product=sublevel-damen-herbst-uebergangsjacke-winter-warme-jacke-winterjacke-outdoor-b167","title":{"rendered":"Sublevel Damen Herbst \u00dcbergangsjacke Winter warme Jacke Winterjacke Outdoor B167"},"content":{"rendered":"<p><!-- show up to 2 reviews by default --> <\/p>\n<p><b>Sublevel Damen Winter Jacke<\/b><\/p>\n<p>Angeboten wird eine \u00e4u\u00dferst sch\u00f6ne Damen Herbst-Winter Jacke der Marke &#8222;Sublevel&#8220;. Sportliches Design &amp; ein leicht taillierter Schnitt zeichnen diese Jacke ganz.<\/p>\n<p>Nat\u00fcrlich andernfalls &amp; per Etikett<\/p>\n<p> Modell: B167<br \/> Farbe: k\u00f6nnen Sie oben ausw\u00e4hlen<br \/> Gr\u00f6\u00dfe: k\u00f6nnen Sie oben ausw\u00e4hlen<br \/> Obermaterial: 100% Polyester<br \/> Innenmaterial: 100% Polyester<br \/> Strickanteile: 95% Polyester, 5% Elasthan<br \/> Top Qualit\u00e4t und hochwertig verarbeitet<br \/> \u00e4u\u00dferst griffiger und robuster Stoff<br \/> Hoher Tragekomfort und perfekte Passform<br \/> Leicht gef\u00fcttert<br \/> \u00dcber Rei\u00dfverschluss abnehmbare Kapuze<br \/> Hochschlie\u00dfender Kragen, sch\u00fctzt vor Wind &amp; K\u00e4lte<br \/> Zwei seitliche Eingriffstaschen per Knopfverschluss<br \/> Eine Innentasche &amp; eine Handy-Innentasche per Klettverschluss<br \/> Angenehmer Rippkragen h\u00e4lt Hals- und Nackenbereich warm<br \/> Rippb\u00fcndchen am Armabschluss per Daumenloch<br \/> Heckw\u00e4rts etwas l\u00e4nger geschnitten denn vorne, sodass R\u00fccken- &amp; Po-Fetzen gesch\u00fctzt sind<br \/> Abseitsstellung breite Verschlussleiste<br \/> Dezente Sublevel Stickerei auf der Brust<br \/> Durchgehender Rei\u00dfverschluss<br \/> Sublevel Original Collection Metal-Emblem<br \/> Leicht taillierter Schnitt<br \/> \u00e4u\u00dferst erhebend zu tragen<\/p>\n<p>Top Qualit\u00e4t und hochwertig verarbeitet \u00e4u\u00dferst griffiger und robuster Stoff<br \/>\n\u00dcber Rei\u00dfverschluss abnehmbare Kapuze Hochschlie\u00dfender Kragen, sch\u00fctzt vor Wind &amp; K\u00e4lte<br \/>\nLangarm<br \/>\nObermaterial: 100% Polyester \/ Innenmaterial: 100% Polyester \/ Strickanteile: 95% Polyester, 5% Elasthan<br \/>\nParka<br \/>\nModellnummer: B167<br \/>\nZwei seitliche Eingriffstaschen per Knopfverschluss Eine Innentasche &amp; eine Handy-Innentasche per Klettverschluss<br \/>\nLeicht taillierter Schnitt<br \/>\nPerfekt denn \u00dcbergangs-Jacke und sondern k\u00fchlere Abende<br \/>\n<div class=\"main-cross-sell\" data-asin=\"B07HH6NRNQ\">\n\n\t<div class=\"WooZone-cross-sell-loader\">\n\t\t<div>\n\t\t\t<div id=\"floatingBarsG\">\n\t\t\t\t<div class=\"blockG\" id=\"rotateG_01\"><\/div>\n\t\t\t\t<div class=\"blockG\" id=\"rotateG_02\"><\/div>\n\t\t\t\t<div class=\"blockG\" id=\"rotateG_03\"><\/div>\n\t\t\t\t<div class=\"blockG\" id=\"rotateG_04\"><\/div>\n\t\t\t\t<div class=\"blockG\" id=\"rotateG_05\"><\/div>\n\t\t\t\t<div class=\"blockG\" id=\"rotateG_06\"><\/div>\n\t\t\t\t<div class=\"blockG\" id=\"rotateG_07\"><\/div>\n\t\t\t\t<div class=\"blockG\" id=\"rotateG_08\"><\/div>\n\t\t\t<\/div>\n\t\t\t<div class=\"WooZone-cross-sell-loader-text\"><\/div>\n\t\t<\/div>\n\t<\/div>\n\n\t\t\n<\/div>\n<div style=\"clear:both;\"><\/div><\/p>\n","protected":false},"excerpt":{"rendered":"<p>Top Qualit\u00e4t und hochwertig verarbeitet Sehr griffiger und robuster Stoff<br \/>\n\u00dcber Rei\u00dfverschluss abnehmbare Kapuze Hochschlie\u00dfender Kragen, sch\u00fctzt vor Wind &amp; K\u00e4lte<br \/>\nLangarm<\/p>\n","protected":false},"featured_media":6659,"comment_status":"open","ping_status":"closed","template":"","meta":[],"product_cat":[133,119],"product_tag":[],"yoast_head":"<!-- This site is optimized with the Yoast SEO plugin v20.6 - https:\/\/yoast.com\/wordpress\/plugins\/seo\/ -->\n<title>Sublevel Damen Herbst \u00dcbergangsjacke Winter warme Jacke Winterjacke Outdoor B167 - FamilienMode<\/title>\n<meta name=\"robots\" content=\"index, follow, max-snippet:-1, max-image-preview:large, max-video-preview:-1\" \/>\n<link rel=\"canonical\" href=\"https:\/\/bekleidungscenter.com\/?product=sublevel-damen-herbst-uebergangsjacke-winter-warme-jacke-winterjacke-outdoor-b167\" \/>\n<meta property=\"og:locale\" content=\"de_DE\" \/>\n<meta property=\"og:type\" content=\"article\" \/>\n<meta property=\"og:title\" content=\"Sublevel Damen Herbst \u00dcbergangsjacke Winter warme Jacke Winterjacke Outdoor B167 - FamilienMode\" \/>\n<meta property=\"og:description\" content=\"Top Qualit\u00e4t und hochwertig verarbeitet Sehr griffiger und robuster Stoff \u00dcber Rei\u00dfverschluss abnehmbare Kapuze Hochschlie\u00dfender Kragen, sch\u00fctzt vor Wind &amp; K\u00e4lte Langarm\" \/>\n<meta property=\"og:url\" content=\"https:\/\/bekleidungscenter.com\/?product=sublevel-damen-herbst-uebergangsjacke-winter-warme-jacke-winterjacke-outdoor-b167\" \/>\n<meta property=\"og:site_name\" content=\"FamilienMode\" \/>\n<meta property=\"article:modified_time\" content=\"2023-04-10T22:37:05+00:00\" \/>\n<meta property=\"og:image\" content=\"https:\/\/images-na.ssl-images-amazon.com\/images\/I\/41rnlyqa-TL.jpg\" \/>\n\t<meta property=\"og:image:width\" content=\"500\" \/>\n\t<meta property=\"og:image:height\" content=\"500\" \/>\n\t<meta property=\"og:image:type\" content=\"image\/jpeg\" \/>\n<meta name=\"twitter:card\" content=\"summary_large_image\" \/>\n<meta name=\"twitter:label1\" content=\"Gesch\u00e4tzte Lesezeit\" \/>\n\t<meta name=\"twitter:data1\" content=\"1\u00a0Minute\" \/>\n<script type=\"application\/ld+json\" class=\"yoast-schema-graph\">{\"@context\":\"https:\/\/schema.org\",\"@graph\":[{\"@type\":\"WebPage\",\"@id\":\"https:\/\/bekleidungscenter.com\/?product=sublevel-damen-herbst-uebergangsjacke-winter-warme-jacke-winterjacke-outdoor-b167\",\"url\":\"https:\/\/bekleidungscenter.com\/?product=sublevel-damen-herbst-uebergangsjacke-winter-warme-jacke-winterjacke-outdoor-b167\",\"name\":\"Sublevel Damen Herbst \u00dcbergangsjacke Winter warme Jacke Winterjacke Outdoor B167 - FamilienMode\",\"isPartOf\":{\"@id\":\"https:\/\/bekleidungscenter.com\/#website\"},\"datePublished\":\"2021-01-03T18:00:23+00:00\",\"dateModified\":\"2023-04-10T22:37:05+00:00\",\"breadcrumb\":{\"@id\":\"https:\/\/bekleidungscenter.com\/?product=sublevel-damen-herbst-uebergangsjacke-winter-warme-jacke-winterjacke-outdoor-b167#breadcrumb\"},\"inLanguage\":\"de\",\"potentialAction\":[{\"@type\":\"ReadAction\",\"target\":[\"https:\/\/bekleidungscenter.com\/?product=sublevel-damen-herbst-uebergangsjacke-winter-warme-jacke-winterjacke-outdoor-b167\"]}]},{\"@type\":\"BreadcrumbList\",\"@id\":\"https:\/\/bekleidungscenter.com\/?product=sublevel-damen-herbst-uebergangsjacke-winter-warme-jacke-winterjacke-outdoor-b167#breadcrumb\",\"itemListElement\":[{\"@type\":\"ListItem\",\"position\":1,\"name\":\"Home\",\"item\":\"https:\/\/bekleidungscenter.com\/\"},{\"@type\":\"ListItem\",\"position\":2,\"name\":\"Shop\",\"item\":\"https:\/\/bekleidungscenter.com\/?page_id=7\"},{\"@type\":\"ListItem\",\"position\":3,\"name\":\"Sublevel Damen Herbst \u00dcbergangsjacke Winter warme Jacke Winterjacke Outdoor B167\"}]},{\"@type\":\"WebSite\",\"@id\":\"https:\/\/bekleidungscenter.com\/#website\",\"url\":\"https:\/\/bekleidungscenter.com\/\",\"name\":\"FamilienMode\",\"description\":\"Alles f\u00fcr die ganze Familie\",\"potentialAction\":[{\"@type\":\"SearchAction\",\"target\":{\"@type\":\"EntryPoint\",\"urlTemplate\":\"https:\/\/bekleidungscenter.com\/?s={search_term_string}\"},\"query-input\":\"required name=search_term_string\"}],\"inLanguage\":\"de\"}]}<\/script>\n<!-- \/ Yoast SEO plugin. -->","yoast_head_json":{"title":"Sublevel Damen Herbst \u00dcbergangsjacke Winter warme Jacke Winterjacke Outdoor B167 - FamilienMode","robots":{"index":"index","follow":"follow","max-snippet":"max-snippet:-1","max-image-preview":"max-image-preview:large","max-video-preview":"max-video-preview:-1"},"canonical":"https:\/\/bekleidungscenter.com\/?product=sublevel-damen-herbst-uebergangsjacke-winter-warme-jacke-winterjacke-outdoor-b167","og_locale":"de_DE","og_type":"article","og_title":"Sublevel Damen Herbst \u00dcbergangsjacke Winter warme Jacke Winterjacke Outdoor B167 - FamilienMode","og_description":"Top Qualit\u00e4t und hochwertig verarbeitet Sehr griffiger und robuster Stoff \u00dcber Rei\u00dfverschluss abnehmbare Kapuze Hochschlie\u00dfender Kragen, sch\u00fctzt vor Wind &amp; K\u00e4lte Langarm","og_url":"https:\/\/bekleidungscenter.com\/?product=sublevel-damen-herbst-uebergangsjacke-winter-warme-jacke-winterjacke-outdoor-b167","og_site_name":"FamilienMode","article_modified_time":"2023-04-10T22:37:05+00:00","og_image":[{"width":500,"height":500,"url":"https:\/\/images-na.ssl-images-amazon.com\/images\/I\/41rnlyqa-TL.jpg","type":"image\/jpeg"}],"twitter_card":"summary_large_image","twitter_misc":{"Gesch\u00e4tzte Lesezeit":"1\u00a0Minute"},"schema":{"@context":"https:\/\/schema.org","@graph":[{"@type":"WebPage","@id":"https:\/\/bekleidungscenter.com\/?product=sublevel-damen-herbst-uebergangsjacke-winter-warme-jacke-winterjacke-outdoor-b167","url":"https:\/\/bekleidungscenter.com\/?product=sublevel-damen-herbst-uebergangsjacke-winter-warme-jacke-winterjacke-outdoor-b167","name":"Sublevel Damen Herbst \u00dcbergangsjacke Winter warme Jacke Winterjacke Outdoor B167 - FamilienMode","isPartOf":{"@id":"https:\/\/bekleidungscenter.com\/#website"},"datePublished":"2021-01-03T18:00:23+00:00","dateModified":"2023-04-10T22:37:05+00:00","breadcrumb":{"@id":"https:\/\/bekleidungscenter.com\/?product=sublevel-damen-herbst-uebergangsjacke-winter-warme-jacke-winterjacke-outdoor-b167#breadcrumb"},"inLanguage":"de","potentialAction":[{"@type":"ReadAction","target":["https:\/\/bekleidungscenter.com\/?product=sublevel-damen-herbst-uebergangsjacke-winter-warme-jacke-winterjacke-outdoor-b167"]}]},{"@type":"BreadcrumbList","@id":"https:\/\/bekleidungscenter.com\/?product=sublevel-damen-herbst-uebergangsjacke-winter-warme-jacke-winterjacke-outdoor-b167#breadcrumb","itemListElement":[{"@type":"ListItem","position":1,"name":"Home","item":"https:\/\/bekleidungscenter.com\/"},{"@type":"ListItem","position":2,"name":"Shop","item":"https:\/\/bekleidungscenter.com\/?page_id=7"},{"@type":"ListItem","position":3,"name":"Sublevel Damen Herbst \u00dcbergangsjacke Winter warme Jacke Winterjacke Outdoor B167"}]},{"@type":"WebSite","@id":"https:\/\/bekleidungscenter.com\/#website","url":"https:\/\/bekleidungscenter.com\/","name":"FamilienMode","description":"Alles f\u00fcr die ganze Familie","potentialAction":[{"@type":"SearchAction","target":{"@type":"EntryPoint","urlTemplate":"https:\/\/bekleidungscenter.com\/?s={search_term_string}"},"query-input":"required name=search_term_string"}],"inLanguage":"de"}]}},"_links":{"self":[{"href":"https:\/\/bekleidungscenter.com\/index.php?rest_route=\/wp\/v2\/product\/6658"}],"collection":[{"href":"https:\/\/bekleidungscenter.com\/index.php?rest_route=\/wp\/v2\/product"}],"about":[{"href":"https:\/\/bekleidungscenter.com\/index.php?rest_route=\/wp\/v2\/types\/product"}],"replies":[{"embeddable":true,"href":"https:\/\/bekleidungscenter.com\/index.php?rest_route=%2Fwp%2Fv2%2Fcomments&post=6658"}],"wp:featuredmedia":[{"embeddable":true,"href":"https:\/\/bekleidungscenter.com\/index.php?rest_route=\/wp\/v2\/media\/6659"}],"wp:attachment":[{"href":"https:\/\/bekleidungscenter.com\/index.php?rest_route=%2Fwp%2Fv2%2Fmedia&parent=6658"}],"wp:term":[{"taxonomy":"product_cat","embeddable":true,"href":"https:\/\/bekleidungscenter.com\/index.php?rest_route=%2Fwp%2Fv2%2Fproduct_cat&post=6658"},{"taxonomy":"product_tag","embeddable":true,"href":"https:\/\/bekleidungscenter.com\/index.php?rest_route=%2Fwp%2Fv2%2Fproduct_tag&post=6658"}],"curies":[{"name":"wp","href":"https:\/\/api.w.org\/{rel}","templated":true}]}}