{"id":6670,"date":"2021-01-03T18:00:31","date_gmt":"2021-01-03T18:00:31","guid":{"rendered":"http:\/\/bekleidungscenter.com\/?product=burocs-damen-jacke-parka-winterjacke-kunstfellkapuze-schwarz-khaki-br1828-05"},"modified":"2023-04-10T22:37:05","modified_gmt":"2023-04-10T22:37:05","slug":"burocs-damen-jacke-parka-winterjacke-kunstfellkapuze-schwarz-khaki-br1828-05","status":"publish","type":"product","link":"https:\/\/bekleidungscenter.com\/?product=burocs-damen-jacke-parka-winterjacke-kunstfellkapuze-schwarz-khaki-br1828-05","title":{"rendered":"Burocs Damen Jacke Parka Winterjacke Kunstfellkapuze Schwarz Khaki BR1828-05"},"content":{"rendered":"<p>Unser Model ist 1,72 cm ansehnlich angrenzend einem K\u00f6rpergewicht von 51 kg dar\u00fcber hinaus tr\u00e4gt die Ausdehnung XS.<br \/>\nMit Bezug auf des abnehmbaren Fell-Imitats ist die Jacke divers dar\u00fcber hinaus l\u00e4sst sich zu verschiedenen Outfits herleiten. Die beiden Seitentaschen aufz\u00e4hlen Abdeckungen, die sich durch einfarbigen Kn\u00f6pfen fertigstellen lassen. Hinter der<br \/>\n100% Polyester<br \/>\nParka<br \/>\nModellnummer: EF1828-05<br \/>\nUnser Model ist 163cm ansehnlich angrenzend einem K\u00f6rpergewicht von 50kg dar\u00fcber hinaus tr\u00e4gt die Ausdehnung XS..<br \/>\n<div class=\"main-cross-sell\" data-asin=\"B07GQZBKHG\">\n\n\t<div class=\"WooZone-cross-sell-loader\">\n\t\t<div>\n\t\t\t<div id=\"floatingBarsG\">\n\t\t\t\t<div class=\"blockG\" id=\"rotateG_01\"><\/div>\n\t\t\t\t<div class=\"blockG\" id=\"rotateG_02\"><\/div>\n\t\t\t\t<div class=\"blockG\" id=\"rotateG_03\"><\/div>\n\t\t\t\t<div class=\"blockG\" id=\"rotateG_04\"><\/div>\n\t\t\t\t<div class=\"blockG\" id=\"rotateG_05\"><\/div>\n\t\t\t\t<div class=\"blockG\" id=\"rotateG_06\"><\/div>\n\t\t\t\t<div class=\"blockG\" id=\"rotateG_07\"><\/div>\n\t\t\t\t<div class=\"blockG\" id=\"rotateG_08\"><\/div>\n\t\t\t<\/div>\n\t\t\t<div class=\"WooZone-cross-sell-loader-text\"><\/div>\n\t\t<\/div>\n\t<\/div>\n\n\t\t\n<\/div>\n<div style=\"clear:both;\"><\/div><\/p>\n","protected":false},"excerpt":{"rendered":"<p>Unser Model ist 1,72 cm gro\u00df bei einem K\u00f6rpergewicht von 51 kg und tr\u00e4gt die Gr\u00f6\u00dfe XS.<br \/>\nDank des abnehmbaren Fell-Imitats ist die Jacke vielf\u00e4ltig und l\u00e4sst sich zu verschiedenen Outfits kombinieren. Die beiden Seitentaschen haben Abdeckungen, die sich mit einfarbigen Kn\u00f6pfen verschlie\u00dfen lassen. Hinter der<br \/>\n100% Polyester<\/p>\n","protected":false},"featured_media":6671,"comment_status":"open","ping_status":"closed","template":"","meta":[],"product_cat":[133,119],"product_tag":[],"yoast_head":"<!-- This site is optimized with the Yoast SEO plugin v20.6 - https:\/\/yoast.com\/wordpress\/plugins\/seo\/ -->\n<title>Burocs Damen Jacke Parka Winterjacke Kunstfellkapuze Schwarz Khaki BR1828-05 - FamilienMode<\/title>\n<meta name=\"robots\" content=\"index, follow, max-snippet:-1, max-image-preview:large, max-video-preview:-1\" \/>\n<link rel=\"canonical\" href=\"https:\/\/bekleidungscenter.com\/?product=burocs-damen-jacke-parka-winterjacke-kunstfellkapuze-schwarz-khaki-br1828-05\" \/>\n<meta property=\"og:locale\" content=\"de_DE\" \/>\n<meta property=\"og:type\" content=\"article\" \/>\n<meta property=\"og:title\" content=\"Burocs Damen Jacke Parka Winterjacke Kunstfellkapuze Schwarz Khaki BR1828-05 - FamilienMode\" \/>\n<meta property=\"og:description\" content=\"Unser Model ist 1,72 cm gro\u00df bei einem K\u00f6rpergewicht von 51 kg und tr\u00e4gt die Gr\u00f6\u00dfe XS. Dank des abnehmbaren Fell-Imitats ist die Jacke vielf\u00e4ltig und l\u00e4sst sich zu verschiedenen Outfits kombinieren. Die beiden Seitentaschen haben Abdeckungen, die sich mit einfarbigen Kn\u00f6pfen verschlie\u00dfen lassen. Hinter der 100% Polyester\" \/>\n<meta property=\"og:url\" content=\"https:\/\/bekleidungscenter.com\/?product=burocs-damen-jacke-parka-winterjacke-kunstfellkapuze-schwarz-khaki-br1828-05\" \/>\n<meta property=\"og:site_name\" content=\"FamilienMode\" \/>\n<meta property=\"article:modified_time\" content=\"2023-04-10T22:37:05+00:00\" \/>\n<meta property=\"og:image\" content=\"https:\/\/images-na.ssl-images-amazon.com\/images\/I\/41-eWnbUpqL.jpg\" \/>\n\t<meta property=\"og:image:width\" content=\"500\" \/>\n\t<meta property=\"og:image:height\" content=\"500\" \/>\n\t<meta property=\"og:image:type\" content=\"image\/jpeg\" \/>\n<meta name=\"twitter:card\" content=\"summary_large_image\" \/>\n<script type=\"application\/ld+json\" class=\"yoast-schema-graph\">{\"@context\":\"https:\/\/schema.org\",\"@graph\":[{\"@type\":\"WebPage\",\"@id\":\"https:\/\/bekleidungscenter.com\/?product=burocs-damen-jacke-parka-winterjacke-kunstfellkapuze-schwarz-khaki-br1828-05\",\"url\":\"https:\/\/bekleidungscenter.com\/?product=burocs-damen-jacke-parka-winterjacke-kunstfellkapuze-schwarz-khaki-br1828-05\",\"name\":\"Burocs Damen Jacke Parka Winterjacke Kunstfellkapuze Schwarz Khaki BR1828-05 - FamilienMode\",\"isPartOf\":{\"@id\":\"https:\/\/bekleidungscenter.com\/#website\"},\"datePublished\":\"2021-01-03T18:00:31+00:00\",\"dateModified\":\"2023-04-10T22:37:05+00:00\",\"breadcrumb\":{\"@id\":\"https:\/\/bekleidungscenter.com\/?product=burocs-damen-jacke-parka-winterjacke-kunstfellkapuze-schwarz-khaki-br1828-05#breadcrumb\"},\"inLanguage\":\"de\",\"potentialAction\":[{\"@type\":\"ReadAction\",\"target\":[\"https:\/\/bekleidungscenter.com\/?product=burocs-damen-jacke-parka-winterjacke-kunstfellkapuze-schwarz-khaki-br1828-05\"]}]},{\"@type\":\"BreadcrumbList\",\"@id\":\"https:\/\/bekleidungscenter.com\/?product=burocs-damen-jacke-parka-winterjacke-kunstfellkapuze-schwarz-khaki-br1828-05#breadcrumb\",\"itemListElement\":[{\"@type\":\"ListItem\",\"position\":1,\"name\":\"Home\",\"item\":\"https:\/\/bekleidungscenter.com\/\"},{\"@type\":\"ListItem\",\"position\":2,\"name\":\"Shop\",\"item\":\"https:\/\/bekleidungscenter.com\/?page_id=7\"},{\"@type\":\"ListItem\",\"position\":3,\"name\":\"Burocs Damen Jacke Parka Winterjacke Kunstfellkapuze Schwarz Khaki BR1828-05\"}]},{\"@type\":\"WebSite\",\"@id\":\"https:\/\/bekleidungscenter.com\/#website\",\"url\":\"https:\/\/bekleidungscenter.com\/\",\"name\":\"FamilienMode\",\"description\":\"Alles f\u00fcr die ganze Familie\",\"potentialAction\":[{\"@type\":\"SearchAction\",\"target\":{\"@type\":\"EntryPoint\",\"urlTemplate\":\"https:\/\/bekleidungscenter.com\/?s={search_term_string}\"},\"query-input\":\"required name=search_term_string\"}],\"inLanguage\":\"de\"}]}<\/script>\n<!-- \/ Yoast SEO plugin. -->","yoast_head_json":{"title":"Burocs Damen Jacke Parka Winterjacke Kunstfellkapuze Schwarz Khaki BR1828-05 - FamilienMode","robots":{"index":"index","follow":"follow","max-snippet":"max-snippet:-1","max-image-preview":"max-image-preview:large","max-video-preview":"max-video-preview:-1"},"canonical":"https:\/\/bekleidungscenter.com\/?product=burocs-damen-jacke-parka-winterjacke-kunstfellkapuze-schwarz-khaki-br1828-05","og_locale":"de_DE","og_type":"article","og_title":"Burocs Damen Jacke Parka Winterjacke Kunstfellkapuze Schwarz Khaki BR1828-05 - FamilienMode","og_description":"Unser Model ist 1,72 cm gro\u00df bei einem K\u00f6rpergewicht von 51 kg und tr\u00e4gt die Gr\u00f6\u00dfe XS. Dank des abnehmbaren Fell-Imitats ist die Jacke vielf\u00e4ltig und l\u00e4sst sich zu verschiedenen Outfits kombinieren. Die beiden Seitentaschen haben Abdeckungen, die sich mit einfarbigen Kn\u00f6pfen verschlie\u00dfen lassen. Hinter der 100% Polyester","og_url":"https:\/\/bekleidungscenter.com\/?product=burocs-damen-jacke-parka-winterjacke-kunstfellkapuze-schwarz-khaki-br1828-05","og_site_name":"FamilienMode","article_modified_time":"2023-04-10T22:37:05+00:00","og_image":[{"width":500,"height":500,"url":"https:\/\/images-na.ssl-images-amazon.com\/images\/I\/41-eWnbUpqL.jpg","type":"image\/jpeg"}],"twitter_card":"summary_large_image","schema":{"@context":"https:\/\/schema.org","@graph":[{"@type":"WebPage","@id":"https:\/\/bekleidungscenter.com\/?product=burocs-damen-jacke-parka-winterjacke-kunstfellkapuze-schwarz-khaki-br1828-05","url":"https:\/\/bekleidungscenter.com\/?product=burocs-damen-jacke-parka-winterjacke-kunstfellkapuze-schwarz-khaki-br1828-05","name":"Burocs Damen Jacke Parka Winterjacke Kunstfellkapuze Schwarz Khaki BR1828-05 - FamilienMode","isPartOf":{"@id":"https:\/\/bekleidungscenter.com\/#website"},"datePublished":"2021-01-03T18:00:31+00:00","dateModified":"2023-04-10T22:37:05+00:00","breadcrumb":{"@id":"https:\/\/bekleidungscenter.com\/?product=burocs-damen-jacke-parka-winterjacke-kunstfellkapuze-schwarz-khaki-br1828-05#breadcrumb"},"inLanguage":"de","potentialAction":[{"@type":"ReadAction","target":["https:\/\/bekleidungscenter.com\/?product=burocs-damen-jacke-parka-winterjacke-kunstfellkapuze-schwarz-khaki-br1828-05"]}]},{"@type":"BreadcrumbList","@id":"https:\/\/bekleidungscenter.com\/?product=burocs-damen-jacke-parka-winterjacke-kunstfellkapuze-schwarz-khaki-br1828-05#breadcrumb","itemListElement":[{"@type":"ListItem","position":1,"name":"Home","item":"https:\/\/bekleidungscenter.com\/"},{"@type":"ListItem","position":2,"name":"Shop","item":"https:\/\/bekleidungscenter.com\/?page_id=7"},{"@type":"ListItem","position":3,"name":"Burocs Damen Jacke Parka Winterjacke Kunstfellkapuze Schwarz Khaki BR1828-05"}]},{"@type":"WebSite","@id":"https:\/\/bekleidungscenter.com\/#website","url":"https:\/\/bekleidungscenter.com\/","name":"FamilienMode","description":"Alles f\u00fcr die ganze Familie","potentialAction":[{"@type":"SearchAction","target":{"@type":"EntryPoint","urlTemplate":"https:\/\/bekleidungscenter.com\/?s={search_term_string}"},"query-input":"required name=search_term_string"}],"inLanguage":"de"}]}},"_links":{"self":[{"href":"https:\/\/bekleidungscenter.com\/index.php?rest_route=\/wp\/v2\/product\/6670"}],"collection":[{"href":"https:\/\/bekleidungscenter.com\/index.php?rest_route=\/wp\/v2\/product"}],"about":[{"href":"https:\/\/bekleidungscenter.com\/index.php?rest_route=\/wp\/v2\/types\/product"}],"replies":[{"embeddable":true,"href":"https:\/\/bekleidungscenter.com\/index.php?rest_route=%2Fwp%2Fv2%2Fcomments&post=6670"}],"wp:featuredmedia":[{"embeddable":true,"href":"https:\/\/bekleidungscenter.com\/index.php?rest_route=\/wp\/v2\/media\/6671"}],"wp:attachment":[{"href":"https:\/\/bekleidungscenter.com\/index.php?rest_route=%2Fwp%2Fv2%2Fmedia&parent=6670"}],"wp:term":[{"taxonomy":"product_cat","embeddable":true,"href":"https:\/\/bekleidungscenter.com\/index.php?rest_route=%2Fwp%2Fv2%2Fproduct_cat&post=6670"},{"taxonomy":"product_tag","embeddable":true,"href":"https:\/\/bekleidungscenter.com\/index.php?rest_route=%2Fwp%2Fv2%2Fproduct_tag&post=6670"}],"curies":[{"name":"wp","href":"https:\/\/api.w.org\/{rel}","templated":true}]}}