{"id":6685,"date":"2021-01-03T18:00:43","date_gmt":"2021-01-03T18:00:43","guid":{"rendered":"http:\/\/bekleidungscenter.com\/?product=luhta-ehunsalmi-damenjacke-weiss-rot"},"modified":"2023-04-10T22:37:05","modified_gmt":"2023-04-10T22:37:05","slug":"luhta-ehunsalmi-damenjacke-weiss-rot","status":"publish","type":"product","link":"https:\/\/bekleidungscenter.com\/?product=luhta-ehunsalmi-damenjacke-weiss-rot","title":{"rendered":"LUHTA EHUNSALMI"},"content":{"rendered":"<p><!-- show up to 2 reviews by default --> <\/p>\n<p>Im Herbst ist die Wetterlage immer wieder anf\u00e4llig und pl\u00f6tzliche Regenschauer oder Windst\u00f6\u00dfe sind bei jedem Naturausflug allf\u00e4llig. Fortlaufend eine 3-Lagen-Shelljacke mitzutragen w\u00e4re dagegen \u00fcbertrieben, als eine hochwertige Softshell-Jacke ist mehr qua ausreichend. Diese sportliche, leicht wattierte Jacke von Luhta w\u00e4rmt in der k\u00fchlen Herbstluft und blockt effektiv N\u00e4sse und Wind ab, bietet dessen ungeachtet im Zuge ihrer Stretch-Partien bessere Agilit\u00e4t und h\u00f6heren Tragekomfort qua Hardshells. <br \/>94% PES, 6% EL <\/p>\n<div class=\"main-cross-sell\" data-asin=\"B08K9BRV86\">\n\n\t<div class=\"WooZone-cross-sell-loader\">\n\t\t<div>\n\t\t\t<div id=\"floatingBarsG\">\n\t\t\t\t<div class=\"blockG\" id=\"rotateG_01\"><\/div>\n\t\t\t\t<div class=\"blockG\" id=\"rotateG_02\"><\/div>\n\t\t\t\t<div class=\"blockG\" id=\"rotateG_03\"><\/div>\n\t\t\t\t<div class=\"blockG\" id=\"rotateG_04\"><\/div>\n\t\t\t\t<div class=\"blockG\" id=\"rotateG_05\"><\/div>\n\t\t\t\t<div class=\"blockG\" id=\"rotateG_06\"><\/div>\n\t\t\t\t<div class=\"blockG\" id=\"rotateG_07\"><\/div>\n\t\t\t\t<div class=\"blockG\" id=\"rotateG_08\"><\/div>\n\t\t\t<\/div>\n\t\t\t<div class=\"WooZone-cross-sell-loader-text\"><\/div>\n\t\t<\/div>\n\t<\/div>\n\n\t\t\n<\/div>\n<div style=\"clear:both;\"><\/div>\n","protected":false},"excerpt":{"rendered":"<p>&hellip; <a class=\"read-more-link\" href=\"https:\/\/bekleidungscenter.com\/?product=luhta-ehunsalmi-damenjacke-weiss-rot\">Read More<\/a><\/p>\n","protected":false},"featured_media":6686,"comment_status":"open","ping_status":"closed","template":"","meta":[],"product_cat":[133,119],"product_tag":[],"yoast_head":"<!-- This site is optimized with the Yoast SEO plugin v20.6 - https:\/\/yoast.com\/wordpress\/plugins\/seo\/ -->\n<title>LUHTA EHUNSALMI - FamilienMode<\/title>\n<meta name=\"robots\" content=\"index, follow, max-snippet:-1, max-image-preview:large, max-video-preview:-1\" \/>\n<link rel=\"canonical\" href=\"https:\/\/bekleidungscenter.com\/?product=luhta-ehunsalmi-damenjacke-weiss-rot\" \/>\n<meta property=\"og:locale\" content=\"de_DE\" \/>\n<meta property=\"og:type\" content=\"article\" \/>\n<meta property=\"og:title\" content=\"LUHTA EHUNSALMI - FamilienMode\" \/>\n<meta property=\"og:description\" content=\"&hellip; Read More\" \/>\n<meta property=\"og:url\" content=\"https:\/\/bekleidungscenter.com\/?product=luhta-ehunsalmi-damenjacke-weiss-rot\" \/>\n<meta property=\"og:site_name\" content=\"FamilienMode\" \/>\n<meta property=\"article:modified_time\" content=\"2023-04-10T22:37:05+00:00\" \/>\n<meta property=\"og:image\" content=\"https:\/\/images-na.ssl-images-amazon.com\/images\/I\/414zkEe-evL.jpg\" \/>\n\t<meta property=\"og:image:width\" content=\"500\" \/>\n\t<meta property=\"og:image:height\" content=\"500\" \/>\n\t<meta property=\"og:image:type\" content=\"image\/jpeg\" \/>\n<meta name=\"twitter:card\" content=\"summary_large_image\" \/>\n<script type=\"application\/ld+json\" class=\"yoast-schema-graph\">{\"@context\":\"https:\/\/schema.org\",\"@graph\":[{\"@type\":\"WebPage\",\"@id\":\"https:\/\/bekleidungscenter.com\/?product=luhta-ehunsalmi-damenjacke-weiss-rot\",\"url\":\"https:\/\/bekleidungscenter.com\/?product=luhta-ehunsalmi-damenjacke-weiss-rot\",\"name\":\"LUHTA EHUNSALMI - FamilienMode\",\"isPartOf\":{\"@id\":\"https:\/\/bekleidungscenter.com\/#website\"},\"datePublished\":\"2021-01-03T18:00:43+00:00\",\"dateModified\":\"2023-04-10T22:37:05+00:00\",\"breadcrumb\":{\"@id\":\"https:\/\/bekleidungscenter.com\/?product=luhta-ehunsalmi-damenjacke-weiss-rot#breadcrumb\"},\"inLanguage\":\"de\",\"potentialAction\":[{\"@type\":\"ReadAction\",\"target\":[\"https:\/\/bekleidungscenter.com\/?product=luhta-ehunsalmi-damenjacke-weiss-rot\"]}]},{\"@type\":\"BreadcrumbList\",\"@id\":\"https:\/\/bekleidungscenter.com\/?product=luhta-ehunsalmi-damenjacke-weiss-rot#breadcrumb\",\"itemListElement\":[{\"@type\":\"ListItem\",\"position\":1,\"name\":\"Home\",\"item\":\"https:\/\/bekleidungscenter.com\/\"},{\"@type\":\"ListItem\",\"position\":2,\"name\":\"Shop\",\"item\":\"https:\/\/bekleidungscenter.com\/?page_id=7\"},{\"@type\":\"ListItem\",\"position\":3,\"name\":\"LUHTA EHUNSALMI\"}]},{\"@type\":\"WebSite\",\"@id\":\"https:\/\/bekleidungscenter.com\/#website\",\"url\":\"https:\/\/bekleidungscenter.com\/\",\"name\":\"FamilienMode\",\"description\":\"Alles f\u00fcr die ganze Familie\",\"potentialAction\":[{\"@type\":\"SearchAction\",\"target\":{\"@type\":\"EntryPoint\",\"urlTemplate\":\"https:\/\/bekleidungscenter.com\/?s={search_term_string}\"},\"query-input\":\"required name=search_term_string\"}],\"inLanguage\":\"de\"}]}<\/script>\n<!-- \/ Yoast SEO plugin. -->","yoast_head_json":{"title":"LUHTA EHUNSALMI - FamilienMode","robots":{"index":"index","follow":"follow","max-snippet":"max-snippet:-1","max-image-preview":"max-image-preview:large","max-video-preview":"max-video-preview:-1"},"canonical":"https:\/\/bekleidungscenter.com\/?product=luhta-ehunsalmi-damenjacke-weiss-rot","og_locale":"de_DE","og_type":"article","og_title":"LUHTA EHUNSALMI - FamilienMode","og_description":"&hellip; Read More","og_url":"https:\/\/bekleidungscenter.com\/?product=luhta-ehunsalmi-damenjacke-weiss-rot","og_site_name":"FamilienMode","article_modified_time":"2023-04-10T22:37:05+00:00","og_image":[{"width":500,"height":500,"url":"https:\/\/images-na.ssl-images-amazon.com\/images\/I\/414zkEe-evL.jpg","type":"image\/jpeg"}],"twitter_card":"summary_large_image","schema":{"@context":"https:\/\/schema.org","@graph":[{"@type":"WebPage","@id":"https:\/\/bekleidungscenter.com\/?product=luhta-ehunsalmi-damenjacke-weiss-rot","url":"https:\/\/bekleidungscenter.com\/?product=luhta-ehunsalmi-damenjacke-weiss-rot","name":"LUHTA EHUNSALMI - FamilienMode","isPartOf":{"@id":"https:\/\/bekleidungscenter.com\/#website"},"datePublished":"2021-01-03T18:00:43+00:00","dateModified":"2023-04-10T22:37:05+00:00","breadcrumb":{"@id":"https:\/\/bekleidungscenter.com\/?product=luhta-ehunsalmi-damenjacke-weiss-rot#breadcrumb"},"inLanguage":"de","potentialAction":[{"@type":"ReadAction","target":["https:\/\/bekleidungscenter.com\/?product=luhta-ehunsalmi-damenjacke-weiss-rot"]}]},{"@type":"BreadcrumbList","@id":"https:\/\/bekleidungscenter.com\/?product=luhta-ehunsalmi-damenjacke-weiss-rot#breadcrumb","itemListElement":[{"@type":"ListItem","position":1,"name":"Home","item":"https:\/\/bekleidungscenter.com\/"},{"@type":"ListItem","position":2,"name":"Shop","item":"https:\/\/bekleidungscenter.com\/?page_id=7"},{"@type":"ListItem","position":3,"name":"LUHTA EHUNSALMI"}]},{"@type":"WebSite","@id":"https:\/\/bekleidungscenter.com\/#website","url":"https:\/\/bekleidungscenter.com\/","name":"FamilienMode","description":"Alles f\u00fcr die ganze Familie","potentialAction":[{"@type":"SearchAction","target":{"@type":"EntryPoint","urlTemplate":"https:\/\/bekleidungscenter.com\/?s={search_term_string}"},"query-input":"required name=search_term_string"}],"inLanguage":"de"}]}},"_links":{"self":[{"href":"https:\/\/bekleidungscenter.com\/index.php?rest_route=\/wp\/v2\/product\/6685"}],"collection":[{"href":"https:\/\/bekleidungscenter.com\/index.php?rest_route=\/wp\/v2\/product"}],"about":[{"href":"https:\/\/bekleidungscenter.com\/index.php?rest_route=\/wp\/v2\/types\/product"}],"replies":[{"embeddable":true,"href":"https:\/\/bekleidungscenter.com\/index.php?rest_route=%2Fwp%2Fv2%2Fcomments&post=6685"}],"wp:featuredmedia":[{"embeddable":true,"href":"https:\/\/bekleidungscenter.com\/index.php?rest_route=\/wp\/v2\/media\/6686"}],"wp:attachment":[{"href":"https:\/\/bekleidungscenter.com\/index.php?rest_route=%2Fwp%2Fv2%2Fmedia&parent=6685"}],"wp:term":[{"taxonomy":"product_cat","embeddable":true,"href":"https:\/\/bekleidungscenter.com\/index.php?rest_route=%2Fwp%2Fv2%2Fproduct_cat&post=6685"},{"taxonomy":"product_tag","embeddable":true,"href":"https:\/\/bekleidungscenter.com\/index.php?rest_route=%2Fwp%2Fv2%2Fproduct_tag&post=6685"}],"curies":[{"name":"wp","href":"https:\/\/api.w.org\/{rel}","templated":true}]}}