{"id":6750,"date":"2021-01-03T18:01:40","date_gmt":"2021-01-03T18:01:40","guid":{"rendered":"http:\/\/bekleidungscenter.com\/?product=cmp-damen-jacke-mit-kapuze-und-dupont-sorona-polsterung-jacke"},"modified":"2023-04-10T22:37:07","modified_gmt":"2023-04-10T22:37:07","slug":"cmp-damen-jacke-mit-kapuze-und-dupont-sorona-polsterung-jacke","status":"publish","type":"product","link":"https:\/\/bekleidungscenter.com\/?product=cmp-damen-jacke-mit-kapuze-und-dupont-sorona-polsterung-jacke","title":{"rendered":"CMP Damen Jacke mit Kapuze und Dupont Sorona Polsterung Jacke"},"content":{"rendered":"<p><!-- show up to 2 reviews by default --> <\/p>\n<p>Jacke Unter Zuhilfenahme von PFC-freier wasserabweisender Behandlung. Unter Zuhilfenahme von synthetischer Polsterung, dupont Sorona, einer Faser die Gesamtheit erneuerbaren Herausflie\u00dfen. Es hat eine isolierende Effekt, ist weich ebenso komprimierbar. Die Jacke, Redlich sondern den t\u00e4glichen Benutzung ebenso zum Wandern, hat eine durchgehende Rei\u00dfverschluss\u00f6ffnung, Zwei seitliche Rei\u00dfverschlusstaschen ebenso eine Kapuze. <\/p>\n<p>Wasserabweisende Behandlung Lokal den Inanspruchnahme von PFC<br \/>\nSynthetische Polsterung, dupont Sorona, eine Faser die Gesamtheit erneuerbaren Herausflie\u00dfen, Unter Zuhilfenahme von isolierenden, weichen ebenso komprimierbaren Eigenschaften<br \/>\n100% Polyester; 100% Polyamid<br \/>\nJacke Unter Zuhilfenahme von Kapuze ebenso DuPont Sorona Polsterung<br \/>\nModellnummer: 30Z5376<br \/>\nWasserabweisende, leichte, rei\u00dffeste Jacke<br \/>\nRedlich sondern den Allt ebenso einen Spaziergang im Freien<br \/>\nFrontrei\u00dfverschluss, zwei seitliche Rei\u00dfverschlusstaschen ebenso eine Kapuze<br \/>\n<div class=\"main-cross-sell\" data-asin=\"B084TM4B23\">\n\n\t<div class=\"WooZone-cross-sell-loader\">\n\t\t<div>\n\t\t\t<div id=\"floatingBarsG\">\n\t\t\t\t<div class=\"blockG\" id=\"rotateG_01\"><\/div>\n\t\t\t\t<div class=\"blockG\" id=\"rotateG_02\"><\/div>\n\t\t\t\t<div class=\"blockG\" id=\"rotateG_03\"><\/div>\n\t\t\t\t<div class=\"blockG\" id=\"rotateG_04\"><\/div>\n\t\t\t\t<div class=\"blockG\" id=\"rotateG_05\"><\/div>\n\t\t\t\t<div class=\"blockG\" id=\"rotateG_06\"><\/div>\n\t\t\t\t<div class=\"blockG\" id=\"rotateG_07\"><\/div>\n\t\t\t\t<div class=\"blockG\" id=\"rotateG_08\"><\/div>\n\t\t\t<\/div>\n\t\t\t<div class=\"WooZone-cross-sell-loader-text\"><\/div>\n\t\t<\/div>\n\t<\/div>\n\n\t\t\n<\/div>\n<div style=\"clear:both;\"><\/div><\/p>\n","protected":false},"excerpt":{"rendered":"<p>Wasserabweisende Behandlung ohne den Einsatz von PFC<br \/>\nSynthetische Polsterung, dupont Sorona, eine Faser aus erneuerbaren Quellen, mit isolierenden, weichen und komprimierbaren Eigenschaften<br \/>\n100% Polyester; 100% Polyamid<\/p>\n","protected":false},"featured_media":6751,"comment_status":"open","ping_status":"closed","template":"","meta":[],"product_cat":[133,119],"product_tag":[],"yoast_head":"<!-- This site is optimized with the Yoast SEO plugin v20.6 - https:\/\/yoast.com\/wordpress\/plugins\/seo\/ -->\n<title>CMP Damen Jacke mit Kapuze und Dupont Sorona Polsterung Jacke - FamilienMode<\/title>\n<meta name=\"robots\" content=\"index, follow, max-snippet:-1, max-image-preview:large, max-video-preview:-1\" \/>\n<link rel=\"canonical\" href=\"https:\/\/bekleidungscenter.com\/?product=cmp-damen-jacke-mit-kapuze-und-dupont-sorona-polsterung-jacke\" \/>\n<meta property=\"og:locale\" content=\"de_DE\" \/>\n<meta property=\"og:type\" content=\"article\" \/>\n<meta property=\"og:title\" content=\"CMP Damen Jacke mit Kapuze und Dupont Sorona Polsterung Jacke - FamilienMode\" \/>\n<meta property=\"og:description\" content=\"Wasserabweisende Behandlung ohne den Einsatz von PFC Synthetische Polsterung, dupont Sorona, eine Faser aus erneuerbaren Quellen, mit isolierenden, weichen und komprimierbaren Eigenschaften 100% Polyester; 100% Polyamid\" \/>\n<meta property=\"og:url\" content=\"https:\/\/bekleidungscenter.com\/?product=cmp-damen-jacke-mit-kapuze-und-dupont-sorona-polsterung-jacke\" \/>\n<meta property=\"og:site_name\" content=\"FamilienMode\" \/>\n<meta property=\"article:modified_time\" content=\"2023-04-10T22:37:07+00:00\" \/>\n<meta property=\"og:image\" content=\"https:\/\/images-na.ssl-images-amazon.com\/images\/I\/41983VtZRcL.jpg\" \/>\n\t<meta property=\"og:image:width\" content=\"500\" \/>\n\t<meta property=\"og:image:height\" content=\"500\" \/>\n\t<meta property=\"og:image:type\" content=\"image\/jpeg\" \/>\n<meta name=\"twitter:card\" content=\"summary_large_image\" \/>\n<meta name=\"twitter:label1\" content=\"Gesch\u00e4tzte Lesezeit\" \/>\n\t<meta name=\"twitter:data1\" content=\"1\u00a0Minute\" \/>\n<script type=\"application\/ld+json\" class=\"yoast-schema-graph\">{\"@context\":\"https:\/\/schema.org\",\"@graph\":[{\"@type\":\"WebPage\",\"@id\":\"https:\/\/bekleidungscenter.com\/?product=cmp-damen-jacke-mit-kapuze-und-dupont-sorona-polsterung-jacke\",\"url\":\"https:\/\/bekleidungscenter.com\/?product=cmp-damen-jacke-mit-kapuze-und-dupont-sorona-polsterung-jacke\",\"name\":\"CMP Damen Jacke mit Kapuze und Dupont Sorona Polsterung Jacke - FamilienMode\",\"isPartOf\":{\"@id\":\"https:\/\/bekleidungscenter.com\/#website\"},\"datePublished\":\"2021-01-03T18:01:40+00:00\",\"dateModified\":\"2023-04-10T22:37:07+00:00\",\"breadcrumb\":{\"@id\":\"https:\/\/bekleidungscenter.com\/?product=cmp-damen-jacke-mit-kapuze-und-dupont-sorona-polsterung-jacke#breadcrumb\"},\"inLanguage\":\"de\",\"potentialAction\":[{\"@type\":\"ReadAction\",\"target\":[\"https:\/\/bekleidungscenter.com\/?product=cmp-damen-jacke-mit-kapuze-und-dupont-sorona-polsterung-jacke\"]}]},{\"@type\":\"BreadcrumbList\",\"@id\":\"https:\/\/bekleidungscenter.com\/?product=cmp-damen-jacke-mit-kapuze-und-dupont-sorona-polsterung-jacke#breadcrumb\",\"itemListElement\":[{\"@type\":\"ListItem\",\"position\":1,\"name\":\"Home\",\"item\":\"https:\/\/bekleidungscenter.com\/\"},{\"@type\":\"ListItem\",\"position\":2,\"name\":\"Shop\",\"item\":\"https:\/\/bekleidungscenter.com\/?page_id=7\"},{\"@type\":\"ListItem\",\"position\":3,\"name\":\"CMP Damen Jacke mit Kapuze und Dupont Sorona Polsterung Jacke\"}]},{\"@type\":\"WebSite\",\"@id\":\"https:\/\/bekleidungscenter.com\/#website\",\"url\":\"https:\/\/bekleidungscenter.com\/\",\"name\":\"FamilienMode\",\"description\":\"Alles f\u00fcr die ganze Familie\",\"potentialAction\":[{\"@type\":\"SearchAction\",\"target\":{\"@type\":\"EntryPoint\",\"urlTemplate\":\"https:\/\/bekleidungscenter.com\/?s={search_term_string}\"},\"query-input\":\"required name=search_term_string\"}],\"inLanguage\":\"de\"}]}<\/script>\n<!-- \/ Yoast SEO plugin. -->","yoast_head_json":{"title":"CMP Damen Jacke mit Kapuze und Dupont Sorona Polsterung Jacke - FamilienMode","robots":{"index":"index","follow":"follow","max-snippet":"max-snippet:-1","max-image-preview":"max-image-preview:large","max-video-preview":"max-video-preview:-1"},"canonical":"https:\/\/bekleidungscenter.com\/?product=cmp-damen-jacke-mit-kapuze-und-dupont-sorona-polsterung-jacke","og_locale":"de_DE","og_type":"article","og_title":"CMP Damen Jacke mit Kapuze und Dupont Sorona Polsterung Jacke - FamilienMode","og_description":"Wasserabweisende Behandlung ohne den Einsatz von PFC Synthetische Polsterung, dupont Sorona, eine Faser aus erneuerbaren Quellen, mit isolierenden, weichen und komprimierbaren Eigenschaften 100% Polyester; 100% Polyamid","og_url":"https:\/\/bekleidungscenter.com\/?product=cmp-damen-jacke-mit-kapuze-und-dupont-sorona-polsterung-jacke","og_site_name":"FamilienMode","article_modified_time":"2023-04-10T22:37:07+00:00","og_image":[{"width":500,"height":500,"url":"https:\/\/images-na.ssl-images-amazon.com\/images\/I\/41983VtZRcL.jpg","type":"image\/jpeg"}],"twitter_card":"summary_large_image","twitter_misc":{"Gesch\u00e4tzte Lesezeit":"1\u00a0Minute"},"schema":{"@context":"https:\/\/schema.org","@graph":[{"@type":"WebPage","@id":"https:\/\/bekleidungscenter.com\/?product=cmp-damen-jacke-mit-kapuze-und-dupont-sorona-polsterung-jacke","url":"https:\/\/bekleidungscenter.com\/?product=cmp-damen-jacke-mit-kapuze-und-dupont-sorona-polsterung-jacke","name":"CMP Damen Jacke mit Kapuze und Dupont Sorona Polsterung Jacke - FamilienMode","isPartOf":{"@id":"https:\/\/bekleidungscenter.com\/#website"},"datePublished":"2021-01-03T18:01:40+00:00","dateModified":"2023-04-10T22:37:07+00:00","breadcrumb":{"@id":"https:\/\/bekleidungscenter.com\/?product=cmp-damen-jacke-mit-kapuze-und-dupont-sorona-polsterung-jacke#breadcrumb"},"inLanguage":"de","potentialAction":[{"@type":"ReadAction","target":["https:\/\/bekleidungscenter.com\/?product=cmp-damen-jacke-mit-kapuze-und-dupont-sorona-polsterung-jacke"]}]},{"@type":"BreadcrumbList","@id":"https:\/\/bekleidungscenter.com\/?product=cmp-damen-jacke-mit-kapuze-und-dupont-sorona-polsterung-jacke#breadcrumb","itemListElement":[{"@type":"ListItem","position":1,"name":"Home","item":"https:\/\/bekleidungscenter.com\/"},{"@type":"ListItem","position":2,"name":"Shop","item":"https:\/\/bekleidungscenter.com\/?page_id=7"},{"@type":"ListItem","position":3,"name":"CMP Damen Jacke mit Kapuze und Dupont Sorona Polsterung Jacke"}]},{"@type":"WebSite","@id":"https:\/\/bekleidungscenter.com\/#website","url":"https:\/\/bekleidungscenter.com\/","name":"FamilienMode","description":"Alles f\u00fcr die ganze Familie","potentialAction":[{"@type":"SearchAction","target":{"@type":"EntryPoint","urlTemplate":"https:\/\/bekleidungscenter.com\/?s={search_term_string}"},"query-input":"required name=search_term_string"}],"inLanguage":"de"}]}},"_links":{"self":[{"href":"https:\/\/bekleidungscenter.com\/index.php?rest_route=\/wp\/v2\/product\/6750"}],"collection":[{"href":"https:\/\/bekleidungscenter.com\/index.php?rest_route=\/wp\/v2\/product"}],"about":[{"href":"https:\/\/bekleidungscenter.com\/index.php?rest_route=\/wp\/v2\/types\/product"}],"replies":[{"embeddable":true,"href":"https:\/\/bekleidungscenter.com\/index.php?rest_route=%2Fwp%2Fv2%2Fcomments&post=6750"}],"wp:featuredmedia":[{"embeddable":true,"href":"https:\/\/bekleidungscenter.com\/index.php?rest_route=\/wp\/v2\/media\/6751"}],"wp:attachment":[{"href":"https:\/\/bekleidungscenter.com\/index.php?rest_route=%2Fwp%2Fv2%2Fmedia&parent=6750"}],"wp:term":[{"taxonomy":"product_cat","embeddable":true,"href":"https:\/\/bekleidungscenter.com\/index.php?rest_route=%2Fwp%2Fv2%2Fproduct_cat&post=6750"},{"taxonomy":"product_tag","embeddable":true,"href":"https:\/\/bekleidungscenter.com\/index.php?rest_route=%2Fwp%2Fv2%2Fproduct_tag&post=6750"}],"curies":[{"name":"wp","href":"https:\/\/api.w.org\/{rel}","templated":true}]}}