{"id":6768,"date":"2021-01-03T18:01:54","date_gmt":"2021-01-03T18:01:54","guid":{"rendered":"http:\/\/bekleidungscenter.com\/?product=eight2nine-damen-softshelljacke-letn-041-kurzmantel-mit-kapuze"},"modified":"2023-04-10T22:37:07","modified_gmt":"2023-04-10T22:37:07","slug":"eight2nine-damen-softshelljacke-letn-041-kurzmantel-mit-kapuze","status":"publish","type":"product","link":"https:\/\/bekleidungscenter.com\/?product=eight2nine-damen-softshelljacke-letn-041-kurzmantel-mit-kapuze","title":{"rendered":"Eight2Nine Damen Softshelljacke LETN-041 Kurzmantel mit Kapuze"},"content":{"rendered":"<p><!-- show up to 2 reviews by default --> <\/p>\n<p> sportlich schicker Kurzmantel f\u00fcr Damen<br \/>Regular Fit<br \/>wind-, wasser- und k\u00e4lteabweisend<br \/>Stehkragen mit fixierter Kapuze<br \/>hochschlie\u00dfender Front-Rei\u00dfverschluss mit Druckknopfblende<br \/>schr\u00e4ge Einschubtaschen mit Druckknopf und Patte<br \/>innenliegendes Taillenzugband mit Stopper<br \/>komplett mit w\u00e4rmendem Fleece gef\u00fcttert<br \/>cleanes Design &#8211; leicht zu kombinieren<br \/>kleines Labelf\u00e4hnchen vorn<br \/>tonaler Labelprint auf der rechten Schulter<br \/>Maschinenw\u00e4sche: 30\u00b0C<br \/>Material: Obermaterial: 92% Polyester 8% Elastan, Futter: 100% Polyester<\/p>\n<p>der sportliche Outdoormantel macht echt was her: nicht ungeachtet die funktionalen Eigenschaften \u00fcberzeugen auf einen Schlag, aka optisch hat der Kapuzenmantel in H\u00fclle und F\u00fclle zu bieten. Elegantes, feminines Design gekoppelt mit zweckm\u00e4\u00dfiger Raffinesse, da kann keiner Nein sagen!<br \/>\nPassform: antailliert geschnitten, Regular Fit \u2013 normale Passform<br \/>\nObermaterial: 92% Polyester 8% Elastan, Futter: 100% Polyester<br \/>\nParka<br \/>\nDetails: hoher Kragen mit Kapuze (nicht abtrennbar), Frontzipper mit Druckkn\u00f6pfen, seitliche Taschen, Tunnelzugband auf Taillenh\u00f6he, Fleece-gef\u00fcttert<br \/>\nAllrounder: im Alltag ein modischer Begleiter mit Pepp, im Outdoorsport ein funktionaler Eyecatcher, egal wo und wann Du den Softshellmantel tr\u00e4gst, damit liegst Du blau gegenw\u00e4rtig<br \/>\nTop Qualit\u00e4t, sehr gutes Abgabe-Leistungs-Liebschaft, beste Transaktion, hip und trendy<br \/>\n<div class=\"main-cross-sell\" data-asin=\"B07ZFX99NP\">\n\n\t<div class=\"WooZone-cross-sell-loader\">\n\t\t<div>\n\t\t\t<div id=\"floatingBarsG\">\n\t\t\t\t<div class=\"blockG\" id=\"rotateG_01\"><\/div>\n\t\t\t\t<div class=\"blockG\" id=\"rotateG_02\"><\/div>\n\t\t\t\t<div class=\"blockG\" id=\"rotateG_03\"><\/div>\n\t\t\t\t<div class=\"blockG\" id=\"rotateG_04\"><\/div>\n\t\t\t\t<div class=\"blockG\" id=\"rotateG_05\"><\/div>\n\t\t\t\t<div class=\"blockG\" id=\"rotateG_06\"><\/div>\n\t\t\t\t<div class=\"blockG\" id=\"rotateG_07\"><\/div>\n\t\t\t\t<div class=\"blockG\" id=\"rotateG_08\"><\/div>\n\t\t\t<\/div>\n\t\t\t<div class=\"WooZone-cross-sell-loader-text\"><\/div>\n\t\t<\/div>\n\t<\/div>\n\n\t\t\n<\/div>\n<div style=\"clear:both;\"><\/div><\/p>\n","protected":false},"excerpt":{"rendered":"<p>der sportliche Outdoormantel macht echt was her: nicht nur die funktionalen Eigenschaften \u00fcberzeugen auf Anhieb, auch optisch hat der Kapuzenmantel viel zu bieten. Elegantes, feminines Design gepaart mit zweckm\u00e4\u00dfiger Raffinesse, da kann keiner Nein sagen!<br \/>\nPassform: antailliert geschnitten, Regular Fit \u2013 normale Passform<br \/>\nObermaterial: 92% Polyester 8% Elastan, Futter: 100% Polyester<\/p>\n","protected":false},"featured_media":6769,"comment_status":"open","ping_status":"closed","template":"","meta":[],"product_cat":[133,119],"product_tag":[],"yoast_head":"<!-- This site is optimized with the Yoast SEO plugin v20.6 - https:\/\/yoast.com\/wordpress\/plugins\/seo\/ -->\n<title>Eight2Nine Damen Softshelljacke LETN-041 Kurzmantel mit Kapuze - FamilienMode<\/title>\n<meta name=\"robots\" content=\"index, follow, max-snippet:-1, max-image-preview:large, max-video-preview:-1\" \/>\n<link rel=\"canonical\" href=\"https:\/\/bekleidungscenter.com\/?product=eight2nine-damen-softshelljacke-letn-041-kurzmantel-mit-kapuze\" \/>\n<meta property=\"og:locale\" content=\"de_DE\" \/>\n<meta property=\"og:type\" content=\"article\" \/>\n<meta property=\"og:title\" content=\"Eight2Nine Damen Softshelljacke LETN-041 Kurzmantel mit Kapuze - FamilienMode\" \/>\n<meta property=\"og:description\" content=\"der sportliche Outdoormantel macht echt was her: nicht nur die funktionalen Eigenschaften \u00fcberzeugen auf Anhieb, auch optisch hat der Kapuzenmantel viel zu bieten. Elegantes, feminines Design gepaart mit zweckm\u00e4\u00dfiger Raffinesse, da kann keiner Nein sagen! Passform: antailliert geschnitten, Regular Fit \u2013 normale Passform Obermaterial: 92% Polyester 8% Elastan, Futter: 100% Polyester\" \/>\n<meta property=\"og:url\" content=\"https:\/\/bekleidungscenter.com\/?product=eight2nine-damen-softshelljacke-letn-041-kurzmantel-mit-kapuze\" \/>\n<meta property=\"og:site_name\" content=\"FamilienMode\" \/>\n<meta property=\"article:modified_time\" content=\"2023-04-10T22:37:07+00:00\" \/>\n<meta property=\"og:image\" content=\"https:\/\/images-na.ssl-images-amazon.com\/images\/I\/415t%2BcG1oML.jpg\" \/>\n\t<meta property=\"og:image:width\" content=\"500\" \/>\n\t<meta property=\"og:image:height\" content=\"500\" \/>\n\t<meta property=\"og:image:type\" content=\"image\/jpeg\" \/>\n<meta name=\"twitter:card\" content=\"summary_large_image\" \/>\n<meta name=\"twitter:label1\" content=\"Gesch\u00e4tzte Lesezeit\" \/>\n\t<meta name=\"twitter:data1\" content=\"1\u00a0Minute\" \/>\n<script type=\"application\/ld+json\" class=\"yoast-schema-graph\">{\"@context\":\"https:\/\/schema.org\",\"@graph\":[{\"@type\":\"WebPage\",\"@id\":\"https:\/\/bekleidungscenter.com\/?product=eight2nine-damen-softshelljacke-letn-041-kurzmantel-mit-kapuze\",\"url\":\"https:\/\/bekleidungscenter.com\/?product=eight2nine-damen-softshelljacke-letn-041-kurzmantel-mit-kapuze\",\"name\":\"Eight2Nine Damen Softshelljacke LETN-041 Kurzmantel mit Kapuze - FamilienMode\",\"isPartOf\":{\"@id\":\"https:\/\/bekleidungscenter.com\/#website\"},\"datePublished\":\"2021-01-03T18:01:54+00:00\",\"dateModified\":\"2023-04-10T22:37:07+00:00\",\"breadcrumb\":{\"@id\":\"https:\/\/bekleidungscenter.com\/?product=eight2nine-damen-softshelljacke-letn-041-kurzmantel-mit-kapuze#breadcrumb\"},\"inLanguage\":\"de\",\"potentialAction\":[{\"@type\":\"ReadAction\",\"target\":[\"https:\/\/bekleidungscenter.com\/?product=eight2nine-damen-softshelljacke-letn-041-kurzmantel-mit-kapuze\"]}]},{\"@type\":\"BreadcrumbList\",\"@id\":\"https:\/\/bekleidungscenter.com\/?product=eight2nine-damen-softshelljacke-letn-041-kurzmantel-mit-kapuze#breadcrumb\",\"itemListElement\":[{\"@type\":\"ListItem\",\"position\":1,\"name\":\"Home\",\"item\":\"https:\/\/bekleidungscenter.com\/\"},{\"@type\":\"ListItem\",\"position\":2,\"name\":\"Shop\",\"item\":\"https:\/\/bekleidungscenter.com\/?page_id=7\"},{\"@type\":\"ListItem\",\"position\":3,\"name\":\"Eight2Nine Damen Softshelljacke LETN-041 Kurzmantel mit Kapuze\"}]},{\"@type\":\"WebSite\",\"@id\":\"https:\/\/bekleidungscenter.com\/#website\",\"url\":\"https:\/\/bekleidungscenter.com\/\",\"name\":\"FamilienMode\",\"description\":\"Alles f\u00fcr die ganze Familie\",\"potentialAction\":[{\"@type\":\"SearchAction\",\"target\":{\"@type\":\"EntryPoint\",\"urlTemplate\":\"https:\/\/bekleidungscenter.com\/?s={search_term_string}\"},\"query-input\":\"required name=search_term_string\"}],\"inLanguage\":\"de\"}]}<\/script>\n<!-- \/ Yoast SEO plugin. -->","yoast_head_json":{"title":"Eight2Nine Damen Softshelljacke LETN-041 Kurzmantel mit Kapuze - FamilienMode","robots":{"index":"index","follow":"follow","max-snippet":"max-snippet:-1","max-image-preview":"max-image-preview:large","max-video-preview":"max-video-preview:-1"},"canonical":"https:\/\/bekleidungscenter.com\/?product=eight2nine-damen-softshelljacke-letn-041-kurzmantel-mit-kapuze","og_locale":"de_DE","og_type":"article","og_title":"Eight2Nine Damen Softshelljacke LETN-041 Kurzmantel mit Kapuze - FamilienMode","og_description":"der sportliche Outdoormantel macht echt was her: nicht nur die funktionalen Eigenschaften \u00fcberzeugen auf Anhieb, auch optisch hat der Kapuzenmantel viel zu bieten. Elegantes, feminines Design gepaart mit zweckm\u00e4\u00dfiger Raffinesse, da kann keiner Nein sagen! Passform: antailliert geschnitten, Regular Fit \u2013 normale Passform Obermaterial: 92% Polyester 8% Elastan, Futter: 100% Polyester","og_url":"https:\/\/bekleidungscenter.com\/?product=eight2nine-damen-softshelljacke-letn-041-kurzmantel-mit-kapuze","og_site_name":"FamilienMode","article_modified_time":"2023-04-10T22:37:07+00:00","og_image":[{"width":500,"height":500,"url":"https:\/\/images-na.ssl-images-amazon.com\/images\/I\/415t%2BcG1oML.jpg","type":"image\/jpeg"}],"twitter_card":"summary_large_image","twitter_misc":{"Gesch\u00e4tzte Lesezeit":"1\u00a0Minute"},"schema":{"@context":"https:\/\/schema.org","@graph":[{"@type":"WebPage","@id":"https:\/\/bekleidungscenter.com\/?product=eight2nine-damen-softshelljacke-letn-041-kurzmantel-mit-kapuze","url":"https:\/\/bekleidungscenter.com\/?product=eight2nine-damen-softshelljacke-letn-041-kurzmantel-mit-kapuze","name":"Eight2Nine Damen Softshelljacke LETN-041 Kurzmantel mit Kapuze - FamilienMode","isPartOf":{"@id":"https:\/\/bekleidungscenter.com\/#website"},"datePublished":"2021-01-03T18:01:54+00:00","dateModified":"2023-04-10T22:37:07+00:00","breadcrumb":{"@id":"https:\/\/bekleidungscenter.com\/?product=eight2nine-damen-softshelljacke-letn-041-kurzmantel-mit-kapuze#breadcrumb"},"inLanguage":"de","potentialAction":[{"@type":"ReadAction","target":["https:\/\/bekleidungscenter.com\/?product=eight2nine-damen-softshelljacke-letn-041-kurzmantel-mit-kapuze"]}]},{"@type":"BreadcrumbList","@id":"https:\/\/bekleidungscenter.com\/?product=eight2nine-damen-softshelljacke-letn-041-kurzmantel-mit-kapuze#breadcrumb","itemListElement":[{"@type":"ListItem","position":1,"name":"Home","item":"https:\/\/bekleidungscenter.com\/"},{"@type":"ListItem","position":2,"name":"Shop","item":"https:\/\/bekleidungscenter.com\/?page_id=7"},{"@type":"ListItem","position":3,"name":"Eight2Nine Damen Softshelljacke LETN-041 Kurzmantel mit Kapuze"}]},{"@type":"WebSite","@id":"https:\/\/bekleidungscenter.com\/#website","url":"https:\/\/bekleidungscenter.com\/","name":"FamilienMode","description":"Alles f\u00fcr die ganze Familie","potentialAction":[{"@type":"SearchAction","target":{"@type":"EntryPoint","urlTemplate":"https:\/\/bekleidungscenter.com\/?s={search_term_string}"},"query-input":"required name=search_term_string"}],"inLanguage":"de"}]}},"_links":{"self":[{"href":"https:\/\/bekleidungscenter.com\/index.php?rest_route=\/wp\/v2\/product\/6768"}],"collection":[{"href":"https:\/\/bekleidungscenter.com\/index.php?rest_route=\/wp\/v2\/product"}],"about":[{"href":"https:\/\/bekleidungscenter.com\/index.php?rest_route=\/wp\/v2\/types\/product"}],"replies":[{"embeddable":true,"href":"https:\/\/bekleidungscenter.com\/index.php?rest_route=%2Fwp%2Fv2%2Fcomments&post=6768"}],"wp:featuredmedia":[{"embeddable":true,"href":"https:\/\/bekleidungscenter.com\/index.php?rest_route=\/wp\/v2\/media\/6769"}],"wp:attachment":[{"href":"https:\/\/bekleidungscenter.com\/index.php?rest_route=%2Fwp%2Fv2%2Fmedia&parent=6768"}],"wp:term":[{"taxonomy":"product_cat","embeddable":true,"href":"https:\/\/bekleidungscenter.com\/index.php?rest_route=%2Fwp%2Fv2%2Fproduct_cat&post=6768"},{"taxonomy":"product_tag","embeddable":true,"href":"https:\/\/bekleidungscenter.com\/index.php?rest_route=%2Fwp%2Fv2%2Fproduct_tag&post=6768"}],"curies":[{"name":"wp","href":"https:\/\/api.w.org\/{rel}","templated":true}]}}