{"id":6772,"date":"2021-01-03T18:01:56","date_gmt":"2021-01-03T18:01:56","guid":{"rendered":"http:\/\/bekleidungscenter.com\/?product=columbia-damen-carson-pass-ii-jacke"},"modified":"2023-04-10T22:37:07","modified_gmt":"2023-04-10T22:37:07","slug":"columbia-damen-carson-pass-ii-jacke","status":"publish","type":"product","link":"https:\/\/bekleidungscenter.com\/?product=columbia-damen-carson-pass-ii-jacke","title":{"rendered":"Columbia Damen Carson Pass Ii Jacke Damen Hardshelljacke"},"content":{"rendered":"<p><!-- show up to 2 reviews by default --> <\/p>\n<p>Stra\u00dfentauglicher Look des Weiteren Leistung antreffen in welcher wasserdichten des Weiteren atmungsaktiven Schneejacke durch abstandslos versiegelten N\u00e4hten aufeinander. Welcher G\u00fcrtel, die Kapuze durch Webpelzeinfassung des Weiteren die Ellbogenaufn\u00e4her sind modische K\u00f6der. <\/p>\n<p>Thermoreflektierendes Omni-Heat<br \/>\nWasserdicht\/atmungsaktiv aufgrund Omni-Tech<br \/>\nVerstellbarer Schulterschluss<br \/>\nAbnehmbarer Webpelz<br \/>\nklassische Passform<br \/>\n<div class=\"main-cross-sell\" data-asin=\"B087SLRV7W\">\n\n\t<div class=\"WooZone-cross-sell-loader\">\n\t\t<div>\n\t\t\t<div id=\"floatingBarsG\">\n\t\t\t\t<div class=\"blockG\" id=\"rotateG_01\"><\/div>\n\t\t\t\t<div class=\"blockG\" id=\"rotateG_02\"><\/div>\n\t\t\t\t<div class=\"blockG\" id=\"rotateG_03\"><\/div>\n\t\t\t\t<div class=\"blockG\" id=\"rotateG_04\"><\/div>\n\t\t\t\t<div class=\"blockG\" id=\"rotateG_05\"><\/div>\n\t\t\t\t<div class=\"blockG\" id=\"rotateG_06\"><\/div>\n\t\t\t\t<div class=\"blockG\" id=\"rotateG_07\"><\/div>\n\t\t\t\t<div class=\"blockG\" id=\"rotateG_08\"><\/div>\n\t\t\t<\/div>\n\t\t\t<div class=\"WooZone-cross-sell-loader-text\"><\/div>\n\t\t<\/div>\n\t<\/div>\n\n\t\t\n<\/div>\n<div style=\"clear:both;\"><\/div><\/p>\n","protected":false},"excerpt":{"rendered":"<p>Thermoreflektierendes Omni-Heat<br \/>\nWasserdicht\/atmungsaktiv durch Omni-Tech<br \/>\nVerstellbarer Bund<\/p>\n","protected":false},"featured_media":6773,"comment_status":"open","ping_status":"closed","template":"","meta":[],"product_cat":[133,119],"product_tag":[],"yoast_head":"<!-- This site is optimized with the Yoast SEO plugin v20.6 - https:\/\/yoast.com\/wordpress\/plugins\/seo\/ -->\n<title>Columbia Damen Carson Pass Ii Jacke Damen Hardshelljacke - FamilienMode<\/title>\n<meta name=\"robots\" content=\"index, follow, max-snippet:-1, max-image-preview:large, max-video-preview:-1\" \/>\n<link rel=\"canonical\" href=\"https:\/\/bekleidungscenter.com\/?product=columbia-damen-carson-pass-ii-jacke\" \/>\n<meta property=\"og:locale\" content=\"de_DE\" \/>\n<meta property=\"og:type\" content=\"article\" \/>\n<meta property=\"og:title\" content=\"Columbia Damen Carson Pass Ii Jacke Damen Hardshelljacke - FamilienMode\" \/>\n<meta property=\"og:description\" content=\"Thermoreflektierendes Omni-Heat Wasserdicht\/atmungsaktiv durch Omni-Tech Verstellbarer Bund\" \/>\n<meta property=\"og:url\" content=\"https:\/\/bekleidungscenter.com\/?product=columbia-damen-carson-pass-ii-jacke\" \/>\n<meta property=\"og:site_name\" content=\"FamilienMode\" \/>\n<meta property=\"article:modified_time\" content=\"2023-04-10T22:37:07+00:00\" \/>\n<meta property=\"og:image\" content=\"https:\/\/images-na.ssl-images-amazon.com\/images\/I\/41J-6iDmhIL.jpg\" \/>\n\t<meta property=\"og:image:width\" content=\"500\" \/>\n\t<meta property=\"og:image:height\" content=\"500\" \/>\n\t<meta property=\"og:image:type\" content=\"image\/jpeg\" \/>\n<meta name=\"twitter:card\" content=\"summary_large_image\" \/>\n<script type=\"application\/ld+json\" class=\"yoast-schema-graph\">{\"@context\":\"https:\/\/schema.org\",\"@graph\":[{\"@type\":\"WebPage\",\"@id\":\"https:\/\/bekleidungscenter.com\/?product=columbia-damen-carson-pass-ii-jacke\",\"url\":\"https:\/\/bekleidungscenter.com\/?product=columbia-damen-carson-pass-ii-jacke\",\"name\":\"Columbia Damen Carson Pass Ii Jacke Damen Hardshelljacke - FamilienMode\",\"isPartOf\":{\"@id\":\"https:\/\/bekleidungscenter.com\/#website\"},\"datePublished\":\"2021-01-03T18:01:56+00:00\",\"dateModified\":\"2023-04-10T22:37:07+00:00\",\"breadcrumb\":{\"@id\":\"https:\/\/bekleidungscenter.com\/?product=columbia-damen-carson-pass-ii-jacke#breadcrumb\"},\"inLanguage\":\"de\",\"potentialAction\":[{\"@type\":\"ReadAction\",\"target\":[\"https:\/\/bekleidungscenter.com\/?product=columbia-damen-carson-pass-ii-jacke\"]}]},{\"@type\":\"BreadcrumbList\",\"@id\":\"https:\/\/bekleidungscenter.com\/?product=columbia-damen-carson-pass-ii-jacke#breadcrumb\",\"itemListElement\":[{\"@type\":\"ListItem\",\"position\":1,\"name\":\"Home\",\"item\":\"https:\/\/bekleidungscenter.com\/\"},{\"@type\":\"ListItem\",\"position\":2,\"name\":\"Shop\",\"item\":\"https:\/\/bekleidungscenter.com\/?page_id=7\"},{\"@type\":\"ListItem\",\"position\":3,\"name\":\"Columbia Damen Carson Pass Ii Jacke Damen Hardshelljacke\"}]},{\"@type\":\"WebSite\",\"@id\":\"https:\/\/bekleidungscenter.com\/#website\",\"url\":\"https:\/\/bekleidungscenter.com\/\",\"name\":\"FamilienMode\",\"description\":\"Alles f\u00fcr die ganze Familie\",\"potentialAction\":[{\"@type\":\"SearchAction\",\"target\":{\"@type\":\"EntryPoint\",\"urlTemplate\":\"https:\/\/bekleidungscenter.com\/?s={search_term_string}\"},\"query-input\":\"required name=search_term_string\"}],\"inLanguage\":\"de\"}]}<\/script>\n<!-- \/ Yoast SEO plugin. -->","yoast_head_json":{"title":"Columbia Damen Carson Pass Ii Jacke Damen Hardshelljacke - FamilienMode","robots":{"index":"index","follow":"follow","max-snippet":"max-snippet:-1","max-image-preview":"max-image-preview:large","max-video-preview":"max-video-preview:-1"},"canonical":"https:\/\/bekleidungscenter.com\/?product=columbia-damen-carson-pass-ii-jacke","og_locale":"de_DE","og_type":"article","og_title":"Columbia Damen Carson Pass Ii Jacke Damen Hardshelljacke - FamilienMode","og_description":"Thermoreflektierendes Omni-Heat Wasserdicht\/atmungsaktiv durch Omni-Tech Verstellbarer Bund","og_url":"https:\/\/bekleidungscenter.com\/?product=columbia-damen-carson-pass-ii-jacke","og_site_name":"FamilienMode","article_modified_time":"2023-04-10T22:37:07+00:00","og_image":[{"width":500,"height":500,"url":"https:\/\/images-na.ssl-images-amazon.com\/images\/I\/41J-6iDmhIL.jpg","type":"image\/jpeg"}],"twitter_card":"summary_large_image","schema":{"@context":"https:\/\/schema.org","@graph":[{"@type":"WebPage","@id":"https:\/\/bekleidungscenter.com\/?product=columbia-damen-carson-pass-ii-jacke","url":"https:\/\/bekleidungscenter.com\/?product=columbia-damen-carson-pass-ii-jacke","name":"Columbia Damen Carson Pass Ii Jacke Damen Hardshelljacke - FamilienMode","isPartOf":{"@id":"https:\/\/bekleidungscenter.com\/#website"},"datePublished":"2021-01-03T18:01:56+00:00","dateModified":"2023-04-10T22:37:07+00:00","breadcrumb":{"@id":"https:\/\/bekleidungscenter.com\/?product=columbia-damen-carson-pass-ii-jacke#breadcrumb"},"inLanguage":"de","potentialAction":[{"@type":"ReadAction","target":["https:\/\/bekleidungscenter.com\/?product=columbia-damen-carson-pass-ii-jacke"]}]},{"@type":"BreadcrumbList","@id":"https:\/\/bekleidungscenter.com\/?product=columbia-damen-carson-pass-ii-jacke#breadcrumb","itemListElement":[{"@type":"ListItem","position":1,"name":"Home","item":"https:\/\/bekleidungscenter.com\/"},{"@type":"ListItem","position":2,"name":"Shop","item":"https:\/\/bekleidungscenter.com\/?page_id=7"},{"@type":"ListItem","position":3,"name":"Columbia Damen Carson Pass Ii Jacke Damen Hardshelljacke"}]},{"@type":"WebSite","@id":"https:\/\/bekleidungscenter.com\/#website","url":"https:\/\/bekleidungscenter.com\/","name":"FamilienMode","description":"Alles f\u00fcr die ganze Familie","potentialAction":[{"@type":"SearchAction","target":{"@type":"EntryPoint","urlTemplate":"https:\/\/bekleidungscenter.com\/?s={search_term_string}"},"query-input":"required name=search_term_string"}],"inLanguage":"de"}]}},"_links":{"self":[{"href":"https:\/\/bekleidungscenter.com\/index.php?rest_route=\/wp\/v2\/product\/6772"}],"collection":[{"href":"https:\/\/bekleidungscenter.com\/index.php?rest_route=\/wp\/v2\/product"}],"about":[{"href":"https:\/\/bekleidungscenter.com\/index.php?rest_route=\/wp\/v2\/types\/product"}],"replies":[{"embeddable":true,"href":"https:\/\/bekleidungscenter.com\/index.php?rest_route=%2Fwp%2Fv2%2Fcomments&post=6772"}],"wp:featuredmedia":[{"embeddable":true,"href":"https:\/\/bekleidungscenter.com\/index.php?rest_route=\/wp\/v2\/media\/6773"}],"wp:attachment":[{"href":"https:\/\/bekleidungscenter.com\/index.php?rest_route=%2Fwp%2Fv2%2Fmedia&parent=6772"}],"wp:term":[{"taxonomy":"product_cat","embeddable":true,"href":"https:\/\/bekleidungscenter.com\/index.php?rest_route=%2Fwp%2Fv2%2Fproduct_cat&post=6772"},{"taxonomy":"product_tag","embeddable":true,"href":"https:\/\/bekleidungscenter.com\/index.php?rest_route=%2Fwp%2Fv2%2Fproduct_tag&post=6772"}],"curies":[{"name":"wp","href":"https:\/\/api.w.org\/{rel}","templated":true}]}}